{"id":501197,"date":"2025-09-18T11:09:31","date_gmt":"2025-09-18T03:09:31","guid":{"rendered":"https:\/\/www.ipim.gov.mo\/mice\/the-incentive-measures\/%e5%8f%83%e5%b1%95%e8%b2%a1%e5%8b%99%e9%bc%93%e5%8b%b5%e8%a8%88%e5%8a%83-2025%e5%b9%b49%e6%9c%8822%e6%97%a5%e7%94%9f%e6%95%88\/"},"modified":"2026-02-26T17:29:33","modified_gmt":"2026-02-26T09:29:33","slug":"%e5%8f%83%e5%b1%95%e8%b2%a1%e5%8b%99%e9%bc%93%e5%8b%b5%e8%a8%88%e5%8a%83-2025%e5%b9%b49%e6%9c%8822%e6%97%a5%e7%94%9f%e6%95%88","status":"publish","type":"page","link":"https:\/\/www.ipim.gov.mo\/pt-pt\/mice\/the-incentive-measures\/%e5%8f%83%e5%b1%95%e8%b2%a1%e5%8b%99%e9%bc%93%e5%8b%b5%e8%a8%88%e5%8a%83-2025%e5%b9%b49%e6%9c%8822%e6%97%a5%e7%94%9f%e6%95%88\/","title":{"rendered":"Programa de Incentivo Financeiro para Participa\u00e7\u00e3o em Feiras e Exposi\u00e7\u00f5es"},"content":{"rendered":"<p style=\"text-align: center;\"><a href=\"https:\/\/www.ipim.gov.mo\/wp-content\/uploads\/2026\/02\/PT_Leaflet_2026_02_26.pdf\" target=\"_blank\" rel=\"noreferrer noopener\"><img loading=\"lazy\" decoding=\"async\" class=\"size-medium wp-image-503072 aligncenter\" src=\"https:\/\/www.ipim.gov.mo\/wp-content\/uploads\/2026\/02\/PT_image_2026_02_24.png\" alt=\"\" width=\"212\" height=\"300\" \/><\/a><\/p>\n<p style=\"text-align: center;\">Clique no <a href=\"https:\/\/www.ipim.gov.mo\/wp-content\/uploads\/2026\/02\/PT_Leaflet_2026_02_26.pdf\" target=\"_blank\" rel=\"noopener\">Folheto do Plano<\/a> para mais informa\u00e7\u00f5es.<\/p>\n<p>O Programa visa oferecer apoio financeiro para a participa\u00e7\u00e3o de empres\u00e1rios comerciais e associa\u00e7\u00f5es sem fins lucrativos (doravante designadas por \u201cassocia\u00e7\u00e3o\u201d), legalmente estabelecidos na Regi\u00e3o Administrativa Especial de Macau (doravante designada por \u201cMacau\u201d), em feiras e exposi\u00e7\u00f5es nos dom\u00ednios de economia e com\u00e9rcio, com o intuito de refor\u00e7ar o interc\u00e2mbio e a coopera\u00e7\u00e3o com o exterior, a promo\u00e7\u00e3o e a divulga\u00e7\u00e3o, bem como a expans\u00e3o de neg\u00f3cios atrav\u00e9s da plataforma de exposi\u00e7\u00f5es.<\/p>\n<p>Pedido de informa\u00e7\u00f5es: Tel.: (853) 2871 0300, E-mail: <a href=\"mailto:fipe@ipim.gov.mo\" target=\"_blank\" rel=\"noopener\">fipe@ipim.gov.mo<\/a><\/p>\n<p><strong>Forma de candidatura<\/strong><\/p>\n<p>Atrav\u00e9s da p\u00e1gina electr\u00f3nica\/da aplica\u00e7\u00e3o m\u00f3vel da \u201c<a href=\"https:\/\/www.ab.gov.mo\/home\" target=\"_blank\" rel=\"noopener\">Plataforma para Empresas e Associa\u00e7\u00f5es<\/a>\u201d; ou presencialmente no IPIM, pelo pr\u00f3prio requerente ou pelo seu representante legal*.<\/p>\n<p>* O requerente pode preencher devidamente toda a informa\u00e7\u00e3o e carregar os documentos necess\u00e1rios atrav\u00e9s da sua conta v\u00e1lida no \u201c<a href=\"https:\/\/macaomice.ipim.gov.mo\/show\/special\/describe?form=ENTERPRISE\" target=\"_blank\" rel=\"noopener\">Sistema de inscri\u00e7\u00e3o <em>online<\/em> para projectos de eventos<\/a>\u201d do IPIM.<\/p>\n","protected":false},"excerpt":{"rendered":"<p>Clique no Folheto do Plano para mais informa\u00e7\u00f5es. O Programa visa oferecer apoio financeiro para a participa\u00e7\u00e3o de empres\u00e1rios comerciais e associa\u00e7\u00f5es sem fins lucrativos [&hellip;]<\/p>\n","protected":false},"author":3,"featured_media":467868,"parent":104273,"menu_order":5,"comment_status":"closed","ping_status":"closed","template":"","meta":{"_acf_changed":false,"inline_featured_image":false,"advgb_blocks_editor_width":"","advgb_blocks_columns_visual_guide":"","footnotes":""},"class_list":["post-501197","page","type-page","status-publish","has-post-thumbnail","hentry"],"acf":[],"yoast_head":"<!-- This site is optimized with the Yoast SEO plugin v26.2 - https:\/\/yoast.com\/wordpress\/plugins\/seo\/ -->\r\n<title>Programa de Incentivo Financeiro para Participa\u00e7\u00e3o em Feiras e Exposi\u00e7\u00f5es | Commerce and Investment Promotion Institute<\/title>\r\n<meta name=\"robots\" content=\"index, follow, max-snippet:-1, max-image-preview:large, max-video-preview:-1\" \/>\r\n<link rel=\"canonical\" href=\"https:\/\/www.ipim.gov.mo\/pt-pt\/mice\/the-incentive-measures\/\u53c3\u5c55\u8ca1\u52d9\u9f13\u52f5\u8a08\u5283-2025\u5e749\u670822\u65e5\u751f\u6548\/\" \/>\r\n<meta property=\"og:locale\" content=\"pt_PT\" \/>\r\n<meta property=\"og:type\" content=\"article\" \/>\r\n<meta property=\"og:title\" content=\"Programa de Incentivo Financeiro para Participa\u00e7\u00e3o em Feiras e Exposi\u00e7\u00f5es | Commerce and Investment Promotion Institute\" \/>\r\n<meta property=\"og:description\" content=\"Clique no Folheto do Plano para mais informa\u00e7\u00f5es. O Programa visa oferecer apoio financeiro para a participa\u00e7\u00e3o de empres\u00e1rios comerciais e associa\u00e7\u00f5es sem fins lucrativos [&hellip;]\" \/>\r\n<meta property=\"og:url\" content=\"https:\/\/www.ipim.gov.mo\/pt-pt\/mice\/the-incentive-measures\/\u53c3\u5c55\u8ca1\u52d9\u9f13\u52f5\u8a08\u5283-2025\u5e749\u670822\u65e5\u751f\u6548\/\" \/>\r\n<meta property=\"og:site_name\" content=\"Commerce and Investment Promotion Institute\" \/>\r\n<meta property=\"article:modified_time\" content=\"2026-02-26T09:29:33+00:00\" \/>\r\n<meta property=\"og:image\" content=\"https:\/\/www.ipim.gov.mo\/wp-content\/uploads\/2024\/07\/ipim-post-default.jpg\" \/>\r\n\t<meta property=\"og:image:width\" content=\"1024\" \/>\r\n\t<meta property=\"og:image:height\" content=\"768\" \/>\r\n\t<meta property=\"og:image:type\" content=\"image\/jpeg\" \/>\r\n<meta name=\"twitter:card\" content=\"summary_large_image\" \/>\r\n<meta name=\"twitter:label1\" content=\"Est. reading time\" \/>\n\t<meta name=\"twitter:data1\" content=\"1 minute\" \/>\r\n<script type=\"application\/ld+json\" class=\"yoast-schema-graph\">{\"@context\":\"https:\/\/schema.org\",\"@graph\":[{\"@type\":\"WebPage\",\"@id\":\"https:\/\/www.ipim.gov.mo\/pt-pt\/mice\/the-incentive-measures\/%e5%8f%83%e5%b1%95%e8%b2%a1%e5%8b%99%e9%bc%93%e5%8b%b5%e8%a8%88%e5%8a%83-2025%e5%b9%b49%e6%9c%8822%e6%97%a5%e7%94%9f%e6%95%88\/\",\"url\":\"https:\/\/www.ipim.gov.mo\/pt-pt\/mice\/the-incentive-measures\/%e5%8f%83%e5%b1%95%e8%b2%a1%e5%8b%99%e9%bc%93%e5%8b%b5%e8%a8%88%e5%8a%83-2025%e5%b9%b49%e6%9c%8822%e6%97%a5%e7%94%9f%e6%95%88\/\",\"name\":\"Programa de Incentivo Financeiro para Participa\u00e7\u00e3o em Feiras e Exposi\u00e7\u00f5es | Commerce and Investment Promotion Institute\",\"isPartOf\":{\"@id\":\"https:\/\/www.ipim.gov.mo\/zh-hans\/#website\"},\"primaryImageOfPage\":{\"@id\":\"https:\/\/www.ipim.gov.mo\/pt-pt\/mice\/the-incentive-measures\/%e5%8f%83%e5%b1%95%e8%b2%a1%e5%8b%99%e9%bc%93%e5%8b%b5%e8%a8%88%e5%8a%83-2025%e5%b9%b49%e6%9c%8822%e6%97%a5%e7%94%9f%e6%95%88\/#primaryimage\"},\"image\":{\"@id\":\"https:\/\/www.ipim.gov.mo\/pt-pt\/mice\/the-incentive-measures\/%e5%8f%83%e5%b1%95%e8%b2%a1%e5%8b%99%e9%bc%93%e5%8b%b5%e8%a8%88%e5%8a%83-2025%e5%b9%b49%e6%9c%8822%e6%97%a5%e7%94%9f%e6%95%88\/#primaryimage\"},\"thumbnailUrl\":\"https:\/\/www.ipim.gov.mo\/wp-content\/uploads\/2024\/07\/ipim-post-default.jpg\",\"datePublished\":\"2025-09-18T03:09:31+00:00\",\"dateModified\":\"2026-02-26T09:29:33+00:00\",\"breadcrumb\":{\"@id\":\"https:\/\/www.ipim.gov.mo\/pt-pt\/mice\/the-incentive-measures\/%e5%8f%83%e5%b1%95%e8%b2%a1%e5%8b%99%e9%bc%93%e5%8b%b5%e8%a8%88%e5%8a%83-2025%e5%b9%b49%e6%9c%8822%e6%97%a5%e7%94%9f%e6%95%88\/#breadcrumb\"},\"inLanguage\":\"pt-PT\",\"potentialAction\":[{\"@type\":\"ReadAction\",\"target\":[\"https:\/\/www.ipim.gov.mo\/pt-pt\/mice\/the-incentive-measures\/%e5%8f%83%e5%b1%95%e8%b2%a1%e5%8b%99%e9%bc%93%e5%8b%b5%e8%a8%88%e5%8a%83-2025%e5%b9%b49%e6%9c%8822%e6%97%a5%e7%94%9f%e6%95%88\/\"]}]},{\"@type\":\"ImageObject\",\"inLanguage\":\"pt-PT\",\"@id\":\"https:\/\/www.ipim.gov.mo\/pt-pt\/mice\/the-incentive-measures\/%e5%8f%83%e5%b1%95%e8%b2%a1%e5%8b%99%e9%bc%93%e5%8b%b5%e8%a8%88%e5%8a%83-2025%e5%b9%b49%e6%9c%8822%e6%97%a5%e7%94%9f%e6%95%88\/#primaryimage\",\"url\":\"https:\/\/www.ipim.gov.mo\/wp-content\/uploads\/2024\/07\/ipim-post-default.jpg\",\"contentUrl\":\"https:\/\/www.ipim.gov.mo\/wp-content\/uploads\/2024\/07\/ipim-post-default.jpg\",\"width\":1024,\"height\":768},{\"@type\":\"BreadcrumbList\",\"@id\":\"https:\/\/www.ipim.gov.mo\/pt-pt\/mice\/the-incentive-measures\/%e5%8f%83%e5%b1%95%e8%b2%a1%e5%8b%99%e9%bc%93%e5%8b%b5%e8%a8%88%e5%8a%83-2025%e5%b9%b49%e6%9c%8822%e6%97%a5%e7%94%9f%e6%95%88\/#breadcrumb\",\"itemListElement\":[{\"@type\":\"ListItem\",\"position\":1,\"name\":\"Home\",\"item\":\"https:\/\/www.ipim.gov.mo\/pt-pt\/\"},{\"@type\":\"ListItem\",\"position\":2,\"name\":\"Desenvolvimento de Conven\u00e7\u00f5es e Exposi\u00e7\u00f5es\",\"item\":\"https:\/\/www.ipim.gov.mo\/pt-pt\/mice\/\"},{\"@type\":\"ListItem\",\"position\":3,\"name\":\"Medidas de Incentivo\",\"item\":\"https:\/\/www.ipim.gov.mo\/pt-pt\/mice\/the-incentive-measures\/\"},{\"@type\":\"ListItem\",\"position\":4,\"name\":\"Programa de Incentivo Financeiro para Participa\u00e7\u00e3o em Feiras e Exposi\u00e7\u00f5es\"}]},{\"@type\":\"WebSite\",\"@id\":\"https:\/\/www.ipim.gov.mo\/zh-hans\/#website\",\"url\":\"https:\/\/www.ipim.gov.mo\/zh-hans\/\",\"name\":\"Commerce and Investment Promotion Institute\",\"description\":\"Commerce and Investment Promotion Institute\",\"publisher\":{\"@id\":\"https:\/\/www.ipim.gov.mo\/zh-hans\/#organization\"},\"potentialAction\":[{\"@type\":\"SearchAction\",\"target\":{\"@type\":\"EntryPoint\",\"urlTemplate\":\"https:\/\/www.ipim.gov.mo\/zh-hans\/?s={search_term_string}\"},\"query-input\":{\"@type\":\"PropertyValueSpecification\",\"valueRequired\":true,\"valueName\":\"search_term_string\"}}],\"inLanguage\":\"pt-PT\"},{\"@type\":\"Organization\",\"@id\":\"https:\/\/www.ipim.gov.mo\/zh-hans\/#organization\",\"name\":\"IPIM\",\"url\":\"https:\/\/www.ipim.gov.mo\/zh-hans\/\",\"logo\":{\"@type\":\"ImageObject\",\"inLanguage\":\"pt-PT\",\"@id\":\"https:\/\/www.ipim.gov.mo\/zh-hans\/#\/schema\/logo\/image\/\",\"url\":\"https:\/\/www.ipim.gov.mo\/wp-content\/uploads\/2022\/10\/default-post-thumbnail-ipim-logo.png\",\"contentUrl\":\"https:\/\/www.ipim.gov.mo\/wp-content\/uploads\/2022\/10\/default-post-thumbnail-ipim-logo.png\",\"width\":1024,\"height\":768,\"caption\":\"IPIM\"},\"image\":{\"@id\":\"https:\/\/www.ipim.gov.mo\/zh-hans\/#\/schema\/logo\/image\/\"}}]}<\/script>\r\n<!-- \/ Yoast SEO plugin. -->","yoast_head_json":{"title":"Programa de Incentivo Financeiro para Participa\u00e7\u00e3o em Feiras e Exposi\u00e7\u00f5es | Commerce and Investment Promotion Institute","robots":{"index":"index","follow":"follow","max-snippet":"max-snippet:-1","max-image-preview":"max-image-preview:large","max-video-preview":"max-video-preview:-1"},"canonical":"https:\/\/www.ipim.gov.mo\/pt-pt\/mice\/the-incentive-measures\/\u53c3\u5c55\u8ca1\u52d9\u9f13\u52f5\u8a08\u5283-2025\u5e749\u670822\u65e5\u751f\u6548\/","og_locale":"pt_PT","og_type":"article","og_title":"Programa de Incentivo Financeiro para Participa\u00e7\u00e3o em Feiras e Exposi\u00e7\u00f5es | Commerce and Investment Promotion Institute","og_description":"Clique no Folheto do Plano para mais informa\u00e7\u00f5es. O Programa visa oferecer apoio financeiro para a participa\u00e7\u00e3o de empres\u00e1rios comerciais e associa\u00e7\u00f5es sem fins lucrativos [&hellip;]","og_url":"https:\/\/www.ipim.gov.mo\/pt-pt\/mice\/the-incentive-measures\/\u53c3\u5c55\u8ca1\u52d9\u9f13\u52f5\u8a08\u5283-2025\u5e749\u670822\u65e5\u751f\u6548\/","og_site_name":"Commerce and Investment Promotion Institute","article_modified_time":"2026-02-26T09:29:33+00:00","og_image":[{"width":1024,"height":768,"url":"https:\/\/www.ipim.gov.mo\/wp-content\/uploads\/2024\/07\/ipim-post-default.jpg","type":"image\/jpeg"}],"twitter_card":"summary_large_image","twitter_misc":{"Est. reading time":"1 minute"},"schema":{"@context":"https:\/\/schema.org","@graph":[{"@type":"WebPage","@id":"https:\/\/www.ipim.gov.mo\/pt-pt\/mice\/the-incentive-measures\/%e5%8f%83%e5%b1%95%e8%b2%a1%e5%8b%99%e9%bc%93%e5%8b%b5%e8%a8%88%e5%8a%83-2025%e5%b9%b49%e6%9c%8822%e6%97%a5%e7%94%9f%e6%95%88\/","url":"https:\/\/www.ipim.gov.mo\/pt-pt\/mice\/the-incentive-measures\/%e5%8f%83%e5%b1%95%e8%b2%a1%e5%8b%99%e9%bc%93%e5%8b%b5%e8%a8%88%e5%8a%83-2025%e5%b9%b49%e6%9c%8822%e6%97%a5%e7%94%9f%e6%95%88\/","name":"Programa de Incentivo Financeiro para Participa\u00e7\u00e3o em Feiras e Exposi\u00e7\u00f5es | Commerce and Investment Promotion Institute","isPartOf":{"@id":"https:\/\/www.ipim.gov.mo\/zh-hans\/#website"},"primaryImageOfPage":{"@id":"https:\/\/www.ipim.gov.mo\/pt-pt\/mice\/the-incentive-measures\/%e5%8f%83%e5%b1%95%e8%b2%a1%e5%8b%99%e9%bc%93%e5%8b%b5%e8%a8%88%e5%8a%83-2025%e5%b9%b49%e6%9c%8822%e6%97%a5%e7%94%9f%e6%95%88\/#primaryimage"},"image":{"@id":"https:\/\/www.ipim.gov.mo\/pt-pt\/mice\/the-incentive-measures\/%e5%8f%83%e5%b1%95%e8%b2%a1%e5%8b%99%e9%bc%93%e5%8b%b5%e8%a8%88%e5%8a%83-2025%e5%b9%b49%e6%9c%8822%e6%97%a5%e7%94%9f%e6%95%88\/#primaryimage"},"thumbnailUrl":"https:\/\/www.ipim.gov.mo\/wp-content\/uploads\/2024\/07\/ipim-post-default.jpg","datePublished":"2025-09-18T03:09:31+00:00","dateModified":"2026-02-26T09:29:33+00:00","breadcrumb":{"@id":"https:\/\/www.ipim.gov.mo\/pt-pt\/mice\/the-incentive-measures\/%e5%8f%83%e5%b1%95%e8%b2%a1%e5%8b%99%e9%bc%93%e5%8b%b5%e8%a8%88%e5%8a%83-2025%e5%b9%b49%e6%9c%8822%e6%97%a5%e7%94%9f%e6%95%88\/#breadcrumb"},"inLanguage":"pt-PT","potentialAction":[{"@type":"ReadAction","target":["https:\/\/www.ipim.gov.mo\/pt-pt\/mice\/the-incentive-measures\/%e5%8f%83%e5%b1%95%e8%b2%a1%e5%8b%99%e9%bc%93%e5%8b%b5%e8%a8%88%e5%8a%83-2025%e5%b9%b49%e6%9c%8822%e6%97%a5%e7%94%9f%e6%95%88\/"]}]},{"@type":"ImageObject","inLanguage":"pt-PT","@id":"https:\/\/www.ipim.gov.mo\/pt-pt\/mice\/the-incentive-measures\/%e5%8f%83%e5%b1%95%e8%b2%a1%e5%8b%99%e9%bc%93%e5%8b%b5%e8%a8%88%e5%8a%83-2025%e5%b9%b49%e6%9c%8822%e6%97%a5%e7%94%9f%e6%95%88\/#primaryimage","url":"https:\/\/www.ipim.gov.mo\/wp-content\/uploads\/2024\/07\/ipim-post-default.jpg","contentUrl":"https:\/\/www.ipim.gov.mo\/wp-content\/uploads\/2024\/07\/ipim-post-default.jpg","width":1024,"height":768},{"@type":"BreadcrumbList","@id":"https:\/\/www.ipim.gov.mo\/pt-pt\/mice\/the-incentive-measures\/%e5%8f%83%e5%b1%95%e8%b2%a1%e5%8b%99%e9%bc%93%e5%8b%b5%e8%a8%88%e5%8a%83-2025%e5%b9%b49%e6%9c%8822%e6%97%a5%e7%94%9f%e6%95%88\/#breadcrumb","itemListElement":[{"@type":"ListItem","position":1,"name":"Home","item":"https:\/\/www.ipim.gov.mo\/pt-pt\/"},{"@type":"ListItem","position":2,"name":"Desenvolvimento de Conven\u00e7\u00f5es e Exposi\u00e7\u00f5es","item":"https:\/\/www.ipim.gov.mo\/pt-pt\/mice\/"},{"@type":"ListItem","position":3,"name":"Medidas de Incentivo","item":"https:\/\/www.ipim.gov.mo\/pt-pt\/mice\/the-incentive-measures\/"},{"@type":"ListItem","position":4,"name":"Programa de Incentivo Financeiro para Participa\u00e7\u00e3o em Feiras e Exposi\u00e7\u00f5es"}]},{"@type":"WebSite","@id":"https:\/\/www.ipim.gov.mo\/zh-hans\/#website","url":"https:\/\/www.ipim.gov.mo\/zh-hans\/","name":"Commerce and Investment Promotion Institute","description":"Commerce and Investment Promotion Institute","publisher":{"@id":"https:\/\/www.ipim.gov.mo\/zh-hans\/#organization"},"potentialAction":[{"@type":"SearchAction","target":{"@type":"EntryPoint","urlTemplate":"https:\/\/www.ipim.gov.mo\/zh-hans\/?s={search_term_string}"},"query-input":{"@type":"PropertyValueSpecification","valueRequired":true,"valueName":"search_term_string"}}],"inLanguage":"pt-PT"},{"@type":"Organization","@id":"https:\/\/www.ipim.gov.mo\/zh-hans\/#organization","name":"IPIM","url":"https:\/\/www.ipim.gov.mo\/zh-hans\/","logo":{"@type":"ImageObject","inLanguage":"pt-PT","@id":"https:\/\/www.ipim.gov.mo\/zh-hans\/#\/schema\/logo\/image\/","url":"https:\/\/www.ipim.gov.mo\/wp-content\/uploads\/2022\/10\/default-post-thumbnail-ipim-logo.png","contentUrl":"https:\/\/www.ipim.gov.mo\/wp-content\/uploads\/2022\/10\/default-post-thumbnail-ipim-logo.png","width":1024,"height":768,"caption":"IPIM"},"image":{"@id":"https:\/\/www.ipim.gov.mo\/zh-hans\/#\/schema\/logo\/image\/"}}]}},"coauthors":[],"author_meta":{"author_link":"https:\/\/www.ipim.gov.mo\/pt-pt\/author\/ipim-trainer\/","display_name":"IPIM"},"relative_dates":{"created":"Posted 7 months ago","modified":"Updated 2 months ago"},"absolute_dates":{"created":"Posted on Setembro 18, 2025","modified":"Updated on Fevereiro 26, 2026"},"absolute_dates_time":{"created":"Posted on Setembro 18, 2025 11:09 am","modified":"Updated on Fevereiro 26, 2026 5:29 pm"},"featured_img_caption":"","featured_img":"https:\/\/www.ipim.gov.mo\/wp-content\/uploads\/2024\/07\/ipim-post-default.jpg","series_order":"","_links":{"self":[{"href":"https:\/\/www.ipim.gov.mo\/pt-pt\/wp-json\/wp\/v2\/pages\/501197","targetHints":{"allow":["GET"]}}],"collection":[{"href":"https:\/\/www.ipim.gov.mo\/pt-pt\/wp-json\/wp\/v2\/pages"}],"about":[{"href":"https:\/\/www.ipim.gov.mo\/pt-pt\/wp-json\/wp\/v2\/types\/page"}],"author":[{"embeddable":true,"href":"https:\/\/www.ipim.gov.mo\/pt-pt\/wp-json\/wp\/v2\/users\/3"}],"replies":[{"embeddable":true,"href":"https:\/\/www.ipim.gov.mo\/pt-pt\/wp-json\/wp\/v2\/comments?post=501197"}],"version-history":[{"count":12,"href":"https:\/\/www.ipim.gov.mo\/pt-pt\/wp-json\/wp\/v2\/pages\/501197\/revisions"}],"predecessor-version":[{"id":504249,"href":"https:\/\/www.ipim.gov.mo\/pt-pt\/wp-json\/wp\/v2\/pages\/501197\/revisions\/504249"}],"up":[{"embeddable":true,"href":"https:\/\/www.ipim.gov.mo\/pt-pt\/wp-json\/wp\/v2\/pages\/104273"}],"wp:featuredmedia":[{"embeddable":true,"href":"https:\/\/www.ipim.gov.mo\/pt-pt\/wp-json\/wp\/v2\/media\/467868"}],"wp:attachment":[{"href":"https:\/\/www.ipim.gov.mo\/pt-pt\/wp-json\/wp\/v2\/media?parent=501197"}],"curies":[{"name":"wp","href":"https:\/\/api.w.org\/{rel}","templated":true}]}}