{"id":501113,"date":"2025-09-18T10:59:13","date_gmt":"2025-09-18T02:59:13","guid":{"rendered":"https:\/\/www.ipim.gov.mo\/mice\/the-incentive-measures\/%e6%9c%83%e8%ad%b0%e5%8f%8a%e5%b1%95%e8%a6%bd%e6%bf%80%e5%8b%b5%e8%a8%88%e5%8a%83-2025%e5%b9%b49%e6%9c%8822%e6%97%a5%e7%94%9f%e6%95%88\/"},"modified":"2026-02-11T17:14:40","modified_gmt":"2026-02-11T09:14:40","slug":"%e6%9c%83%e8%ad%b0%e5%8f%8a%e5%b1%95%e8%a6%bd%e6%bf%80%e5%8b%b5%e8%a8%88%e5%8a%83-2025%e5%b9%b49%e6%9c%8822%e6%97%a5%e7%94%9f%e6%95%88","status":"publish","type":"page","link":"https:\/\/www.ipim.gov.mo\/pt-pt\/mice\/the-incentive-measures\/%e6%9c%83%e8%ad%b0%e5%8f%8a%e5%b1%95%e8%a6%bd%e6%bf%80%e5%8b%b5%e8%a8%88%e5%8a%83-2025%e5%b9%b49%e6%9c%8822%e6%97%a5%e7%94%9f%e6%95%88\/","title":{"rendered":"Programa de Est\u00edmulo \u00e0s Conven\u00e7\u00f5es e Exposi\u00e7\u00f5es"},"content":{"rendered":"<p style=\"text-align: center;\"><a href=\"https:\/\/www.ipim.gov.mo\/wp-content\/uploads\/2026\/02\/PT_Programa-de-Estimulo-as-Convencoes-e-Exposicoes_V2.pdf\" target=\"_blank\" rel=\"noreferrer noopener\"><img loading=\"lazy\" decoding=\"async\" class=\"size-medium wp-image-503072 aligncenter\" src=\"https:\/\/www.ipim.gov.mo\/wp-content\/uploads\/2026\/02\/PT_image_2026_02_11.png\" alt=\"\" width=\"212\" height=\"300\" \/><\/a><\/p>\n<p style=\"text-align: center;\">Clique no <a href=\"https:\/\/www.ipim.gov.mo\/wp-content\/uploads\/2026\/02\/PT_Programa-de-Estimulo-as-Convencoes-e-Exposicoes_V2.pdf\" target=\"_blank\" rel=\"noopener\">Folheto do Plano<\/a> para mais informa\u00e7\u00f5es.<\/p>\n<p>O Programa visa o fornecimento de apoio financeiro \u00e0s empresas organizadoras ou planeadoras de eventos de conven\u00e7\u00f5es e exposi\u00e7\u00f5es que se realizam na Regi\u00e3o Administrativa Especial de Macau (doravante designada como \u201cMacau\u201d). De mesmo modo, o apoio financeiro \u00e9 concedido \u00e0s entidades organizadoras ou planeadoras de eventos de conven\u00e7\u00f5es e exposi\u00e7\u00f5es que se realizam sob o modelo \u201cUm Evento, Dois Locais\u201d, em Macau e na Zona de Coopera\u00e7\u00e3o Aprofundada entre Guangdong e Macau em Hengqin (adiante designado por \u201cZona de Coopera\u00e7\u00e3o em Hengqin\u201d). Por este meio, incentiva a realiza\u00e7\u00e3o em Macau de eventos de conven\u00e7\u00f5es e exposi\u00e7\u00f5es com influ\u00eancia internacional, que estejam alinhados com a estrat\u00e9gia \u201c1+4\u201d para a diversifica\u00e7\u00e3o adequada da economia. Tendo em vista promover a internacionaliza\u00e7\u00e3o, profissionaliza\u00e7\u00e3o, digitaliza\u00e7\u00e3o e ecologiza\u00e7\u00e3o do sector de conven\u00e7\u00f5es e exposi\u00e7\u00f5es de Macau, tornar Macau como um destino conhecido internacionalmente para a realiza\u00e7\u00e3o de conven\u00e7\u00f5es e exposi\u00e7\u00f5es, enriquecer os elementos como \u201cconven\u00e7\u00f5es e exposi\u00e7\u00f5es + capta\u00e7\u00e3o de investimentos\u201d e \u201cconven\u00e7\u00f5es e exposi\u00e7\u00f5es + turismo\u201d, entre outros, fortalecer o efeito dinamizador destes eventos noutras ind\u00fastrias, aprofundar a coopera\u00e7\u00e3o entre as regi\u00f5es, atrair a presen\u00e7a de mais projectos de conven\u00e7\u00f5es e exposi\u00e7\u00f5es e de visitantes com interesses de neg\u00f3cio, empenhar-se na promo\u00e7\u00e3o da sinergia Macau-Hengqin, transformando a Zona de Coopera\u00e7\u00e3o em Hengqin numa extens\u00e3o do desenvolvimento do sector de conven\u00e7\u00f5es e exposi\u00e7\u00f5es de Macau.<\/p>\n<p>Pedido de informa\u00e7\u00f5es: \u00a0\u00a0\u00a0 Tel.: (853) 2871 0300, E-mail:\u00a0<a href=\"mailto:cesp@ipim.gov.mo\" target=\"_blank\" rel=\"noopener\">cesp@ipim.gov.mo<\/a><\/p>\n<p>Para apresenta\u00e7\u00e3o de candidatura: \u201c<a href=\"https:\/\/www.ab.gov.mo\/home\" target=\"_blank\" rel=\"noopener\">Plataforma para Empresas e Associa\u00e7\u00f5es<\/a>\u201d ou no \u201c<a href=\"https:\/\/macaomice.ipim.gov.mo\/show\/special\/convention\/descride?form=CONVENTION\" target=\"_blank\" rel=\"noopener\">Sistema de inscri\u00e7\u00e3o online para projectos de eventos<\/a>\u201d do IPIM.<\/p>\n","protected":false},"excerpt":{"rendered":"<p>Clique no Folheto do Plano para mais informa\u00e7\u00f5es. O Programa visa o fornecimento de apoio financeiro \u00e0s empresas organizadoras ou planeadoras de eventos de conven\u00e7\u00f5es [&hellip;]<\/p>\n","protected":false},"author":3,"featured_media":467868,"parent":104273,"menu_order":2,"comment_status":"closed","ping_status":"closed","template":"","meta":{"_acf_changed":false,"inline_featured_image":false,"advgb_blocks_editor_width":"","advgb_blocks_columns_visual_guide":"","footnotes":""},"class_list":["post-501113","page","type-page","status-publish","has-post-thumbnail","hentry"],"acf":[],"yoast_head":"<!-- This site is optimized with the Yoast SEO plugin v26.2 - https:\/\/yoast.com\/wordpress\/plugins\/seo\/ -->\r\n<title>Programa de Est\u00edmulo \u00e0s Conven\u00e7\u00f5es e Exposi\u00e7\u00f5es | Commerce and Investment Promotion Institute<\/title>\r\n<meta name=\"robots\" content=\"index, follow, max-snippet:-1, max-image-preview:large, max-video-preview:-1\" \/>\r\n<link rel=\"canonical\" href=\"https:\/\/www.ipim.gov.mo\/pt-pt\/mice\/the-incentive-measures\/\u6703\u8b70\u53ca\u5c55\u89bd\u6fc0\u52f5\u8a08\u5283-2025\u5e749\u670822\u65e5\u751f\u6548\/\" \/>\r\n<meta property=\"og:locale\" content=\"pt_PT\" \/>\r\n<meta property=\"og:type\" content=\"article\" \/>\r\n<meta property=\"og:title\" content=\"Programa de Est\u00edmulo \u00e0s Conven\u00e7\u00f5es e Exposi\u00e7\u00f5es | Commerce and Investment Promotion Institute\" \/>\r\n<meta property=\"og:description\" content=\"Clique no Folheto do Plano para mais informa\u00e7\u00f5es. O Programa visa o fornecimento de apoio financeiro \u00e0s empresas organizadoras ou planeadoras de eventos de conven\u00e7\u00f5es [&hellip;]\" \/>\r\n<meta property=\"og:url\" content=\"https:\/\/www.ipim.gov.mo\/pt-pt\/mice\/the-incentive-measures\/\u6703\u8b70\u53ca\u5c55\u89bd\u6fc0\u52f5\u8a08\u5283-2025\u5e749\u670822\u65e5\u751f\u6548\/\" \/>\r\n<meta property=\"og:site_name\" content=\"Commerce and Investment Promotion Institute\" \/>\r\n<meta property=\"article:modified_time\" content=\"2026-02-11T09:14:40+00:00\" \/>\r\n<meta property=\"og:image\" content=\"https:\/\/www.ipim.gov.mo\/wp-content\/uploads\/2024\/07\/ipim-post-default.jpg\" \/>\r\n\t<meta property=\"og:image:width\" content=\"1024\" \/>\r\n\t<meta property=\"og:image:height\" content=\"768\" \/>\r\n\t<meta property=\"og:image:type\" content=\"image\/jpeg\" \/>\r\n<meta name=\"twitter:card\" content=\"summary_large_image\" \/>\r\n<meta name=\"twitter:label1\" content=\"Est. reading time\" \/>\n\t<meta name=\"twitter:data1\" content=\"2 minutes\" \/>\r\n<script type=\"application\/ld+json\" class=\"yoast-schema-graph\">{\"@context\":\"https:\/\/schema.org\",\"@graph\":[{\"@type\":\"WebPage\",\"@id\":\"https:\/\/www.ipim.gov.mo\/pt-pt\/mice\/the-incentive-measures\/%e6%9c%83%e8%ad%b0%e5%8f%8a%e5%b1%95%e8%a6%bd%e6%bf%80%e5%8b%b5%e8%a8%88%e5%8a%83-2025%e5%b9%b49%e6%9c%8822%e6%97%a5%e7%94%9f%e6%95%88\/\",\"url\":\"https:\/\/www.ipim.gov.mo\/pt-pt\/mice\/the-incentive-measures\/%e6%9c%83%e8%ad%b0%e5%8f%8a%e5%b1%95%e8%a6%bd%e6%bf%80%e5%8b%b5%e8%a8%88%e5%8a%83-2025%e5%b9%b49%e6%9c%8822%e6%97%a5%e7%94%9f%e6%95%88\/\",\"name\":\"Programa de Est\u00edmulo \u00e0s Conven\u00e7\u00f5es e Exposi\u00e7\u00f5es | Commerce and Investment Promotion Institute\",\"isPartOf\":{\"@id\":\"https:\/\/www.ipim.gov.mo\/zh-hans\/#website\"},\"primaryImageOfPage\":{\"@id\":\"https:\/\/www.ipim.gov.mo\/pt-pt\/mice\/the-incentive-measures\/%e6%9c%83%e8%ad%b0%e5%8f%8a%e5%b1%95%e8%a6%bd%e6%bf%80%e5%8b%b5%e8%a8%88%e5%8a%83-2025%e5%b9%b49%e6%9c%8822%e6%97%a5%e7%94%9f%e6%95%88\/#primaryimage\"},\"image\":{\"@id\":\"https:\/\/www.ipim.gov.mo\/pt-pt\/mice\/the-incentive-measures\/%e6%9c%83%e8%ad%b0%e5%8f%8a%e5%b1%95%e8%a6%bd%e6%bf%80%e5%8b%b5%e8%a8%88%e5%8a%83-2025%e5%b9%b49%e6%9c%8822%e6%97%a5%e7%94%9f%e6%95%88\/#primaryimage\"},\"thumbnailUrl\":\"https:\/\/www.ipim.gov.mo\/wp-content\/uploads\/2024\/07\/ipim-post-default.jpg\",\"datePublished\":\"2025-09-18T02:59:13+00:00\",\"dateModified\":\"2026-02-11T09:14:40+00:00\",\"breadcrumb\":{\"@id\":\"https:\/\/www.ipim.gov.mo\/pt-pt\/mice\/the-incentive-measures\/%e6%9c%83%e8%ad%b0%e5%8f%8a%e5%b1%95%e8%a6%bd%e6%bf%80%e5%8b%b5%e8%a8%88%e5%8a%83-2025%e5%b9%b49%e6%9c%8822%e6%97%a5%e7%94%9f%e6%95%88\/#breadcrumb\"},\"inLanguage\":\"pt-PT\",\"potentialAction\":[{\"@type\":\"ReadAction\",\"target\":[\"https:\/\/www.ipim.gov.mo\/pt-pt\/mice\/the-incentive-measures\/%e6%9c%83%e8%ad%b0%e5%8f%8a%e5%b1%95%e8%a6%bd%e6%bf%80%e5%8b%b5%e8%a8%88%e5%8a%83-2025%e5%b9%b49%e6%9c%8822%e6%97%a5%e7%94%9f%e6%95%88\/\"]}]},{\"@type\":\"ImageObject\",\"inLanguage\":\"pt-PT\",\"@id\":\"https:\/\/www.ipim.gov.mo\/pt-pt\/mice\/the-incentive-measures\/%e6%9c%83%e8%ad%b0%e5%8f%8a%e5%b1%95%e8%a6%bd%e6%bf%80%e5%8b%b5%e8%a8%88%e5%8a%83-2025%e5%b9%b49%e6%9c%8822%e6%97%a5%e7%94%9f%e6%95%88\/#primaryimage\",\"url\":\"https:\/\/www.ipim.gov.mo\/wp-content\/uploads\/2024\/07\/ipim-post-default.jpg\",\"contentUrl\":\"https:\/\/www.ipim.gov.mo\/wp-content\/uploads\/2024\/07\/ipim-post-default.jpg\",\"width\":1024,\"height\":768},{\"@type\":\"BreadcrumbList\",\"@id\":\"https:\/\/www.ipim.gov.mo\/pt-pt\/mice\/the-incentive-measures\/%e6%9c%83%e8%ad%b0%e5%8f%8a%e5%b1%95%e8%a6%bd%e6%bf%80%e5%8b%b5%e8%a8%88%e5%8a%83-2025%e5%b9%b49%e6%9c%8822%e6%97%a5%e7%94%9f%e6%95%88\/#breadcrumb\",\"itemListElement\":[{\"@type\":\"ListItem\",\"position\":1,\"name\":\"Home\",\"item\":\"https:\/\/www.ipim.gov.mo\/pt-pt\/\"},{\"@type\":\"ListItem\",\"position\":2,\"name\":\"Desenvolvimento de Conven\u00e7\u00f5es e Exposi\u00e7\u00f5es\",\"item\":\"https:\/\/www.ipim.gov.mo\/pt-pt\/mice\/\"},{\"@type\":\"ListItem\",\"position\":3,\"name\":\"Medidas de Incentivo\",\"item\":\"https:\/\/www.ipim.gov.mo\/pt-pt\/mice\/the-incentive-measures\/\"},{\"@type\":\"ListItem\",\"position\":4,\"name\":\"Programa de Est\u00edmulo \u00e0s Conven\u00e7\u00f5es e Exposi\u00e7\u00f5es\"}]},{\"@type\":\"WebSite\",\"@id\":\"https:\/\/www.ipim.gov.mo\/zh-hans\/#website\",\"url\":\"https:\/\/www.ipim.gov.mo\/zh-hans\/\",\"name\":\"Commerce and Investment Promotion Institute\",\"description\":\"Commerce and Investment Promotion Institute\",\"publisher\":{\"@id\":\"https:\/\/www.ipim.gov.mo\/zh-hans\/#organization\"},\"potentialAction\":[{\"@type\":\"SearchAction\",\"target\":{\"@type\":\"EntryPoint\",\"urlTemplate\":\"https:\/\/www.ipim.gov.mo\/zh-hans\/?s={search_term_string}\"},\"query-input\":{\"@type\":\"PropertyValueSpecification\",\"valueRequired\":true,\"valueName\":\"search_term_string\"}}],\"inLanguage\":\"pt-PT\"},{\"@type\":\"Organization\",\"@id\":\"https:\/\/www.ipim.gov.mo\/zh-hans\/#organization\",\"name\":\"IPIM\",\"url\":\"https:\/\/www.ipim.gov.mo\/zh-hans\/\",\"logo\":{\"@type\":\"ImageObject\",\"inLanguage\":\"pt-PT\",\"@id\":\"https:\/\/www.ipim.gov.mo\/zh-hans\/#\/schema\/logo\/image\/\",\"url\":\"https:\/\/www.ipim.gov.mo\/wp-content\/uploads\/2022\/10\/default-post-thumbnail-ipim-logo.png\",\"contentUrl\":\"https:\/\/www.ipim.gov.mo\/wp-content\/uploads\/2022\/10\/default-post-thumbnail-ipim-logo.png\",\"width\":1024,\"height\":768,\"caption\":\"IPIM\"},\"image\":{\"@id\":\"https:\/\/www.ipim.gov.mo\/zh-hans\/#\/schema\/logo\/image\/\"}}]}<\/script>\r\n<!-- \/ Yoast SEO plugin. -->","yoast_head_json":{"title":"Programa de Est\u00edmulo \u00e0s Conven\u00e7\u00f5es e Exposi\u00e7\u00f5es | Commerce and Investment Promotion Institute","robots":{"index":"index","follow":"follow","max-snippet":"max-snippet:-1","max-image-preview":"max-image-preview:large","max-video-preview":"max-video-preview:-1"},"canonical":"https:\/\/www.ipim.gov.mo\/pt-pt\/mice\/the-incentive-measures\/\u6703\u8b70\u53ca\u5c55\u89bd\u6fc0\u52f5\u8a08\u5283-2025\u5e749\u670822\u65e5\u751f\u6548\/","og_locale":"pt_PT","og_type":"article","og_title":"Programa de Est\u00edmulo \u00e0s Conven\u00e7\u00f5es e Exposi\u00e7\u00f5es | Commerce and Investment Promotion Institute","og_description":"Clique no Folheto do Plano para mais informa\u00e7\u00f5es. O Programa visa o fornecimento de apoio financeiro \u00e0s empresas organizadoras ou planeadoras de eventos de conven\u00e7\u00f5es [&hellip;]","og_url":"https:\/\/www.ipim.gov.mo\/pt-pt\/mice\/the-incentive-measures\/\u6703\u8b70\u53ca\u5c55\u89bd\u6fc0\u52f5\u8a08\u5283-2025\u5e749\u670822\u65e5\u751f\u6548\/","og_site_name":"Commerce and Investment Promotion Institute","article_modified_time":"2026-02-11T09:14:40+00:00","og_image":[{"width":1024,"height":768,"url":"https:\/\/www.ipim.gov.mo\/wp-content\/uploads\/2024\/07\/ipim-post-default.jpg","type":"image\/jpeg"}],"twitter_card":"summary_large_image","twitter_misc":{"Est. reading time":"2 minutes"},"schema":{"@context":"https:\/\/schema.org","@graph":[{"@type":"WebPage","@id":"https:\/\/www.ipim.gov.mo\/pt-pt\/mice\/the-incentive-measures\/%e6%9c%83%e8%ad%b0%e5%8f%8a%e5%b1%95%e8%a6%bd%e6%bf%80%e5%8b%b5%e8%a8%88%e5%8a%83-2025%e5%b9%b49%e6%9c%8822%e6%97%a5%e7%94%9f%e6%95%88\/","url":"https:\/\/www.ipim.gov.mo\/pt-pt\/mice\/the-incentive-measures\/%e6%9c%83%e8%ad%b0%e5%8f%8a%e5%b1%95%e8%a6%bd%e6%bf%80%e5%8b%b5%e8%a8%88%e5%8a%83-2025%e5%b9%b49%e6%9c%8822%e6%97%a5%e7%94%9f%e6%95%88\/","name":"Programa de Est\u00edmulo \u00e0s Conven\u00e7\u00f5es e Exposi\u00e7\u00f5es | Commerce and Investment Promotion Institute","isPartOf":{"@id":"https:\/\/www.ipim.gov.mo\/zh-hans\/#website"},"primaryImageOfPage":{"@id":"https:\/\/www.ipim.gov.mo\/pt-pt\/mice\/the-incentive-measures\/%e6%9c%83%e8%ad%b0%e5%8f%8a%e5%b1%95%e8%a6%bd%e6%bf%80%e5%8b%b5%e8%a8%88%e5%8a%83-2025%e5%b9%b49%e6%9c%8822%e6%97%a5%e7%94%9f%e6%95%88\/#primaryimage"},"image":{"@id":"https:\/\/www.ipim.gov.mo\/pt-pt\/mice\/the-incentive-measures\/%e6%9c%83%e8%ad%b0%e5%8f%8a%e5%b1%95%e8%a6%bd%e6%bf%80%e5%8b%b5%e8%a8%88%e5%8a%83-2025%e5%b9%b49%e6%9c%8822%e6%97%a5%e7%94%9f%e6%95%88\/#primaryimage"},"thumbnailUrl":"https:\/\/www.ipim.gov.mo\/wp-content\/uploads\/2024\/07\/ipim-post-default.jpg","datePublished":"2025-09-18T02:59:13+00:00","dateModified":"2026-02-11T09:14:40+00:00","breadcrumb":{"@id":"https:\/\/www.ipim.gov.mo\/pt-pt\/mice\/the-incentive-measures\/%e6%9c%83%e8%ad%b0%e5%8f%8a%e5%b1%95%e8%a6%bd%e6%bf%80%e5%8b%b5%e8%a8%88%e5%8a%83-2025%e5%b9%b49%e6%9c%8822%e6%97%a5%e7%94%9f%e6%95%88\/#breadcrumb"},"inLanguage":"pt-PT","potentialAction":[{"@type":"ReadAction","target":["https:\/\/www.ipim.gov.mo\/pt-pt\/mice\/the-incentive-measures\/%e6%9c%83%e8%ad%b0%e5%8f%8a%e5%b1%95%e8%a6%bd%e6%bf%80%e5%8b%b5%e8%a8%88%e5%8a%83-2025%e5%b9%b49%e6%9c%8822%e6%97%a5%e7%94%9f%e6%95%88\/"]}]},{"@type":"ImageObject","inLanguage":"pt-PT","@id":"https:\/\/www.ipim.gov.mo\/pt-pt\/mice\/the-incentive-measures\/%e6%9c%83%e8%ad%b0%e5%8f%8a%e5%b1%95%e8%a6%bd%e6%bf%80%e5%8b%b5%e8%a8%88%e5%8a%83-2025%e5%b9%b49%e6%9c%8822%e6%97%a5%e7%94%9f%e6%95%88\/#primaryimage","url":"https:\/\/www.ipim.gov.mo\/wp-content\/uploads\/2024\/07\/ipim-post-default.jpg","contentUrl":"https:\/\/www.ipim.gov.mo\/wp-content\/uploads\/2024\/07\/ipim-post-default.jpg","width":1024,"height":768},{"@type":"BreadcrumbList","@id":"https:\/\/www.ipim.gov.mo\/pt-pt\/mice\/the-incentive-measures\/%e6%9c%83%e8%ad%b0%e5%8f%8a%e5%b1%95%e8%a6%bd%e6%bf%80%e5%8b%b5%e8%a8%88%e5%8a%83-2025%e5%b9%b49%e6%9c%8822%e6%97%a5%e7%94%9f%e6%95%88\/#breadcrumb","itemListElement":[{"@type":"ListItem","position":1,"name":"Home","item":"https:\/\/www.ipim.gov.mo\/pt-pt\/"},{"@type":"ListItem","position":2,"name":"Desenvolvimento de Conven\u00e7\u00f5es e Exposi\u00e7\u00f5es","item":"https:\/\/www.ipim.gov.mo\/pt-pt\/mice\/"},{"@type":"ListItem","position":3,"name":"Medidas de Incentivo","item":"https:\/\/www.ipim.gov.mo\/pt-pt\/mice\/the-incentive-measures\/"},{"@type":"ListItem","position":4,"name":"Programa de Est\u00edmulo \u00e0s Conven\u00e7\u00f5es e Exposi\u00e7\u00f5es"}]},{"@type":"WebSite","@id":"https:\/\/www.ipim.gov.mo\/zh-hans\/#website","url":"https:\/\/www.ipim.gov.mo\/zh-hans\/","name":"Commerce and Investment Promotion Institute","description":"Commerce and Investment Promotion Institute","publisher":{"@id":"https:\/\/www.ipim.gov.mo\/zh-hans\/#organization"},"potentialAction":[{"@type":"SearchAction","target":{"@type":"EntryPoint","urlTemplate":"https:\/\/www.ipim.gov.mo\/zh-hans\/?s={search_term_string}"},"query-input":{"@type":"PropertyValueSpecification","valueRequired":true,"valueName":"search_term_string"}}],"inLanguage":"pt-PT"},{"@type":"Organization","@id":"https:\/\/www.ipim.gov.mo\/zh-hans\/#organization","name":"IPIM","url":"https:\/\/www.ipim.gov.mo\/zh-hans\/","logo":{"@type":"ImageObject","inLanguage":"pt-PT","@id":"https:\/\/www.ipim.gov.mo\/zh-hans\/#\/schema\/logo\/image\/","url":"https:\/\/www.ipim.gov.mo\/wp-content\/uploads\/2022\/10\/default-post-thumbnail-ipim-logo.png","contentUrl":"https:\/\/www.ipim.gov.mo\/wp-content\/uploads\/2022\/10\/default-post-thumbnail-ipim-logo.png","width":1024,"height":768,"caption":"IPIM"},"image":{"@id":"https:\/\/www.ipim.gov.mo\/zh-hans\/#\/schema\/logo\/image\/"}}]}},"coauthors":[],"author_meta":{"author_link":"https:\/\/www.ipim.gov.mo\/pt-pt\/author\/ipim-trainer\/","display_name":"IPIM"},"relative_dates":{"created":"Posted 7 months ago","modified":"Updated 2 months ago"},"absolute_dates":{"created":"Posted on Setembro 18, 2025","modified":"Updated on Fevereiro 11, 2026"},"absolute_dates_time":{"created":"Posted on Setembro 18, 2025 10:59 am","modified":"Updated on Fevereiro 11, 2026 5:14 pm"},"featured_img_caption":"","featured_img":"https:\/\/www.ipim.gov.mo\/wp-content\/uploads\/2024\/07\/ipim-post-default.jpg","series_order":"","_links":{"self":[{"href":"https:\/\/www.ipim.gov.mo\/pt-pt\/wp-json\/wp\/v2\/pages\/501113","targetHints":{"allow":["GET"]}}],"collection":[{"href":"https:\/\/www.ipim.gov.mo\/pt-pt\/wp-json\/wp\/v2\/pages"}],"about":[{"href":"https:\/\/www.ipim.gov.mo\/pt-pt\/wp-json\/wp\/v2\/types\/page"}],"author":[{"embeddable":true,"href":"https:\/\/www.ipim.gov.mo\/pt-pt\/wp-json\/wp\/v2\/users\/3"}],"replies":[{"embeddable":true,"href":"https:\/\/www.ipim.gov.mo\/pt-pt\/wp-json\/wp\/v2\/comments?post=501113"}],"version-history":[{"count":14,"href":"https:\/\/www.ipim.gov.mo\/pt-pt\/wp-json\/wp\/v2\/pages\/501113\/revisions"}],"predecessor-version":[{"id":504026,"href":"https:\/\/www.ipim.gov.mo\/pt-pt\/wp-json\/wp\/v2\/pages\/501113\/revisions\/504026"}],"up":[{"embeddable":true,"href":"https:\/\/www.ipim.gov.mo\/pt-pt\/wp-json\/wp\/v2\/pages\/104273"}],"wp:featuredmedia":[{"embeddable":true,"href":"https:\/\/www.ipim.gov.mo\/pt-pt\/wp-json\/wp\/v2\/media\/467868"}],"wp:attachment":[{"href":"https:\/\/www.ipim.gov.mo\/pt-pt\/wp-json\/wp\/v2\/media?parent=501113"}],"curies":[{"name":"wp","href":"https:\/\/api.w.org\/{rel}","templated":true}]}}