{"id":50057,"date":"2008-08-11T02:00:00","date_gmt":"2008-08-10T18:00:00","guid":{"rendered":"http:\/\/www.ipim.gov.mo\/?page_id=50057"},"modified":"2024-10-29T16:24:37","modified_gmt":"2024-10-29T08:24:37","slug":"servico-personalizado-na-implementacao-de-projectos-de-investimento","status":"publish","type":"page","link":"https:\/\/www.ipim.gov.mo\/pt-pt\/investment-promotion\/investors-one-stop-service\/servico-personalizado-na-implementacao-de-projectos-de-investimento\/","title":{"rendered":"Servi\u00e7os personalizados aos investidores, na implementa\u00e7\u00e3o dos seus projectos de investimento local"},"content":{"rendered":"<p>O Servi\u00e7o \u201cOne Stop\u201d \u00a0ao Investidor que o IPIM presta incluem:<\/p>\n<p>Fornecimento de informa\u00e7\u00f5es e sugest\u00f5es pelo pessoal; constitui\u00e7\u00e3o e registo de sociedades; apoio na comunica\u00e7\u00e3o com v\u00e1rios organismos governamentais atrav\u00e9s da Comiss\u00e3o de Investimento, no que toca \u00e0s respectivas formalidades administrativas, disponibilizando orienta\u00e7\u00f5es; apoio na procura de parceiros de coopera\u00e7\u00e3o locais\/estrangeiros.<\/p>\n<p>O IPIM sugere aos investidores consultarem as orienta\u00e7\u00f5es abaixo indicadas ao elaborarem o plano de investimento, fornecendo integralmente informa\u00e7\u00f5es e dados relativos aos projectos, a fim de que o IPIM possa, de forma eficaz, prestar servi\u00e7os, acompanhar e promover os projectos de investimento<a href=\"https:\/\/www.ipim.gov.mo\/wp-content\/uploads\/2024\/07\/PT_%E5%9C%A8%E6%BE%B3%E4%B9%8B%E5%88%9D%E6%AD%A5%E6%8A%95%E8%B3%87%E8%A8%88%E5%8A%83_2024_07_02.pdf\" target=\"_blank\" rel=\"noopener\"> (Plano de investimento inicial em Macau)<\/a>. O conte\u00fado abaixo indicado serve apenas de refer\u00eancia, podendo ser ajustado de acordo com a natureza e a situa\u00e7\u00e3o concreta do projecto, sendo tamb\u00e9m aconselh\u00e1vel acrescentar informa\u00e7\u00f5es complementares (estudo de viabilidade, an\u00e1lise de mercado, crit\u00e9rios de qualidade, avalia\u00e7\u00e3o de riscos, etc).<\/p>\n<p><strong>1. Informa\u00e7\u00f5es do plano de investimento a ser realizado em Macau: <\/strong><\/p>\n<ul>\n<li>O actual ramo de actividade da empresa<\/li>\n<li>Introdu\u00e7\u00e3o aos produtos e servi\u00e7os oferecidos<\/li>\n<li>Situa\u00e7\u00e3o financeira e relat\u00f3rio anual da empresa<\/li>\n<\/ul>\n<p><strong>2. Apoio requerido: <\/strong><\/p>\n<ul>\n<li>Procura de parceiros de coopera\u00e7\u00e3o<\/li>\n<li>Constitui\u00e7\u00e3o de sociedades<\/li>\n<li>Licen\u00e7a do exerc\u00edcio de actividades comerciais<\/li>\n<li>Contrata\u00e7\u00e3o de pessoal ou forma\u00e7\u00e3o<\/li>\n<li>Importa\u00e7\u00e3o de trabalhadores n\u00e3o residentes<\/li>\n<li>Pedido de concess\u00e3o de terrenos<\/li>\n<li>Pedido de incentivo fiscal e financeiro<\/li>\n<li>Outros<\/li>\n<\/ul>\n<p>&nbsp;<\/p>\n<p>Para mais informa\u00e7\u00f5es, \u00e9 favor contactar a Divis\u00e3o de Promo\u00e7\u00e3o de Investimento do IPIM.<\/p>\n<p>Tel: (853) 2872 8328<br \/>\nFax: (853) 2872 7506<br \/>\nE-mail:\u00a0<a href=\"mailto:onestopservice@ipim.gov.mo\" target=\"_blank\" rel=\"noopener\">onestopservice@ipim.gov.mo<\/a><br \/>\nEndere\u00e7o: Rua Sul de Entre Lagos, Complexo da Plataforma de Servi\u00e7os para a Coopera\u00e7\u00e3o Comercial entre a China e os Pa\u00edses de L\u00edngua Portuguesa, Edif\u00edcio de escrit\u00f3rio, 1.\u00ba \u2013 3.\u00ba andar, Macau<\/p>\n<p>Ou comparecer a uma entrevista presencial: <a href=\"https:\/\/www.ipim.gov.mo\/service-booking-form\/pt\" target=\"_blank\" rel=\"noopener\">https:\/\/www.ipim.gov.mo\/service-booking-form\/pt<\/a><\/p>\n<p style=\"text-align: center;\"><a href=\"https:\/\/www.ipim.gov.mo\/wp-content\/uploads\/2024\/10\/QR-codes_Meet-up-Easy.png\"><img loading=\"lazy\" decoding=\"async\" class=\"alignnone size-medium wp-image-479836\" src=\"https:\/\/www.ipim.gov.mo\/wp-content\/uploads\/2024\/10\/QR-codes_Meet-up-Easy-250x300.png\" alt=\"\" width=\"250\" height=\"300\" srcset=\"https:\/\/www.ipim.gov.mo\/wp-content\/uploads\/2024\/10\/QR-codes_Meet-up-Easy-250x300.png 250w, https:\/\/www.ipim.gov.mo\/wp-content\/uploads\/2024\/10\/QR-codes_Meet-up-Easy.png 455w\" sizes=\"auto, (max-width: 250px) 100vw, 250px\" \/><\/a><\/p>\n<p><strong>Fluxograma do Servi\u00e7o &#8220;One-Stop&#8221; para Investidores de Macau<\/strong><\/p>\n<p style=\"text-align: center;\">\n<p style=\"text-align: center;\"><a href=\"https:\/\/www.ipim.gov.mo\/wp-content\/uploads\/2024\/10\/PT_image_2024_10_29.png\"><img loading=\"lazy\" decoding=\"async\" class=\"aligncenter wp-image-479828 size-full\" src=\"https:\/\/www.ipim.gov.mo\/wp-content\/uploads\/2024\/10\/PT_image_2024_10_29.png\" alt=\"\" width=\"1135\" height=\"893\" srcset=\"https:\/\/www.ipim.gov.mo\/wp-content\/uploads\/2024\/10\/PT_image_2024_10_29.png 1135w, https:\/\/www.ipim.gov.mo\/wp-content\/uploads\/2024\/10\/PT_image_2024_10_29-300x236.png 300w, https:\/\/www.ipim.gov.mo\/wp-content\/uploads\/2024\/10\/PT_image_2024_10_29-1024x806.png 1024w, https:\/\/www.ipim.gov.mo\/wp-content\/uploads\/2024\/10\/PT_image_2024_10_29-768x604.png 768w\" sizes=\"auto, (max-width: 1135px) 100vw, 1135px\" \/><\/a><\/p>\n","protected":false},"excerpt":{"rendered":"<p>O Servi\u00e7o \u201cOne Stop\u201d \u00a0ao Investidor que o IPIM presta incluem: Fornecimento de informa\u00e7\u00f5es e sugest\u00f5es pelo pessoal; constitui\u00e7\u00e3o e registo de sociedades; apoio na [&hellip;]<\/p>\n","protected":false},"author":56439,"featured_media":467868,"parent":494026,"menu_order":1,"comment_status":"closed","ping_status":"closed","template":"","meta":{"_acf_changed":false,"inline_featured_image":false,"advgb_blocks_editor_width":"","advgb_blocks_columns_visual_guide":"","footnotes":""},"class_list":["post-50057","page","type-page","status-publish","has-post-thumbnail","hentry"],"acf":[],"yoast_head":"<!-- This site is optimized with the Yoast SEO plugin v26.2 - https:\/\/yoast.com\/wordpress\/plugins\/seo\/ -->\r\n<title>Servi\u00e7os personalizados aos investidores, na implementa\u00e7\u00e3o dos seus projectos de investimento local | Commerce and Investment Promotion Institute<\/title>\r\n<meta name=\"robots\" content=\"index, follow, max-snippet:-1, max-image-preview:large, max-video-preview:-1\" \/>\r\n<link rel=\"canonical\" href=\"https:\/\/www.ipim.gov.mo\/pt-pt\/investment-promotion\/investors-one-stop-service\/servico-personalizado-na-implementacao-de-projectos-de-investimento\/\" \/>\r\n<meta property=\"og:locale\" content=\"pt_PT\" \/>\r\n<meta property=\"og:type\" content=\"article\" \/>\r\n<meta property=\"og:title\" content=\"Servi\u00e7os personalizados aos investidores, na implementa\u00e7\u00e3o dos seus projectos de investimento local | Commerce and Investment Promotion Institute\" \/>\r\n<meta property=\"og:description\" content=\"O Servi\u00e7o \u201cOne Stop\u201d \u00a0ao Investidor que o IPIM presta incluem: Fornecimento de informa\u00e7\u00f5es e sugest\u00f5es pelo pessoal; constitui\u00e7\u00e3o e registo de sociedades; apoio na [&hellip;]\" \/>\r\n<meta property=\"og:url\" content=\"https:\/\/www.ipim.gov.mo\/pt-pt\/investment-promotion\/investors-one-stop-service\/servico-personalizado-na-implementacao-de-projectos-de-investimento\/\" \/>\r\n<meta property=\"og:site_name\" content=\"Commerce and Investment Promotion Institute\" \/>\r\n<meta property=\"article:modified_time\" content=\"2024-10-29T08:24:37+00:00\" \/>\r\n<meta property=\"og:image\" content=\"https:\/\/www.ipim.gov.mo\/wp-content\/uploads\/2024\/07\/ipim-post-default.jpg\" \/>\r\n\t<meta property=\"og:image:width\" content=\"1024\" \/>\r\n\t<meta property=\"og:image:height\" content=\"768\" \/>\r\n\t<meta property=\"og:image:type\" content=\"image\/jpeg\" \/>\r\n<meta name=\"twitter:card\" content=\"summary_large_image\" \/>\r\n<meta name=\"twitter:label1\" content=\"Est. reading time\" \/>\n\t<meta name=\"twitter:data1\" content=\"2 minutes\" \/>\r\n<script type=\"application\/ld+json\" class=\"yoast-schema-graph\">{\"@context\":\"https:\/\/schema.org\",\"@graph\":[{\"@type\":\"WebPage\",\"@id\":\"https:\/\/www.ipim.gov.mo\/pt-pt\/investment-promotion\/investors-one-stop-service\/servico-personalizado-na-implementacao-de-projectos-de-investimento\/\",\"url\":\"https:\/\/www.ipim.gov.mo\/pt-pt\/investment-promotion\/investors-one-stop-service\/servico-personalizado-na-implementacao-de-projectos-de-investimento\/\",\"name\":\"Servi\u00e7os personalizados aos investidores, na implementa\u00e7\u00e3o dos seus projectos de investimento local | Commerce and Investment Promotion Institute\",\"isPartOf\":{\"@id\":\"https:\/\/www.ipim.gov.mo\/zh-hans\/#website\"},\"primaryImageOfPage\":{\"@id\":\"https:\/\/www.ipim.gov.mo\/pt-pt\/investment-promotion\/investors-one-stop-service\/servico-personalizado-na-implementacao-de-projectos-de-investimento\/#primaryimage\"},\"image\":{\"@id\":\"https:\/\/www.ipim.gov.mo\/pt-pt\/investment-promotion\/investors-one-stop-service\/servico-personalizado-na-implementacao-de-projectos-de-investimento\/#primaryimage\"},\"thumbnailUrl\":\"https:\/\/www.ipim.gov.mo\/wp-content\/uploads\/2024\/07\/ipim-post-default.jpg\",\"datePublished\":\"2008-08-10T18:00:00+00:00\",\"dateModified\":\"2024-10-29T08:24:37+00:00\",\"breadcrumb\":{\"@id\":\"https:\/\/www.ipim.gov.mo\/pt-pt\/investment-promotion\/investors-one-stop-service\/servico-personalizado-na-implementacao-de-projectos-de-investimento\/#breadcrumb\"},\"inLanguage\":\"pt-PT\",\"potentialAction\":[{\"@type\":\"ReadAction\",\"target\":[\"https:\/\/www.ipim.gov.mo\/pt-pt\/investment-promotion\/investors-one-stop-service\/servico-personalizado-na-implementacao-de-projectos-de-investimento\/\"]}]},{\"@type\":\"ImageObject\",\"inLanguage\":\"pt-PT\",\"@id\":\"https:\/\/www.ipim.gov.mo\/pt-pt\/investment-promotion\/investors-one-stop-service\/servico-personalizado-na-implementacao-de-projectos-de-investimento\/#primaryimage\",\"url\":\"https:\/\/www.ipim.gov.mo\/wp-content\/uploads\/2024\/07\/ipim-post-default.jpg\",\"contentUrl\":\"https:\/\/www.ipim.gov.mo\/wp-content\/uploads\/2024\/07\/ipim-post-default.jpg\",\"width\":1024,\"height\":768},{\"@type\":\"BreadcrumbList\",\"@id\":\"https:\/\/www.ipim.gov.mo\/pt-pt\/investment-promotion\/investors-one-stop-service\/servico-personalizado-na-implementacao-de-projectos-de-investimento\/#breadcrumb\",\"itemListElement\":[{\"@type\":\"ListItem\",\"position\":1,\"name\":\"Home\",\"item\":\"https:\/\/www.ipim.gov.mo\/pt-pt\/\"},{\"@type\":\"ListItem\",\"position\":2,\"name\":\"Capta\u00e7\u00e3o de Investimentos\",\"item\":\"https:\/\/www.ipim.gov.mo\/pt-pt\/investment-promotion\/\"},{\"@type\":\"ListItem\",\"position\":3,\"name\":\"Servi\u00e7o One Stop ao Investidor\",\"item\":\"https:\/\/www.ipim.gov.mo\/pt-pt\/investment-promotion\/investors-one-stop-service\/\"},{\"@type\":\"ListItem\",\"position\":4,\"name\":\"Servi\u00e7os personalizados aos investidores, na implementa\u00e7\u00e3o dos seus projectos de investimento local\"}]},{\"@type\":\"WebSite\",\"@id\":\"https:\/\/www.ipim.gov.mo\/zh-hans\/#website\",\"url\":\"https:\/\/www.ipim.gov.mo\/zh-hans\/\",\"name\":\"Commerce and Investment Promotion Institute\",\"description\":\"Commerce and Investment Promotion Institute\",\"publisher\":{\"@id\":\"https:\/\/www.ipim.gov.mo\/zh-hans\/#organization\"},\"potentialAction\":[{\"@type\":\"SearchAction\",\"target\":{\"@type\":\"EntryPoint\",\"urlTemplate\":\"https:\/\/www.ipim.gov.mo\/zh-hans\/?s={search_term_string}\"},\"query-input\":{\"@type\":\"PropertyValueSpecification\",\"valueRequired\":true,\"valueName\":\"search_term_string\"}}],\"inLanguage\":\"pt-PT\"},{\"@type\":\"Organization\",\"@id\":\"https:\/\/www.ipim.gov.mo\/zh-hans\/#organization\",\"name\":\"IPIM\",\"url\":\"https:\/\/www.ipim.gov.mo\/zh-hans\/\",\"logo\":{\"@type\":\"ImageObject\",\"inLanguage\":\"pt-PT\",\"@id\":\"https:\/\/www.ipim.gov.mo\/zh-hans\/#\/schema\/logo\/image\/\",\"url\":\"https:\/\/www.ipim.gov.mo\/wp-content\/uploads\/2022\/10\/default-post-thumbnail-ipim-logo.png\",\"contentUrl\":\"https:\/\/www.ipim.gov.mo\/wp-content\/uploads\/2022\/10\/default-post-thumbnail-ipim-logo.png\",\"width\":1024,\"height\":768,\"caption\":\"IPIM\"},\"image\":{\"@id\":\"https:\/\/www.ipim.gov.mo\/zh-hans\/#\/schema\/logo\/image\/\"}}]}<\/script>\r\n<!-- \/ Yoast SEO plugin. -->","yoast_head_json":{"title":"Servi\u00e7os personalizados aos investidores, na implementa\u00e7\u00e3o dos seus projectos de investimento local | Commerce and Investment Promotion Institute","robots":{"index":"index","follow":"follow","max-snippet":"max-snippet:-1","max-image-preview":"max-image-preview:large","max-video-preview":"max-video-preview:-1"},"canonical":"https:\/\/www.ipim.gov.mo\/pt-pt\/investment-promotion\/investors-one-stop-service\/servico-personalizado-na-implementacao-de-projectos-de-investimento\/","og_locale":"pt_PT","og_type":"article","og_title":"Servi\u00e7os personalizados aos investidores, na implementa\u00e7\u00e3o dos seus projectos de investimento local | Commerce and Investment Promotion Institute","og_description":"O Servi\u00e7o \u201cOne Stop\u201d \u00a0ao Investidor que o IPIM presta incluem: Fornecimento de informa\u00e7\u00f5es e sugest\u00f5es pelo pessoal; constitui\u00e7\u00e3o e registo de sociedades; apoio na [&hellip;]","og_url":"https:\/\/www.ipim.gov.mo\/pt-pt\/investment-promotion\/investors-one-stop-service\/servico-personalizado-na-implementacao-de-projectos-de-investimento\/","og_site_name":"Commerce and Investment Promotion Institute","article_modified_time":"2024-10-29T08:24:37+00:00","og_image":[{"width":1024,"height":768,"url":"https:\/\/www.ipim.gov.mo\/wp-content\/uploads\/2024\/07\/ipim-post-default.jpg","type":"image\/jpeg"}],"twitter_card":"summary_large_image","twitter_misc":{"Est. reading time":"2 minutes"},"schema":{"@context":"https:\/\/schema.org","@graph":[{"@type":"WebPage","@id":"https:\/\/www.ipim.gov.mo\/pt-pt\/investment-promotion\/investors-one-stop-service\/servico-personalizado-na-implementacao-de-projectos-de-investimento\/","url":"https:\/\/www.ipim.gov.mo\/pt-pt\/investment-promotion\/investors-one-stop-service\/servico-personalizado-na-implementacao-de-projectos-de-investimento\/","name":"Servi\u00e7os personalizados aos investidores, na implementa\u00e7\u00e3o dos seus projectos de investimento local | Commerce and Investment Promotion Institute","isPartOf":{"@id":"https:\/\/www.ipim.gov.mo\/zh-hans\/#website"},"primaryImageOfPage":{"@id":"https:\/\/www.ipim.gov.mo\/pt-pt\/investment-promotion\/investors-one-stop-service\/servico-personalizado-na-implementacao-de-projectos-de-investimento\/#primaryimage"},"image":{"@id":"https:\/\/www.ipim.gov.mo\/pt-pt\/investment-promotion\/investors-one-stop-service\/servico-personalizado-na-implementacao-de-projectos-de-investimento\/#primaryimage"},"thumbnailUrl":"https:\/\/www.ipim.gov.mo\/wp-content\/uploads\/2024\/07\/ipim-post-default.jpg","datePublished":"2008-08-10T18:00:00+00:00","dateModified":"2024-10-29T08:24:37+00:00","breadcrumb":{"@id":"https:\/\/www.ipim.gov.mo\/pt-pt\/investment-promotion\/investors-one-stop-service\/servico-personalizado-na-implementacao-de-projectos-de-investimento\/#breadcrumb"},"inLanguage":"pt-PT","potentialAction":[{"@type":"ReadAction","target":["https:\/\/www.ipim.gov.mo\/pt-pt\/investment-promotion\/investors-one-stop-service\/servico-personalizado-na-implementacao-de-projectos-de-investimento\/"]}]},{"@type":"ImageObject","inLanguage":"pt-PT","@id":"https:\/\/www.ipim.gov.mo\/pt-pt\/investment-promotion\/investors-one-stop-service\/servico-personalizado-na-implementacao-de-projectos-de-investimento\/#primaryimage","url":"https:\/\/www.ipim.gov.mo\/wp-content\/uploads\/2024\/07\/ipim-post-default.jpg","contentUrl":"https:\/\/www.ipim.gov.mo\/wp-content\/uploads\/2024\/07\/ipim-post-default.jpg","width":1024,"height":768},{"@type":"BreadcrumbList","@id":"https:\/\/www.ipim.gov.mo\/pt-pt\/investment-promotion\/investors-one-stop-service\/servico-personalizado-na-implementacao-de-projectos-de-investimento\/#breadcrumb","itemListElement":[{"@type":"ListItem","position":1,"name":"Home","item":"https:\/\/www.ipim.gov.mo\/pt-pt\/"},{"@type":"ListItem","position":2,"name":"Capta\u00e7\u00e3o de Investimentos","item":"https:\/\/www.ipim.gov.mo\/pt-pt\/investment-promotion\/"},{"@type":"ListItem","position":3,"name":"Servi\u00e7o One Stop ao Investidor","item":"https:\/\/www.ipim.gov.mo\/pt-pt\/investment-promotion\/investors-one-stop-service\/"},{"@type":"ListItem","position":4,"name":"Servi\u00e7os personalizados aos investidores, na implementa\u00e7\u00e3o dos seus projectos de investimento local"}]},{"@type":"WebSite","@id":"https:\/\/www.ipim.gov.mo\/zh-hans\/#website","url":"https:\/\/www.ipim.gov.mo\/zh-hans\/","name":"Commerce and Investment Promotion Institute","description":"Commerce and Investment Promotion Institute","publisher":{"@id":"https:\/\/www.ipim.gov.mo\/zh-hans\/#organization"},"potentialAction":[{"@type":"SearchAction","target":{"@type":"EntryPoint","urlTemplate":"https:\/\/www.ipim.gov.mo\/zh-hans\/?s={search_term_string}"},"query-input":{"@type":"PropertyValueSpecification","valueRequired":true,"valueName":"search_term_string"}}],"inLanguage":"pt-PT"},{"@type":"Organization","@id":"https:\/\/www.ipim.gov.mo\/zh-hans\/#organization","name":"IPIM","url":"https:\/\/www.ipim.gov.mo\/zh-hans\/","logo":{"@type":"ImageObject","inLanguage":"pt-PT","@id":"https:\/\/www.ipim.gov.mo\/zh-hans\/#\/schema\/logo\/image\/","url":"https:\/\/www.ipim.gov.mo\/wp-content\/uploads\/2022\/10\/default-post-thumbnail-ipim-logo.png","contentUrl":"https:\/\/www.ipim.gov.mo\/wp-content\/uploads\/2022\/10\/default-post-thumbnail-ipim-logo.png","width":1024,"height":768,"caption":"IPIM"},"image":{"@id":"https:\/\/www.ipim.gov.mo\/zh-hans\/#\/schema\/logo\/image\/"}}]}},"coauthors":[],"author_meta":{"author_link":"https:\/\/www.ipim.gov.mo\/pt-pt\/author\/ipimcontent\/","display_name":"ipimcontent"},"relative_dates":{"created":"Posted 18 years ago","modified":"Updated 2 years ago"},"absolute_dates":{"created":"Posted on Agosto 11, 2008","modified":"Updated on Outubro 29, 2024"},"absolute_dates_time":{"created":"Posted on Agosto 11, 2008 2:00 am","modified":"Updated on Outubro 29, 2024 4:24 pm"},"featured_img_caption":"","featured_img":"https:\/\/www.ipim.gov.mo\/wp-content\/uploads\/2024\/07\/ipim-post-default.jpg","series_order":"","_links":{"self":[{"href":"https:\/\/www.ipim.gov.mo\/pt-pt\/wp-json\/wp\/v2\/pages\/50057","targetHints":{"allow":["GET"]}}],"collection":[{"href":"https:\/\/www.ipim.gov.mo\/pt-pt\/wp-json\/wp\/v2\/pages"}],"about":[{"href":"https:\/\/www.ipim.gov.mo\/pt-pt\/wp-json\/wp\/v2\/types\/page"}],"author":[{"embeddable":true,"href":"https:\/\/www.ipim.gov.mo\/pt-pt\/wp-json\/wp\/v2\/users\/56439"}],"replies":[{"embeddable":true,"href":"https:\/\/www.ipim.gov.mo\/pt-pt\/wp-json\/wp\/v2\/comments?post=50057"}],"version-history":[{"count":2,"href":"https:\/\/www.ipim.gov.mo\/pt-pt\/wp-json\/wp\/v2\/pages\/50057\/revisions"}],"predecessor-version":[{"id":479843,"href":"https:\/\/www.ipim.gov.mo\/pt-pt\/wp-json\/wp\/v2\/pages\/50057\/revisions\/479843"}],"up":[{"embeddable":true,"href":"https:\/\/www.ipim.gov.mo\/pt-pt\/wp-json\/wp\/v2\/pages\/494026"}],"wp:featuredmedia":[{"embeddable":true,"href":"https:\/\/www.ipim.gov.mo\/pt-pt\/wp-json\/wp\/v2\/media\/467868"}],"wp:attachment":[{"href":"https:\/\/www.ipim.gov.mo\/pt-pt\/wp-json\/wp\/v2\/media?parent=50057"}],"curies":[{"name":"wp","href":"https:\/\/api.w.org\/{rel}","templated":true}]}}