{"id":50041,"date":"2015-09-28T02:00:00","date_gmt":"2015-09-27T18:00:00","guid":{"rendered":"http:\/\/www.ipim.gov.mo\/?page_id=50041"},"modified":"2025-07-09T17:19:00","modified_gmt":"2025-07-09T09:19:00","slug":"handle-company-registration-procedures","status":"publish","type":"page","link":"https:\/\/www.ipim.gov.mo\/pt-pt\/investment-promotion\/investors-one-stop-service\/handle-company-registration-procedures\/","title":{"rendered":"Procedimentos de constitui\u00e7\u00e3o de empresas comercial"},"content":{"rendered":"\r\n<h2 class=\"wp-block-heading\">Registo de Sociedades<\/h2>\r\n\r\n\r\n\r\n<p>S\u00e3o aplicadas id\u00eanticas legisla\u00e7\u00f5es e procedimentos administrativos aos sujeitos individuais ou organiza\u00e7\u00f5es locais e estrangeiras, que pretendem constituir sociedade em Macau.<\/p>\r\n\r\n\r\n\r\n<p>Os investidores podem, atrav\u00e9s do <a href=\"https:\/\/www.ipim.gov.mo\/pt-pt\/investment-promotion\/investors-one-stop-service\/\" target=\"_blank\" rel=\"noopener\">Servi\u00e7o \u201cOne Stop\u201d ao Investidor<\/a> de Instituto de Promo\u00e7\u00e3o do Com\u00e9rcio e do Investimento, da <a href=\"https:\/\/www.gov.mo\/pt\/servicos\/ps-1053\/ps-1053i\/\" target=\"_blank\" rel=\"noopener\">Constitui\u00e7\u00e3o e registo de sociedades (empres\u00e1rio comercial pessoa colectiva) \u2013 Servi\u00e7o \u201cOne Stop\u201d providenciado pelo Notariado P\u00fablico e pela Conservat\u00f3ria dos Registos Comercial<\/a>, do <a href=\"https:\/\/aam.org.mo\/pt-pt\/\" target=\"_blank\" rel=\"noopener\">advogado<\/a>, efectuar todos os procedimentos burocr\u00e1ticos relativos a constitui\u00e7\u00e3o de sociedade.<\/p>\r\n\r\n\r\n\r\n<h2 class=\"wp-block-heading\">Procedimentos Gerais para a Constitui\u00e7\u00e3o de Sociedades<\/h2>\r\n\r\n\r\n\r\n<figure class=\"wp-block-table\">\r\n<table>\r\n<thead>\r\n<tr>\r\n<th>Procedimentos<\/th>\r\n<th>Formas \/ Local<\/th>\r\n<th>Observa\u00e7\u00f5es &#8211; Requisitos<\/th>\r\n<\/tr>\r\n<\/thead>\r\n<tbody>\r\n<tr>\r\n<td>Admissibilidade da Firma<\/td>\r\n<td>Conservat\u00f3ria dos Registos Comercial e de Bens M\u00f3veis (CRCBM)<\/td>\r\n<td>Propor nome ou denomina\u00e7\u00e3o e definir claramente o objecto da sociedade<\/td>\r\n<\/tr>\r\n<tr>\r\n<td>Escritura da sociedade (Pacto Social) (60 dias ap\u00f3s a admissibilidade da firma)<\/td>\r\n<td>&#8211; Atrav\u00e9s do Cart\u00f3rio Natarial\uff1b ou<br \/>&#8211; advogado registado em Macau \uff1b ou<br \/>&#8211; documento redigido pelo interessado, autenticado pelo not\u00e1rio privativo<\/td>\r\n<td>Escritura notarial ou contrato individual reconhecido em not\u00e1rio p\u00fablico ou privado, elaborado de acordo com o tipo de sociedade e em conformidade com os requisitos da lei em vigor.<\/td>\r\n<\/tr>\r\n<tr>\r\n<td>Registo da Sociedade<br \/>* (15 dias ap\u00f3s a assinatura da escritura)<\/td>\r\n<td>Conservat\u00f3ria dos Registos Comercial e de Bens M\u00f3veis (CRCBM)<\/td>\r\n<td>1. Pedido de constitui\u00e7\u00e3o de Sociedade (com assinatura autenticada)<br \/>2. Escritura da Certid\u00e3o para a constitui\u00e7\u00e3o de Sociedade<br \/>3. Lista dos nomes e c\u00f3pias dos documentos de identifica\u00e7\u00e3o dos s\u00f3cios<br \/>4. Lista dos membros dos \u00f3rgaos de gest\u00e3o e c\u00f3pias dos documentos de\u00a0identifica\u00e7\u00e3o<br \/>5. Carta de nomea\u00e7\u00e3o do Conselho de Administra\u00e7\u00e3o<br \/>6. C\u00f3pia da Certid\u00e3o de admissibilidade da firma<br \/>7. Documento comprovativo da autoriza\u00e7\u00e3o pr\u00e9via, quando a lei preveja que a constitui\u00e7\u00e3o desse tipo de sociedade carece da mesma<\/td>\r\n<\/tr>\r\n<tr>\r\n<td>Declara\u00e7\u00e3o de in\u00edcio de actividade<\/td>\r\n<td>Direc\u00e7\u00e3o dos Servi\u00e7os de Finan\u00e7as<\/td>\r\n<td>1. Impresso pr\u00f3prio da DSF (modelo M1-Declara\u00e7\u00e3o de In\u00edcio de Actividades\/Altera\u00e7\u00f5es, 2 exemplares) com assinatura autenticada<br \/>2. C\u00f3pias\u00a0dos\u00a0documentos de identifica\u00e7\u00e3o do requerente e doss s\u00f3cios<br \/>3. C\u00f3pia da certid\u00e3o de registo da sociedade emitida pela (CRCBM), do Pacto Social e dos outros documentos comprovativos relevantes<br \/>4. Comprovativo da Contribuicao Industrial (M\/7)<\/td>\r\n<\/tr>\r\n<\/tbody>\r\n<\/table>\r\n<\/figure>\r\n\r\n\r\n\r\n<p>\uff0a<a href=\"https:\/\/www.ipim.gov.mo\/pt-pt\/investment-promotion\/investors-one-stop-service\/\" target=\"_blank\" rel=\"noopener\"> O Servi\u00e7o \u201cOne Stop\u201d ao Investidor<\/a> do IPIM pode ajudar os investidores a realizar os procedimentos acima referidos.<\/p>\r\n","protected":false},"excerpt":{"rendered":"<p>Registo de Sociedades S\u00e3o aplicadas id\u00eanticas legisla\u00e7\u00f5es e procedimentos administrativos aos sujeitos individuais ou organiza\u00e7\u00f5es locais e estrangeiras, que pretendem constituir sociedade em Macau. Os [&hellip;]<\/p>\n","protected":false},"author":56439,"featured_media":467868,"parent":494026,"menu_order":2,"comment_status":"closed","ping_status":"closed","template":"","meta":{"_acf_changed":false,"inline_featured_image":false,"advgb_blocks_editor_width":"","advgb_blocks_columns_visual_guide":"","footnotes":""},"class_list":["post-50041","page","type-page","status-publish","has-post-thumbnail","hentry"],"acf":[],"yoast_head":"<!-- This site is optimized with the Yoast SEO plugin v26.2 - https:\/\/yoast.com\/wordpress\/plugins\/seo\/ -->\r\n<title>Procedimentos de constitui\u00e7\u00e3o de empresas comercial | Commerce and Investment Promotion Institute<\/title>\r\n<meta name=\"robots\" content=\"index, follow, max-snippet:-1, max-image-preview:large, max-video-preview:-1\" \/>\r\n<link rel=\"canonical\" href=\"https:\/\/www.ipim.gov.mo\/pt-pt\/investment-promotion\/investors-one-stop-service\/handle-company-registration-procedures\/\" \/>\r\n<meta property=\"og:locale\" content=\"pt_PT\" \/>\r\n<meta property=\"og:type\" content=\"article\" \/>\r\n<meta property=\"og:title\" content=\"Procedimentos de constitui\u00e7\u00e3o de empresas comercial | Commerce and Investment Promotion Institute\" \/>\r\n<meta property=\"og:description\" content=\"Registo de Sociedades S\u00e3o aplicadas id\u00eanticas legisla\u00e7\u00f5es e procedimentos administrativos aos sujeitos individuais ou organiza\u00e7\u00f5es locais e estrangeiras, que pretendem constituir sociedade em Macau. Os [&hellip;]\" \/>\r\n<meta property=\"og:url\" content=\"https:\/\/www.ipim.gov.mo\/pt-pt\/investment-promotion\/investors-one-stop-service\/handle-company-registration-procedures\/\" \/>\r\n<meta property=\"og:site_name\" content=\"Commerce and Investment Promotion Institute\" \/>\r\n<meta property=\"article:modified_time\" content=\"2025-07-09T09:19:00+00:00\" \/>\r\n<meta property=\"og:image\" content=\"https:\/\/www.ipim.gov.mo\/wp-content\/uploads\/2024\/07\/ipim-post-default.jpg\" \/>\r\n\t<meta property=\"og:image:width\" content=\"1024\" \/>\r\n\t<meta property=\"og:image:height\" content=\"768\" \/>\r\n\t<meta property=\"og:image:type\" content=\"image\/jpeg\" \/>\r\n<meta name=\"twitter:card\" content=\"summary_large_image\" \/>\r\n<meta name=\"twitter:label1\" content=\"Est. reading time\" \/>\n\t<meta name=\"twitter:data1\" content=\"2 minutes\" \/>\r\n<script type=\"application\/ld+json\" class=\"yoast-schema-graph\">{\"@context\":\"https:\/\/schema.org\",\"@graph\":[{\"@type\":\"WebPage\",\"@id\":\"https:\/\/www.ipim.gov.mo\/pt-pt\/investment-promotion\/investors-one-stop-service\/handle-company-registration-procedures\/\",\"url\":\"https:\/\/www.ipim.gov.mo\/pt-pt\/investment-promotion\/investors-one-stop-service\/handle-company-registration-procedures\/\",\"name\":\"Procedimentos de constitui\u00e7\u00e3o de empresas comercial | Commerce and Investment Promotion Institute\",\"isPartOf\":{\"@id\":\"https:\/\/www.ipim.gov.mo\/zh-hans\/#website\"},\"primaryImageOfPage\":{\"@id\":\"https:\/\/www.ipim.gov.mo\/pt-pt\/investment-promotion\/investors-one-stop-service\/handle-company-registration-procedures\/#primaryimage\"},\"image\":{\"@id\":\"https:\/\/www.ipim.gov.mo\/pt-pt\/investment-promotion\/investors-one-stop-service\/handle-company-registration-procedures\/#primaryimage\"},\"thumbnailUrl\":\"https:\/\/www.ipim.gov.mo\/wp-content\/uploads\/2024\/07\/ipim-post-default.jpg\",\"datePublished\":\"2015-09-27T18:00:00+00:00\",\"dateModified\":\"2025-07-09T09:19:00+00:00\",\"breadcrumb\":{\"@id\":\"https:\/\/www.ipim.gov.mo\/pt-pt\/investment-promotion\/investors-one-stop-service\/handle-company-registration-procedures\/#breadcrumb\"},\"inLanguage\":\"pt-PT\",\"potentialAction\":[{\"@type\":\"ReadAction\",\"target\":[\"https:\/\/www.ipim.gov.mo\/pt-pt\/investment-promotion\/investors-one-stop-service\/handle-company-registration-procedures\/\"]}]},{\"@type\":\"ImageObject\",\"inLanguage\":\"pt-PT\",\"@id\":\"https:\/\/www.ipim.gov.mo\/pt-pt\/investment-promotion\/investors-one-stop-service\/handle-company-registration-procedures\/#primaryimage\",\"url\":\"https:\/\/www.ipim.gov.mo\/wp-content\/uploads\/2024\/07\/ipim-post-default.jpg\",\"contentUrl\":\"https:\/\/www.ipim.gov.mo\/wp-content\/uploads\/2024\/07\/ipim-post-default.jpg\",\"width\":1024,\"height\":768},{\"@type\":\"BreadcrumbList\",\"@id\":\"https:\/\/www.ipim.gov.mo\/pt-pt\/investment-promotion\/investors-one-stop-service\/handle-company-registration-procedures\/#breadcrumb\",\"itemListElement\":[{\"@type\":\"ListItem\",\"position\":1,\"name\":\"Home\",\"item\":\"https:\/\/www.ipim.gov.mo\/pt-pt\/\"},{\"@type\":\"ListItem\",\"position\":2,\"name\":\"Capta\u00e7\u00e3o de Investimentos\",\"item\":\"https:\/\/www.ipim.gov.mo\/pt-pt\/investment-promotion\/\"},{\"@type\":\"ListItem\",\"position\":3,\"name\":\"Servi\u00e7o One Stop ao Investidor\",\"item\":\"https:\/\/www.ipim.gov.mo\/pt-pt\/investment-promotion\/investors-one-stop-service\/\"},{\"@type\":\"ListItem\",\"position\":4,\"name\":\"Procedimentos de constitui\u00e7\u00e3o de empresas comercial\"}]},{\"@type\":\"WebSite\",\"@id\":\"https:\/\/www.ipim.gov.mo\/zh-hans\/#website\",\"url\":\"https:\/\/www.ipim.gov.mo\/zh-hans\/\",\"name\":\"Commerce and Investment Promotion Institute\",\"description\":\"Commerce and Investment Promotion Institute\",\"publisher\":{\"@id\":\"https:\/\/www.ipim.gov.mo\/zh-hans\/#organization\"},\"potentialAction\":[{\"@type\":\"SearchAction\",\"target\":{\"@type\":\"EntryPoint\",\"urlTemplate\":\"https:\/\/www.ipim.gov.mo\/zh-hans\/?s={search_term_string}\"},\"query-input\":{\"@type\":\"PropertyValueSpecification\",\"valueRequired\":true,\"valueName\":\"search_term_string\"}}],\"inLanguage\":\"pt-PT\"},{\"@type\":\"Organization\",\"@id\":\"https:\/\/www.ipim.gov.mo\/zh-hans\/#organization\",\"name\":\"IPIM\",\"url\":\"https:\/\/www.ipim.gov.mo\/zh-hans\/\",\"logo\":{\"@type\":\"ImageObject\",\"inLanguage\":\"pt-PT\",\"@id\":\"https:\/\/www.ipim.gov.mo\/zh-hans\/#\/schema\/logo\/image\/\",\"url\":\"https:\/\/www.ipim.gov.mo\/wp-content\/uploads\/2022\/10\/default-post-thumbnail-ipim-logo.png\",\"contentUrl\":\"https:\/\/www.ipim.gov.mo\/wp-content\/uploads\/2022\/10\/default-post-thumbnail-ipim-logo.png\",\"width\":1024,\"height\":768,\"caption\":\"IPIM\"},\"image\":{\"@id\":\"https:\/\/www.ipim.gov.mo\/zh-hans\/#\/schema\/logo\/image\/\"}}]}<\/script>\r\n<!-- \/ Yoast SEO plugin. -->","yoast_head_json":{"title":"Procedimentos de constitui\u00e7\u00e3o de empresas comercial | Commerce and Investment Promotion Institute","robots":{"index":"index","follow":"follow","max-snippet":"max-snippet:-1","max-image-preview":"max-image-preview:large","max-video-preview":"max-video-preview:-1"},"canonical":"https:\/\/www.ipim.gov.mo\/pt-pt\/investment-promotion\/investors-one-stop-service\/handle-company-registration-procedures\/","og_locale":"pt_PT","og_type":"article","og_title":"Procedimentos de constitui\u00e7\u00e3o de empresas comercial | Commerce and Investment Promotion Institute","og_description":"Registo de Sociedades S\u00e3o aplicadas id\u00eanticas legisla\u00e7\u00f5es e procedimentos administrativos aos sujeitos individuais ou organiza\u00e7\u00f5es locais e estrangeiras, que pretendem constituir sociedade em Macau. Os [&hellip;]","og_url":"https:\/\/www.ipim.gov.mo\/pt-pt\/investment-promotion\/investors-one-stop-service\/handle-company-registration-procedures\/","og_site_name":"Commerce and Investment Promotion Institute","article_modified_time":"2025-07-09T09:19:00+00:00","og_image":[{"width":1024,"height":768,"url":"https:\/\/www.ipim.gov.mo\/wp-content\/uploads\/2024\/07\/ipim-post-default.jpg","type":"image\/jpeg"}],"twitter_card":"summary_large_image","twitter_misc":{"Est. reading time":"2 minutes"},"schema":{"@context":"https:\/\/schema.org","@graph":[{"@type":"WebPage","@id":"https:\/\/www.ipim.gov.mo\/pt-pt\/investment-promotion\/investors-one-stop-service\/handle-company-registration-procedures\/","url":"https:\/\/www.ipim.gov.mo\/pt-pt\/investment-promotion\/investors-one-stop-service\/handle-company-registration-procedures\/","name":"Procedimentos de constitui\u00e7\u00e3o de empresas comercial | Commerce and Investment Promotion Institute","isPartOf":{"@id":"https:\/\/www.ipim.gov.mo\/zh-hans\/#website"},"primaryImageOfPage":{"@id":"https:\/\/www.ipim.gov.mo\/pt-pt\/investment-promotion\/investors-one-stop-service\/handle-company-registration-procedures\/#primaryimage"},"image":{"@id":"https:\/\/www.ipim.gov.mo\/pt-pt\/investment-promotion\/investors-one-stop-service\/handle-company-registration-procedures\/#primaryimage"},"thumbnailUrl":"https:\/\/www.ipim.gov.mo\/wp-content\/uploads\/2024\/07\/ipim-post-default.jpg","datePublished":"2015-09-27T18:00:00+00:00","dateModified":"2025-07-09T09:19:00+00:00","breadcrumb":{"@id":"https:\/\/www.ipim.gov.mo\/pt-pt\/investment-promotion\/investors-one-stop-service\/handle-company-registration-procedures\/#breadcrumb"},"inLanguage":"pt-PT","potentialAction":[{"@type":"ReadAction","target":["https:\/\/www.ipim.gov.mo\/pt-pt\/investment-promotion\/investors-one-stop-service\/handle-company-registration-procedures\/"]}]},{"@type":"ImageObject","inLanguage":"pt-PT","@id":"https:\/\/www.ipim.gov.mo\/pt-pt\/investment-promotion\/investors-one-stop-service\/handle-company-registration-procedures\/#primaryimage","url":"https:\/\/www.ipim.gov.mo\/wp-content\/uploads\/2024\/07\/ipim-post-default.jpg","contentUrl":"https:\/\/www.ipim.gov.mo\/wp-content\/uploads\/2024\/07\/ipim-post-default.jpg","width":1024,"height":768},{"@type":"BreadcrumbList","@id":"https:\/\/www.ipim.gov.mo\/pt-pt\/investment-promotion\/investors-one-stop-service\/handle-company-registration-procedures\/#breadcrumb","itemListElement":[{"@type":"ListItem","position":1,"name":"Home","item":"https:\/\/www.ipim.gov.mo\/pt-pt\/"},{"@type":"ListItem","position":2,"name":"Capta\u00e7\u00e3o de Investimentos","item":"https:\/\/www.ipim.gov.mo\/pt-pt\/investment-promotion\/"},{"@type":"ListItem","position":3,"name":"Servi\u00e7o One Stop ao Investidor","item":"https:\/\/www.ipim.gov.mo\/pt-pt\/investment-promotion\/investors-one-stop-service\/"},{"@type":"ListItem","position":4,"name":"Procedimentos de constitui\u00e7\u00e3o de empresas comercial"}]},{"@type":"WebSite","@id":"https:\/\/www.ipim.gov.mo\/zh-hans\/#website","url":"https:\/\/www.ipim.gov.mo\/zh-hans\/","name":"Commerce and Investment Promotion Institute","description":"Commerce and Investment Promotion Institute","publisher":{"@id":"https:\/\/www.ipim.gov.mo\/zh-hans\/#organization"},"potentialAction":[{"@type":"SearchAction","target":{"@type":"EntryPoint","urlTemplate":"https:\/\/www.ipim.gov.mo\/zh-hans\/?s={search_term_string}"},"query-input":{"@type":"PropertyValueSpecification","valueRequired":true,"valueName":"search_term_string"}}],"inLanguage":"pt-PT"},{"@type":"Organization","@id":"https:\/\/www.ipim.gov.mo\/zh-hans\/#organization","name":"IPIM","url":"https:\/\/www.ipim.gov.mo\/zh-hans\/","logo":{"@type":"ImageObject","inLanguage":"pt-PT","@id":"https:\/\/www.ipim.gov.mo\/zh-hans\/#\/schema\/logo\/image\/","url":"https:\/\/www.ipim.gov.mo\/wp-content\/uploads\/2022\/10\/default-post-thumbnail-ipim-logo.png","contentUrl":"https:\/\/www.ipim.gov.mo\/wp-content\/uploads\/2022\/10\/default-post-thumbnail-ipim-logo.png","width":1024,"height":768,"caption":"IPIM"},"image":{"@id":"https:\/\/www.ipim.gov.mo\/zh-hans\/#\/schema\/logo\/image\/"}}]}},"coauthors":[],"author_meta":{"author_link":"https:\/\/www.ipim.gov.mo\/pt-pt\/author\/ipimcontent\/","display_name":"ipimcontent"},"relative_dates":{"created":"Posted 11 years ago","modified":"Updated 10 months ago"},"absolute_dates":{"created":"Posted on Setembro 28, 2015","modified":"Updated on Julho 9, 2025"},"absolute_dates_time":{"created":"Posted on Setembro 28, 2015 2:00 am","modified":"Updated on Julho 9, 2025 5:19 pm"},"featured_img_caption":"","featured_img":"https:\/\/www.ipim.gov.mo\/wp-content\/uploads\/2024\/07\/ipim-post-default.jpg","series_order":"","_links":{"self":[{"href":"https:\/\/www.ipim.gov.mo\/pt-pt\/wp-json\/wp\/v2\/pages\/50041","targetHints":{"allow":["GET"]}}],"collection":[{"href":"https:\/\/www.ipim.gov.mo\/pt-pt\/wp-json\/wp\/v2\/pages"}],"about":[{"href":"https:\/\/www.ipim.gov.mo\/pt-pt\/wp-json\/wp\/v2\/types\/page"}],"author":[{"embeddable":true,"href":"https:\/\/www.ipim.gov.mo\/pt-pt\/wp-json\/wp\/v2\/users\/56439"}],"replies":[{"embeddable":true,"href":"https:\/\/www.ipim.gov.mo\/pt-pt\/wp-json\/wp\/v2\/comments?post=50041"}],"version-history":[{"count":9,"href":"https:\/\/www.ipim.gov.mo\/pt-pt\/wp-json\/wp\/v2\/pages\/50041\/revisions"}],"predecessor-version":[{"id":495749,"href":"https:\/\/www.ipim.gov.mo\/pt-pt\/wp-json\/wp\/v2\/pages\/50041\/revisions\/495749"}],"up":[{"embeddable":true,"href":"https:\/\/www.ipim.gov.mo\/pt-pt\/wp-json\/wp\/v2\/pages\/494026"}],"wp:featuredmedia":[{"embeddable":true,"href":"https:\/\/www.ipim.gov.mo\/pt-pt\/wp-json\/wp\/v2\/media\/467868"}],"wp:attachment":[{"href":"https:\/\/www.ipim.gov.mo\/pt-pt\/wp-json\/wp\/v2\/media?parent=50041"}],"curies":[{"name":"wp","href":"https:\/\/api.w.org\/{rel}","templated":true}]}}