{"id":492395,"date":"2025-06-06T16:03:46","date_gmt":"2025-06-06T08:03:46","guid":{"rendered":"https:\/\/www.ipim.gov.mo\/about-us\/about-ipim\/%e6%9c%8d%e5%8b%99%e6%94%af%e6%8f%b4%e6%8e%aa%e6%96%bd\/"},"modified":"2025-10-31T18:17:20","modified_gmt":"2025-10-31T10:17:20","slug":"%e6%9c%8d%e5%8b%99%e6%94%af%e6%8f%b4%e6%8e%aa%e6%96%bd","status":"publish","type":"page","link":"https:\/\/www.ipim.gov.mo\/pt-pt\/about-ipim\/%e6%9c%8d%e5%8b%99%e6%94%af%e6%8f%b4%e6%8e%aa%e6%96%bd\/","title":{"rendered":"Medidas de Servi\u00e7os de Assist\u00eancia"},"content":{"rendered":"<h2><strong>Atendimento priorit\u00e1rio<\/strong><\/h2>\n<ul>\n<li>Titulares do Cart\u00e3o de Registo de Avalia\u00e7\u00e3o da Defici\u00eancia<\/li>\n<li>Gr\u00e1vidas<\/li>\n<li>Indiv\u00edduos necessitados<\/li>\n<\/ul>\n<p><a href=\"https:\/\/www.ipim.gov.mo\/wp-content\/uploads\/2025\/06\/\u5716\u7247_01_20250606.jpg\"><img loading=\"lazy\" decoding=\"async\" class=\"alignnone size-medium wp-image-492367\" src=\"https:\/\/www.ipim.gov.mo\/wp-content\/uploads\/2025\/06\/\u5716\u7247_01_20250606-225x300.jpg\" alt=\"\" width=\"225\" height=\"300\" srcset=\"https:\/\/www.ipim.gov.mo\/wp-content\/uploads\/2025\/06\/\u5716\u7247_01_20250606-225x300.jpg 225w, https:\/\/www.ipim.gov.mo\/wp-content\/uploads\/2025\/06\/\u5716\u7247_01_20250606-768x1024.jpg 768w, https:\/\/www.ipim.gov.mo\/wp-content\/uploads\/2025\/06\/\u5716\u7247_01_20250606-1152x1536.jpg 1152w, https:\/\/www.ipim.gov.mo\/wp-content\/uploads\/2025\/06\/\u5716\u7247_01_20250606.jpg 1280w\" sizes=\"auto, (max-width: 225px) 100vw, 225px\" \/><\/a><\/p>\n<h2><strong>O IPIM disponibiliza as seguintes instala\u00e7\u00f5es de assist\u00eancia<\/strong><\/h2>\n<table>\n<tbody>\n<tr>\n<td width=\"256\">Sala de amamenta\u00e7\u00e3o<\/td>\n<td width=\"256\">Instala\u00e7\u00f5es sanit\u00e1rias sem barreiras<\/td>\n<td width=\"256\">Acessos sem barreiras<\/td>\n<td width=\"256\">Lugar de estacionamento reservado a pessoas com defici\u00eancia<\/td>\n<\/tr>\n<tr>\n<td width=\"256\"><a href=\"https:\/\/www.ipim.gov.mo\/wp-content\/uploads\/2025\/06\/\u5716\u7247_02_20250606.jpg\"><img loading=\"lazy\" decoding=\"async\" class=\"alignnone size-medium wp-image-492371\" src=\"https:\/\/www.ipim.gov.mo\/wp-content\/uploads\/2025\/06\/\u5716\u7247_02_20250606-225x300.jpg\" alt=\"\" width=\"225\" height=\"300\" srcset=\"https:\/\/www.ipim.gov.mo\/wp-content\/uploads\/2025\/06\/\u5716\u7247_02_20250606-225x300.jpg 225w, https:\/\/www.ipim.gov.mo\/wp-content\/uploads\/2025\/06\/\u5716\u7247_02_20250606-768x1024.jpg 768w, https:\/\/www.ipim.gov.mo\/wp-content\/uploads\/2025\/06\/\u5716\u7247_02_20250606-1152x1536.jpg 1152w, https:\/\/www.ipim.gov.mo\/wp-content\/uploads\/2025\/06\/\u5716\u7247_02_20250606.jpg 1280w\" sizes=\"auto, (max-width: 225px) 100vw, 225px\" \/><\/a><\/td>\n<td width=\"256\"><a href=\"https:\/\/www.ipim.gov.mo\/wp-content\/uploads\/2025\/06\/\u5716\u7247_03_20250606.jpg\"><img loading=\"lazy\" decoding=\"async\" class=\"alignnone size-medium wp-image-492375\" src=\"https:\/\/www.ipim.gov.mo\/wp-content\/uploads\/2025\/06\/\u5716\u7247_03_20250606-225x300.jpg\" alt=\"\" width=\"225\" height=\"300\" srcset=\"https:\/\/www.ipim.gov.mo\/wp-content\/uploads\/2025\/06\/\u5716\u7247_03_20250606-225x300.jpg 225w, https:\/\/www.ipim.gov.mo\/wp-content\/uploads\/2025\/06\/\u5716\u7247_03_20250606-768x1024.jpg 768w, https:\/\/www.ipim.gov.mo\/wp-content\/uploads\/2025\/06\/\u5716\u7247_03_20250606-1152x1536.jpg 1152w, https:\/\/www.ipim.gov.mo\/wp-content\/uploads\/2025\/06\/\u5716\u7247_03_20250606.jpg 1280w\" sizes=\"auto, (max-width: 225px) 100vw, 225px\" \/><\/a><\/td>\n<td width=\"256\"><a href=\"https:\/\/www.ipim.gov.mo\/wp-content\/uploads\/2025\/06\/\u5716\u7247_04_20250606.jpg\"><img loading=\"lazy\" decoding=\"async\" class=\"alignnone size-medium wp-image-492379\" src=\"https:\/\/www.ipim.gov.mo\/wp-content\/uploads\/2025\/06\/\u5716\u7247_04_20250606-225x300.jpg\" alt=\"\" width=\"225\" height=\"300\" srcset=\"https:\/\/www.ipim.gov.mo\/wp-content\/uploads\/2025\/06\/\u5716\u7247_04_20250606-225x300.jpg 225w, https:\/\/www.ipim.gov.mo\/wp-content\/uploads\/2025\/06\/\u5716\u7247_04_20250606-768x1024.jpg 768w, https:\/\/www.ipim.gov.mo\/wp-content\/uploads\/2025\/06\/\u5716\u7247_04_20250606-1152x1536.jpg 1152w, https:\/\/www.ipim.gov.mo\/wp-content\/uploads\/2025\/06\/\u5716\u7247_04_20250606.jpg 1280w\" sizes=\"auto, (max-width: 225px) 100vw, 225px\" \/><\/a><\/td>\n<td width=\"256\"><a href=\"https:\/\/www.ipim.gov.mo\/wp-content\/uploads\/2025\/06\/\u5716\u7247_05_20250606.jpg\"><img loading=\"lazy\" decoding=\"async\" class=\"alignnone size-medium wp-image-492383\" src=\"https:\/\/www.ipim.gov.mo\/wp-content\/uploads\/2025\/06\/\u5716\u7247_05_20250606-225x300.jpg\" alt=\"\" width=\"225\" height=\"300\" srcset=\"https:\/\/www.ipim.gov.mo\/wp-content\/uploads\/2025\/06\/\u5716\u7247_05_20250606-225x300.jpg 225w, https:\/\/www.ipim.gov.mo\/wp-content\/uploads\/2025\/06\/\u5716\u7247_05_20250606-768x1024.jpg 768w, https:\/\/www.ipim.gov.mo\/wp-content\/uploads\/2025\/06\/\u5716\u7247_05_20250606-1152x1536.jpg 1152w, https:\/\/www.ipim.gov.mo\/wp-content\/uploads\/2025\/06\/\u5716\u7247_05_20250606.jpg 1280w\" sizes=\"auto, (max-width: 225px) 100vw, 225px\" \/><\/a><\/td>\n<\/tr>\n<\/tbody>\n<\/table>\n<p><a href=\"https:\/\/www.ipim.gov.mo\/wp-content\/uploads\/2025\/10\/\u62db\u5546\u6295\u8cc7\u4fc3\u9032\u5c40\u7121\u969c\u7919\u8f14\u52a9\u4e3b\u4efb\u806f\u7d61\u65b9\u6cd5\u4e00\u89bd\u8868.pdf\" target=\"_blank\" rel=\"noopener\"><strong>Lista relativa \u00e0s formas de contacto dos coordenadores de apoio \u00e0 acessibilidade do IPIM<\/strong><\/a><\/p>\n","protected":false},"excerpt":{"rendered":"<p>Atendimento priorit\u00e1rio Titulares do Cart\u00e3o de Registo de Avalia\u00e7\u00e3o da Defici\u00eancia Gr\u00e1vidas Indiv\u00edduos necessitados O IPIM disponibiliza as seguintes instala\u00e7\u00f5es de assist\u00eancia Sala de amamenta\u00e7\u00e3o [&hellip;]<\/p>\n","protected":false},"author":56439,"featured_media":467868,"parent":493401,"menu_order":70,"comment_status":"closed","ping_status":"closed","template":"","meta":{"_acf_changed":false,"inline_featured_image":false,"advgb_blocks_editor_width":"","advgb_blocks_columns_visual_guide":"","footnotes":""},"class_list":["post-492395","page","type-page","status-publish","has-post-thumbnail","hentry"],"acf":[],"yoast_head":"<!-- This site is optimized with the Yoast SEO plugin v26.2 - https:\/\/yoast.com\/wordpress\/plugins\/seo\/ -->\r\n<title>Medidas de Servi\u00e7os de Assist\u00eancia | Commerce and Investment Promotion Institute<\/title>\r\n<meta name=\"robots\" content=\"index, follow, max-snippet:-1, max-image-preview:large, max-video-preview:-1\" \/>\r\n<link rel=\"canonical\" href=\"https:\/\/www.ipim.gov.mo\/pt-pt\/about-ipim\/\u670d\u52d9\u652f\u63f4\u63aa\u65bd\/\" \/>\r\n<meta property=\"og:locale\" content=\"pt_PT\" \/>\r\n<meta property=\"og:type\" content=\"article\" \/>\r\n<meta property=\"og:title\" content=\"Medidas de Servi\u00e7os de Assist\u00eancia | Commerce and Investment Promotion Institute\" \/>\r\n<meta property=\"og:description\" content=\"Atendimento priorit\u00e1rio Titulares do Cart\u00e3o de Registo de Avalia\u00e7\u00e3o da Defici\u00eancia Gr\u00e1vidas Indiv\u00edduos necessitados O IPIM disponibiliza as seguintes instala\u00e7\u00f5es de assist\u00eancia Sala de amamenta\u00e7\u00e3o [&hellip;]\" \/>\r\n<meta property=\"og:url\" content=\"https:\/\/www.ipim.gov.mo\/pt-pt\/about-ipim\/\u670d\u52d9\u652f\u63f4\u63aa\u65bd\/\" \/>\r\n<meta property=\"og:site_name\" content=\"Commerce and Investment Promotion Institute\" \/>\r\n<meta property=\"article:modified_time\" content=\"2025-10-31T10:17:20+00:00\" \/>\r\n<meta property=\"og:image\" content=\"https:\/\/www.ipim.gov.mo\/wp-content\/uploads\/2024\/07\/ipim-post-default.jpg\" \/>\r\n\t<meta property=\"og:image:width\" content=\"1024\" \/>\r\n\t<meta property=\"og:image:height\" content=\"768\" \/>\r\n\t<meta property=\"og:image:type\" content=\"image\/jpeg\" \/>\r\n<meta name=\"twitter:card\" content=\"summary_large_image\" \/>\r\n<meta name=\"twitter:label1\" content=\"Est. reading time\" \/>\n\t<meta name=\"twitter:data1\" content=\"2 minutes\" \/>\r\n<script type=\"application\/ld+json\" class=\"yoast-schema-graph\">{\"@context\":\"https:\/\/schema.org\",\"@graph\":[{\"@type\":\"WebPage\",\"@id\":\"https:\/\/www.ipim.gov.mo\/pt-pt\/about-ipim\/%e6%9c%8d%e5%8b%99%e6%94%af%e6%8f%b4%e6%8e%aa%e6%96%bd\/\",\"url\":\"https:\/\/www.ipim.gov.mo\/pt-pt\/about-ipim\/%e6%9c%8d%e5%8b%99%e6%94%af%e6%8f%b4%e6%8e%aa%e6%96%bd\/\",\"name\":\"Medidas de Servi\u00e7os de Assist\u00eancia | Commerce and Investment Promotion Institute\",\"isPartOf\":{\"@id\":\"https:\/\/www.ipim.gov.mo\/zh-hans\/#website\"},\"primaryImageOfPage\":{\"@id\":\"https:\/\/www.ipim.gov.mo\/pt-pt\/about-ipim\/%e6%9c%8d%e5%8b%99%e6%94%af%e6%8f%b4%e6%8e%aa%e6%96%bd\/#primaryimage\"},\"image\":{\"@id\":\"https:\/\/www.ipim.gov.mo\/pt-pt\/about-ipim\/%e6%9c%8d%e5%8b%99%e6%94%af%e6%8f%b4%e6%8e%aa%e6%96%bd\/#primaryimage\"},\"thumbnailUrl\":\"https:\/\/www.ipim.gov.mo\/wp-content\/uploads\/2024\/07\/ipim-post-default.jpg\",\"datePublished\":\"2025-06-06T08:03:46+00:00\",\"dateModified\":\"2025-10-31T10:17:20+00:00\",\"breadcrumb\":{\"@id\":\"https:\/\/www.ipim.gov.mo\/pt-pt\/about-ipim\/%e6%9c%8d%e5%8b%99%e6%94%af%e6%8f%b4%e6%8e%aa%e6%96%bd\/#breadcrumb\"},\"inLanguage\":\"pt-PT\",\"potentialAction\":[{\"@type\":\"ReadAction\",\"target\":[\"https:\/\/www.ipim.gov.mo\/pt-pt\/about-ipim\/%e6%9c%8d%e5%8b%99%e6%94%af%e6%8f%b4%e6%8e%aa%e6%96%bd\/\"]}]},{\"@type\":\"ImageObject\",\"inLanguage\":\"pt-PT\",\"@id\":\"https:\/\/www.ipim.gov.mo\/pt-pt\/about-ipim\/%e6%9c%8d%e5%8b%99%e6%94%af%e6%8f%b4%e6%8e%aa%e6%96%bd\/#primaryimage\",\"url\":\"https:\/\/www.ipim.gov.mo\/wp-content\/uploads\/2024\/07\/ipim-post-default.jpg\",\"contentUrl\":\"https:\/\/www.ipim.gov.mo\/wp-content\/uploads\/2024\/07\/ipim-post-default.jpg\",\"width\":1024,\"height\":768},{\"@type\":\"BreadcrumbList\",\"@id\":\"https:\/\/www.ipim.gov.mo\/pt-pt\/about-ipim\/%e6%9c%8d%e5%8b%99%e6%94%af%e6%8f%b4%e6%8e%aa%e6%96%bd\/#breadcrumb\",\"itemListElement\":[{\"@type\":\"ListItem\",\"position\":1,\"name\":\"Home\",\"item\":\"https:\/\/www.ipim.gov.mo\/pt-pt\/\"},{\"@type\":\"ListItem\",\"position\":2,\"name\":\"Acerca do IPIM\",\"item\":\"https:\/\/www.ipim.gov.mo\/pt-pt\/about-ipim\/\"},{\"@type\":\"ListItem\",\"position\":3,\"name\":\"Medidas de Servi\u00e7os de Assist\u00eancia\"}]},{\"@type\":\"WebSite\",\"@id\":\"https:\/\/www.ipim.gov.mo\/zh-hans\/#website\",\"url\":\"https:\/\/www.ipim.gov.mo\/zh-hans\/\",\"name\":\"Commerce and Investment Promotion Institute\",\"description\":\"Commerce and Investment Promotion Institute\",\"publisher\":{\"@id\":\"https:\/\/www.ipim.gov.mo\/zh-hans\/#organization\"},\"potentialAction\":[{\"@type\":\"SearchAction\",\"target\":{\"@type\":\"EntryPoint\",\"urlTemplate\":\"https:\/\/www.ipim.gov.mo\/zh-hans\/?s={search_term_string}\"},\"query-input\":{\"@type\":\"PropertyValueSpecification\",\"valueRequired\":true,\"valueName\":\"search_term_string\"}}],\"inLanguage\":\"pt-PT\"},{\"@type\":\"Organization\",\"@id\":\"https:\/\/www.ipim.gov.mo\/zh-hans\/#organization\",\"name\":\"IPIM\",\"url\":\"https:\/\/www.ipim.gov.mo\/zh-hans\/\",\"logo\":{\"@type\":\"ImageObject\",\"inLanguage\":\"pt-PT\",\"@id\":\"https:\/\/www.ipim.gov.mo\/zh-hans\/#\/schema\/logo\/image\/\",\"url\":\"https:\/\/www.ipim.gov.mo\/wp-content\/uploads\/2022\/10\/default-post-thumbnail-ipim-logo.png\",\"contentUrl\":\"https:\/\/www.ipim.gov.mo\/wp-content\/uploads\/2022\/10\/default-post-thumbnail-ipim-logo.png\",\"width\":1024,\"height\":768,\"caption\":\"IPIM\"},\"image\":{\"@id\":\"https:\/\/www.ipim.gov.mo\/zh-hans\/#\/schema\/logo\/image\/\"}}]}<\/script>\r\n<!-- \/ Yoast SEO plugin. -->","yoast_head_json":{"title":"Medidas de Servi\u00e7os de Assist\u00eancia | Commerce and Investment Promotion Institute","robots":{"index":"index","follow":"follow","max-snippet":"max-snippet:-1","max-image-preview":"max-image-preview:large","max-video-preview":"max-video-preview:-1"},"canonical":"https:\/\/www.ipim.gov.mo\/pt-pt\/about-ipim\/\u670d\u52d9\u652f\u63f4\u63aa\u65bd\/","og_locale":"pt_PT","og_type":"article","og_title":"Medidas de Servi\u00e7os de Assist\u00eancia | Commerce and Investment Promotion Institute","og_description":"Atendimento priorit\u00e1rio Titulares do Cart\u00e3o de Registo de Avalia\u00e7\u00e3o da Defici\u00eancia Gr\u00e1vidas Indiv\u00edduos necessitados O IPIM disponibiliza as seguintes instala\u00e7\u00f5es de assist\u00eancia Sala de amamenta\u00e7\u00e3o [&hellip;]","og_url":"https:\/\/www.ipim.gov.mo\/pt-pt\/about-ipim\/\u670d\u52d9\u652f\u63f4\u63aa\u65bd\/","og_site_name":"Commerce and Investment Promotion Institute","article_modified_time":"2025-10-31T10:17:20+00:00","og_image":[{"width":1024,"height":768,"url":"https:\/\/www.ipim.gov.mo\/wp-content\/uploads\/2024\/07\/ipim-post-default.jpg","type":"image\/jpeg"}],"twitter_card":"summary_large_image","twitter_misc":{"Est. reading time":"2 minutes"},"schema":{"@context":"https:\/\/schema.org","@graph":[{"@type":"WebPage","@id":"https:\/\/www.ipim.gov.mo\/pt-pt\/about-ipim\/%e6%9c%8d%e5%8b%99%e6%94%af%e6%8f%b4%e6%8e%aa%e6%96%bd\/","url":"https:\/\/www.ipim.gov.mo\/pt-pt\/about-ipim\/%e6%9c%8d%e5%8b%99%e6%94%af%e6%8f%b4%e6%8e%aa%e6%96%bd\/","name":"Medidas de Servi\u00e7os de Assist\u00eancia | Commerce and Investment Promotion Institute","isPartOf":{"@id":"https:\/\/www.ipim.gov.mo\/zh-hans\/#website"},"primaryImageOfPage":{"@id":"https:\/\/www.ipim.gov.mo\/pt-pt\/about-ipim\/%e6%9c%8d%e5%8b%99%e6%94%af%e6%8f%b4%e6%8e%aa%e6%96%bd\/#primaryimage"},"image":{"@id":"https:\/\/www.ipim.gov.mo\/pt-pt\/about-ipim\/%e6%9c%8d%e5%8b%99%e6%94%af%e6%8f%b4%e6%8e%aa%e6%96%bd\/#primaryimage"},"thumbnailUrl":"https:\/\/www.ipim.gov.mo\/wp-content\/uploads\/2024\/07\/ipim-post-default.jpg","datePublished":"2025-06-06T08:03:46+00:00","dateModified":"2025-10-31T10:17:20+00:00","breadcrumb":{"@id":"https:\/\/www.ipim.gov.mo\/pt-pt\/about-ipim\/%e6%9c%8d%e5%8b%99%e6%94%af%e6%8f%b4%e6%8e%aa%e6%96%bd\/#breadcrumb"},"inLanguage":"pt-PT","potentialAction":[{"@type":"ReadAction","target":["https:\/\/www.ipim.gov.mo\/pt-pt\/about-ipim\/%e6%9c%8d%e5%8b%99%e6%94%af%e6%8f%b4%e6%8e%aa%e6%96%bd\/"]}]},{"@type":"ImageObject","inLanguage":"pt-PT","@id":"https:\/\/www.ipim.gov.mo\/pt-pt\/about-ipim\/%e6%9c%8d%e5%8b%99%e6%94%af%e6%8f%b4%e6%8e%aa%e6%96%bd\/#primaryimage","url":"https:\/\/www.ipim.gov.mo\/wp-content\/uploads\/2024\/07\/ipim-post-default.jpg","contentUrl":"https:\/\/www.ipim.gov.mo\/wp-content\/uploads\/2024\/07\/ipim-post-default.jpg","width":1024,"height":768},{"@type":"BreadcrumbList","@id":"https:\/\/www.ipim.gov.mo\/pt-pt\/about-ipim\/%e6%9c%8d%e5%8b%99%e6%94%af%e6%8f%b4%e6%8e%aa%e6%96%bd\/#breadcrumb","itemListElement":[{"@type":"ListItem","position":1,"name":"Home","item":"https:\/\/www.ipim.gov.mo\/pt-pt\/"},{"@type":"ListItem","position":2,"name":"Acerca do IPIM","item":"https:\/\/www.ipim.gov.mo\/pt-pt\/about-ipim\/"},{"@type":"ListItem","position":3,"name":"Medidas de Servi\u00e7os de Assist\u00eancia"}]},{"@type":"WebSite","@id":"https:\/\/www.ipim.gov.mo\/zh-hans\/#website","url":"https:\/\/www.ipim.gov.mo\/zh-hans\/","name":"Commerce and Investment Promotion Institute","description":"Commerce and Investment Promotion Institute","publisher":{"@id":"https:\/\/www.ipim.gov.mo\/zh-hans\/#organization"},"potentialAction":[{"@type":"SearchAction","target":{"@type":"EntryPoint","urlTemplate":"https:\/\/www.ipim.gov.mo\/zh-hans\/?s={search_term_string}"},"query-input":{"@type":"PropertyValueSpecification","valueRequired":true,"valueName":"search_term_string"}}],"inLanguage":"pt-PT"},{"@type":"Organization","@id":"https:\/\/www.ipim.gov.mo\/zh-hans\/#organization","name":"IPIM","url":"https:\/\/www.ipim.gov.mo\/zh-hans\/","logo":{"@type":"ImageObject","inLanguage":"pt-PT","@id":"https:\/\/www.ipim.gov.mo\/zh-hans\/#\/schema\/logo\/image\/","url":"https:\/\/www.ipim.gov.mo\/wp-content\/uploads\/2022\/10\/default-post-thumbnail-ipim-logo.png","contentUrl":"https:\/\/www.ipim.gov.mo\/wp-content\/uploads\/2022\/10\/default-post-thumbnail-ipim-logo.png","width":1024,"height":768,"caption":"IPIM"},"image":{"@id":"https:\/\/www.ipim.gov.mo\/zh-hans\/#\/schema\/logo\/image\/"}}]}},"coauthors":[],"author_meta":{"author_link":"https:\/\/www.ipim.gov.mo\/pt-pt\/author\/ipimcontent\/","display_name":"ipimcontent"},"relative_dates":{"created":"Posted 11 months ago","modified":"Updated 6 months ago"},"absolute_dates":{"created":"Posted on Junho 6, 2025","modified":"Updated on Outubro 31, 2025"},"absolute_dates_time":{"created":"Posted on Junho 6, 2025 4:03 pm","modified":"Updated on Outubro 31, 2025 6:17 pm"},"featured_img_caption":"","featured_img":"https:\/\/www.ipim.gov.mo\/wp-content\/uploads\/2024\/07\/ipim-post-default.jpg","series_order":"","_links":{"self":[{"href":"https:\/\/www.ipim.gov.mo\/pt-pt\/wp-json\/wp\/v2\/pages\/492395","targetHints":{"allow":["GET"]}}],"collection":[{"href":"https:\/\/www.ipim.gov.mo\/pt-pt\/wp-json\/wp\/v2\/pages"}],"about":[{"href":"https:\/\/www.ipim.gov.mo\/pt-pt\/wp-json\/wp\/v2\/types\/page"}],"author":[{"embeddable":true,"href":"https:\/\/www.ipim.gov.mo\/pt-pt\/wp-json\/wp\/v2\/users\/56439"}],"replies":[{"embeddable":true,"href":"https:\/\/www.ipim.gov.mo\/pt-pt\/wp-json\/wp\/v2\/comments?post=492395"}],"version-history":[{"count":4,"href":"https:\/\/www.ipim.gov.mo\/pt-pt\/wp-json\/wp\/v2\/pages\/492395\/revisions"}],"predecessor-version":[{"id":502325,"href":"https:\/\/www.ipim.gov.mo\/pt-pt\/wp-json\/wp\/v2\/pages\/492395\/revisions\/502325"}],"up":[{"embeddable":true,"href":"https:\/\/www.ipim.gov.mo\/pt-pt\/wp-json\/wp\/v2\/pages\/493401"}],"wp:featuredmedia":[{"embeddable":true,"href":"https:\/\/www.ipim.gov.mo\/pt-pt\/wp-json\/wp\/v2\/media\/467868"}],"wp:attachment":[{"href":"https:\/\/www.ipim.gov.mo\/pt-pt\/wp-json\/wp\/v2\/media?parent=492395"}],"curies":[{"name":"wp","href":"https:\/\/api.w.org\/{rel}","templated":true}]}}