{"id":481947,"date":"2024-11-26T10:35:49","date_gmt":"2024-11-26T02:35:49","guid":{"rendered":""},"modified":"2024-11-26T10:39:16","modified_gmt":"2024-11-26T02:39:16","slug":"%e7%b2%b5%e6%b8%af%e6%be%b3%e5%a4%a7%e7%81%a3%e5%8d%80%e4%b9%9d%e5%b8%82%e5%95%86%e4%ba%8b%e7%99%bb%e8%a8%98%e4%be%bf%e5%88%a9%e6%9c%8d%e5%8b%99","status":"publish","type":"page","link":"https:\/\/www.ipim.gov.mo\/pt-pt\/investment-promotion\/facilitation-services-for-commercial-registration\/%e7%b2%b5%e6%b8%af%e6%be%b3%e5%a4%a7%e7%81%a3%e5%8d%80%e4%b9%9d%e5%b8%82%e5%95%86%e4%ba%8b%e7%99%bb%e8%a8%98%e4%be%bf%e5%88%a9%e6%9c%8d%e5%8b%99\/","title":{"rendered":"Servi\u00e7os Convenientes para o Registo Comercial nas nove cidades da Grande Ba\u00eda Guangdong-Hong Kong-Macau"},"content":{"rendered":"\r\n<p>Com vista a encorajar as empresas de Macau a investir nas cidades chinesas da Grande Ba\u00eda, optimizando o procedimento de registo comercial das empresas de Macau na Grande Ba\u00eda Guangdong-Hong Kong-Macau, o IPIM assinou um protocolo de coopera\u00e7\u00e3o com a Administra\u00e7\u00e3o para a Regula\u00e7\u00e3o do Mercado da Prov\u00edncia de Guangdong, no sentido de lan\u00e7ar, de forma ordenada, os\u201cServi\u00e7os Convenientes para o Registo Comercial nas nove cidades da Grande Ba\u00eda Guangdong-Hong Kong-Macau\u201d, prestando servi\u00e7os gratuitos de registo comercial para as empresas e residentes de Macau interessados em iniciar investimento nas nove cidades do Interior da China da Regi\u00e3o da Grande Ba\u00eda, as cidades servidas incluem Guangzhou, Shenzhen, Zhuhai, Foshan, Huizhou, Dongguan, Zhongshan, Jiangmen, Zhaoqing.<\/p>\r\n\r\n\r\n\r\n<h2 class=\"wp-block-heading\">Destinat\u00e1rios<\/h2>\r\n\r\n\r\n\r\n<p>Empresas e residentes de Macau interessados em iniciar investimento nas nove cidades da Grande Ba\u00eda Guangdong-Hong Kong-Macau<\/p>\r\n\r\n\r\n\r\n<h2 class=\"wp-block-heading\">Cidades Servidas na fase actual<\/h2>\r\n\r\n\r\n\r\n<p>Guangzhou, Shenzhen, Zhuhai, Foshan, Huizhou, Dongguan, Zhongshan, Jiangmen, Zhaoqing<\/p>\r\n\r\n\r\n\r\n<h2 class=\"wp-block-heading\">Cont\u00e9udo dos servi\u00e7os<\/h2>\r\n\r\n\r\n\r\n<ul class=\"wp-block-list\">\r\n<li>Consulta do procedimento de registo comercial nas nove cidades do Interior da China da Regi\u00e3o da Grande Ba\u00eda<\/li>\r\n<li>Recep\u00e7\u00e3o e tratamento de procedimentos do registo comercial<\/li>\r\n<li>Envio de informa\u00e7\u00f5es em papel e recep\u00e7\u00e3o de licenciamento de actividade<\/li>\r\n<li>Pagamento de despesas de correios<\/li>\r\n<\/ul>\r\n\r\n\r\n\r\n<h2 class=\"wp-block-heading\">Consulta de informa\u00e7\u00f5es detalhadas e apresenta\u00e7\u00e3o de pedidos<\/h2>\r\n\r\n\r\n\r\n<p>Instituto de Promo\u00e7\u00e3o do Com\u00e9rcio e do Investimento\u2013Divis\u00e3o de Desenvolvimento Econ\u00f3mico, Comercial e Empresarial<br \/>Endere\u00e7o: Rua Sul de Entre Lagos, Complexo da Plataforma de Servi\u00e7os para a Coopera\u00e7\u00e3o Comercial entre a China e os Pa\u00edses de L\u00edngua Portuguesa, Edif\u00edcio de escrit\u00f3rio, 1.\u00ba &#8211; 3.\u00ba andar, Macau<br \/>Tel: (853) 2872 8212<br \/>Fax: (853) 2872 8213<br \/>Email: <a href=\"mailto:ece@ipim.gov.mo\" target=\"_blank\" rel=\"noopener\">ece@ipim.gov.mo<\/a><\/p>\r\n<p><a href=\"https:\/\/www.ipim.gov.mo\/wp-content\/uploads\/2024\/06\/FOYFSPJ.pdf\" target=\"_blank\" rel=\"noopener\">Formul\u00e1io de \u00abServi\u00e7os Convenientes para o Registo Comercial nas nove cidades da Grande Ba\u00eda Guangdong-Hong Kong-Macau\u00bb<\/a><\/p>\r\n\r\n\r\n\r\n\r\n\r\n\r\n\r\n\r\n\r\n\u2003\r\n","protected":false},"excerpt":{"rendered":"<p>Com vista a encorajar as empresas de Macau a investir nas cidades chinesas da Grande Ba\u00eda, optimizando o procedimento de registo comercial das empresas de [&hellip;]<\/p>\n","protected":false},"author":56439,"featured_media":467868,"parent":493900,"menu_order":10,"comment_status":"closed","ping_status":"closed","template":"","meta":{"_acf_changed":false,"inline_featured_image":false,"advgb_blocks_editor_width":"","advgb_blocks_columns_visual_guide":"","footnotes":""},"class_list":["post-481947","page","type-page","status-publish","has-post-thumbnail","hentry"],"acf":[],"yoast_head":"<!-- This site is optimized with the Yoast SEO plugin v26.2 - https:\/\/yoast.com\/wordpress\/plugins\/seo\/ -->\r\n<title>Servi\u00e7os Convenientes para o Registo Comercial nas nove cidades da Grande Ba\u00eda Guangdong-Hong Kong-Macau | Commerce and Investment Promotion Institute<\/title>\r\n<meta name=\"robots\" content=\"index, follow, max-snippet:-1, max-image-preview:large, max-video-preview:-1\" \/>\r\n<link rel=\"canonical\" href=\"https:\/\/www.ipim.gov.mo\/pt-pt\/investment-promotion\/facilitation-services-for-commercial-registration\/\u7cb5\u6e2f\u6fb3\u5927\u7063\u5340\u4e5d\u5e02\u5546\u4e8b\u767b\u8a18\u4fbf\u5229\u670d\u52d9\/\" \/>\r\n<meta property=\"og:locale\" content=\"pt_PT\" \/>\r\n<meta property=\"og:type\" content=\"article\" \/>\r\n<meta property=\"og:title\" content=\"Servi\u00e7os Convenientes para o Registo Comercial nas nove cidades da Grande Ba\u00eda Guangdong-Hong Kong-Macau | Commerce and Investment Promotion Institute\" \/>\r\n<meta property=\"og:description\" content=\"Com vista a encorajar as empresas de Macau a investir nas cidades chinesas da Grande Ba\u00eda, optimizando o procedimento de registo comercial das empresas de [&hellip;]\" \/>\r\n<meta property=\"og:url\" content=\"https:\/\/www.ipim.gov.mo\/pt-pt\/investment-promotion\/facilitation-services-for-commercial-registration\/\u7cb5\u6e2f\u6fb3\u5927\u7063\u5340\u4e5d\u5e02\u5546\u4e8b\u767b\u8a18\u4fbf\u5229\u670d\u52d9\/\" \/>\r\n<meta property=\"og:site_name\" content=\"Commerce and Investment Promotion Institute\" \/>\r\n<meta property=\"article:modified_time\" content=\"2024-11-26T02:39:16+00:00\" \/>\r\n<meta property=\"og:image\" content=\"https:\/\/www.ipim.gov.mo\/wp-content\/uploads\/2024\/07\/ipim-post-default.jpg\" \/>\r\n\t<meta property=\"og:image:width\" content=\"1024\" \/>\r\n\t<meta property=\"og:image:height\" content=\"768\" \/>\r\n\t<meta property=\"og:image:type\" content=\"image\/jpeg\" \/>\r\n<meta name=\"twitter:card\" content=\"summary_large_image\" \/>\r\n<meta name=\"twitter:label1\" content=\"Est. reading time\" \/>\n\t<meta name=\"twitter:data1\" content=\"1 minute\" \/>\r\n<script type=\"application\/ld+json\" class=\"yoast-schema-graph\">{\"@context\":\"https:\/\/schema.org\",\"@graph\":[{\"@type\":\"WebPage\",\"@id\":\"https:\/\/www.ipim.gov.mo\/pt-pt\/investment-promotion\/facilitation-services-for-commercial-registration\/%e7%b2%b5%e6%b8%af%e6%be%b3%e5%a4%a7%e7%81%a3%e5%8d%80%e4%b9%9d%e5%b8%82%e5%95%86%e4%ba%8b%e7%99%bb%e8%a8%98%e4%be%bf%e5%88%a9%e6%9c%8d%e5%8b%99\/\",\"url\":\"https:\/\/www.ipim.gov.mo\/pt-pt\/investment-promotion\/facilitation-services-for-commercial-registration\/%e7%b2%b5%e6%b8%af%e6%be%b3%e5%a4%a7%e7%81%a3%e5%8d%80%e4%b9%9d%e5%b8%82%e5%95%86%e4%ba%8b%e7%99%bb%e8%a8%98%e4%be%bf%e5%88%a9%e6%9c%8d%e5%8b%99\/\",\"name\":\"Servi\u00e7os Convenientes para o Registo Comercial nas nove cidades da Grande Ba\u00eda Guangdong-Hong Kong-Macau | Commerce and Investment Promotion Institute\",\"isPartOf\":{\"@id\":\"https:\/\/www.ipim.gov.mo\/zh-hans\/#website\"},\"primaryImageOfPage\":{\"@id\":\"https:\/\/www.ipim.gov.mo\/pt-pt\/investment-promotion\/facilitation-services-for-commercial-registration\/%e7%b2%b5%e6%b8%af%e6%be%b3%e5%a4%a7%e7%81%a3%e5%8d%80%e4%b9%9d%e5%b8%82%e5%95%86%e4%ba%8b%e7%99%bb%e8%a8%98%e4%be%bf%e5%88%a9%e6%9c%8d%e5%8b%99\/#primaryimage\"},\"image\":{\"@id\":\"https:\/\/www.ipim.gov.mo\/pt-pt\/investment-promotion\/facilitation-services-for-commercial-registration\/%e7%b2%b5%e6%b8%af%e6%be%b3%e5%a4%a7%e7%81%a3%e5%8d%80%e4%b9%9d%e5%b8%82%e5%95%86%e4%ba%8b%e7%99%bb%e8%a8%98%e4%be%bf%e5%88%a9%e6%9c%8d%e5%8b%99\/#primaryimage\"},\"thumbnailUrl\":\"https:\/\/www.ipim.gov.mo\/wp-content\/uploads\/2024\/07\/ipim-post-default.jpg\",\"datePublished\":\"2024-11-26T02:35:49+00:00\",\"dateModified\":\"2024-11-26T02:39:16+00:00\",\"breadcrumb\":{\"@id\":\"https:\/\/www.ipim.gov.mo\/pt-pt\/investment-promotion\/facilitation-services-for-commercial-registration\/%e7%b2%b5%e6%b8%af%e6%be%b3%e5%a4%a7%e7%81%a3%e5%8d%80%e4%b9%9d%e5%b8%82%e5%95%86%e4%ba%8b%e7%99%bb%e8%a8%98%e4%be%bf%e5%88%a9%e6%9c%8d%e5%8b%99\/#breadcrumb\"},\"inLanguage\":\"pt-PT\",\"potentialAction\":[{\"@type\":\"ReadAction\",\"target\":[\"https:\/\/www.ipim.gov.mo\/pt-pt\/investment-promotion\/facilitation-services-for-commercial-registration\/%e7%b2%b5%e6%b8%af%e6%be%b3%e5%a4%a7%e7%81%a3%e5%8d%80%e4%b9%9d%e5%b8%82%e5%95%86%e4%ba%8b%e7%99%bb%e8%a8%98%e4%be%bf%e5%88%a9%e6%9c%8d%e5%8b%99\/\"]}]},{\"@type\":\"ImageObject\",\"inLanguage\":\"pt-PT\",\"@id\":\"https:\/\/www.ipim.gov.mo\/pt-pt\/investment-promotion\/facilitation-services-for-commercial-registration\/%e7%b2%b5%e6%b8%af%e6%be%b3%e5%a4%a7%e7%81%a3%e5%8d%80%e4%b9%9d%e5%b8%82%e5%95%86%e4%ba%8b%e7%99%bb%e8%a8%98%e4%be%bf%e5%88%a9%e6%9c%8d%e5%8b%99\/#primaryimage\",\"url\":\"https:\/\/www.ipim.gov.mo\/wp-content\/uploads\/2024\/07\/ipim-post-default.jpg\",\"contentUrl\":\"https:\/\/www.ipim.gov.mo\/wp-content\/uploads\/2024\/07\/ipim-post-default.jpg\",\"width\":1024,\"height\":768},{\"@type\":\"BreadcrumbList\",\"@id\":\"https:\/\/www.ipim.gov.mo\/pt-pt\/investment-promotion\/facilitation-services-for-commercial-registration\/%e7%b2%b5%e6%b8%af%e6%be%b3%e5%a4%a7%e7%81%a3%e5%8d%80%e4%b9%9d%e5%b8%82%e5%95%86%e4%ba%8b%e7%99%bb%e8%a8%98%e4%be%bf%e5%88%a9%e6%9c%8d%e5%8b%99\/#breadcrumb\",\"itemListElement\":[{\"@type\":\"ListItem\",\"position\":1,\"name\":\"Home\",\"item\":\"https:\/\/www.ipim.gov.mo\/pt-pt\/\"},{\"@type\":\"ListItem\",\"position\":2,\"name\":\"Capta\u00e7\u00e3o de Investimentos\",\"item\":\"https:\/\/www.ipim.gov.mo\/pt-pt\/investment-promotion\/\"},{\"@type\":\"ListItem\",\"position\":3,\"name\":\"Servi\u00e7os Convenientes para o Registo Comercial\",\"item\":\"https:\/\/www.ipim.gov.mo\/pt-pt\/investment-promotion\/facilitation-services-for-commercial-registration\/\"},{\"@type\":\"ListItem\",\"position\":4,\"name\":\"Servi\u00e7os Convenientes para o Registo Comercial nas nove cidades da Grande Ba\u00eda Guangdong-Hong Kong-Macau\"}]},{\"@type\":\"WebSite\",\"@id\":\"https:\/\/www.ipim.gov.mo\/zh-hans\/#website\",\"url\":\"https:\/\/www.ipim.gov.mo\/zh-hans\/\",\"name\":\"Commerce and Investment Promotion Institute\",\"description\":\"Commerce and Investment Promotion Institute\",\"publisher\":{\"@id\":\"https:\/\/www.ipim.gov.mo\/zh-hans\/#organization\"},\"potentialAction\":[{\"@type\":\"SearchAction\",\"target\":{\"@type\":\"EntryPoint\",\"urlTemplate\":\"https:\/\/www.ipim.gov.mo\/zh-hans\/?s={search_term_string}\"},\"query-input\":{\"@type\":\"PropertyValueSpecification\",\"valueRequired\":true,\"valueName\":\"search_term_string\"}}],\"inLanguage\":\"pt-PT\"},{\"@type\":\"Organization\",\"@id\":\"https:\/\/www.ipim.gov.mo\/zh-hans\/#organization\",\"name\":\"IPIM\",\"url\":\"https:\/\/www.ipim.gov.mo\/zh-hans\/\",\"logo\":{\"@type\":\"ImageObject\",\"inLanguage\":\"pt-PT\",\"@id\":\"https:\/\/www.ipim.gov.mo\/zh-hans\/#\/schema\/logo\/image\/\",\"url\":\"https:\/\/www.ipim.gov.mo\/wp-content\/uploads\/2022\/10\/default-post-thumbnail-ipim-logo.png\",\"contentUrl\":\"https:\/\/www.ipim.gov.mo\/wp-content\/uploads\/2022\/10\/default-post-thumbnail-ipim-logo.png\",\"width\":1024,\"height\":768,\"caption\":\"IPIM\"},\"image\":{\"@id\":\"https:\/\/www.ipim.gov.mo\/zh-hans\/#\/schema\/logo\/image\/\"}}]}<\/script>\r\n<!-- \/ Yoast SEO plugin. -->","yoast_head_json":{"title":"Servi\u00e7os Convenientes para o Registo Comercial nas nove cidades da Grande Ba\u00eda Guangdong-Hong Kong-Macau | Commerce and Investment Promotion Institute","robots":{"index":"index","follow":"follow","max-snippet":"max-snippet:-1","max-image-preview":"max-image-preview:large","max-video-preview":"max-video-preview:-1"},"canonical":"https:\/\/www.ipim.gov.mo\/pt-pt\/investment-promotion\/facilitation-services-for-commercial-registration\/\u7cb5\u6e2f\u6fb3\u5927\u7063\u5340\u4e5d\u5e02\u5546\u4e8b\u767b\u8a18\u4fbf\u5229\u670d\u52d9\/","og_locale":"pt_PT","og_type":"article","og_title":"Servi\u00e7os Convenientes para o Registo Comercial nas nove cidades da Grande Ba\u00eda Guangdong-Hong Kong-Macau | Commerce and Investment Promotion Institute","og_description":"Com vista a encorajar as empresas de Macau a investir nas cidades chinesas da Grande Ba\u00eda, optimizando o procedimento de registo comercial das empresas de [&hellip;]","og_url":"https:\/\/www.ipim.gov.mo\/pt-pt\/investment-promotion\/facilitation-services-for-commercial-registration\/\u7cb5\u6e2f\u6fb3\u5927\u7063\u5340\u4e5d\u5e02\u5546\u4e8b\u767b\u8a18\u4fbf\u5229\u670d\u52d9\/","og_site_name":"Commerce and Investment Promotion Institute","article_modified_time":"2024-11-26T02:39:16+00:00","og_image":[{"width":1024,"height":768,"url":"https:\/\/www.ipim.gov.mo\/wp-content\/uploads\/2024\/07\/ipim-post-default.jpg","type":"image\/jpeg"}],"twitter_card":"summary_large_image","twitter_misc":{"Est. reading time":"1 minute"},"schema":{"@context":"https:\/\/schema.org","@graph":[{"@type":"WebPage","@id":"https:\/\/www.ipim.gov.mo\/pt-pt\/investment-promotion\/facilitation-services-for-commercial-registration\/%e7%b2%b5%e6%b8%af%e6%be%b3%e5%a4%a7%e7%81%a3%e5%8d%80%e4%b9%9d%e5%b8%82%e5%95%86%e4%ba%8b%e7%99%bb%e8%a8%98%e4%be%bf%e5%88%a9%e6%9c%8d%e5%8b%99\/","url":"https:\/\/www.ipim.gov.mo\/pt-pt\/investment-promotion\/facilitation-services-for-commercial-registration\/%e7%b2%b5%e6%b8%af%e6%be%b3%e5%a4%a7%e7%81%a3%e5%8d%80%e4%b9%9d%e5%b8%82%e5%95%86%e4%ba%8b%e7%99%bb%e8%a8%98%e4%be%bf%e5%88%a9%e6%9c%8d%e5%8b%99\/","name":"Servi\u00e7os Convenientes para o Registo Comercial nas nove cidades da Grande Ba\u00eda Guangdong-Hong Kong-Macau | Commerce and Investment Promotion Institute","isPartOf":{"@id":"https:\/\/www.ipim.gov.mo\/zh-hans\/#website"},"primaryImageOfPage":{"@id":"https:\/\/www.ipim.gov.mo\/pt-pt\/investment-promotion\/facilitation-services-for-commercial-registration\/%e7%b2%b5%e6%b8%af%e6%be%b3%e5%a4%a7%e7%81%a3%e5%8d%80%e4%b9%9d%e5%b8%82%e5%95%86%e4%ba%8b%e7%99%bb%e8%a8%98%e4%be%bf%e5%88%a9%e6%9c%8d%e5%8b%99\/#primaryimage"},"image":{"@id":"https:\/\/www.ipim.gov.mo\/pt-pt\/investment-promotion\/facilitation-services-for-commercial-registration\/%e7%b2%b5%e6%b8%af%e6%be%b3%e5%a4%a7%e7%81%a3%e5%8d%80%e4%b9%9d%e5%b8%82%e5%95%86%e4%ba%8b%e7%99%bb%e8%a8%98%e4%be%bf%e5%88%a9%e6%9c%8d%e5%8b%99\/#primaryimage"},"thumbnailUrl":"https:\/\/www.ipim.gov.mo\/wp-content\/uploads\/2024\/07\/ipim-post-default.jpg","datePublished":"2024-11-26T02:35:49+00:00","dateModified":"2024-11-26T02:39:16+00:00","breadcrumb":{"@id":"https:\/\/www.ipim.gov.mo\/pt-pt\/investment-promotion\/facilitation-services-for-commercial-registration\/%e7%b2%b5%e6%b8%af%e6%be%b3%e5%a4%a7%e7%81%a3%e5%8d%80%e4%b9%9d%e5%b8%82%e5%95%86%e4%ba%8b%e7%99%bb%e8%a8%98%e4%be%bf%e5%88%a9%e6%9c%8d%e5%8b%99\/#breadcrumb"},"inLanguage":"pt-PT","potentialAction":[{"@type":"ReadAction","target":["https:\/\/www.ipim.gov.mo\/pt-pt\/investment-promotion\/facilitation-services-for-commercial-registration\/%e7%b2%b5%e6%b8%af%e6%be%b3%e5%a4%a7%e7%81%a3%e5%8d%80%e4%b9%9d%e5%b8%82%e5%95%86%e4%ba%8b%e7%99%bb%e8%a8%98%e4%be%bf%e5%88%a9%e6%9c%8d%e5%8b%99\/"]}]},{"@type":"ImageObject","inLanguage":"pt-PT","@id":"https:\/\/www.ipim.gov.mo\/pt-pt\/investment-promotion\/facilitation-services-for-commercial-registration\/%e7%b2%b5%e6%b8%af%e6%be%b3%e5%a4%a7%e7%81%a3%e5%8d%80%e4%b9%9d%e5%b8%82%e5%95%86%e4%ba%8b%e7%99%bb%e8%a8%98%e4%be%bf%e5%88%a9%e6%9c%8d%e5%8b%99\/#primaryimage","url":"https:\/\/www.ipim.gov.mo\/wp-content\/uploads\/2024\/07\/ipim-post-default.jpg","contentUrl":"https:\/\/www.ipim.gov.mo\/wp-content\/uploads\/2024\/07\/ipim-post-default.jpg","width":1024,"height":768},{"@type":"BreadcrumbList","@id":"https:\/\/www.ipim.gov.mo\/pt-pt\/investment-promotion\/facilitation-services-for-commercial-registration\/%e7%b2%b5%e6%b8%af%e6%be%b3%e5%a4%a7%e7%81%a3%e5%8d%80%e4%b9%9d%e5%b8%82%e5%95%86%e4%ba%8b%e7%99%bb%e8%a8%98%e4%be%bf%e5%88%a9%e6%9c%8d%e5%8b%99\/#breadcrumb","itemListElement":[{"@type":"ListItem","position":1,"name":"Home","item":"https:\/\/www.ipim.gov.mo\/pt-pt\/"},{"@type":"ListItem","position":2,"name":"Capta\u00e7\u00e3o de Investimentos","item":"https:\/\/www.ipim.gov.mo\/pt-pt\/investment-promotion\/"},{"@type":"ListItem","position":3,"name":"Servi\u00e7os Convenientes para o Registo Comercial","item":"https:\/\/www.ipim.gov.mo\/pt-pt\/investment-promotion\/facilitation-services-for-commercial-registration\/"},{"@type":"ListItem","position":4,"name":"Servi\u00e7os Convenientes para o Registo Comercial nas nove cidades da Grande Ba\u00eda Guangdong-Hong Kong-Macau"}]},{"@type":"WebSite","@id":"https:\/\/www.ipim.gov.mo\/zh-hans\/#website","url":"https:\/\/www.ipim.gov.mo\/zh-hans\/","name":"Commerce and Investment Promotion Institute","description":"Commerce and Investment Promotion Institute","publisher":{"@id":"https:\/\/www.ipim.gov.mo\/zh-hans\/#organization"},"potentialAction":[{"@type":"SearchAction","target":{"@type":"EntryPoint","urlTemplate":"https:\/\/www.ipim.gov.mo\/zh-hans\/?s={search_term_string}"},"query-input":{"@type":"PropertyValueSpecification","valueRequired":true,"valueName":"search_term_string"}}],"inLanguage":"pt-PT"},{"@type":"Organization","@id":"https:\/\/www.ipim.gov.mo\/zh-hans\/#organization","name":"IPIM","url":"https:\/\/www.ipim.gov.mo\/zh-hans\/","logo":{"@type":"ImageObject","inLanguage":"pt-PT","@id":"https:\/\/www.ipim.gov.mo\/zh-hans\/#\/schema\/logo\/image\/","url":"https:\/\/www.ipim.gov.mo\/wp-content\/uploads\/2022\/10\/default-post-thumbnail-ipim-logo.png","contentUrl":"https:\/\/www.ipim.gov.mo\/wp-content\/uploads\/2022\/10\/default-post-thumbnail-ipim-logo.png","width":1024,"height":768,"caption":"IPIM"},"image":{"@id":"https:\/\/www.ipim.gov.mo\/zh-hans\/#\/schema\/logo\/image\/"}}]}},"coauthors":[],"author_meta":{"author_link":"https:\/\/www.ipim.gov.mo\/pt-pt\/author\/ipimcontent\/","display_name":"ipimcontent"},"relative_dates":{"created":"Posted 1 year ago","modified":"Updated 1 year ago"},"absolute_dates":{"created":"Posted on Novembro 26, 2024","modified":"Updated on Novembro 26, 2024"},"absolute_dates_time":{"created":"Posted on Novembro 26, 2024 10:35 am","modified":"Updated on Novembro 26, 2024 10:39 am"},"featured_img_caption":"","featured_img":"https:\/\/www.ipim.gov.mo\/wp-content\/uploads\/2024\/07\/ipim-post-default.jpg","series_order":"","_links":{"self":[{"href":"https:\/\/www.ipim.gov.mo\/pt-pt\/wp-json\/wp\/v2\/pages\/481947","targetHints":{"allow":["GET"]}}],"collection":[{"href":"https:\/\/www.ipim.gov.mo\/pt-pt\/wp-json\/wp\/v2\/pages"}],"about":[{"href":"https:\/\/www.ipim.gov.mo\/pt-pt\/wp-json\/wp\/v2\/types\/page"}],"author":[{"embeddable":true,"href":"https:\/\/www.ipim.gov.mo\/pt-pt\/wp-json\/wp\/v2\/users\/56439"}],"replies":[{"embeddable":true,"href":"https:\/\/www.ipim.gov.mo\/pt-pt\/wp-json\/wp\/v2\/comments?post=481947"}],"version-history":[{"count":1,"href":"https:\/\/www.ipim.gov.mo\/pt-pt\/wp-json\/wp\/v2\/pages\/481947\/revisions"}],"predecessor-version":[{"id":481949,"href":"https:\/\/www.ipim.gov.mo\/pt-pt\/wp-json\/wp\/v2\/pages\/481947\/revisions\/481949"}],"up":[{"embeddable":true,"href":"https:\/\/www.ipim.gov.mo\/pt-pt\/wp-json\/wp\/v2\/pages\/493900"}],"wp:featuredmedia":[{"embeddable":true,"href":"https:\/\/www.ipim.gov.mo\/pt-pt\/wp-json\/wp\/v2\/media\/467868"}],"wp:attachment":[{"href":"https:\/\/www.ipim.gov.mo\/pt-pt\/wp-json\/wp\/v2\/media?parent=481947"}],"curies":[{"name":"wp","href":"https:\/\/api.w.org\/{rel}","templated":true}]}}