{"id":41735,"date":"2010-01-19T01:00:00","date_gmt":"2010-01-18T17:00:00","guid":{"rendered":"http:\/\/www.ipim.gov.mo\/?page_id=41735"},"modified":"2025-07-03T18:58:13","modified_gmt":"2025-07-03T10:58:13","slug":"organorgrama","status":"publish","type":"page","link":"https:\/\/www.ipim.gov.mo\/pt-pt\/about-ipim\/organorgrama\/","title":{"rendered":"Organorgrama e Legisla\u00e7\u00e3o Org\u00e2nica"},"content":{"rendered":"\r\n<h2 class=\"wp-block-heading\">Organograma do Instituto de Promo\u00e7\u00e3o do Com\u00e9rcio e do Investimento (IPIM)<\/h2>\r\n\r\n\r\n\r\n<p><a href=\"https:\/\/www.ipim.gov.mo\/wp-content\/uploads\/2024\/06\/20240521_\u62db\u5546\u6295\u8cc7\u4fc3\u9032\u5c40\u7684\u7d44\u7e54\u53ca\u904b\u4f5c_\u884c\u653f\u6cd5\u898f_\u53c3\u8003\u8cc7\u6599_\u5efa\u8b70\u7d44\u7e54\u67b6\u69cb\u5716\uff08\u4e2d\u8461\uff09-01-scaled.jpg\"><img loading=\"lazy\" decoding=\"async\" class=\"aligncenter wp-image-467068 size-full\" src=\"https:\/\/www.ipim.gov.mo\/wp-content\/uploads\/2024\/06\/20240521_\u62db\u5546\u6295\u8cc7\u4fc3\u9032\u5c40\u7684\u7d44\u7e54\u53ca\u904b\u4f5c_\u884c\u653f\u6cd5\u898f_\u53c3\u8003\u8cc7\u6599_\u5efa\u8b70\u7d44\u7e54\u67b6\u69cb\u5716\uff08\u4e2d\u8461\uff09-01-scaled.jpg\" alt=\"\" width=\"2560\" height=\"1810\" srcset=\"https:\/\/www.ipim.gov.mo\/wp-content\/uploads\/2024\/06\/20240521_\u62db\u5546\u6295\u8cc7\u4fc3\u9032\u5c40\u7684\u7d44\u7e54\u53ca\u904b\u4f5c_\u884c\u653f\u6cd5\u898f_\u53c3\u8003\u8cc7\u6599_\u5efa\u8b70\u7d44\u7e54\u67b6\u69cb\u5716\uff08\u4e2d\u8461\uff09-01-scaled.jpg 2560w, https:\/\/www.ipim.gov.mo\/wp-content\/uploads\/2024\/06\/20240521_\u62db\u5546\u6295\u8cc7\u4fc3\u9032\u5c40\u7684\u7d44\u7e54\u53ca\u904b\u4f5c_\u884c\u653f\u6cd5\u898f_\u53c3\u8003\u8cc7\u6599_\u5efa\u8b70\u7d44\u7e54\u67b6\u69cb\u5716\uff08\u4e2d\u8461\uff09-01-300x212.jpg 300w, https:\/\/www.ipim.gov.mo\/wp-content\/uploads\/2024\/06\/20240521_\u62db\u5546\u6295\u8cc7\u4fc3\u9032\u5c40\u7684\u7d44\u7e54\u53ca\u904b\u4f5c_\u884c\u653f\u6cd5\u898f_\u53c3\u8003\u8cc7\u6599_\u5efa\u8b70\u7d44\u7e54\u67b6\u69cb\u5716\uff08\u4e2d\u8461\uff09-01-1024x724.jpg 1024w, https:\/\/www.ipim.gov.mo\/wp-content\/uploads\/2024\/06\/20240521_\u62db\u5546\u6295\u8cc7\u4fc3\u9032\u5c40\u7684\u7d44\u7e54\u53ca\u904b\u4f5c_\u884c\u653f\u6cd5\u898f_\u53c3\u8003\u8cc7\u6599_\u5efa\u8b70\u7d44\u7e54\u67b6\u69cb\u5716\uff08\u4e2d\u8461\uff09-01-768x543.jpg 768w, https:\/\/www.ipim.gov.mo\/wp-content\/uploads\/2024\/06\/20240521_\u62db\u5546\u6295\u8cc7\u4fc3\u9032\u5c40\u7684\u7d44\u7e54\u53ca\u904b\u4f5c_\u884c\u653f\u6cd5\u898f_\u53c3\u8003\u8cc7\u6599_\u5efa\u8b70\u7d44\u7e54\u67b6\u69cb\u5716\uff08\u4e2d\u8461\uff09-01-1536x1086.jpg 1536w, https:\/\/www.ipim.gov.mo\/wp-content\/uploads\/2024\/06\/20240521_\u62db\u5546\u6295\u8cc7\u4fc3\u9032\u5c40\u7684\u7d44\u7e54\u53ca\u904b\u4f5c_\u884c\u653f\u6cd5\u898f_\u53c3\u8003\u8cc7\u6599_\u5efa\u8b70\u7d44\u7e54\u67b6\u69cb\u5716\uff08\u4e2d\u8461\uff09-01-2048x1448.jpg 2048w\" sizes=\"auto, (max-width: 2560px) 100vw, 2560px\" \/><\/a><\/p>\r\n\r\n\r\n\r\n<h2 class=\"wp-block-heading\">Legisla\u00e7\u00e3o Org\u00e2nica do Instituto de Promo\u00e7\u00e3o do Com\u00e9rcio e do Investimento (IPIM)<\/h2>\r\n\r\n\r\n\r\n<ul class=\"wp-block-list\">\r\n<li><a href=\"https:\/\/bo.io.gov.mo\/bo\/i\/2024\/24\/regadm20.asp#20\" target=\"_blank\" rel=\"noopener\">Regulamento Administrativo n.\u00ba 20\/2024 -Organiza\u00e7\u00e3o e funcionamento do Instituto de Promo\u00e7\u00e3o do Com\u00e9rcio e do Investimento.<\/a><\/li>\r\n<li><a href=\"https:\/\/bo.io.gov.mo\/bo\/i\/94\/28\/declei33.asp#33\" target=\"_blank\" rel=\"noopener\">Estatuto do Instituto de Promo\u00e7\u00e3o do Com\u00e9rcio e do Investimento de Macau<\/a><\/li>\r\n<li><a href=\"https:\/\/www.ipim.gov.mo\/wp-content\/uploads\/2024\/05\/\u8cbf\u4fc3\u5c40\u4eba\u54e1\u901a\u5247\u8461\u6587\u7248.pdf\" target=\"_blank\" rel=\"noopener\">Estatuto Privativo do Pessoal do IPIM<\/a><\/li>\r\n<li><a href=\"https:\/\/www.ipim.gov.mo\/wp-content\/uploads\/2022\/02\/PT_Revised_Estatuto-Privativo-do-Pessoal-do-IPIM_2022_02_24.pdf\" target=\"_blank\" rel=\"noopener\">Altera\u00e7\u00f5es ao Estatuto Privativo do Pessoal do IPIM (entra em vigor em 24 de Fevereiro de 2022)<\/a><\/li>\r\n<li><a href=\"https:\/\/www.ipim.gov.mo\/wp-content\/uploads\/2025\/06\/\u9644\u4ef62_Alteracoes-ao-Estatuto-Privativo-do-Pessoal-do-IPIM-entra-em-vigor-em-28-de-Junho-de-2024.pdf\" target=\"_blank\" rel=\"noopener\">Altera\u00e7\u00f5es ao Estatuto Privativo do Pessoal do IPIM (entra em vigor em 28 de Junho de 2024)<\/a><\/li>\r\n<\/ul>\r\n","protected":false},"excerpt":{"rendered":"<p>Organograma do Instituto de Promo\u00e7\u00e3o do Com\u00e9rcio e do Investimento (IPIM) Legisla\u00e7\u00e3o Org\u00e2nica do Instituto de Promo\u00e7\u00e3o do Com\u00e9rcio e do Investimento (IPIM) Regulamento Administrativo [&hellip;]<\/p>\n","protected":false},"author":56439,"featured_media":467868,"parent":493401,"menu_order":10,"comment_status":"closed","ping_status":"closed","template":"","meta":{"_acf_changed":false,"inline_featured_image":false,"advgb_blocks_editor_width":"","advgb_blocks_columns_visual_guide":"","footnotes":""},"class_list":["post-41735","page","type-page","status-publish","has-post-thumbnail","hentry"],"acf":[],"yoast_head":"<!-- This site is optimized with the Yoast SEO plugin v26.2 - https:\/\/yoast.com\/wordpress\/plugins\/seo\/ -->\r\n<title>Organorgrama e Legisla\u00e7\u00e3o Org\u00e2nica | Commerce and Investment Promotion Institute<\/title>\r\n<meta name=\"robots\" content=\"index, follow, max-snippet:-1, max-image-preview:large, max-video-preview:-1\" \/>\r\n<link rel=\"canonical\" href=\"https:\/\/www.ipim.gov.mo\/pt-pt\/about-ipim\/organorgrama\/\" \/>\r\n<meta property=\"og:locale\" content=\"pt_PT\" \/>\r\n<meta property=\"og:type\" content=\"article\" \/>\r\n<meta property=\"og:title\" content=\"Organorgrama e Legisla\u00e7\u00e3o Org\u00e2nica | Commerce and Investment Promotion Institute\" \/>\r\n<meta property=\"og:description\" content=\"Organograma do Instituto de Promo\u00e7\u00e3o do Com\u00e9rcio e do Investimento (IPIM) Legisla\u00e7\u00e3o Org\u00e2nica do Instituto de Promo\u00e7\u00e3o do Com\u00e9rcio e do Investimento (IPIM) Regulamento Administrativo [&hellip;]\" \/>\r\n<meta property=\"og:url\" content=\"https:\/\/www.ipim.gov.mo\/pt-pt\/about-ipim\/organorgrama\/\" \/>\r\n<meta property=\"og:site_name\" content=\"Commerce and Investment Promotion Institute\" \/>\r\n<meta property=\"article:modified_time\" content=\"2025-07-03T10:58:13+00:00\" \/>\r\n<meta property=\"og:image\" content=\"https:\/\/www.ipim.gov.mo\/wp-content\/uploads\/2024\/07\/ipim-post-default.jpg\" \/>\r\n\t<meta property=\"og:image:width\" content=\"1024\" \/>\r\n\t<meta property=\"og:image:height\" content=\"768\" \/>\r\n\t<meta property=\"og:image:type\" content=\"image\/jpeg\" \/>\r\n<meta name=\"twitter:card\" content=\"summary_large_image\" \/>\r\n<meta name=\"twitter:label1\" content=\"Est. reading time\" \/>\n\t<meta name=\"twitter:data1\" content=\"1 minute\" \/>\r\n<script type=\"application\/ld+json\" class=\"yoast-schema-graph\">{\"@context\":\"https:\/\/schema.org\",\"@graph\":[{\"@type\":\"WebPage\",\"@id\":\"https:\/\/www.ipim.gov.mo\/pt-pt\/about-ipim\/organorgrama\/\",\"url\":\"https:\/\/www.ipim.gov.mo\/pt-pt\/about-ipim\/organorgrama\/\",\"name\":\"Organorgrama e Legisla\u00e7\u00e3o Org\u00e2nica | Commerce and Investment Promotion Institute\",\"isPartOf\":{\"@id\":\"https:\/\/www.ipim.gov.mo\/zh-hans\/#website\"},\"primaryImageOfPage\":{\"@id\":\"https:\/\/www.ipim.gov.mo\/pt-pt\/about-ipim\/organorgrama\/#primaryimage\"},\"image\":{\"@id\":\"https:\/\/www.ipim.gov.mo\/pt-pt\/about-ipim\/organorgrama\/#primaryimage\"},\"thumbnailUrl\":\"https:\/\/www.ipim.gov.mo\/wp-content\/uploads\/2024\/07\/ipim-post-default.jpg\",\"datePublished\":\"2010-01-18T17:00:00+00:00\",\"dateModified\":\"2025-07-03T10:58:13+00:00\",\"breadcrumb\":{\"@id\":\"https:\/\/www.ipim.gov.mo\/pt-pt\/about-ipim\/organorgrama\/#breadcrumb\"},\"inLanguage\":\"pt-PT\",\"potentialAction\":[{\"@type\":\"ReadAction\",\"target\":[\"https:\/\/www.ipim.gov.mo\/pt-pt\/about-ipim\/organorgrama\/\"]}]},{\"@type\":\"ImageObject\",\"inLanguage\":\"pt-PT\",\"@id\":\"https:\/\/www.ipim.gov.mo\/pt-pt\/about-ipim\/organorgrama\/#primaryimage\",\"url\":\"https:\/\/www.ipim.gov.mo\/wp-content\/uploads\/2024\/07\/ipim-post-default.jpg\",\"contentUrl\":\"https:\/\/www.ipim.gov.mo\/wp-content\/uploads\/2024\/07\/ipim-post-default.jpg\",\"width\":1024,\"height\":768},{\"@type\":\"BreadcrumbList\",\"@id\":\"https:\/\/www.ipim.gov.mo\/pt-pt\/about-ipim\/organorgrama\/#breadcrumb\",\"itemListElement\":[{\"@type\":\"ListItem\",\"position\":1,\"name\":\"Home\",\"item\":\"https:\/\/www.ipim.gov.mo\/pt-pt\/\"},{\"@type\":\"ListItem\",\"position\":2,\"name\":\"Acerca do IPIM\",\"item\":\"https:\/\/www.ipim.gov.mo\/pt-pt\/about-ipim\/\"},{\"@type\":\"ListItem\",\"position\":3,\"name\":\"Organorgrama e Legisla\u00e7\u00e3o Org\u00e2nica\"}]},{\"@type\":\"WebSite\",\"@id\":\"https:\/\/www.ipim.gov.mo\/zh-hans\/#website\",\"url\":\"https:\/\/www.ipim.gov.mo\/zh-hans\/\",\"name\":\"Commerce and Investment Promotion Institute\",\"description\":\"Commerce and Investment Promotion Institute\",\"publisher\":{\"@id\":\"https:\/\/www.ipim.gov.mo\/zh-hans\/#organization\"},\"potentialAction\":[{\"@type\":\"SearchAction\",\"target\":{\"@type\":\"EntryPoint\",\"urlTemplate\":\"https:\/\/www.ipim.gov.mo\/zh-hans\/?s={search_term_string}\"},\"query-input\":{\"@type\":\"PropertyValueSpecification\",\"valueRequired\":true,\"valueName\":\"search_term_string\"}}],\"inLanguage\":\"pt-PT\"},{\"@type\":\"Organization\",\"@id\":\"https:\/\/www.ipim.gov.mo\/zh-hans\/#organization\",\"name\":\"IPIM\",\"url\":\"https:\/\/www.ipim.gov.mo\/zh-hans\/\",\"logo\":{\"@type\":\"ImageObject\",\"inLanguage\":\"pt-PT\",\"@id\":\"https:\/\/www.ipim.gov.mo\/zh-hans\/#\/schema\/logo\/image\/\",\"url\":\"https:\/\/www.ipim.gov.mo\/wp-content\/uploads\/2022\/10\/default-post-thumbnail-ipim-logo.png\",\"contentUrl\":\"https:\/\/www.ipim.gov.mo\/wp-content\/uploads\/2022\/10\/default-post-thumbnail-ipim-logo.png\",\"width\":1024,\"height\":768,\"caption\":\"IPIM\"},\"image\":{\"@id\":\"https:\/\/www.ipim.gov.mo\/zh-hans\/#\/schema\/logo\/image\/\"}}]}<\/script>\r\n<!-- \/ Yoast SEO plugin. -->","yoast_head_json":{"title":"Organorgrama e Legisla\u00e7\u00e3o Org\u00e2nica | Commerce and Investment Promotion Institute","robots":{"index":"index","follow":"follow","max-snippet":"max-snippet:-1","max-image-preview":"max-image-preview:large","max-video-preview":"max-video-preview:-1"},"canonical":"https:\/\/www.ipim.gov.mo\/pt-pt\/about-ipim\/organorgrama\/","og_locale":"pt_PT","og_type":"article","og_title":"Organorgrama e Legisla\u00e7\u00e3o Org\u00e2nica | Commerce and Investment Promotion Institute","og_description":"Organograma do Instituto de Promo\u00e7\u00e3o do Com\u00e9rcio e do Investimento (IPIM) Legisla\u00e7\u00e3o Org\u00e2nica do Instituto de Promo\u00e7\u00e3o do Com\u00e9rcio e do Investimento (IPIM) Regulamento Administrativo [&hellip;]","og_url":"https:\/\/www.ipim.gov.mo\/pt-pt\/about-ipim\/organorgrama\/","og_site_name":"Commerce and Investment Promotion Institute","article_modified_time":"2025-07-03T10:58:13+00:00","og_image":[{"width":1024,"height":768,"url":"https:\/\/www.ipim.gov.mo\/wp-content\/uploads\/2024\/07\/ipim-post-default.jpg","type":"image\/jpeg"}],"twitter_card":"summary_large_image","twitter_misc":{"Est. reading time":"1 minute"},"schema":{"@context":"https:\/\/schema.org","@graph":[{"@type":"WebPage","@id":"https:\/\/www.ipim.gov.mo\/pt-pt\/about-ipim\/organorgrama\/","url":"https:\/\/www.ipim.gov.mo\/pt-pt\/about-ipim\/organorgrama\/","name":"Organorgrama e Legisla\u00e7\u00e3o Org\u00e2nica | Commerce and Investment Promotion Institute","isPartOf":{"@id":"https:\/\/www.ipim.gov.mo\/zh-hans\/#website"},"primaryImageOfPage":{"@id":"https:\/\/www.ipim.gov.mo\/pt-pt\/about-ipim\/organorgrama\/#primaryimage"},"image":{"@id":"https:\/\/www.ipim.gov.mo\/pt-pt\/about-ipim\/organorgrama\/#primaryimage"},"thumbnailUrl":"https:\/\/www.ipim.gov.mo\/wp-content\/uploads\/2024\/07\/ipim-post-default.jpg","datePublished":"2010-01-18T17:00:00+00:00","dateModified":"2025-07-03T10:58:13+00:00","breadcrumb":{"@id":"https:\/\/www.ipim.gov.mo\/pt-pt\/about-ipim\/organorgrama\/#breadcrumb"},"inLanguage":"pt-PT","potentialAction":[{"@type":"ReadAction","target":["https:\/\/www.ipim.gov.mo\/pt-pt\/about-ipim\/organorgrama\/"]}]},{"@type":"ImageObject","inLanguage":"pt-PT","@id":"https:\/\/www.ipim.gov.mo\/pt-pt\/about-ipim\/organorgrama\/#primaryimage","url":"https:\/\/www.ipim.gov.mo\/wp-content\/uploads\/2024\/07\/ipim-post-default.jpg","contentUrl":"https:\/\/www.ipim.gov.mo\/wp-content\/uploads\/2024\/07\/ipim-post-default.jpg","width":1024,"height":768},{"@type":"BreadcrumbList","@id":"https:\/\/www.ipim.gov.mo\/pt-pt\/about-ipim\/organorgrama\/#breadcrumb","itemListElement":[{"@type":"ListItem","position":1,"name":"Home","item":"https:\/\/www.ipim.gov.mo\/pt-pt\/"},{"@type":"ListItem","position":2,"name":"Acerca do IPIM","item":"https:\/\/www.ipim.gov.mo\/pt-pt\/about-ipim\/"},{"@type":"ListItem","position":3,"name":"Organorgrama e Legisla\u00e7\u00e3o Org\u00e2nica"}]},{"@type":"WebSite","@id":"https:\/\/www.ipim.gov.mo\/zh-hans\/#website","url":"https:\/\/www.ipim.gov.mo\/zh-hans\/","name":"Commerce and Investment Promotion Institute","description":"Commerce and Investment Promotion Institute","publisher":{"@id":"https:\/\/www.ipim.gov.mo\/zh-hans\/#organization"},"potentialAction":[{"@type":"SearchAction","target":{"@type":"EntryPoint","urlTemplate":"https:\/\/www.ipim.gov.mo\/zh-hans\/?s={search_term_string}"},"query-input":{"@type":"PropertyValueSpecification","valueRequired":true,"valueName":"search_term_string"}}],"inLanguage":"pt-PT"},{"@type":"Organization","@id":"https:\/\/www.ipim.gov.mo\/zh-hans\/#organization","name":"IPIM","url":"https:\/\/www.ipim.gov.mo\/zh-hans\/","logo":{"@type":"ImageObject","inLanguage":"pt-PT","@id":"https:\/\/www.ipim.gov.mo\/zh-hans\/#\/schema\/logo\/image\/","url":"https:\/\/www.ipim.gov.mo\/wp-content\/uploads\/2022\/10\/default-post-thumbnail-ipim-logo.png","contentUrl":"https:\/\/www.ipim.gov.mo\/wp-content\/uploads\/2022\/10\/default-post-thumbnail-ipim-logo.png","width":1024,"height":768,"caption":"IPIM"},"image":{"@id":"https:\/\/www.ipim.gov.mo\/zh-hans\/#\/schema\/logo\/image\/"}}]}},"coauthors":[],"author_meta":{"author_link":"https:\/\/www.ipim.gov.mo\/pt-pt\/author\/ipimcontent\/","display_name":"ipimcontent"},"relative_dates":{"created":"Posted 16 years ago","modified":"Updated 10 months ago"},"absolute_dates":{"created":"Posted on Janeiro 19, 2010","modified":"Updated on Julho 3, 2025"},"absolute_dates_time":{"created":"Posted on Janeiro 19, 2010 1:00 am","modified":"Updated on Julho 3, 2025 6:58 pm"},"featured_img_caption":"","featured_img":"https:\/\/www.ipim.gov.mo\/wp-content\/uploads\/2024\/07\/ipim-post-default.jpg","series_order":"","_links":{"self":[{"href":"https:\/\/www.ipim.gov.mo\/pt-pt\/wp-json\/wp\/v2\/pages\/41735","targetHints":{"allow":["GET"]}}],"collection":[{"href":"https:\/\/www.ipim.gov.mo\/pt-pt\/wp-json\/wp\/v2\/pages"}],"about":[{"href":"https:\/\/www.ipim.gov.mo\/pt-pt\/wp-json\/wp\/v2\/types\/page"}],"author":[{"embeddable":true,"href":"https:\/\/www.ipim.gov.mo\/pt-pt\/wp-json\/wp\/v2\/users\/56439"}],"replies":[{"embeddable":true,"href":"https:\/\/www.ipim.gov.mo\/pt-pt\/wp-json\/wp\/v2\/comments?post=41735"}],"version-history":[{"count":3,"href":"https:\/\/www.ipim.gov.mo\/pt-pt\/wp-json\/wp\/v2\/pages\/41735\/revisions"}],"predecessor-version":[{"id":492339,"href":"https:\/\/www.ipim.gov.mo\/pt-pt\/wp-json\/wp\/v2\/pages\/41735\/revisions\/492339"}],"up":[{"embeddable":true,"href":"https:\/\/www.ipim.gov.mo\/pt-pt\/wp-json\/wp\/v2\/pages\/493401"}],"wp:featuredmedia":[{"embeddable":true,"href":"https:\/\/www.ipim.gov.mo\/pt-pt\/wp-json\/wp\/v2\/media\/467868"}],"wp:attachment":[{"href":"https:\/\/www.ipim.gov.mo\/pt-pt\/wp-json\/wp\/v2\/media?parent=41735"}],"curies":[{"name":"wp","href":"https:\/\/api.w.org\/{rel}","templated":true}]}}