{"id":378475,"date":"2022-05-27T17:42:53","date_gmt":"2022-05-27T09:42:53","guid":{"rendered":"https:\/\/www.ipim.gov.mo\/?page_id=378475"},"modified":"2026-01-05T11:41:41","modified_gmt":"2026-01-05T03:41:41","slug":"politica-de-facilitacao-da-entrada-e-saida-de-macau-dos-residentes-do-interior-da-china-para-efeitos-da-participacao-de-actividades-de-convencoes-e-exposicoes","status":"publish","type":"page","link":"https:\/\/www.ipim.gov.mo\/pt-pt\/mice\/the-incentive-measures\/politica-de-facilitacao-da-entrada-e-saida-de-macau-dos-residentes-do-interior-da-china-para-efeitos-da-participacao-de-actividades-de-convencoes-e-exposicoes\/","title":{"rendered":"Pol\u00edtica de facilita\u00e7\u00e3o da entrada e sa\u00edda de Macau dos residentes do Interior da China para efeitos da participa\u00e7\u00e3o de actividades de conven\u00e7\u00f5es e exposi\u00e7\u00f5es"},"content":{"rendered":"\r\n<h2 class=\"wp-block-heading\">Procedimento de implementa\u00e7\u00e3o da pol\u00edtica de facilita\u00e7\u00e3o<\/h2>\r\n\r\n\r\n\r\n<p>Acordo de Coopera\u00e7\u00e3o Econ\u00f3mica e T\u00e9cnica no \u00e2mbito do Acordo de Estreitamento das Rela\u00e7\u00f5es Econ\u00f3micas e Comerciais entre o Interior da China e Macau (CEPA)<\/p>\r\n\r\n\r\n\r\n<p>Sobre o procedimento de implementa\u00e7\u00e3o da pol\u00edtica de facilita\u00e7\u00e3o do processamento de documentos e vistos, para efeitos de entrada e sa\u00edda de Macau, dos participantes de actividades de conven\u00e7\u00f5es e exposi\u00e7\u00f5es do Interior da China<\/p>\r\n\r\n\r\n\r\n<p>De acordo com as disposi\u00e7\u00f5es do Acordo de Coopera\u00e7\u00e3o Econ\u00f3mica e T\u00e9cnica no \u00e2mbito do CEPA, o Interior da China e Macau acordam em refor\u00e7ar a coopera\u00e7\u00e3o na ind\u00fastria de conven\u00e7\u00f5es e exposi\u00e7\u00f5es, com vista a apoiar o desenvolvimento comum da mesma. Nesse sentido e com vista a fomentar o desenvolvimento da ind\u00fastria de conven\u00e7\u00f5es e exposi\u00e7\u00f5es de Macau, a pedido do Governo da Regi\u00e3o Administrativa Especial de Macau e com a concord\u00e2ncia dos departamentos nacionais competentes, as reparti\u00e7\u00f5es do Interior da China facilitar\u00e3o, aos agentes envolvidos do Interior da China, o processamento de documentos e vistos para efeitos de entrada e sa\u00edda de Macau, a fim de facilitar a participa\u00e7\u00e3o das empresas e participantes do Interior da China em conven\u00e7\u00f5es e exposi\u00e7\u00f5es a realizar em Macau. A referida pol\u00edtica de facilita\u00e7\u00e3o encontra-se neste momento em vigor, pelo que o procedimento espec\u00edfico para a sua implementa\u00e7\u00e3o efectiva \u00e9 conforme as seguintes orienta\u00e7\u00f5es:<\/p>\r\n\r\n\r\n\r\n<ol class=\"wp-block-list\">\r\n<li>O Governo da RAEM apresenta a lista de actividades de conven\u00e7\u00f5es e exposi\u00e7\u00f5es que necessitam do apoio do Interior da China ao Minist\u00e9rio do Com\u00e9rcio, que, por sua vez, proceder\u00e1 \u00e0 confirma\u00e7\u00e3o junto das respectivas entidades competentes do Interior da China.<\/li>\r\n\r\n\r\n\r\n<li>As mesmas entidades competentes do Interior da China notificam, de acordo com as suas fun\u00e7\u00f5es, as entidades de administra\u00e7\u00e3o de assuntos de Hong Kong e Macau e as autoridades de controlo fronteiri\u00e7o da pol\u00edcia de seguran\u00e7a p\u00fablica, entre outras entidades competentes, a fim de providenciar facilita\u00e7\u00e3o aos indiv\u00edduos do Interior da China que pretendam participar nas actividades de conven\u00e7\u00f5es e exposi\u00e7\u00f5es, em aspectos como o prazo para tratamento do salvo-conduto e o n\u00famero de vistos concedido.<\/li>\r\n\r\n\r\n\r\n<li>Os participantes de actividades de conven\u00e7\u00f5es e exposi\u00e7\u00f5es do Interior da China devem apresentar a carta de convite, emitida pela entidade organizadora das conven\u00e7\u00f5es e exposi\u00e7\u00f5es listadas, para beneficiar da facilita\u00e7\u00e3o no tratamento do salvo-conduto e visto para desloca\u00e7\u00e3o a Hong Kong e Macau junto das entidades locais competentes.<\/li>\r\n\r\n\r\n\r\n<li>Os salvo-condutos e vistos para desloca\u00e7\u00e3o a Hong Kong e Macau a t\u00edtulo oficial devem ser pedidos e tratados na entidade de administra\u00e7\u00e3o de assuntos de Hong Kong e Macau da regi\u00e3o onde a empresa se encontra sediada. Os salvo-condutos e vistos para desloca\u00e7\u00e3o a Hong Kong e Macau a t\u00edtulo pessoal devem ser pedidos e tratados na autoridade de controlo fronteiri\u00e7o subordinada \u00e0 pol\u00edcia de seguran\u00e7a p\u00fablica do local de resid\u00eancia.<\/li>\r\n<\/ol>\r\n","protected":false},"excerpt":{"rendered":"<p>Procedimento de implementa\u00e7\u00e3o da pol\u00edtica de facilita\u00e7\u00e3o Acordo de Coopera\u00e7\u00e3o Econ\u00f3mica e T\u00e9cnica no \u00e2mbito do Acordo de Estreitamento das Rela\u00e7\u00f5es Econ\u00f3micas e Comerciais entre [&hellip;]<\/p>\n","protected":false},"author":56439,"featured_media":467868,"parent":104273,"menu_order":5006,"comment_status":"closed","ping_status":"closed","template":"","meta":{"_acf_changed":false,"inline_featured_image":false,"advgb_blocks_editor_width":"","advgb_blocks_columns_visual_guide":"","footnotes":""},"class_list":["post-378475","page","type-page","status-publish","has-post-thumbnail","hentry"],"acf":[],"yoast_head":"<!-- This site is optimized with the Yoast SEO plugin v26.2 - https:\/\/yoast.com\/wordpress\/plugins\/seo\/ -->\r\n<title>Pol\u00edtica de facilita\u00e7\u00e3o da entrada e sa\u00edda de Macau dos residentes do Interior da China para efeitos da participa\u00e7\u00e3o de actividades de conven\u00e7\u00f5es e exposi\u00e7\u00f5es | Commerce and Investment Promotion Institute<\/title>\r\n<meta name=\"robots\" content=\"index, follow, max-snippet:-1, max-image-preview:large, max-video-preview:-1\" \/>\r\n<link rel=\"canonical\" href=\"https:\/\/www.ipim.gov.mo\/pt-pt\/mice\/the-incentive-measures\/politica-de-facilitacao-da-entrada-e-saida-de-macau-dos-residentes-do-interior-da-china-para-efeitos-da-participacao-de-actividades-de-convencoes-e-exposicoes\/\" \/>\r\n<meta property=\"og:locale\" content=\"pt_PT\" \/>\r\n<meta property=\"og:type\" content=\"article\" \/>\r\n<meta property=\"og:title\" content=\"Pol\u00edtica de facilita\u00e7\u00e3o da entrada e sa\u00edda de Macau dos residentes do Interior da China para efeitos da participa\u00e7\u00e3o de actividades de conven\u00e7\u00f5es e exposi\u00e7\u00f5es | Commerce and Investment Promotion Institute\" \/>\r\n<meta property=\"og:description\" content=\"Procedimento de implementa\u00e7\u00e3o da pol\u00edtica de facilita\u00e7\u00e3o Acordo de Coopera\u00e7\u00e3o Econ\u00f3mica e T\u00e9cnica no \u00e2mbito do Acordo de Estreitamento das Rela\u00e7\u00f5es Econ\u00f3micas e Comerciais entre [&hellip;]\" \/>\r\n<meta property=\"og:url\" content=\"https:\/\/www.ipim.gov.mo\/pt-pt\/mice\/the-incentive-measures\/politica-de-facilitacao-da-entrada-e-saida-de-macau-dos-residentes-do-interior-da-china-para-efeitos-da-participacao-de-actividades-de-convencoes-e-exposicoes\/\" \/>\r\n<meta property=\"og:site_name\" content=\"Commerce and Investment Promotion Institute\" \/>\r\n<meta property=\"article:modified_time\" content=\"2026-01-05T03:41:41+00:00\" \/>\r\n<meta property=\"og:image\" content=\"https:\/\/www.ipim.gov.mo\/wp-content\/uploads\/2024\/07\/ipim-post-default.jpg\" \/>\r\n\t<meta property=\"og:image:width\" content=\"1024\" \/>\r\n\t<meta property=\"og:image:height\" content=\"768\" \/>\r\n\t<meta property=\"og:image:type\" content=\"image\/jpeg\" \/>\r\n<meta name=\"twitter:card\" content=\"summary_large_image\" \/>\r\n<meta name=\"twitter:label1\" content=\"Est. reading time\" \/>\n\t<meta name=\"twitter:data1\" content=\"3 minutes\" \/>\r\n<script type=\"application\/ld+json\" class=\"yoast-schema-graph\">{\"@context\":\"https:\/\/schema.org\",\"@graph\":[{\"@type\":\"WebPage\",\"@id\":\"https:\/\/www.ipim.gov.mo\/pt-pt\/mice\/the-incentive-measures\/politica-de-facilitacao-da-entrada-e-saida-de-macau-dos-residentes-do-interior-da-china-para-efeitos-da-participacao-de-actividades-de-convencoes-e-exposicoes\/\",\"url\":\"https:\/\/www.ipim.gov.mo\/pt-pt\/mice\/the-incentive-measures\/politica-de-facilitacao-da-entrada-e-saida-de-macau-dos-residentes-do-interior-da-china-para-efeitos-da-participacao-de-actividades-de-convencoes-e-exposicoes\/\",\"name\":\"Pol\u00edtica de facilita\u00e7\u00e3o da entrada e sa\u00edda de Macau dos residentes do Interior da China para efeitos da participa\u00e7\u00e3o de actividades de conven\u00e7\u00f5es e exposi\u00e7\u00f5es | Commerce and Investment Promotion Institute\",\"isPartOf\":{\"@id\":\"https:\/\/www.ipim.gov.mo\/zh-hans\/#website\"},\"primaryImageOfPage\":{\"@id\":\"https:\/\/www.ipim.gov.mo\/pt-pt\/mice\/the-incentive-measures\/politica-de-facilitacao-da-entrada-e-saida-de-macau-dos-residentes-do-interior-da-china-para-efeitos-da-participacao-de-actividades-de-convencoes-e-exposicoes\/#primaryimage\"},\"image\":{\"@id\":\"https:\/\/www.ipim.gov.mo\/pt-pt\/mice\/the-incentive-measures\/politica-de-facilitacao-da-entrada-e-saida-de-macau-dos-residentes-do-interior-da-china-para-efeitos-da-participacao-de-actividades-de-convencoes-e-exposicoes\/#primaryimage\"},\"thumbnailUrl\":\"https:\/\/www.ipim.gov.mo\/wp-content\/uploads\/2024\/07\/ipim-post-default.jpg\",\"datePublished\":\"2022-05-27T09:42:53+00:00\",\"dateModified\":\"2026-01-05T03:41:41+00:00\",\"breadcrumb\":{\"@id\":\"https:\/\/www.ipim.gov.mo\/pt-pt\/mice\/the-incentive-measures\/politica-de-facilitacao-da-entrada-e-saida-de-macau-dos-residentes-do-interior-da-china-para-efeitos-da-participacao-de-actividades-de-convencoes-e-exposicoes\/#breadcrumb\"},\"inLanguage\":\"pt-PT\",\"potentialAction\":[{\"@type\":\"ReadAction\",\"target\":[\"https:\/\/www.ipim.gov.mo\/pt-pt\/mice\/the-incentive-measures\/politica-de-facilitacao-da-entrada-e-saida-de-macau-dos-residentes-do-interior-da-china-para-efeitos-da-participacao-de-actividades-de-convencoes-e-exposicoes\/\"]}]},{\"@type\":\"ImageObject\",\"inLanguage\":\"pt-PT\",\"@id\":\"https:\/\/www.ipim.gov.mo\/pt-pt\/mice\/the-incentive-measures\/politica-de-facilitacao-da-entrada-e-saida-de-macau-dos-residentes-do-interior-da-china-para-efeitos-da-participacao-de-actividades-de-convencoes-e-exposicoes\/#primaryimage\",\"url\":\"https:\/\/www.ipim.gov.mo\/wp-content\/uploads\/2024\/07\/ipim-post-default.jpg\",\"contentUrl\":\"https:\/\/www.ipim.gov.mo\/wp-content\/uploads\/2024\/07\/ipim-post-default.jpg\",\"width\":1024,\"height\":768},{\"@type\":\"BreadcrumbList\",\"@id\":\"https:\/\/www.ipim.gov.mo\/pt-pt\/mice\/the-incentive-measures\/politica-de-facilitacao-da-entrada-e-saida-de-macau-dos-residentes-do-interior-da-china-para-efeitos-da-participacao-de-actividades-de-convencoes-e-exposicoes\/#breadcrumb\",\"itemListElement\":[{\"@type\":\"ListItem\",\"position\":1,\"name\":\"Home\",\"item\":\"https:\/\/www.ipim.gov.mo\/pt-pt\/\"},{\"@type\":\"ListItem\",\"position\":2,\"name\":\"Desenvolvimento de Conven\u00e7\u00f5es e Exposi\u00e7\u00f5es\",\"item\":\"https:\/\/www.ipim.gov.mo\/pt-pt\/mice\/\"},{\"@type\":\"ListItem\",\"position\":3,\"name\":\"Medidas de Incentivo\",\"item\":\"https:\/\/www.ipim.gov.mo\/pt-pt\/mice\/the-incentive-measures\/\"},{\"@type\":\"ListItem\",\"position\":4,\"name\":\"Pol\u00edtica de facilita\u00e7\u00e3o da entrada e sa\u00edda de Macau dos residentes do Interior da China para efeitos da participa\u00e7\u00e3o de actividades de conven\u00e7\u00f5es e exposi\u00e7\u00f5es\"}]},{\"@type\":\"WebSite\",\"@id\":\"https:\/\/www.ipim.gov.mo\/zh-hans\/#website\",\"url\":\"https:\/\/www.ipim.gov.mo\/zh-hans\/\",\"name\":\"Commerce and Investment Promotion Institute\",\"description\":\"Commerce and Investment Promotion Institute\",\"publisher\":{\"@id\":\"https:\/\/www.ipim.gov.mo\/zh-hans\/#organization\"},\"potentialAction\":[{\"@type\":\"SearchAction\",\"target\":{\"@type\":\"EntryPoint\",\"urlTemplate\":\"https:\/\/www.ipim.gov.mo\/zh-hans\/?s={search_term_string}\"},\"query-input\":{\"@type\":\"PropertyValueSpecification\",\"valueRequired\":true,\"valueName\":\"search_term_string\"}}],\"inLanguage\":\"pt-PT\"},{\"@type\":\"Organization\",\"@id\":\"https:\/\/www.ipim.gov.mo\/zh-hans\/#organization\",\"name\":\"IPIM\",\"url\":\"https:\/\/www.ipim.gov.mo\/zh-hans\/\",\"logo\":{\"@type\":\"ImageObject\",\"inLanguage\":\"pt-PT\",\"@id\":\"https:\/\/www.ipim.gov.mo\/zh-hans\/#\/schema\/logo\/image\/\",\"url\":\"https:\/\/www.ipim.gov.mo\/wp-content\/uploads\/2022\/10\/default-post-thumbnail-ipim-logo.png\",\"contentUrl\":\"https:\/\/www.ipim.gov.mo\/wp-content\/uploads\/2022\/10\/default-post-thumbnail-ipim-logo.png\",\"width\":1024,\"height\":768,\"caption\":\"IPIM\"},\"image\":{\"@id\":\"https:\/\/www.ipim.gov.mo\/zh-hans\/#\/schema\/logo\/image\/\"}}]}<\/script>\r\n<!-- \/ Yoast SEO plugin. -->","yoast_head_json":{"title":"Pol\u00edtica de facilita\u00e7\u00e3o da entrada e sa\u00edda de Macau dos residentes do Interior da China para efeitos da participa\u00e7\u00e3o de actividades de conven\u00e7\u00f5es e exposi\u00e7\u00f5es | Commerce and Investment Promotion Institute","robots":{"index":"index","follow":"follow","max-snippet":"max-snippet:-1","max-image-preview":"max-image-preview:large","max-video-preview":"max-video-preview:-1"},"canonical":"https:\/\/www.ipim.gov.mo\/pt-pt\/mice\/the-incentive-measures\/politica-de-facilitacao-da-entrada-e-saida-de-macau-dos-residentes-do-interior-da-china-para-efeitos-da-participacao-de-actividades-de-convencoes-e-exposicoes\/","og_locale":"pt_PT","og_type":"article","og_title":"Pol\u00edtica de facilita\u00e7\u00e3o da entrada e sa\u00edda de Macau dos residentes do Interior da China para efeitos da participa\u00e7\u00e3o de actividades de conven\u00e7\u00f5es e exposi\u00e7\u00f5es | Commerce and Investment Promotion Institute","og_description":"Procedimento de implementa\u00e7\u00e3o da pol\u00edtica de facilita\u00e7\u00e3o Acordo de Coopera\u00e7\u00e3o Econ\u00f3mica e T\u00e9cnica no \u00e2mbito do Acordo de Estreitamento das Rela\u00e7\u00f5es Econ\u00f3micas e Comerciais entre [&hellip;]","og_url":"https:\/\/www.ipim.gov.mo\/pt-pt\/mice\/the-incentive-measures\/politica-de-facilitacao-da-entrada-e-saida-de-macau-dos-residentes-do-interior-da-china-para-efeitos-da-participacao-de-actividades-de-convencoes-e-exposicoes\/","og_site_name":"Commerce and Investment Promotion Institute","article_modified_time":"2026-01-05T03:41:41+00:00","og_image":[{"width":1024,"height":768,"url":"https:\/\/www.ipim.gov.mo\/wp-content\/uploads\/2024\/07\/ipim-post-default.jpg","type":"image\/jpeg"}],"twitter_card":"summary_large_image","twitter_misc":{"Est. reading time":"3 minutes"},"schema":{"@context":"https:\/\/schema.org","@graph":[{"@type":"WebPage","@id":"https:\/\/www.ipim.gov.mo\/pt-pt\/mice\/the-incentive-measures\/politica-de-facilitacao-da-entrada-e-saida-de-macau-dos-residentes-do-interior-da-china-para-efeitos-da-participacao-de-actividades-de-convencoes-e-exposicoes\/","url":"https:\/\/www.ipim.gov.mo\/pt-pt\/mice\/the-incentive-measures\/politica-de-facilitacao-da-entrada-e-saida-de-macau-dos-residentes-do-interior-da-china-para-efeitos-da-participacao-de-actividades-de-convencoes-e-exposicoes\/","name":"Pol\u00edtica de facilita\u00e7\u00e3o da entrada e sa\u00edda de Macau dos residentes do Interior da China para efeitos da participa\u00e7\u00e3o de actividades de conven\u00e7\u00f5es e exposi\u00e7\u00f5es | Commerce and Investment Promotion Institute","isPartOf":{"@id":"https:\/\/www.ipim.gov.mo\/zh-hans\/#website"},"primaryImageOfPage":{"@id":"https:\/\/www.ipim.gov.mo\/pt-pt\/mice\/the-incentive-measures\/politica-de-facilitacao-da-entrada-e-saida-de-macau-dos-residentes-do-interior-da-china-para-efeitos-da-participacao-de-actividades-de-convencoes-e-exposicoes\/#primaryimage"},"image":{"@id":"https:\/\/www.ipim.gov.mo\/pt-pt\/mice\/the-incentive-measures\/politica-de-facilitacao-da-entrada-e-saida-de-macau-dos-residentes-do-interior-da-china-para-efeitos-da-participacao-de-actividades-de-convencoes-e-exposicoes\/#primaryimage"},"thumbnailUrl":"https:\/\/www.ipim.gov.mo\/wp-content\/uploads\/2024\/07\/ipim-post-default.jpg","datePublished":"2022-05-27T09:42:53+00:00","dateModified":"2026-01-05T03:41:41+00:00","breadcrumb":{"@id":"https:\/\/www.ipim.gov.mo\/pt-pt\/mice\/the-incentive-measures\/politica-de-facilitacao-da-entrada-e-saida-de-macau-dos-residentes-do-interior-da-china-para-efeitos-da-participacao-de-actividades-de-convencoes-e-exposicoes\/#breadcrumb"},"inLanguage":"pt-PT","potentialAction":[{"@type":"ReadAction","target":["https:\/\/www.ipim.gov.mo\/pt-pt\/mice\/the-incentive-measures\/politica-de-facilitacao-da-entrada-e-saida-de-macau-dos-residentes-do-interior-da-china-para-efeitos-da-participacao-de-actividades-de-convencoes-e-exposicoes\/"]}]},{"@type":"ImageObject","inLanguage":"pt-PT","@id":"https:\/\/www.ipim.gov.mo\/pt-pt\/mice\/the-incentive-measures\/politica-de-facilitacao-da-entrada-e-saida-de-macau-dos-residentes-do-interior-da-china-para-efeitos-da-participacao-de-actividades-de-convencoes-e-exposicoes\/#primaryimage","url":"https:\/\/www.ipim.gov.mo\/wp-content\/uploads\/2024\/07\/ipim-post-default.jpg","contentUrl":"https:\/\/www.ipim.gov.mo\/wp-content\/uploads\/2024\/07\/ipim-post-default.jpg","width":1024,"height":768},{"@type":"BreadcrumbList","@id":"https:\/\/www.ipim.gov.mo\/pt-pt\/mice\/the-incentive-measures\/politica-de-facilitacao-da-entrada-e-saida-de-macau-dos-residentes-do-interior-da-china-para-efeitos-da-participacao-de-actividades-de-convencoes-e-exposicoes\/#breadcrumb","itemListElement":[{"@type":"ListItem","position":1,"name":"Home","item":"https:\/\/www.ipim.gov.mo\/pt-pt\/"},{"@type":"ListItem","position":2,"name":"Desenvolvimento de Conven\u00e7\u00f5es e Exposi\u00e7\u00f5es","item":"https:\/\/www.ipim.gov.mo\/pt-pt\/mice\/"},{"@type":"ListItem","position":3,"name":"Medidas de Incentivo","item":"https:\/\/www.ipim.gov.mo\/pt-pt\/mice\/the-incentive-measures\/"},{"@type":"ListItem","position":4,"name":"Pol\u00edtica de facilita\u00e7\u00e3o da entrada e sa\u00edda de Macau dos residentes do Interior da China para efeitos da participa\u00e7\u00e3o de actividades de conven\u00e7\u00f5es e exposi\u00e7\u00f5es"}]},{"@type":"WebSite","@id":"https:\/\/www.ipim.gov.mo\/zh-hans\/#website","url":"https:\/\/www.ipim.gov.mo\/zh-hans\/","name":"Commerce and Investment Promotion Institute","description":"Commerce and Investment Promotion Institute","publisher":{"@id":"https:\/\/www.ipim.gov.mo\/zh-hans\/#organization"},"potentialAction":[{"@type":"SearchAction","target":{"@type":"EntryPoint","urlTemplate":"https:\/\/www.ipim.gov.mo\/zh-hans\/?s={search_term_string}"},"query-input":{"@type":"PropertyValueSpecification","valueRequired":true,"valueName":"search_term_string"}}],"inLanguage":"pt-PT"},{"@type":"Organization","@id":"https:\/\/www.ipim.gov.mo\/zh-hans\/#organization","name":"IPIM","url":"https:\/\/www.ipim.gov.mo\/zh-hans\/","logo":{"@type":"ImageObject","inLanguage":"pt-PT","@id":"https:\/\/www.ipim.gov.mo\/zh-hans\/#\/schema\/logo\/image\/","url":"https:\/\/www.ipim.gov.mo\/wp-content\/uploads\/2022\/10\/default-post-thumbnail-ipim-logo.png","contentUrl":"https:\/\/www.ipim.gov.mo\/wp-content\/uploads\/2022\/10\/default-post-thumbnail-ipim-logo.png","width":1024,"height":768,"caption":"IPIM"},"image":{"@id":"https:\/\/www.ipim.gov.mo\/zh-hans\/#\/schema\/logo\/image\/"}}]}},"coauthors":[],"author_meta":{"author_link":"https:\/\/www.ipim.gov.mo\/pt-pt\/author\/ipimcontent\/","display_name":"ipimcontent"},"relative_dates":{"created":"Posted 4 years ago","modified":"Updated 3 months ago"},"absolute_dates":{"created":"Posted on Maio 27, 2022","modified":"Updated on Janeiro 5, 2026"},"absolute_dates_time":{"created":"Posted on Maio 27, 2022 5:42 pm","modified":"Updated on Janeiro 5, 2026 11:41 am"},"featured_img_caption":"","featured_img":"https:\/\/www.ipim.gov.mo\/wp-content\/uploads\/2024\/07\/ipim-post-default.jpg","series_order":"","_links":{"self":[{"href":"https:\/\/www.ipim.gov.mo\/pt-pt\/wp-json\/wp\/v2\/pages\/378475","targetHints":{"allow":["GET"]}}],"collection":[{"href":"https:\/\/www.ipim.gov.mo\/pt-pt\/wp-json\/wp\/v2\/pages"}],"about":[{"href":"https:\/\/www.ipim.gov.mo\/pt-pt\/wp-json\/wp\/v2\/types\/page"}],"author":[{"embeddable":true,"href":"https:\/\/www.ipim.gov.mo\/pt-pt\/wp-json\/wp\/v2\/users\/56439"}],"replies":[{"embeddable":true,"href":"https:\/\/www.ipim.gov.mo\/pt-pt\/wp-json\/wp\/v2\/comments?post=378475"}],"version-history":[{"count":3,"href":"https:\/\/www.ipim.gov.mo\/pt-pt\/wp-json\/wp\/v2\/pages\/378475\/revisions"}],"predecessor-version":[{"id":503615,"href":"https:\/\/www.ipim.gov.mo\/pt-pt\/wp-json\/wp\/v2\/pages\/378475\/revisions\/503615"}],"up":[{"embeddable":true,"href":"https:\/\/www.ipim.gov.mo\/pt-pt\/wp-json\/wp\/v2\/pages\/104273"}],"wp:featuredmedia":[{"embeddable":true,"href":"https:\/\/www.ipim.gov.mo\/pt-pt\/wp-json\/wp\/v2\/media\/467868"}],"wp:attachment":[{"href":"https:\/\/www.ipim.gov.mo\/pt-pt\/wp-json\/wp\/v2\/media?parent=378475"}],"curies":[{"name":"wp","href":"https:\/\/api.w.org\/{rel}","templated":true}]}}