{"id":302062,"date":"2020-09-09T21:35:35","date_gmt":"2020-09-09T13:35:35","guid":{"rendered":"https:\/\/www.ipim.gov.mo\/pt-pt\/services-for-lusophone-markets\/china-psc-business-compass\/"},"modified":"2025-07-04T11:01:06","modified_gmt":"2025-07-04T03:01:06","slug":"china-psc-business-compass","status":"publish","type":"page","link":"https:\/\/www.ipim.gov.mo\/pt-pt\/china-pscs-commerce-and-trade\/china-psc-business-compass\/","title":{"rendered":"Conduta do Com\u00e9rcio China-PLP"},"content":{"rendered":"<p class=\"component-view component-typography headline-large page-title\" data-component=\"Typography\"><a href=\"https:\/\/www.ipim.gov.mo\/pt-pt\/homepage\/pt-china-psc-business-compass-service-form\/\" target=\"_blank\" rel=\"noopener\">Servi\u00e7os da Conduta do Com\u00e9rcio China-PLP (Preenchimento Online)<\/a><\/p>\r\n<p><a href=\"https:\/\/www.ipim.gov.mo\/wp-content\/uploads\/2025\/04\/\u4e2d\u8461\u5546\u8cbf\u5c0e\u822a\u670d\u52d9\u8868\u683c_PT.pdf\" target=\"_blank\" rel=\"noopener\">Servi\u00e7os da Conduta do Com\u00e9rcio China-PLP (PDF)<\/a><\/p>\r\n<p style=\"text-align: center;\"><a href=\"https:\/\/www.ipim.gov.mo\/wp-content\/uploads\/2024\/07\/\u4e2d\u8461\u5546\u8cbf\u5c0e\u822aEDM_PT-scaled.jpg\"><img loading=\"lazy\" decoding=\"async\" class=\"aligncenter wp-image-468169 size-full\" src=\"https:\/\/www.ipim.gov.mo\/wp-content\/uploads\/2024\/07\/\u4e2d\u8461\u5546\u8cbf\u5c0e\u822aEDM_PT-scaled.jpg\" alt=\"\" width=\"577\" height=\"2560\" srcset=\"https:\/\/www.ipim.gov.mo\/wp-content\/uploads\/2024\/07\/\u4e2d\u8461\u5546\u8cbf\u5c0e\u822aEDM_PT-scaled.jpg 577w, https:\/\/www.ipim.gov.mo\/wp-content\/uploads\/2024\/07\/\u4e2d\u8461\u5546\u8cbf\u5c0e\u822aEDM_PT-231x1024.jpg 231w, https:\/\/www.ipim.gov.mo\/wp-content\/uploads\/2024\/07\/\u4e2d\u8461\u5546\u8cbf\u5c0e\u822aEDM_PT-346x1536.jpg 346w\" sizes=\"auto, (max-width: 577px) 100vw, 577px\" \/><\/a><\/p>\r\n\r\n<p>Sejam bem-vindos a usar o servi\u00e7o \u00a0\u201cConduta do Com\u00e9rcio China-PLP\u201d! Para quaisquer esclarecimentos, por favor contacte-nos atrav\u00e9s do telefone: +853 8798 9724, fax: +853 2872 7123 ou e-mail: <a href=\"mailto:daspf@ipim.gov.mo\">daspf@ipim.gov.mo<\/a>.<\/p>\r\n","protected":false},"excerpt":{"rendered":"<p>Servi\u00e7os da Conduta do Com\u00e9rcio China-PLP (Preenchimento Online) Servi\u00e7os da Conduta do Com\u00e9rcio China-PLP (PDF) Sejam bem-vindos a usar o servi\u00e7o \u00a0\u201cConduta do Com\u00e9rcio China-PLP\u201d! [&hellip;]<\/p>\n","protected":false},"author":56439,"featured_media":467868,"parent":494162,"menu_order":10,"comment_status":"closed","ping_status":"closed","template":"","meta":{"_acf_changed":false,"inline_featured_image":false,"advgb_blocks_editor_width":"","advgb_blocks_columns_visual_guide":"","footnotes":""},"class_list":["post-302062","page","type-page","status-publish","has-post-thumbnail","hentry"],"acf":[],"yoast_head":"<!-- This site is optimized with the Yoast SEO plugin v26.2 - https:\/\/yoast.com\/wordpress\/plugins\/seo\/ -->\r\n<title>Conduta do Com\u00e9rcio China-PLP | Commerce and Investment Promotion Institute<\/title>\r\n<meta name=\"robots\" content=\"index, follow, max-snippet:-1, max-image-preview:large, max-video-preview:-1\" \/>\r\n<link rel=\"canonical\" href=\"https:\/\/www.ipim.gov.mo\/pt-pt\/china-pscs-commerce-and-trade\/china-psc-business-compass\/\" \/>\r\n<meta property=\"og:locale\" content=\"pt_PT\" \/>\r\n<meta property=\"og:type\" content=\"article\" \/>\r\n<meta property=\"og:title\" content=\"Conduta do Com\u00e9rcio China-PLP | Commerce and Investment Promotion Institute\" \/>\r\n<meta property=\"og:description\" content=\"Servi\u00e7os da Conduta do Com\u00e9rcio China-PLP (Preenchimento Online) Servi\u00e7os da Conduta do Com\u00e9rcio China-PLP (PDF) Sejam bem-vindos a usar o servi\u00e7o \u00a0\u201cConduta do Com\u00e9rcio China-PLP\u201d! [&hellip;]\" \/>\r\n<meta property=\"og:url\" content=\"https:\/\/www.ipim.gov.mo\/pt-pt\/china-pscs-commerce-and-trade\/china-psc-business-compass\/\" \/>\r\n<meta property=\"og:site_name\" content=\"Commerce and Investment Promotion Institute\" \/>\r\n<meta property=\"article:modified_time\" content=\"2025-07-04T03:01:06+00:00\" \/>\r\n<meta property=\"og:image\" content=\"https:\/\/www.ipim.gov.mo\/wp-content\/uploads\/2024\/07\/ipim-post-default.jpg\" \/>\r\n\t<meta property=\"og:image:width\" content=\"1024\" \/>\r\n\t<meta property=\"og:image:height\" content=\"768\" \/>\r\n\t<meta property=\"og:image:type\" content=\"image\/jpeg\" \/>\r\n<meta name=\"twitter:card\" content=\"summary_large_image\" \/>\r\n<meta name=\"twitter:label1\" content=\"Est. reading time\" \/>\n\t<meta name=\"twitter:data1\" content=\"1 minute\" \/>\r\n<script type=\"application\/ld+json\" class=\"yoast-schema-graph\">{\"@context\":\"https:\/\/schema.org\",\"@graph\":[{\"@type\":\"WebPage\",\"@id\":\"https:\/\/www.ipim.gov.mo\/pt-pt\/china-pscs-commerce-and-trade\/china-psc-business-compass\/\",\"url\":\"https:\/\/www.ipim.gov.mo\/pt-pt\/china-pscs-commerce-and-trade\/china-psc-business-compass\/\",\"name\":\"Conduta do Com\u00e9rcio China-PLP | Commerce and Investment Promotion Institute\",\"isPartOf\":{\"@id\":\"https:\/\/www.ipim.gov.mo\/zh-hans\/#website\"},\"primaryImageOfPage\":{\"@id\":\"https:\/\/www.ipim.gov.mo\/pt-pt\/china-pscs-commerce-and-trade\/china-psc-business-compass\/#primaryimage\"},\"image\":{\"@id\":\"https:\/\/www.ipim.gov.mo\/pt-pt\/china-pscs-commerce-and-trade\/china-psc-business-compass\/#primaryimage\"},\"thumbnailUrl\":\"https:\/\/www.ipim.gov.mo\/wp-content\/uploads\/2024\/07\/ipim-post-default.jpg\",\"datePublished\":\"2020-09-09T13:35:35+00:00\",\"dateModified\":\"2025-07-04T03:01:06+00:00\",\"breadcrumb\":{\"@id\":\"https:\/\/www.ipim.gov.mo\/pt-pt\/china-pscs-commerce-and-trade\/china-psc-business-compass\/#breadcrumb\"},\"inLanguage\":\"pt-PT\",\"potentialAction\":[{\"@type\":\"ReadAction\",\"target\":[\"https:\/\/www.ipim.gov.mo\/pt-pt\/china-pscs-commerce-and-trade\/china-psc-business-compass\/\"]}]},{\"@type\":\"ImageObject\",\"inLanguage\":\"pt-PT\",\"@id\":\"https:\/\/www.ipim.gov.mo\/pt-pt\/china-pscs-commerce-and-trade\/china-psc-business-compass\/#primaryimage\",\"url\":\"https:\/\/www.ipim.gov.mo\/wp-content\/uploads\/2024\/07\/ipim-post-default.jpg\",\"contentUrl\":\"https:\/\/www.ipim.gov.mo\/wp-content\/uploads\/2024\/07\/ipim-post-default.jpg\",\"width\":1024,\"height\":768},{\"@type\":\"BreadcrumbList\",\"@id\":\"https:\/\/www.ipim.gov.mo\/pt-pt\/china-pscs-commerce-and-trade\/china-psc-business-compass\/#breadcrumb\",\"itemListElement\":[{\"@type\":\"ListItem\",\"position\":1,\"name\":\"Home\",\"item\":\"https:\/\/www.ipim.gov.mo\/pt-pt\/\"},{\"@type\":\"ListItem\",\"position\":2,\"name\":\"Com\u00e9rcio entre a China e os Paises de Lingua Portuguesa\",\"item\":\"https:\/\/www.ipim.gov.mo\/pt-pt\/china-pscs-commerce-and-trade\/\"},{\"@type\":\"ListItem\",\"position\":3,\"name\":\"Conduta do Com\u00e9rcio China-PLP\"}]},{\"@type\":\"WebSite\",\"@id\":\"https:\/\/www.ipim.gov.mo\/zh-hans\/#website\",\"url\":\"https:\/\/www.ipim.gov.mo\/zh-hans\/\",\"name\":\"Commerce and Investment Promotion Institute\",\"description\":\"Commerce and Investment Promotion Institute\",\"publisher\":{\"@id\":\"https:\/\/www.ipim.gov.mo\/zh-hans\/#organization\"},\"potentialAction\":[{\"@type\":\"SearchAction\",\"target\":{\"@type\":\"EntryPoint\",\"urlTemplate\":\"https:\/\/www.ipim.gov.mo\/zh-hans\/?s={search_term_string}\"},\"query-input\":{\"@type\":\"PropertyValueSpecification\",\"valueRequired\":true,\"valueName\":\"search_term_string\"}}],\"inLanguage\":\"pt-PT\"},{\"@type\":\"Organization\",\"@id\":\"https:\/\/www.ipim.gov.mo\/zh-hans\/#organization\",\"name\":\"IPIM\",\"url\":\"https:\/\/www.ipim.gov.mo\/zh-hans\/\",\"logo\":{\"@type\":\"ImageObject\",\"inLanguage\":\"pt-PT\",\"@id\":\"https:\/\/www.ipim.gov.mo\/zh-hans\/#\/schema\/logo\/image\/\",\"url\":\"https:\/\/www.ipim.gov.mo\/wp-content\/uploads\/2022\/10\/default-post-thumbnail-ipim-logo.png\",\"contentUrl\":\"https:\/\/www.ipim.gov.mo\/wp-content\/uploads\/2022\/10\/default-post-thumbnail-ipim-logo.png\",\"width\":1024,\"height\":768,\"caption\":\"IPIM\"},\"image\":{\"@id\":\"https:\/\/www.ipim.gov.mo\/zh-hans\/#\/schema\/logo\/image\/\"}}]}<\/script>\r\n<!-- \/ Yoast SEO plugin. -->","yoast_head_json":{"title":"Conduta do Com\u00e9rcio China-PLP | Commerce and Investment Promotion Institute","robots":{"index":"index","follow":"follow","max-snippet":"max-snippet:-1","max-image-preview":"max-image-preview:large","max-video-preview":"max-video-preview:-1"},"canonical":"https:\/\/www.ipim.gov.mo\/pt-pt\/china-pscs-commerce-and-trade\/china-psc-business-compass\/","og_locale":"pt_PT","og_type":"article","og_title":"Conduta do Com\u00e9rcio China-PLP | Commerce and Investment Promotion Institute","og_description":"Servi\u00e7os da Conduta do Com\u00e9rcio China-PLP (Preenchimento Online) Servi\u00e7os da Conduta do Com\u00e9rcio China-PLP (PDF) Sejam bem-vindos a usar o servi\u00e7o \u00a0\u201cConduta do Com\u00e9rcio China-PLP\u201d! [&hellip;]","og_url":"https:\/\/www.ipim.gov.mo\/pt-pt\/china-pscs-commerce-and-trade\/china-psc-business-compass\/","og_site_name":"Commerce and Investment Promotion Institute","article_modified_time":"2025-07-04T03:01:06+00:00","og_image":[{"width":1024,"height":768,"url":"https:\/\/www.ipim.gov.mo\/wp-content\/uploads\/2024\/07\/ipim-post-default.jpg","type":"image\/jpeg"}],"twitter_card":"summary_large_image","twitter_misc":{"Est. reading time":"1 minute"},"schema":{"@context":"https:\/\/schema.org","@graph":[{"@type":"WebPage","@id":"https:\/\/www.ipim.gov.mo\/pt-pt\/china-pscs-commerce-and-trade\/china-psc-business-compass\/","url":"https:\/\/www.ipim.gov.mo\/pt-pt\/china-pscs-commerce-and-trade\/china-psc-business-compass\/","name":"Conduta do Com\u00e9rcio China-PLP | Commerce and Investment Promotion Institute","isPartOf":{"@id":"https:\/\/www.ipim.gov.mo\/zh-hans\/#website"},"primaryImageOfPage":{"@id":"https:\/\/www.ipim.gov.mo\/pt-pt\/china-pscs-commerce-and-trade\/china-psc-business-compass\/#primaryimage"},"image":{"@id":"https:\/\/www.ipim.gov.mo\/pt-pt\/china-pscs-commerce-and-trade\/china-psc-business-compass\/#primaryimage"},"thumbnailUrl":"https:\/\/www.ipim.gov.mo\/wp-content\/uploads\/2024\/07\/ipim-post-default.jpg","datePublished":"2020-09-09T13:35:35+00:00","dateModified":"2025-07-04T03:01:06+00:00","breadcrumb":{"@id":"https:\/\/www.ipim.gov.mo\/pt-pt\/china-pscs-commerce-and-trade\/china-psc-business-compass\/#breadcrumb"},"inLanguage":"pt-PT","potentialAction":[{"@type":"ReadAction","target":["https:\/\/www.ipim.gov.mo\/pt-pt\/china-pscs-commerce-and-trade\/china-psc-business-compass\/"]}]},{"@type":"ImageObject","inLanguage":"pt-PT","@id":"https:\/\/www.ipim.gov.mo\/pt-pt\/china-pscs-commerce-and-trade\/china-psc-business-compass\/#primaryimage","url":"https:\/\/www.ipim.gov.mo\/wp-content\/uploads\/2024\/07\/ipim-post-default.jpg","contentUrl":"https:\/\/www.ipim.gov.mo\/wp-content\/uploads\/2024\/07\/ipim-post-default.jpg","width":1024,"height":768},{"@type":"BreadcrumbList","@id":"https:\/\/www.ipim.gov.mo\/pt-pt\/china-pscs-commerce-and-trade\/china-psc-business-compass\/#breadcrumb","itemListElement":[{"@type":"ListItem","position":1,"name":"Home","item":"https:\/\/www.ipim.gov.mo\/pt-pt\/"},{"@type":"ListItem","position":2,"name":"Com\u00e9rcio entre a China e os Paises de Lingua Portuguesa","item":"https:\/\/www.ipim.gov.mo\/pt-pt\/china-pscs-commerce-and-trade\/"},{"@type":"ListItem","position":3,"name":"Conduta do Com\u00e9rcio China-PLP"}]},{"@type":"WebSite","@id":"https:\/\/www.ipim.gov.mo\/zh-hans\/#website","url":"https:\/\/www.ipim.gov.mo\/zh-hans\/","name":"Commerce and Investment Promotion Institute","description":"Commerce and Investment Promotion Institute","publisher":{"@id":"https:\/\/www.ipim.gov.mo\/zh-hans\/#organization"},"potentialAction":[{"@type":"SearchAction","target":{"@type":"EntryPoint","urlTemplate":"https:\/\/www.ipim.gov.mo\/zh-hans\/?s={search_term_string}"},"query-input":{"@type":"PropertyValueSpecification","valueRequired":true,"valueName":"search_term_string"}}],"inLanguage":"pt-PT"},{"@type":"Organization","@id":"https:\/\/www.ipim.gov.mo\/zh-hans\/#organization","name":"IPIM","url":"https:\/\/www.ipim.gov.mo\/zh-hans\/","logo":{"@type":"ImageObject","inLanguage":"pt-PT","@id":"https:\/\/www.ipim.gov.mo\/zh-hans\/#\/schema\/logo\/image\/","url":"https:\/\/www.ipim.gov.mo\/wp-content\/uploads\/2022\/10\/default-post-thumbnail-ipim-logo.png","contentUrl":"https:\/\/www.ipim.gov.mo\/wp-content\/uploads\/2022\/10\/default-post-thumbnail-ipim-logo.png","width":1024,"height":768,"caption":"IPIM"},"image":{"@id":"https:\/\/www.ipim.gov.mo\/zh-hans\/#\/schema\/logo\/image\/"}}]}},"coauthors":[],"author_meta":{"author_link":"https:\/\/www.ipim.gov.mo\/pt-pt\/author\/ipimcontent\/","display_name":"ipimcontent"},"relative_dates":{"created":"Posted 6 years ago","modified":"Updated 10 months ago"},"absolute_dates":{"created":"Posted on Setembro 9, 2020","modified":"Updated on Julho 4, 2025"},"absolute_dates_time":{"created":"Posted on Setembro 9, 2020 9:35 pm","modified":"Updated on Julho 4, 2025 11:01 am"},"featured_img_caption":"","featured_img":"https:\/\/www.ipim.gov.mo\/wp-content\/uploads\/2024\/07\/ipim-post-default.jpg","series_order":"","_links":{"self":[{"href":"https:\/\/www.ipim.gov.mo\/pt-pt\/wp-json\/wp\/v2\/pages\/302062","targetHints":{"allow":["GET"]}}],"collection":[{"href":"https:\/\/www.ipim.gov.mo\/pt-pt\/wp-json\/wp\/v2\/pages"}],"about":[{"href":"https:\/\/www.ipim.gov.mo\/pt-pt\/wp-json\/wp\/v2\/types\/page"}],"author":[{"embeddable":true,"href":"https:\/\/www.ipim.gov.mo\/pt-pt\/wp-json\/wp\/v2\/users\/56439"}],"replies":[{"embeddable":true,"href":"https:\/\/www.ipim.gov.mo\/pt-pt\/wp-json\/wp\/v2\/comments?post=302062"}],"version-history":[{"count":4,"href":"https:\/\/www.ipim.gov.mo\/pt-pt\/wp-json\/wp\/v2\/pages\/302062\/revisions"}],"predecessor-version":[{"id":495516,"href":"https:\/\/www.ipim.gov.mo\/pt-pt\/wp-json\/wp\/v2\/pages\/302062\/revisions\/495516"}],"up":[{"embeddable":true,"href":"https:\/\/www.ipim.gov.mo\/pt-pt\/wp-json\/wp\/v2\/pages\/494162"}],"wp:featuredmedia":[{"embeddable":true,"href":"https:\/\/www.ipim.gov.mo\/pt-pt\/wp-json\/wp\/v2\/media\/467868"}],"wp:attachment":[{"href":"https:\/\/www.ipim.gov.mo\/pt-pt\/wp-json\/wp\/v2\/media?parent=302062"}],"curies":[{"name":"wp","href":"https:\/\/api.w.org\/{rel}","templated":true}]}}