{"id":291897,"date":"2020-06-08T18:43:56","date_gmt":"2020-06-08T10:43:56","guid":{"rendered":"https:\/\/www.ipim.gov.mo\/pt-pt\/services\/one-stop-service\/ec-smart\/ec-smart\/"},"modified":"2026-03-12T17:34:03","modified_gmt":"2026-03-12T09:34:03","slug":"ec-smart-database","status":"publish","type":"page","link":"https:\/\/www.ipim.gov.mo\/pt-pt\/investment-promotion\/investors-one-stop-service\/ec-smart\/ec-smart-database\/","title":{"rendered":"\u201cBase de Informa\u00e7\u00f5es Comerciais Compartilhada\u201d"},"content":{"rendered":"\r\n<h2 class=\"wp-block-heading\">Termo de Responsabilidade<\/h2>\r\n\r\n\r\n\r\n<p>As informa\u00e7\u00f5es contidas na presente base de informa\u00e7\u00f5es (p\u00e1gina electr\u00f3nica: <a href=\"https:\/\/www.ipim.gov.mo\/pt-pt\/investment-promotion\/investors-one-stop-service\/ec-smart\/ec-smart-database\/\">https:\/\/www.ipim.gov.mo\/pt-pt\/investment-promotion\/investors-one-stop-service\/ec-smart\/ec-smart-database\/<\/a>) serve apenas como refer\u00eancia, n\u00e3o constando a lista completa das empresas das respectivas ind\u00fastrias que operam em Macau. O Instituto de Promo\u00e7\u00e3o do Com\u00e9rcio e do Investimento (doravante designada por IPIM) pode, sem aviso pr\u00e9vio e a qualquer momento, substituir, acrescentar ou alterar quaisquer conte\u00fados, bem como modificar a sua apar\u00eancia ou configura\u00e7\u00e3o da p\u00e1gina electr\u00f3nica mencionada. Ser\u00e1 periodicamente indicada a data da \u00faltima altera\u00e7\u00e3o na p\u00e1gina electr\u00f3nica.<\/p>\r\n\r\n\r\n\r\n<p>As informa\u00e7\u00f5es contidas na presente base de dados de informa\u00e7\u00f5es foram fornecidas ao IPIM pelos prestadores de servi\u00e7os, n\u00e3o implicando que os prestadores de servi\u00e7os sejam, expressa ou implicitamente, recomendados, garantidos, reconhecidos, certificados ou prometidos pelo IPIM.<\/p>\r\n\r\n\r\n\r\n<p>IPIM envidar\u00e1 todos os esfor\u00e7os para garantir a exactid\u00e3o e a credibilidade das informa\u00e7\u00f5es fornecidas pelos prestadores de servi\u00e7os, n\u00e3o sendo capaz, por\u00e9m, de evitar quaisquer inveracidades das mesmas. IPIM n\u00e3o assume resposabilidades legal e processual perante quaisquer danos ou perdas que V. Exa. possa sofrer em resultado da utiliza\u00e7\u00e3o desta base de informa\u00e7\u00f5es e de todos os assuntos relacionados com o acesso a outras p\u00e1ginas electr\u00f3nicas atrav\u00e9s de hiperliga\u00e7\u00f5es contidas nesta base de informa\u00e7\u00f5es.<\/p>\r\n\r\n\r\n\r\n<p>Em caso de conflito ou diverg\u00eancia entre as vers\u00f5es chinesa, inglesa e portuguesa do presente termo de responsabilidade, prevalece a vers\u00e3o chinesa.<\/p>\r\n\r\n\r\n\r\n<div class=\"wp-block-advgb-button aligncenter is-style-squared\"><a class=\"wp-block-advgb-button_link advgbbtn-2e29fc34-d9a8-46e6-8fdc-7e94c9f745c3\" href=\"https:\/\/www.ipim.gov.mo\/pt-pt\/ec-smart\/ec-smart\/services\/\" target=\"_self\" rel=\"noopener noreferrer\">Li e aceito o termo de responsabilidade<\/a><\/div>\r\n<style class=\"advgb-styles-renderer\">.advgbbtn-2e29fc34-d9a8-46e6-8fdc-7e94c9f745c3{font-size:18px;color:#ffffff !important;background-color:#cf2e2e !important;margin:0px 0px 0px 0px !important;padding:10px 30px 10px 30px;border-width:1px !important;border-style:none;border-radius:50px !important;}.advgbbtn-2e29fc34-d9a8-46e6-8fdc-7e94c9f745c3:hover{color:#ffffff !important;background-color:#de3c33 !important;box-shadow:0px 0px 0px 0px #ccc;opacity:1;transition:all 0.2s ease;}.advgbbtn-2e29fc34-d9a8-46e6-8fdc-7e94c9f745c3 > i {display: none !important;}<\/style>","protected":false},"excerpt":{"rendered":"<p>Termo de Responsabilidade As informa\u00e7\u00f5es contidas na presente base de informa\u00e7\u00f5es (p\u00e1gina electr\u00f3nica: https:\/\/www.ipim.gov.mo\/pt-pt\/investment-promotion\/investors-one-stop-service\/ec-smart\/ec-smart-database\/) serve apenas como refer\u00eancia, n\u00e3o constando a lista completa das empresas [&hellip;]<\/p>\n","protected":false},"author":56439,"featured_media":467868,"parent":494054,"menu_order":2,"comment_status":"closed","ping_status":"closed","template":"","meta":{"_acf_changed":false,"inline_featured_image":false,"advgb_blocks_editor_width":"","advgb_blocks_columns_visual_guide":"","footnotes":""},"class_list":["post-291897","page","type-page","status-publish","has-post-thumbnail","hentry"],"acf":[],"yoast_head":"<!-- This site is optimized with the Yoast SEO plugin v26.2 - https:\/\/yoast.com\/wordpress\/plugins\/seo\/ -->\r\n<title>\u201cBase de Informa\u00e7\u00f5es Comerciais Compartilhada\u201d | Commerce and Investment Promotion Institute<\/title>\r\n<meta name=\"robots\" content=\"index, follow, max-snippet:-1, max-image-preview:large, max-video-preview:-1\" \/>\r\n<link rel=\"canonical\" href=\"https:\/\/www.ipim.gov.mo\/pt-pt\/investment-promotion\/investors-one-stop-service\/ec-smart\/ec-smart-database\/\" \/>\r\n<meta property=\"og:locale\" content=\"pt_PT\" \/>\r\n<meta property=\"og:type\" content=\"article\" \/>\r\n<meta property=\"og:title\" content=\"\u201cBase de Informa\u00e7\u00f5es Comerciais Compartilhada\u201d | Commerce and Investment Promotion Institute\" \/>\r\n<meta property=\"og:description\" content=\"Termo de Responsabilidade As informa\u00e7\u00f5es contidas na presente base de informa\u00e7\u00f5es (p\u00e1gina electr\u00f3nica: https:\/\/www.ipim.gov.mo\/pt-pt\/investment-promotion\/investors-one-stop-service\/ec-smart\/ec-smart-database\/) serve apenas como refer\u00eancia, n\u00e3o constando a lista completa das empresas [&hellip;]\" \/>\r\n<meta property=\"og:url\" content=\"https:\/\/www.ipim.gov.mo\/pt-pt\/investment-promotion\/investors-one-stop-service\/ec-smart\/ec-smart-database\/\" \/>\r\n<meta property=\"og:site_name\" content=\"Commerce and Investment Promotion Institute\" \/>\r\n<meta property=\"article:modified_time\" content=\"2026-03-12T09:34:03+00:00\" \/>\r\n<meta property=\"og:image\" content=\"https:\/\/www.ipim.gov.mo\/wp-content\/uploads\/2024\/07\/ipim-post-default.jpg\" \/>\r\n\t<meta property=\"og:image:width\" content=\"1024\" \/>\r\n\t<meta property=\"og:image:height\" content=\"768\" \/>\r\n\t<meta property=\"og:image:type\" content=\"image\/jpeg\" \/>\r\n<meta name=\"twitter:card\" content=\"summary_large_image\" \/>\r\n<meta name=\"twitter:label1\" content=\"Est. reading time\" \/>\n\t<meta name=\"twitter:data1\" content=\"2 minutes\" \/>\r\n<script type=\"application\/ld+json\" class=\"yoast-schema-graph\">{\"@context\":\"https:\/\/schema.org\",\"@graph\":[{\"@type\":\"WebPage\",\"@id\":\"https:\/\/www.ipim.gov.mo\/pt-pt\/investment-promotion\/investors-one-stop-service\/ec-smart\/ec-smart-database\/\",\"url\":\"https:\/\/www.ipim.gov.mo\/pt-pt\/investment-promotion\/investors-one-stop-service\/ec-smart\/ec-smart-database\/\",\"name\":\"\u201cBase de Informa\u00e7\u00f5es Comerciais Compartilhada\u201d | Commerce and Investment Promotion Institute\",\"isPartOf\":{\"@id\":\"https:\/\/www.ipim.gov.mo\/zh-hans\/#website\"},\"primaryImageOfPage\":{\"@id\":\"https:\/\/www.ipim.gov.mo\/pt-pt\/investment-promotion\/investors-one-stop-service\/ec-smart\/ec-smart-database\/#primaryimage\"},\"image\":{\"@id\":\"https:\/\/www.ipim.gov.mo\/pt-pt\/investment-promotion\/investors-one-stop-service\/ec-smart\/ec-smart-database\/#primaryimage\"},\"thumbnailUrl\":\"https:\/\/www.ipim.gov.mo\/wp-content\/uploads\/2024\/07\/ipim-post-default.jpg\",\"datePublished\":\"2020-06-08T10:43:56+00:00\",\"dateModified\":\"2026-03-12T09:34:03+00:00\",\"breadcrumb\":{\"@id\":\"https:\/\/www.ipim.gov.mo\/pt-pt\/investment-promotion\/investors-one-stop-service\/ec-smart\/ec-smart-database\/#breadcrumb\"},\"inLanguage\":\"pt-PT\",\"potentialAction\":[{\"@type\":\"ReadAction\",\"target\":[\"https:\/\/www.ipim.gov.mo\/pt-pt\/investment-promotion\/investors-one-stop-service\/ec-smart\/ec-smart-database\/\"]}]},{\"@type\":\"ImageObject\",\"inLanguage\":\"pt-PT\",\"@id\":\"https:\/\/www.ipim.gov.mo\/pt-pt\/investment-promotion\/investors-one-stop-service\/ec-smart\/ec-smart-database\/#primaryimage\",\"url\":\"https:\/\/www.ipim.gov.mo\/wp-content\/uploads\/2024\/07\/ipim-post-default.jpg\",\"contentUrl\":\"https:\/\/www.ipim.gov.mo\/wp-content\/uploads\/2024\/07\/ipim-post-default.jpg\",\"width\":1024,\"height\":768},{\"@type\":\"BreadcrumbList\",\"@id\":\"https:\/\/www.ipim.gov.mo\/pt-pt\/investment-promotion\/investors-one-stop-service\/ec-smart\/ec-smart-database\/#breadcrumb\",\"itemListElement\":[{\"@type\":\"ListItem\",\"position\":1,\"name\":\"Home\",\"item\":\"https:\/\/www.ipim.gov.mo\/pt-pt\/\"},{\"@type\":\"ListItem\",\"position\":2,\"name\":\"Capta\u00e7\u00e3o de Investimentos\",\"item\":\"https:\/\/www.ipim.gov.mo\/pt-pt\/investment-promotion\/\"},{\"@type\":\"ListItem\",\"position\":3,\"name\":\"Servi\u00e7o One Stop ao Investidor\",\"item\":\"https:\/\/www.ipim.gov.mo\/pt-pt\/investment-promotion\/investors-one-stop-service\/\"},{\"@type\":\"ListItem\",\"position\":4,\"name\":\"Base de Informa\u00e7\u00f5es Comerciais Compartilhada\",\"item\":\"https:\/\/www.ipim.gov.mo\/pt-pt\/investment-promotion\/investors-one-stop-service\/ec-smart\/\"},{\"@type\":\"ListItem\",\"position\":5,\"name\":\"\u201cBase de Informa\u00e7\u00f5es Comerciais Compartilhada\u201d\"}]},{\"@type\":\"WebSite\",\"@id\":\"https:\/\/www.ipim.gov.mo\/zh-hans\/#website\",\"url\":\"https:\/\/www.ipim.gov.mo\/zh-hans\/\",\"name\":\"Commerce and Investment Promotion Institute\",\"description\":\"Commerce and Investment Promotion Institute\",\"publisher\":{\"@id\":\"https:\/\/www.ipim.gov.mo\/zh-hans\/#organization\"},\"potentialAction\":[{\"@type\":\"SearchAction\",\"target\":{\"@type\":\"EntryPoint\",\"urlTemplate\":\"https:\/\/www.ipim.gov.mo\/zh-hans\/?s={search_term_string}\"},\"query-input\":{\"@type\":\"PropertyValueSpecification\",\"valueRequired\":true,\"valueName\":\"search_term_string\"}}],\"inLanguage\":\"pt-PT\"},{\"@type\":\"Organization\",\"@id\":\"https:\/\/www.ipim.gov.mo\/zh-hans\/#organization\",\"name\":\"IPIM\",\"url\":\"https:\/\/www.ipim.gov.mo\/zh-hans\/\",\"logo\":{\"@type\":\"ImageObject\",\"inLanguage\":\"pt-PT\",\"@id\":\"https:\/\/www.ipim.gov.mo\/zh-hans\/#\/schema\/logo\/image\/\",\"url\":\"https:\/\/www.ipim.gov.mo\/wp-content\/uploads\/2022\/10\/default-post-thumbnail-ipim-logo.png\",\"contentUrl\":\"https:\/\/www.ipim.gov.mo\/wp-content\/uploads\/2022\/10\/default-post-thumbnail-ipim-logo.png\",\"width\":1024,\"height\":768,\"caption\":\"IPIM\"},\"image\":{\"@id\":\"https:\/\/www.ipim.gov.mo\/zh-hans\/#\/schema\/logo\/image\/\"}}]}<\/script>\r\n<!-- \/ Yoast SEO plugin. -->","yoast_head_json":{"title":"\u201cBase de Informa\u00e7\u00f5es Comerciais Compartilhada\u201d | Commerce and Investment Promotion Institute","robots":{"index":"index","follow":"follow","max-snippet":"max-snippet:-1","max-image-preview":"max-image-preview:large","max-video-preview":"max-video-preview:-1"},"canonical":"https:\/\/www.ipim.gov.mo\/pt-pt\/investment-promotion\/investors-one-stop-service\/ec-smart\/ec-smart-database\/","og_locale":"pt_PT","og_type":"article","og_title":"\u201cBase de Informa\u00e7\u00f5es Comerciais Compartilhada\u201d | Commerce and Investment Promotion Institute","og_description":"Termo de Responsabilidade As informa\u00e7\u00f5es contidas na presente base de informa\u00e7\u00f5es (p\u00e1gina electr\u00f3nica: https:\/\/www.ipim.gov.mo\/pt-pt\/investment-promotion\/investors-one-stop-service\/ec-smart\/ec-smart-database\/) serve apenas como refer\u00eancia, n\u00e3o constando a lista completa das empresas [&hellip;]","og_url":"https:\/\/www.ipim.gov.mo\/pt-pt\/investment-promotion\/investors-one-stop-service\/ec-smart\/ec-smart-database\/","og_site_name":"Commerce and Investment Promotion Institute","article_modified_time":"2026-03-12T09:34:03+00:00","og_image":[{"width":1024,"height":768,"url":"https:\/\/www.ipim.gov.mo\/wp-content\/uploads\/2024\/07\/ipim-post-default.jpg","type":"image\/jpeg"}],"twitter_card":"summary_large_image","twitter_misc":{"Est. reading time":"2 minutes"},"schema":{"@context":"https:\/\/schema.org","@graph":[{"@type":"WebPage","@id":"https:\/\/www.ipim.gov.mo\/pt-pt\/investment-promotion\/investors-one-stop-service\/ec-smart\/ec-smart-database\/","url":"https:\/\/www.ipim.gov.mo\/pt-pt\/investment-promotion\/investors-one-stop-service\/ec-smart\/ec-smart-database\/","name":"\u201cBase de Informa\u00e7\u00f5es Comerciais Compartilhada\u201d | Commerce and Investment Promotion Institute","isPartOf":{"@id":"https:\/\/www.ipim.gov.mo\/zh-hans\/#website"},"primaryImageOfPage":{"@id":"https:\/\/www.ipim.gov.mo\/pt-pt\/investment-promotion\/investors-one-stop-service\/ec-smart\/ec-smart-database\/#primaryimage"},"image":{"@id":"https:\/\/www.ipim.gov.mo\/pt-pt\/investment-promotion\/investors-one-stop-service\/ec-smart\/ec-smart-database\/#primaryimage"},"thumbnailUrl":"https:\/\/www.ipim.gov.mo\/wp-content\/uploads\/2024\/07\/ipim-post-default.jpg","datePublished":"2020-06-08T10:43:56+00:00","dateModified":"2026-03-12T09:34:03+00:00","breadcrumb":{"@id":"https:\/\/www.ipim.gov.mo\/pt-pt\/investment-promotion\/investors-one-stop-service\/ec-smart\/ec-smart-database\/#breadcrumb"},"inLanguage":"pt-PT","potentialAction":[{"@type":"ReadAction","target":["https:\/\/www.ipim.gov.mo\/pt-pt\/investment-promotion\/investors-one-stop-service\/ec-smart\/ec-smart-database\/"]}]},{"@type":"ImageObject","inLanguage":"pt-PT","@id":"https:\/\/www.ipim.gov.mo\/pt-pt\/investment-promotion\/investors-one-stop-service\/ec-smart\/ec-smart-database\/#primaryimage","url":"https:\/\/www.ipim.gov.mo\/wp-content\/uploads\/2024\/07\/ipim-post-default.jpg","contentUrl":"https:\/\/www.ipim.gov.mo\/wp-content\/uploads\/2024\/07\/ipim-post-default.jpg","width":1024,"height":768},{"@type":"BreadcrumbList","@id":"https:\/\/www.ipim.gov.mo\/pt-pt\/investment-promotion\/investors-one-stop-service\/ec-smart\/ec-smart-database\/#breadcrumb","itemListElement":[{"@type":"ListItem","position":1,"name":"Home","item":"https:\/\/www.ipim.gov.mo\/pt-pt\/"},{"@type":"ListItem","position":2,"name":"Capta\u00e7\u00e3o de Investimentos","item":"https:\/\/www.ipim.gov.mo\/pt-pt\/investment-promotion\/"},{"@type":"ListItem","position":3,"name":"Servi\u00e7o One Stop ao Investidor","item":"https:\/\/www.ipim.gov.mo\/pt-pt\/investment-promotion\/investors-one-stop-service\/"},{"@type":"ListItem","position":4,"name":"Base de Informa\u00e7\u00f5es Comerciais Compartilhada","item":"https:\/\/www.ipim.gov.mo\/pt-pt\/investment-promotion\/investors-one-stop-service\/ec-smart\/"},{"@type":"ListItem","position":5,"name":"\u201cBase de Informa\u00e7\u00f5es Comerciais Compartilhada\u201d"}]},{"@type":"WebSite","@id":"https:\/\/www.ipim.gov.mo\/zh-hans\/#website","url":"https:\/\/www.ipim.gov.mo\/zh-hans\/","name":"Commerce and Investment Promotion Institute","description":"Commerce and Investment Promotion Institute","publisher":{"@id":"https:\/\/www.ipim.gov.mo\/zh-hans\/#organization"},"potentialAction":[{"@type":"SearchAction","target":{"@type":"EntryPoint","urlTemplate":"https:\/\/www.ipim.gov.mo\/zh-hans\/?s={search_term_string}"},"query-input":{"@type":"PropertyValueSpecification","valueRequired":true,"valueName":"search_term_string"}}],"inLanguage":"pt-PT"},{"@type":"Organization","@id":"https:\/\/www.ipim.gov.mo\/zh-hans\/#organization","name":"IPIM","url":"https:\/\/www.ipim.gov.mo\/zh-hans\/","logo":{"@type":"ImageObject","inLanguage":"pt-PT","@id":"https:\/\/www.ipim.gov.mo\/zh-hans\/#\/schema\/logo\/image\/","url":"https:\/\/www.ipim.gov.mo\/wp-content\/uploads\/2022\/10\/default-post-thumbnail-ipim-logo.png","contentUrl":"https:\/\/www.ipim.gov.mo\/wp-content\/uploads\/2022\/10\/default-post-thumbnail-ipim-logo.png","width":1024,"height":768,"caption":"IPIM"},"image":{"@id":"https:\/\/www.ipim.gov.mo\/zh-hans\/#\/schema\/logo\/image\/"}}]}},"coauthors":[],"author_meta":{"author_link":"https:\/\/www.ipim.gov.mo\/pt-pt\/author\/ipimcontent\/","display_name":"ipimcontent"},"relative_dates":{"created":"Posted 6 years ago","modified":"Updated 1 month ago"},"absolute_dates":{"created":"Posted on Junho 8, 2020","modified":"Updated on Mar\u00e7o 12, 2026"},"absolute_dates_time":{"created":"Posted on Junho 8, 2020 6:43 pm","modified":"Updated on Mar\u00e7o 12, 2026 5:34 pm"},"featured_img_caption":"","featured_img":"https:\/\/www.ipim.gov.mo\/wp-content\/uploads\/2024\/07\/ipim-post-default.jpg","series_order":"","_links":{"self":[{"href":"https:\/\/www.ipim.gov.mo\/pt-pt\/wp-json\/wp\/v2\/pages\/291897","targetHints":{"allow":["GET"]}}],"collection":[{"href":"https:\/\/www.ipim.gov.mo\/pt-pt\/wp-json\/wp\/v2\/pages"}],"about":[{"href":"https:\/\/www.ipim.gov.mo\/pt-pt\/wp-json\/wp\/v2\/types\/page"}],"author":[{"embeddable":true,"href":"https:\/\/www.ipim.gov.mo\/pt-pt\/wp-json\/wp\/v2\/users\/56439"}],"replies":[{"embeddable":true,"href":"https:\/\/www.ipim.gov.mo\/pt-pt\/wp-json\/wp\/v2\/comments?post=291897"}],"version-history":[{"count":4,"href":"https:\/\/www.ipim.gov.mo\/pt-pt\/wp-json\/wp\/v2\/pages\/291897\/revisions"}],"predecessor-version":[{"id":504527,"href":"https:\/\/www.ipim.gov.mo\/pt-pt\/wp-json\/wp\/v2\/pages\/291897\/revisions\/504527"}],"up":[{"embeddable":true,"href":"https:\/\/www.ipim.gov.mo\/pt-pt\/wp-json\/wp\/v2\/pages\/494054"}],"wp:featuredmedia":[{"embeddable":true,"href":"https:\/\/www.ipim.gov.mo\/pt-pt\/wp-json\/wp\/v2\/media\/467868"}],"wp:attachment":[{"href":"https:\/\/www.ipim.gov.mo\/pt-pt\/wp-json\/wp\/v2\/media?parent=291897"}],"curies":[{"name":"wp","href":"https:\/\/api.w.org\/{rel}","templated":true}]}}