{"id":291889,"date":"2020-06-06T00:11:37","date_gmt":"2020-06-05T16:11:37","guid":{"rendered":"https:\/\/www.ipim.gov.mo\/pt-pt\/services\/one-stop-service\/ec-smart\/introduction\/"},"modified":"2025-06-28T04:23:38","modified_gmt":"2025-06-27T20:23:38","slug":"introduction","status":"publish","type":"page","link":"https:\/\/www.ipim.gov.mo\/pt-pt\/investment-promotion\/investors-one-stop-service\/ec-smart\/introduction\/","title":{"rendered":"Breve Apresenta\u00e7\u00e3o da \u201cBase de Dados de Informa\u00e7\u00f5es Comerciais Compartilhada\u201d"},"content":{"rendered":"\r\n<p>No sentido de optimizar continuamente o ambiente de neg\u00f3cios de Macau e de ir ao encontro das necessidades dos investidores locais e estrangeiros, o Instituto de Promo\u00e7\u00e3o do Com\u00e9rcio e do Investimento lan\u00e7ou a \u201cBase de Dados de Informa\u00e7\u00f5es Comerciais Compartilhada (EC Smart)\u201d que integra as informa\u00e7\u00f5es de servi\u00e7os comerciais complementares e apoia os investidores no desenvolvimento das actividades e na expans\u00e3o de oportunidades de neg\u00f3cio em Macau, de modo a oferecer-lhes um servi\u00e7o mais diversificado, conveniente, eficaz e abrangente.<\/p>\r\n\r\n\r\n\r\n<p>A \u201cBase de Dados de Informa\u00e7\u00f5es Comerciais Compartilhada\u201d inclui informa\u00e7\u00f5es de diferentes\u00a0ind\u00fastrias, nomeadamente consultadoria de engenharia e preven\u00e7\u00e3o de inc\u00eandios, loca\u00e7\u00e3o financeira\/bancos, contabilidade, advocacia, media\u00e7\u00e3o imobili\u00e1ria, log\u00edstica, ag\u00eancia de emprego,\u00a0centro de servi\u00e7os comerciais, entre outros, proporcionando aos investidores a possibilidade de consultar e encontrar facilmente os servi\u00e7os comerciais adequados. Por outro lado , a\u00a0entrada em funcionamento da \u201cBase de Dados de Informa\u00e7\u00f5es Comerciais Compartilhada\u201d ser\u00e1 igualmente \u00fatil \u00e0s empresas das ind\u00fastrias acima referidas na promo\u00e7\u00e3o das suas actividades e na atrac\u00e7\u00e3o de potenciais clientes.<\/p>\r\n","protected":false},"excerpt":{"rendered":"<p>No sentido de optimizar continuamente o ambiente de neg\u00f3cios de Macau e de ir ao encontro das necessidades dos investidores locais e estrangeiros, o Instituto [&hellip;]<\/p>\n","protected":false},"author":56439,"featured_media":467868,"parent":494054,"menu_order":1,"comment_status":"closed","ping_status":"closed","template":"","meta":{"_acf_changed":false,"inline_featured_image":false,"advgb_blocks_editor_width":"","advgb_blocks_columns_visual_guide":"","footnotes":""},"class_list":["post-291889","page","type-page","status-publish","has-post-thumbnail","hentry"],"acf":[],"yoast_head":"<!-- This site is optimized with the Yoast SEO plugin v26.2 - https:\/\/yoast.com\/wordpress\/plugins\/seo\/ -->\r\n<title>Breve Apresenta\u00e7\u00e3o da \u201cBase de Dados de Informa\u00e7\u00f5es Comerciais Compartilhada\u201d | Commerce and Investment Promotion Institute<\/title>\r\n<meta name=\"robots\" content=\"index, follow, max-snippet:-1, max-image-preview:large, max-video-preview:-1\" \/>\r\n<link rel=\"canonical\" href=\"https:\/\/www.ipim.gov.mo\/pt-pt\/investment-promotion\/investors-one-stop-service\/ec-smart\/introduction\/\" \/>\r\n<meta property=\"og:locale\" content=\"pt_PT\" \/>\r\n<meta property=\"og:type\" content=\"article\" \/>\r\n<meta property=\"og:title\" content=\"Breve Apresenta\u00e7\u00e3o da \u201cBase de Dados de Informa\u00e7\u00f5es Comerciais Compartilhada\u201d | Commerce and Investment Promotion Institute\" \/>\r\n<meta property=\"og:description\" content=\"No sentido de optimizar continuamente o ambiente de neg\u00f3cios de Macau e de ir ao encontro das necessidades dos investidores locais e estrangeiros, o Instituto [&hellip;]\" \/>\r\n<meta property=\"og:url\" content=\"https:\/\/www.ipim.gov.mo\/pt-pt\/investment-promotion\/investors-one-stop-service\/ec-smart\/introduction\/\" \/>\r\n<meta property=\"og:site_name\" content=\"Commerce and Investment Promotion Institute\" \/>\r\n<meta property=\"article:modified_time\" content=\"2025-06-27T20:23:38+00:00\" \/>\r\n<meta property=\"og:image\" content=\"https:\/\/www.ipim.gov.mo\/wp-content\/uploads\/2024\/07\/ipim-post-default.jpg\" \/>\r\n\t<meta property=\"og:image:width\" content=\"1024\" \/>\r\n\t<meta property=\"og:image:height\" content=\"768\" \/>\r\n\t<meta property=\"og:image:type\" content=\"image\/jpeg\" \/>\r\n<meta name=\"twitter:card\" content=\"summary_large_image\" \/>\r\n<meta name=\"twitter:label1\" content=\"Est. reading time\" \/>\n\t<meta name=\"twitter:data1\" content=\"1 minute\" \/>\r\n<script type=\"application\/ld+json\" class=\"yoast-schema-graph\">{\"@context\":\"https:\/\/schema.org\",\"@graph\":[{\"@type\":\"WebPage\",\"@id\":\"https:\/\/www.ipim.gov.mo\/pt-pt\/investment-promotion\/investors-one-stop-service\/ec-smart\/introduction\/\",\"url\":\"https:\/\/www.ipim.gov.mo\/pt-pt\/investment-promotion\/investors-one-stop-service\/ec-smart\/introduction\/\",\"name\":\"Breve Apresenta\u00e7\u00e3o da \u201cBase de Dados de Informa\u00e7\u00f5es Comerciais Compartilhada\u201d | Commerce and Investment Promotion Institute\",\"isPartOf\":{\"@id\":\"https:\/\/www.ipim.gov.mo\/zh-hans\/#website\"},\"primaryImageOfPage\":{\"@id\":\"https:\/\/www.ipim.gov.mo\/pt-pt\/investment-promotion\/investors-one-stop-service\/ec-smart\/introduction\/#primaryimage\"},\"image\":{\"@id\":\"https:\/\/www.ipim.gov.mo\/pt-pt\/investment-promotion\/investors-one-stop-service\/ec-smart\/introduction\/#primaryimage\"},\"thumbnailUrl\":\"https:\/\/www.ipim.gov.mo\/wp-content\/uploads\/2024\/07\/ipim-post-default.jpg\",\"datePublished\":\"2020-06-05T16:11:37+00:00\",\"dateModified\":\"2025-06-27T20:23:38+00:00\",\"breadcrumb\":{\"@id\":\"https:\/\/www.ipim.gov.mo\/pt-pt\/investment-promotion\/investors-one-stop-service\/ec-smart\/introduction\/#breadcrumb\"},\"inLanguage\":\"pt-PT\",\"potentialAction\":[{\"@type\":\"ReadAction\",\"target\":[\"https:\/\/www.ipim.gov.mo\/pt-pt\/investment-promotion\/investors-one-stop-service\/ec-smart\/introduction\/\"]}]},{\"@type\":\"ImageObject\",\"inLanguage\":\"pt-PT\",\"@id\":\"https:\/\/www.ipim.gov.mo\/pt-pt\/investment-promotion\/investors-one-stop-service\/ec-smart\/introduction\/#primaryimage\",\"url\":\"https:\/\/www.ipim.gov.mo\/wp-content\/uploads\/2024\/07\/ipim-post-default.jpg\",\"contentUrl\":\"https:\/\/www.ipim.gov.mo\/wp-content\/uploads\/2024\/07\/ipim-post-default.jpg\",\"width\":1024,\"height\":768},{\"@type\":\"BreadcrumbList\",\"@id\":\"https:\/\/www.ipim.gov.mo\/pt-pt\/investment-promotion\/investors-one-stop-service\/ec-smart\/introduction\/#breadcrumb\",\"itemListElement\":[{\"@type\":\"ListItem\",\"position\":1,\"name\":\"Home\",\"item\":\"https:\/\/www.ipim.gov.mo\/pt-pt\/\"},{\"@type\":\"ListItem\",\"position\":2,\"name\":\"Capta\u00e7\u00e3o de Investimentos\",\"item\":\"https:\/\/www.ipim.gov.mo\/pt-pt\/investment-promotion\/\"},{\"@type\":\"ListItem\",\"position\":3,\"name\":\"Servi\u00e7o One Stop ao Investidor\",\"item\":\"https:\/\/www.ipim.gov.mo\/pt-pt\/investment-promotion\/investors-one-stop-service\/\"},{\"@type\":\"ListItem\",\"position\":4,\"name\":\"Base de Informa\u00e7\u00f5es Comerciais Compartilhada\",\"item\":\"https:\/\/www.ipim.gov.mo\/pt-pt\/investment-promotion\/investors-one-stop-service\/ec-smart\/\"},{\"@type\":\"ListItem\",\"position\":5,\"name\":\"Breve Apresenta\u00e7\u00e3o da \u201cBase de Dados de Informa\u00e7\u00f5es Comerciais Compartilhada\u201d\"}]},{\"@type\":\"WebSite\",\"@id\":\"https:\/\/www.ipim.gov.mo\/zh-hans\/#website\",\"url\":\"https:\/\/www.ipim.gov.mo\/zh-hans\/\",\"name\":\"Commerce and Investment Promotion Institute\",\"description\":\"Commerce and Investment Promotion Institute\",\"publisher\":{\"@id\":\"https:\/\/www.ipim.gov.mo\/zh-hans\/#organization\"},\"potentialAction\":[{\"@type\":\"SearchAction\",\"target\":{\"@type\":\"EntryPoint\",\"urlTemplate\":\"https:\/\/www.ipim.gov.mo\/zh-hans\/?s={search_term_string}\"},\"query-input\":{\"@type\":\"PropertyValueSpecification\",\"valueRequired\":true,\"valueName\":\"search_term_string\"}}],\"inLanguage\":\"pt-PT\"},{\"@type\":\"Organization\",\"@id\":\"https:\/\/www.ipim.gov.mo\/zh-hans\/#organization\",\"name\":\"IPIM\",\"url\":\"https:\/\/www.ipim.gov.mo\/zh-hans\/\",\"logo\":{\"@type\":\"ImageObject\",\"inLanguage\":\"pt-PT\",\"@id\":\"https:\/\/www.ipim.gov.mo\/zh-hans\/#\/schema\/logo\/image\/\",\"url\":\"https:\/\/www.ipim.gov.mo\/wp-content\/uploads\/2022\/10\/default-post-thumbnail-ipim-logo.png\",\"contentUrl\":\"https:\/\/www.ipim.gov.mo\/wp-content\/uploads\/2022\/10\/default-post-thumbnail-ipim-logo.png\",\"width\":1024,\"height\":768,\"caption\":\"IPIM\"},\"image\":{\"@id\":\"https:\/\/www.ipim.gov.mo\/zh-hans\/#\/schema\/logo\/image\/\"}}]}<\/script>\r\n<!-- \/ Yoast SEO plugin. -->","yoast_head_json":{"title":"Breve Apresenta\u00e7\u00e3o da \u201cBase de Dados de Informa\u00e7\u00f5es Comerciais Compartilhada\u201d | Commerce and Investment Promotion Institute","robots":{"index":"index","follow":"follow","max-snippet":"max-snippet:-1","max-image-preview":"max-image-preview:large","max-video-preview":"max-video-preview:-1"},"canonical":"https:\/\/www.ipim.gov.mo\/pt-pt\/investment-promotion\/investors-one-stop-service\/ec-smart\/introduction\/","og_locale":"pt_PT","og_type":"article","og_title":"Breve Apresenta\u00e7\u00e3o da \u201cBase de Dados de Informa\u00e7\u00f5es Comerciais Compartilhada\u201d | Commerce and Investment Promotion Institute","og_description":"No sentido de optimizar continuamente o ambiente de neg\u00f3cios de Macau e de ir ao encontro das necessidades dos investidores locais e estrangeiros, o Instituto [&hellip;]","og_url":"https:\/\/www.ipim.gov.mo\/pt-pt\/investment-promotion\/investors-one-stop-service\/ec-smart\/introduction\/","og_site_name":"Commerce and Investment Promotion Institute","article_modified_time":"2025-06-27T20:23:38+00:00","og_image":[{"width":1024,"height":768,"url":"https:\/\/www.ipim.gov.mo\/wp-content\/uploads\/2024\/07\/ipim-post-default.jpg","type":"image\/jpeg"}],"twitter_card":"summary_large_image","twitter_misc":{"Est. reading time":"1 minute"},"schema":{"@context":"https:\/\/schema.org","@graph":[{"@type":"WebPage","@id":"https:\/\/www.ipim.gov.mo\/pt-pt\/investment-promotion\/investors-one-stop-service\/ec-smart\/introduction\/","url":"https:\/\/www.ipim.gov.mo\/pt-pt\/investment-promotion\/investors-one-stop-service\/ec-smart\/introduction\/","name":"Breve Apresenta\u00e7\u00e3o da \u201cBase de Dados de Informa\u00e7\u00f5es Comerciais Compartilhada\u201d | Commerce and Investment Promotion Institute","isPartOf":{"@id":"https:\/\/www.ipim.gov.mo\/zh-hans\/#website"},"primaryImageOfPage":{"@id":"https:\/\/www.ipim.gov.mo\/pt-pt\/investment-promotion\/investors-one-stop-service\/ec-smart\/introduction\/#primaryimage"},"image":{"@id":"https:\/\/www.ipim.gov.mo\/pt-pt\/investment-promotion\/investors-one-stop-service\/ec-smart\/introduction\/#primaryimage"},"thumbnailUrl":"https:\/\/www.ipim.gov.mo\/wp-content\/uploads\/2024\/07\/ipim-post-default.jpg","datePublished":"2020-06-05T16:11:37+00:00","dateModified":"2025-06-27T20:23:38+00:00","breadcrumb":{"@id":"https:\/\/www.ipim.gov.mo\/pt-pt\/investment-promotion\/investors-one-stop-service\/ec-smart\/introduction\/#breadcrumb"},"inLanguage":"pt-PT","potentialAction":[{"@type":"ReadAction","target":["https:\/\/www.ipim.gov.mo\/pt-pt\/investment-promotion\/investors-one-stop-service\/ec-smart\/introduction\/"]}]},{"@type":"ImageObject","inLanguage":"pt-PT","@id":"https:\/\/www.ipim.gov.mo\/pt-pt\/investment-promotion\/investors-one-stop-service\/ec-smart\/introduction\/#primaryimage","url":"https:\/\/www.ipim.gov.mo\/wp-content\/uploads\/2024\/07\/ipim-post-default.jpg","contentUrl":"https:\/\/www.ipim.gov.mo\/wp-content\/uploads\/2024\/07\/ipim-post-default.jpg","width":1024,"height":768},{"@type":"BreadcrumbList","@id":"https:\/\/www.ipim.gov.mo\/pt-pt\/investment-promotion\/investors-one-stop-service\/ec-smart\/introduction\/#breadcrumb","itemListElement":[{"@type":"ListItem","position":1,"name":"Home","item":"https:\/\/www.ipim.gov.mo\/pt-pt\/"},{"@type":"ListItem","position":2,"name":"Capta\u00e7\u00e3o de Investimentos","item":"https:\/\/www.ipim.gov.mo\/pt-pt\/investment-promotion\/"},{"@type":"ListItem","position":3,"name":"Servi\u00e7o One Stop ao Investidor","item":"https:\/\/www.ipim.gov.mo\/pt-pt\/investment-promotion\/investors-one-stop-service\/"},{"@type":"ListItem","position":4,"name":"Base de Informa\u00e7\u00f5es Comerciais Compartilhada","item":"https:\/\/www.ipim.gov.mo\/pt-pt\/investment-promotion\/investors-one-stop-service\/ec-smart\/"},{"@type":"ListItem","position":5,"name":"Breve Apresenta\u00e7\u00e3o da \u201cBase de Dados de Informa\u00e7\u00f5es Comerciais Compartilhada\u201d"}]},{"@type":"WebSite","@id":"https:\/\/www.ipim.gov.mo\/zh-hans\/#website","url":"https:\/\/www.ipim.gov.mo\/zh-hans\/","name":"Commerce and Investment Promotion Institute","description":"Commerce and Investment Promotion Institute","publisher":{"@id":"https:\/\/www.ipim.gov.mo\/zh-hans\/#organization"},"potentialAction":[{"@type":"SearchAction","target":{"@type":"EntryPoint","urlTemplate":"https:\/\/www.ipim.gov.mo\/zh-hans\/?s={search_term_string}"},"query-input":{"@type":"PropertyValueSpecification","valueRequired":true,"valueName":"search_term_string"}}],"inLanguage":"pt-PT"},{"@type":"Organization","@id":"https:\/\/www.ipim.gov.mo\/zh-hans\/#organization","name":"IPIM","url":"https:\/\/www.ipim.gov.mo\/zh-hans\/","logo":{"@type":"ImageObject","inLanguage":"pt-PT","@id":"https:\/\/www.ipim.gov.mo\/zh-hans\/#\/schema\/logo\/image\/","url":"https:\/\/www.ipim.gov.mo\/wp-content\/uploads\/2022\/10\/default-post-thumbnail-ipim-logo.png","contentUrl":"https:\/\/www.ipim.gov.mo\/wp-content\/uploads\/2022\/10\/default-post-thumbnail-ipim-logo.png","width":1024,"height":768,"caption":"IPIM"},"image":{"@id":"https:\/\/www.ipim.gov.mo\/zh-hans\/#\/schema\/logo\/image\/"}}]}},"coauthors":[],"author_meta":{"author_link":"https:\/\/www.ipim.gov.mo\/pt-pt\/author\/ipimcontent\/","display_name":"ipimcontent"},"relative_dates":{"created":"Posted 6 years ago","modified":"Updated 10 months ago"},"absolute_dates":{"created":"Posted on Junho 6, 2020","modified":"Updated on Junho 28, 2025"},"absolute_dates_time":{"created":"Posted on Junho 6, 2020 12:11 am","modified":"Updated on Junho 28, 2025 4:23 am"},"featured_img_caption":"","featured_img":"https:\/\/www.ipim.gov.mo\/wp-content\/uploads\/2024\/07\/ipim-post-default.jpg","series_order":"","_links":{"self":[{"href":"https:\/\/www.ipim.gov.mo\/pt-pt\/wp-json\/wp\/v2\/pages\/291889","targetHints":{"allow":["GET"]}}],"collection":[{"href":"https:\/\/www.ipim.gov.mo\/pt-pt\/wp-json\/wp\/v2\/pages"}],"about":[{"href":"https:\/\/www.ipim.gov.mo\/pt-pt\/wp-json\/wp\/v2\/types\/page"}],"author":[{"embeddable":true,"href":"https:\/\/www.ipim.gov.mo\/pt-pt\/wp-json\/wp\/v2\/users\/56439"}],"replies":[{"embeddable":true,"href":"https:\/\/www.ipim.gov.mo\/pt-pt\/wp-json\/wp\/v2\/comments?post=291889"}],"version-history":[{"count":1,"href":"https:\/\/www.ipim.gov.mo\/pt-pt\/wp-json\/wp\/v2\/pages\/291889\/revisions"}],"predecessor-version":[{"id":494063,"href":"https:\/\/www.ipim.gov.mo\/pt-pt\/wp-json\/wp\/v2\/pages\/291889\/revisions\/494063"}],"up":[{"embeddable":true,"href":"https:\/\/www.ipim.gov.mo\/pt-pt\/wp-json\/wp\/v2\/pages\/494054"}],"wp:featuredmedia":[{"embeddable":true,"href":"https:\/\/www.ipim.gov.mo\/pt-pt\/wp-json\/wp\/v2\/media\/467868"}],"wp:attachment":[{"href":"https:\/\/www.ipim.gov.mo\/pt-pt\/wp-json\/wp\/v2\/media?parent=291889"}],"curies":[{"name":"wp","href":"https:\/\/api.w.org\/{rel}","templated":true}]}}