{"id":285761,"date":"2020-06-12T00:18:19","date_gmt":"2020-06-11T16:18:19","guid":{"rendered":""},"modified":"2025-11-11T16:59:28","modified_gmt":"2025-11-11T08:59:28","slug":"d6-%e5%89%8d%e5%be%80%e3%80%8c%e6%be%b3%e9%96%80%e9%bb%91%e6%b2%99%e7%92%b0%e6%94%bf%e5%ba%9c%e7%b6%9c%e5%90%88%e6%9c%8d%e5%8b%99%e5%a4%a7%ef%a5%8c%e9%9b%a2%e5%b3%b6%e6%94%bf%e5%ba%9c%e7%b6%9c","status":"publish","type":"page","link":"https:\/\/www.ipim.gov.mo\/pt-pt\/about-ipim\/temporary-residency\/forms-to-download\/declarations\/d6-%e5%89%8d%e5%be%80%e3%80%8c%e6%be%b3%e9%96%80%e9%bb%91%e6%b2%99%e7%92%b0%e6%94%bf%e5%ba%9c%e7%b6%9c%e5%90%88%e6%9c%8d%e5%8b%99%e5%a4%a7%ef%a5%8c%e9%9b%a2%e5%b3%b6%e6%94%bf%e5%ba%9c%e7%b6%9c\/","title":{"rendered":"D6. Declara\u00e7\u00e3o para levantamento pessoal da notifica\u00e7\u00e3o de renova\u00e7\u00e3o de resid\u00eancia tempor\u00e1ria no Centro de Servi\u00e7os da RAEM \/ Centro de Servi\u00e7os da RAEM das Ilhas"},"content":{"rendered":"","protected":false},"excerpt":{"rendered":"","protected":false},"author":56439,"featured_media":467868,"parent":285658,"menu_order":30,"comment_status":"closed","ping_status":"closed","template":"","meta":{"_acf_changed":false,"inline_featured_image":false,"advgb_blocks_editor_width":"","advgb_blocks_columns_visual_guide":"","footnotes":""},"class_list":["post-285761","page","type-page","status-publish","has-post-thumbnail","hentry"],"acf":[],"yoast_head":"<!-- This site is optimized with the Yoast SEO plugin v26.2 - https:\/\/yoast.com\/wordpress\/plugins\/seo\/ -->\r\n<title>D6. Declara\u00e7\u00e3o para levantamento pessoal da notifica\u00e7\u00e3o de renova\u00e7\u00e3o de resid\u00eancia tempor\u00e1ria no Centro de Servi\u00e7os da RAEM \/ Centro de Servi\u00e7os da RAEM das Ilhas | Commerce and Investment Promotion Institute<\/title>\r\n<meta name=\"robots\" content=\"index, follow, max-snippet:-1, max-image-preview:large, max-video-preview:-1\" \/>\r\n<link rel=\"canonical\" href=\"https:\/\/www.ipim.gov.mo\/pt-pt\/about-ipim\/temporary-residency\/forms-to-download\/declarations\/d6-\u524d\u5f80\u300c\u6fb3\u9580\u9ed1\u6c99\u74b0\u653f\u5e9c\u7d9c\u5408\u670d\u52d9\u5927\uf94c\u96e2\u5cf6\u653f\u5e9c\u7d9c\/\" \/>\r\n<meta property=\"og:locale\" content=\"pt_PT\" \/>\r\n<meta property=\"og:type\" content=\"article\" \/>\r\n<meta property=\"og:title\" content=\"D6. Declara\u00e7\u00e3o para levantamento pessoal da notifica\u00e7\u00e3o de renova\u00e7\u00e3o de resid\u00eancia tempor\u00e1ria no Centro de Servi\u00e7os da RAEM \/ Centro de Servi\u00e7os da RAEM das Ilhas | Commerce and Investment Promotion Institute\" \/>\r\n<meta property=\"og:url\" content=\"https:\/\/www.ipim.gov.mo\/pt-pt\/about-ipim\/temporary-residency\/forms-to-download\/declarations\/d6-\u524d\u5f80\u300c\u6fb3\u9580\u9ed1\u6c99\u74b0\u653f\u5e9c\u7d9c\u5408\u670d\u52d9\u5927\uf94c\u96e2\u5cf6\u653f\u5e9c\u7d9c\/\" \/>\r\n<meta property=\"og:site_name\" content=\"Commerce and Investment Promotion Institute\" \/>\r\n<meta property=\"article:modified_time\" content=\"2025-11-11T08:59:28+00:00\" \/>\r\n<meta property=\"og:image\" content=\"https:\/\/www.ipim.gov.mo\/wp-content\/uploads\/2024\/11\/ipim-post-default-300x225-1-1.jpg\" \/>\r\n\t<meta property=\"og:image:width\" content=\"300\" \/>\r\n\t<meta property=\"og:image:height\" content=\"225\" \/>\r\n\t<meta property=\"og:image:type\" content=\"image\/jpeg\" \/>\r\n<meta name=\"twitter:card\" content=\"summary_large_image\" \/>\r\n<script type=\"application\/ld+json\" class=\"yoast-schema-graph\">{\"@context\":\"https:\/\/schema.org\",\"@graph\":[{\"@type\":\"WebPage\",\"@id\":\"https:\/\/www.ipim.gov.mo\/pt-pt\/about-ipim\/temporary-residency\/forms-to-download\/declarations\/d6-%e5%89%8d%e5%be%80%e3%80%8c%e6%be%b3%e9%96%80%e9%bb%91%e6%b2%99%e7%92%b0%e6%94%bf%e5%ba%9c%e7%b6%9c%e5%90%88%e6%9c%8d%e5%8b%99%e5%a4%a7%ef%a5%8c%e9%9b%a2%e5%b3%b6%e6%94%bf%e5%ba%9c%e7%b6%9c\/\",\"url\":\"https:\/\/www.ipim.gov.mo\/pt-pt\/about-ipim\/temporary-residency\/forms-to-download\/declarations\/d6-%e5%89%8d%e5%be%80%e3%80%8c%e6%be%b3%e9%96%80%e9%bb%91%e6%b2%99%e7%92%b0%e6%94%bf%e5%ba%9c%e7%b6%9c%e5%90%88%e6%9c%8d%e5%8b%99%e5%a4%a7%ef%a5%8c%e9%9b%a2%e5%b3%b6%e6%94%bf%e5%ba%9c%e7%b6%9c\/\",\"name\":\"D6. Declara\u00e7\u00e3o para levantamento pessoal da notifica\u00e7\u00e3o de renova\u00e7\u00e3o de resid\u00eancia tempor\u00e1ria no Centro de Servi\u00e7os da RAEM \/ Centro de Servi\u00e7os da RAEM das Ilhas | Commerce and Investment Promotion Institute\",\"isPartOf\":{\"@id\":\"https:\/\/www.ipim.gov.mo\/zh-hans\/#website\"},\"primaryImageOfPage\":{\"@id\":\"https:\/\/www.ipim.gov.mo\/pt-pt\/about-ipim\/temporary-residency\/forms-to-download\/declarations\/d6-%e5%89%8d%e5%be%80%e3%80%8c%e6%be%b3%e9%96%80%e9%bb%91%e6%b2%99%e7%92%b0%e6%94%bf%e5%ba%9c%e7%b6%9c%e5%90%88%e6%9c%8d%e5%8b%99%e5%a4%a7%ef%a5%8c%e9%9b%a2%e5%b3%b6%e6%94%bf%e5%ba%9c%e7%b6%9c\/#primaryimage\"},\"image\":{\"@id\":\"https:\/\/www.ipim.gov.mo\/pt-pt\/about-ipim\/temporary-residency\/forms-to-download\/declarations\/d6-%e5%89%8d%e5%be%80%e3%80%8c%e6%be%b3%e9%96%80%e9%bb%91%e6%b2%99%e7%92%b0%e6%94%bf%e5%ba%9c%e7%b6%9c%e5%90%88%e6%9c%8d%e5%8b%99%e5%a4%a7%ef%a5%8c%e9%9b%a2%e5%b3%b6%e6%94%bf%e5%ba%9c%e7%b6%9c\/#primaryimage\"},\"thumbnailUrl\":\"https:\/\/www.ipim.gov.mo\/wp-content\/uploads\/2024\/07\/ipim-post-default.jpg\",\"datePublished\":\"2020-06-11T16:18:19+00:00\",\"dateModified\":\"2025-11-11T08:59:28+00:00\",\"breadcrumb\":{\"@id\":\"https:\/\/www.ipim.gov.mo\/pt-pt\/about-ipim\/temporary-residency\/forms-to-download\/declarations\/d6-%e5%89%8d%e5%be%80%e3%80%8c%e6%be%b3%e9%96%80%e9%bb%91%e6%b2%99%e7%92%b0%e6%94%bf%e5%ba%9c%e7%b6%9c%e5%90%88%e6%9c%8d%e5%8b%99%e5%a4%a7%ef%a5%8c%e9%9b%a2%e5%b3%b6%e6%94%bf%e5%ba%9c%e7%b6%9c\/#breadcrumb\"},\"inLanguage\":\"pt-PT\",\"potentialAction\":[{\"@type\":\"ReadAction\",\"target\":[\"https:\/\/www.ipim.gov.mo\/pt-pt\/about-ipim\/temporary-residency\/forms-to-download\/declarations\/d6-%e5%89%8d%e5%be%80%e3%80%8c%e6%be%b3%e9%96%80%e9%bb%91%e6%b2%99%e7%92%b0%e6%94%bf%e5%ba%9c%e7%b6%9c%e5%90%88%e6%9c%8d%e5%8b%99%e5%a4%a7%ef%a5%8c%e9%9b%a2%e5%b3%b6%e6%94%bf%e5%ba%9c%e7%b6%9c\/\"]}]},{\"@type\":\"ImageObject\",\"inLanguage\":\"pt-PT\",\"@id\":\"https:\/\/www.ipim.gov.mo\/pt-pt\/about-ipim\/temporary-residency\/forms-to-download\/declarations\/d6-%e5%89%8d%e5%be%80%e3%80%8c%e6%be%b3%e9%96%80%e9%bb%91%e6%b2%99%e7%92%b0%e6%94%bf%e5%ba%9c%e7%b6%9c%e5%90%88%e6%9c%8d%e5%8b%99%e5%a4%a7%ef%a5%8c%e9%9b%a2%e5%b3%b6%e6%94%bf%e5%ba%9c%e7%b6%9c\/#primaryimage\",\"url\":\"https:\/\/www.ipim.gov.mo\/wp-content\/uploads\/2024\/07\/ipim-post-default.jpg\",\"contentUrl\":\"https:\/\/www.ipim.gov.mo\/wp-content\/uploads\/2024\/07\/ipim-post-default.jpg\",\"width\":1024,\"height\":768},{\"@type\":\"BreadcrumbList\",\"@id\":\"https:\/\/www.ipim.gov.mo\/pt-pt\/about-ipim\/temporary-residency\/forms-to-download\/declarations\/d6-%e5%89%8d%e5%be%80%e3%80%8c%e6%be%b3%e9%96%80%e9%bb%91%e6%b2%99%e7%92%b0%e6%94%bf%e5%ba%9c%e7%b6%9c%e5%90%88%e6%9c%8d%e5%8b%99%e5%a4%a7%ef%a5%8c%e9%9b%a2%e5%b3%b6%e6%94%bf%e5%ba%9c%e7%b6%9c\/#breadcrumb\",\"itemListElement\":[{\"@type\":\"ListItem\",\"position\":1,\"name\":\"Home\",\"item\":\"https:\/\/www.ipim.gov.mo\/pt-pt\/\"},{\"@type\":\"ListItem\",\"position\":2,\"name\":\"Acerca do IPIM\",\"item\":\"https:\/\/www.ipim.gov.mo\/pt-pt\/about-ipim\/\"},{\"@type\":\"ListItem\",\"position\":3,\"name\":\"Resid\u00eancia Tempor\u00e1ria\",\"item\":\"https:\/\/www.ipim.gov.mo\/pt-pt\/about-ipim\/temporary-residency\/\"},{\"@type\":\"ListItem\",\"position\":4,\"name\":\"Descarregar impressos\",\"item\":\"https:\/\/www.ipim.gov.mo\/pt-pt\/about-ipim\/temporary-residency\/forms-to-download\/\"},{\"@type\":\"ListItem\",\"position\":5,\"name\":\"Declara\u00f5es\",\"item\":\"https:\/\/www.ipim.gov.mo\/pt-pt\/about-ipim\/temporary-residency\/forms-to-download\/declarations\/\"},{\"@type\":\"ListItem\",\"position\":6,\"name\":\"D6. Declara\u00e7\u00e3o para levantamento pessoal da notifica\u00e7\u00e3o de renova\u00e7\u00e3o de resid\u00eancia tempor\u00e1ria no Centro de Servi\u00e7os da RAEM \/ Centro de Servi\u00e7os da RAEM das Ilhas\"}]},{\"@type\":\"WebSite\",\"@id\":\"https:\/\/www.ipim.gov.mo\/zh-hans\/#website\",\"url\":\"https:\/\/www.ipim.gov.mo\/zh-hans\/\",\"name\":\"Commerce and Investment Promotion Institute\",\"description\":\"Commerce and Investment Promotion Institute\",\"publisher\":{\"@id\":\"https:\/\/www.ipim.gov.mo\/zh-hans\/#organization\"},\"potentialAction\":[{\"@type\":\"SearchAction\",\"target\":{\"@type\":\"EntryPoint\",\"urlTemplate\":\"https:\/\/www.ipim.gov.mo\/zh-hans\/?s={search_term_string}\"},\"query-input\":{\"@type\":\"PropertyValueSpecification\",\"valueRequired\":true,\"valueName\":\"search_term_string\"}}],\"inLanguage\":\"pt-PT\"},{\"@type\":\"Organization\",\"@id\":\"https:\/\/www.ipim.gov.mo\/zh-hans\/#organization\",\"name\":\"IPIM\",\"url\":\"https:\/\/www.ipim.gov.mo\/zh-hans\/\",\"logo\":{\"@type\":\"ImageObject\",\"inLanguage\":\"pt-PT\",\"@id\":\"https:\/\/www.ipim.gov.mo\/zh-hans\/#\/schema\/logo\/image\/\",\"url\":\"https:\/\/www.ipim.gov.mo\/wp-content\/uploads\/2022\/10\/default-post-thumbnail-ipim-logo.png\",\"contentUrl\":\"https:\/\/www.ipim.gov.mo\/wp-content\/uploads\/2022\/10\/default-post-thumbnail-ipim-logo.png\",\"width\":1024,\"height\":768,\"caption\":\"IPIM\"},\"image\":{\"@id\":\"https:\/\/www.ipim.gov.mo\/zh-hans\/#\/schema\/logo\/image\/\"}}]}<\/script>\r\n<!-- \/ Yoast SEO plugin. -->","yoast_head_json":{"title":"D6. Declara\u00e7\u00e3o para levantamento pessoal da notifica\u00e7\u00e3o de renova\u00e7\u00e3o de resid\u00eancia tempor\u00e1ria no Centro de Servi\u00e7os da RAEM \/ Centro de Servi\u00e7os da RAEM das Ilhas | Commerce and Investment Promotion Institute","robots":{"index":"index","follow":"follow","max-snippet":"max-snippet:-1","max-image-preview":"max-image-preview:large","max-video-preview":"max-video-preview:-1"},"canonical":"https:\/\/www.ipim.gov.mo\/pt-pt\/about-ipim\/temporary-residency\/forms-to-download\/declarations\/d6-\u524d\u5f80\u300c\u6fb3\u9580\u9ed1\u6c99\u74b0\u653f\u5e9c\u7d9c\u5408\u670d\u52d9\u5927\uf94c\u96e2\u5cf6\u653f\u5e9c\u7d9c\/","og_locale":"pt_PT","og_type":"article","og_title":"D6. Declara\u00e7\u00e3o para levantamento pessoal da notifica\u00e7\u00e3o de renova\u00e7\u00e3o de resid\u00eancia tempor\u00e1ria no Centro de Servi\u00e7os da RAEM \/ Centro de Servi\u00e7os da RAEM das Ilhas | Commerce and Investment Promotion Institute","og_url":"https:\/\/www.ipim.gov.mo\/pt-pt\/about-ipim\/temporary-residency\/forms-to-download\/declarations\/d6-\u524d\u5f80\u300c\u6fb3\u9580\u9ed1\u6c99\u74b0\u653f\u5e9c\u7d9c\u5408\u670d\u52d9\u5927\uf94c\u96e2\u5cf6\u653f\u5e9c\u7d9c\/","og_site_name":"Commerce and Investment Promotion Institute","article_modified_time":"2025-11-11T08:59:28+00:00","og_image":[{"width":300,"height":225,"url":"https:\/\/www.ipim.gov.mo\/wp-content\/uploads\/2024\/11\/ipim-post-default-300x225-1-1.jpg","type":"image\/jpeg"}],"twitter_card":"summary_large_image","schema":{"@context":"https:\/\/schema.org","@graph":[{"@type":"WebPage","@id":"https:\/\/www.ipim.gov.mo\/pt-pt\/about-ipim\/temporary-residency\/forms-to-download\/declarations\/d6-%e5%89%8d%e5%be%80%e3%80%8c%e6%be%b3%e9%96%80%e9%bb%91%e6%b2%99%e7%92%b0%e6%94%bf%e5%ba%9c%e7%b6%9c%e5%90%88%e6%9c%8d%e5%8b%99%e5%a4%a7%ef%a5%8c%e9%9b%a2%e5%b3%b6%e6%94%bf%e5%ba%9c%e7%b6%9c\/","url":"https:\/\/www.ipim.gov.mo\/pt-pt\/about-ipim\/temporary-residency\/forms-to-download\/declarations\/d6-%e5%89%8d%e5%be%80%e3%80%8c%e6%be%b3%e9%96%80%e9%bb%91%e6%b2%99%e7%92%b0%e6%94%bf%e5%ba%9c%e7%b6%9c%e5%90%88%e6%9c%8d%e5%8b%99%e5%a4%a7%ef%a5%8c%e9%9b%a2%e5%b3%b6%e6%94%bf%e5%ba%9c%e7%b6%9c\/","name":"D6. Declara\u00e7\u00e3o para levantamento pessoal da notifica\u00e7\u00e3o de renova\u00e7\u00e3o de resid\u00eancia tempor\u00e1ria no Centro de Servi\u00e7os da RAEM \/ Centro de Servi\u00e7os da RAEM das Ilhas | Commerce and Investment Promotion Institute","isPartOf":{"@id":"https:\/\/www.ipim.gov.mo\/zh-hans\/#website"},"primaryImageOfPage":{"@id":"https:\/\/www.ipim.gov.mo\/pt-pt\/about-ipim\/temporary-residency\/forms-to-download\/declarations\/d6-%e5%89%8d%e5%be%80%e3%80%8c%e6%be%b3%e9%96%80%e9%bb%91%e6%b2%99%e7%92%b0%e6%94%bf%e5%ba%9c%e7%b6%9c%e5%90%88%e6%9c%8d%e5%8b%99%e5%a4%a7%ef%a5%8c%e9%9b%a2%e5%b3%b6%e6%94%bf%e5%ba%9c%e7%b6%9c\/#primaryimage"},"image":{"@id":"https:\/\/www.ipim.gov.mo\/pt-pt\/about-ipim\/temporary-residency\/forms-to-download\/declarations\/d6-%e5%89%8d%e5%be%80%e3%80%8c%e6%be%b3%e9%96%80%e9%bb%91%e6%b2%99%e7%92%b0%e6%94%bf%e5%ba%9c%e7%b6%9c%e5%90%88%e6%9c%8d%e5%8b%99%e5%a4%a7%ef%a5%8c%e9%9b%a2%e5%b3%b6%e6%94%bf%e5%ba%9c%e7%b6%9c\/#primaryimage"},"thumbnailUrl":"https:\/\/www.ipim.gov.mo\/wp-content\/uploads\/2024\/07\/ipim-post-default.jpg","datePublished":"2020-06-11T16:18:19+00:00","dateModified":"2025-11-11T08:59:28+00:00","breadcrumb":{"@id":"https:\/\/www.ipim.gov.mo\/pt-pt\/about-ipim\/temporary-residency\/forms-to-download\/declarations\/d6-%e5%89%8d%e5%be%80%e3%80%8c%e6%be%b3%e9%96%80%e9%bb%91%e6%b2%99%e7%92%b0%e6%94%bf%e5%ba%9c%e7%b6%9c%e5%90%88%e6%9c%8d%e5%8b%99%e5%a4%a7%ef%a5%8c%e9%9b%a2%e5%b3%b6%e6%94%bf%e5%ba%9c%e7%b6%9c\/#breadcrumb"},"inLanguage":"pt-PT","potentialAction":[{"@type":"ReadAction","target":["https:\/\/www.ipim.gov.mo\/pt-pt\/about-ipim\/temporary-residency\/forms-to-download\/declarations\/d6-%e5%89%8d%e5%be%80%e3%80%8c%e6%be%b3%e9%96%80%e9%bb%91%e6%b2%99%e7%92%b0%e6%94%bf%e5%ba%9c%e7%b6%9c%e5%90%88%e6%9c%8d%e5%8b%99%e5%a4%a7%ef%a5%8c%e9%9b%a2%e5%b3%b6%e6%94%bf%e5%ba%9c%e7%b6%9c\/"]}]},{"@type":"ImageObject","inLanguage":"pt-PT","@id":"https:\/\/www.ipim.gov.mo\/pt-pt\/about-ipim\/temporary-residency\/forms-to-download\/declarations\/d6-%e5%89%8d%e5%be%80%e3%80%8c%e6%be%b3%e9%96%80%e9%bb%91%e6%b2%99%e7%92%b0%e6%94%bf%e5%ba%9c%e7%b6%9c%e5%90%88%e6%9c%8d%e5%8b%99%e5%a4%a7%ef%a5%8c%e9%9b%a2%e5%b3%b6%e6%94%bf%e5%ba%9c%e7%b6%9c\/#primaryimage","url":"https:\/\/www.ipim.gov.mo\/wp-content\/uploads\/2024\/07\/ipim-post-default.jpg","contentUrl":"https:\/\/www.ipim.gov.mo\/wp-content\/uploads\/2024\/07\/ipim-post-default.jpg","width":1024,"height":768},{"@type":"BreadcrumbList","@id":"https:\/\/www.ipim.gov.mo\/pt-pt\/about-ipim\/temporary-residency\/forms-to-download\/declarations\/d6-%e5%89%8d%e5%be%80%e3%80%8c%e6%be%b3%e9%96%80%e9%bb%91%e6%b2%99%e7%92%b0%e6%94%bf%e5%ba%9c%e7%b6%9c%e5%90%88%e6%9c%8d%e5%8b%99%e5%a4%a7%ef%a5%8c%e9%9b%a2%e5%b3%b6%e6%94%bf%e5%ba%9c%e7%b6%9c\/#breadcrumb","itemListElement":[{"@type":"ListItem","position":1,"name":"Home","item":"https:\/\/www.ipim.gov.mo\/pt-pt\/"},{"@type":"ListItem","position":2,"name":"Acerca do IPIM","item":"https:\/\/www.ipim.gov.mo\/pt-pt\/about-ipim\/"},{"@type":"ListItem","position":3,"name":"Resid\u00eancia Tempor\u00e1ria","item":"https:\/\/www.ipim.gov.mo\/pt-pt\/about-ipim\/temporary-residency\/"},{"@type":"ListItem","position":4,"name":"Descarregar impressos","item":"https:\/\/www.ipim.gov.mo\/pt-pt\/about-ipim\/temporary-residency\/forms-to-download\/"},{"@type":"ListItem","position":5,"name":"Declara\u00f5es","item":"https:\/\/www.ipim.gov.mo\/pt-pt\/about-ipim\/temporary-residency\/forms-to-download\/declarations\/"},{"@type":"ListItem","position":6,"name":"D6. Declara\u00e7\u00e3o para levantamento pessoal da notifica\u00e7\u00e3o de renova\u00e7\u00e3o de resid\u00eancia tempor\u00e1ria no Centro de Servi\u00e7os da RAEM \/ Centro de Servi\u00e7os da RAEM das Ilhas"}]},{"@type":"WebSite","@id":"https:\/\/www.ipim.gov.mo\/zh-hans\/#website","url":"https:\/\/www.ipim.gov.mo\/zh-hans\/","name":"Commerce and Investment Promotion Institute","description":"Commerce and Investment Promotion Institute","publisher":{"@id":"https:\/\/www.ipim.gov.mo\/zh-hans\/#organization"},"potentialAction":[{"@type":"SearchAction","target":{"@type":"EntryPoint","urlTemplate":"https:\/\/www.ipim.gov.mo\/zh-hans\/?s={search_term_string}"},"query-input":{"@type":"PropertyValueSpecification","valueRequired":true,"valueName":"search_term_string"}}],"inLanguage":"pt-PT"},{"@type":"Organization","@id":"https:\/\/www.ipim.gov.mo\/zh-hans\/#organization","name":"IPIM","url":"https:\/\/www.ipim.gov.mo\/zh-hans\/","logo":{"@type":"ImageObject","inLanguage":"pt-PT","@id":"https:\/\/www.ipim.gov.mo\/zh-hans\/#\/schema\/logo\/image\/","url":"https:\/\/www.ipim.gov.mo\/wp-content\/uploads\/2022\/10\/default-post-thumbnail-ipim-logo.png","contentUrl":"https:\/\/www.ipim.gov.mo\/wp-content\/uploads\/2022\/10\/default-post-thumbnail-ipim-logo.png","width":1024,"height":768,"caption":"IPIM"},"image":{"@id":"https:\/\/www.ipim.gov.mo\/zh-hans\/#\/schema\/logo\/image\/"}}]}},"coauthors":[],"author_meta":{"author_link":"https:\/\/www.ipim.gov.mo\/pt-pt\/author\/ipimcontent\/","display_name":"ipimcontent"},"relative_dates":{"created":"Posted 6 years ago","modified":"Updated 5 months ago"},"absolute_dates":{"created":"Posted on Junho 12, 2020","modified":"Updated on Novembro 11, 2025"},"absolute_dates_time":{"created":"Posted on Junho 12, 2020 12:18 am","modified":"Updated on Novembro 11, 2025 4:59 pm"},"featured_img_caption":"","featured_img":"https:\/\/www.ipim.gov.mo\/wp-content\/uploads\/2024\/07\/ipim-post-default.jpg","series_order":"","_links":{"self":[{"href":"https:\/\/www.ipim.gov.mo\/pt-pt\/wp-json\/wp\/v2\/pages\/285761","targetHints":{"allow":["GET"]}}],"collection":[{"href":"https:\/\/www.ipim.gov.mo\/pt-pt\/wp-json\/wp\/v2\/pages"}],"about":[{"href":"https:\/\/www.ipim.gov.mo\/pt-pt\/wp-json\/wp\/v2\/types\/page"}],"author":[{"embeddable":true,"href":"https:\/\/www.ipim.gov.mo\/pt-pt\/wp-json\/wp\/v2\/users\/56439"}],"replies":[{"embeddable":true,"href":"https:\/\/www.ipim.gov.mo\/pt-pt\/wp-json\/wp\/v2\/comments?post=285761"}],"version-history":[{"count":6,"href":"https:\/\/www.ipim.gov.mo\/pt-pt\/wp-json\/wp\/v2\/pages\/285761\/revisions"}],"predecessor-version":[{"id":502687,"href":"https:\/\/www.ipim.gov.mo\/pt-pt\/wp-json\/wp\/v2\/pages\/285761\/revisions\/502687"}],"up":[{"embeddable":true,"href":"https:\/\/www.ipim.gov.mo\/pt-pt\/wp-json\/wp\/v2\/pages\/285658"}],"wp:featuredmedia":[{"embeddable":true,"href":"https:\/\/www.ipim.gov.mo\/pt-pt\/wp-json\/wp\/v2\/media\/467868"}],"wp:attachment":[{"href":"https:\/\/www.ipim.gov.mo\/pt-pt\/wp-json\/wp\/v2\/media?parent=285761"}],"curies":[{"name":"wp","href":"https:\/\/api.w.org\/{rel}","templated":true}]}}