{"id":264510,"date":"2019-07-15T16:25:36","date_gmt":"2019-07-15T08:25:36","guid":{"rendered":"https:\/\/www.ipim.gov.mo\/pt-pt\/investment-residency-test\/temporary-residence-permit-application\/faq-ta\/s4\/"},"modified":"2025-08-01T17:30:39","modified_gmt":"2025-08-01T09:30:39","slug":"s4","status":"publish","type":"page","link":"https:\/\/www.ipim.gov.mo\/pt-pt\/about-ipim\/temporary-residency\/temporary-residence-permit-application\/faq-ta\/s4\/","title":{"rendered":"ALTERA\u00c7\u00c3O DE DADOS PESSOAIS E DE CIRCUNST\u00c2NCIAS"},"content":{"rendered":"<h2>P1.\u00a0\u00a0 Quais s\u00e3o os documentos necess\u00e1rios a apresentar, se houver mudan\u00e7a de documento de identifica\u00e7\u00e3o no per\u00edodo da dura\u00e7\u00e3o da autoriza\u00e7\u00e3o de resid\u00eancia tempor\u00e1ria?<\/h2>\n<p>R: Caso haja mudan\u00e7a de documento de identifica\u00e7\u00e3o do requerente no per\u00edodo do pedido e da dura\u00e7\u00e3o da autoriza\u00e7\u00e3o de resid\u00eancia tempor\u00e1ria, incluindo as situa\u00e7\u00f5es de mudan\u00e7a da sua nacionalidade ou de direito de resid\u00eancia, de nome, entre outras, o requerente deve comunicar oportunamente ao IPIM, apresentando os respectivos documentos comprovativos sobre as mudan\u00e7as de informa\u00e7\u00f5es de identifica\u00e7\u00e3o (v.g. passaporte e certificado do registo criminal, certid\u00e3o notarial do nome anterior, entre outras), para que o IPIM possa estar a par das situa\u00e7\u00f5es.<\/p>\n<p>&nbsp;<\/p>\n<h2>P2.\u00a0 Ap\u00f3s ter apresentado o pedido, em caso de altera\u00e7\u00e3o do estado civil, de casado para divorciado, ser\u00e1 necess\u00e1rio notificar? Quais os documentos devem ser apresentados?<\/h2>\n<p>R:\u00a0 Se o requerente divorciar-se durante o per\u00edodo de pedido de autoriza\u00e7\u00e3o de resid\u00eancia ou da sua dura\u00e7\u00e3o, deve o mesmo, nos termos da lei, dentro de 30 dias ap\u00f3s o div\u00f3rcio, informar o IPIM e proceder \u00e0 entrega de declara\u00e7\u00e3o e documentos comprovativos do div\u00f3rcio (certid\u00e3o de div\u00f3rcio emitida pelo servi\u00e7o competente nos \u00faltimos seis meses e senten\u00e7a de tribunal, caso envolva descendentes comuns e esteja no per\u00edodo da autoriza\u00e7\u00e3o de resid\u00eancia tempor\u00e1ria, \u00e9 necess\u00e1rio apresentar documento comprovativo do direito \u00e0 guarda do descendente), sob pena de n\u00e3o favorecer o seu pedido de autoriza\u00e7\u00e3o de resid\u00eancia tempor\u00e1ria. Mais ainda, se o requerente deliberadamente deixar de notificar por fraude ou oculta\u00e7\u00e3o, ele poder\u00e1 assumir uma eventual responsabilidade criminal. (consulte: artigo 18.\u00ba do Regulamento Administrativo n.\u00ba 3\/2005)<a name=\"_Toc38528940\"><\/a><\/p>\n<p>&nbsp;<\/p>\n<h2>P3.\u00a0Quais os procedimentos, se for necess\u00e1rio alterar o endere\u00e7o em virtude de mudan\u00e7a de resid\u00eancia?<\/h2>\n<p>R: Em caso de altera\u00e7\u00e3o do endere\u00e7o de contacto ou do telefone de contacto, deve o requerente deslocar-se pessoalmente ao IPIM para preencher o formul\u00e1rio de \u201cAltera\u00e7\u00e3o de endere\u00e7o de correspond\u00eancia\u201d, juntamente com a apresenta\u00e7\u00e3o de documento comprovativo do novo endere\u00e7o (v.g., factura de \u00e1gua\/electriciade, etc.). Se o requerente n\u00e3o poder deslocar-se pessoalmente a este Instituto, poder\u00e1, descarregar e preencher o formul\u00e1rio e mediante o seu procurador fazer-se acompanhar o seu documento de identidade original, o original da procura\u00e7\u00e3o assinada pelo requerente, e original do documento de identifica\u00e7\u00e3o v\u00e1lido do requerente, e entreg\u00e1-los no IPIM durante o hor\u00e1rio de expediente (a procura\u00e7\u00e3o modelo e o \u201cFormul\u00e1rio de Altera\u00e7\u00e3o do Endere\u00e7o Postal\u201d podem ser descarregados na p\u00e1gina electr\u00f3nica do IPIM).<\/p>\n<p>&nbsp;<\/p>\n<h2>P4. Como devo proceder no caso de altera\u00e7\u00e3o na rela\u00e7\u00e3o laboral ap\u00f3s atribui\u00e7\u00e3o da autoriza\u00e7\u00e3o de resid\u00eancia tempor\u00e1ria na categoria de \u201cquadros dirigentes e t\u00e9cnicos especializados\u201d?<\/h2>\n<p>R:\u00a0 No caso de haver uma altera\u00e7\u00e3o na rela\u00e7\u00e3o laboral do requerente (incluindo altera\u00e7\u00e3o do seu cargo ou departamento dentro da mesma organiza\u00e7\u00e3o, diminui\u00e7\u00e3o salarial, altera\u00e7\u00e3o de entidade empregadora, entre outros) durante o per\u00edodo de pedido ou vig\u00eancia da autoriza\u00e7\u00e3o de resid\u00eancia tempor\u00e1ria, o requerente dever\u00e1 notificar o IPIM no prazo de 30 dias desde a data da altera\u00e7\u00e3o e submeter os seguintes documentos, de acordo com a lei:<\/p>\n<p>1) Declara\u00e7\u00e3o por escrito que esclare\u00e7a a situa\u00e7\u00e3o da respectiva mudan\u00e7a;<\/p>\n<p>2) Preparar os seguintes documentos, em resposta \u00e0s novas condi\u00e7\u00f5es de trabalho (consulte os requisitos espec\u00edficos de documentos indicados nas al\u00edneas 1 a 9 do ponto 5.3.2 do <a href=\"https:\/\/www.ipim.gov.mo\/pt-pt\/about-ipim\/temporary-residency\/temporary-residence-permit-application\/application-procedures-and-guidelines\/\" target=\"_blank\" rel=\"noopener\">Guia de Orienta\u00e7\u00f5es<\/a>):<\/p>\n<ul>\n<li>Contrato laboral v\u00e1lido celebrado com a entidade patronal local;<\/li>\n<li>Descri\u00e7\u00e3o de fun\u00e7\u00f5es emitida e carimbada pela entidade patronal local;<\/li>\n<li>Documento comprovativo de exerc\u00edcio de fun\u00e7\u00f5es emitido e carimbado pela entidade patronal local dentro de um m\u00eas;<\/li>\n<li>Nota de vencimento relativa aos \u00faltimos tr\u00eas meses;<\/li>\n<li>Certid\u00e3o de Rendimentos Anuais para efeitos de Declara\u00e7\u00e3o do Imposto Profissional emitida pela Direc\u00e7\u00e3o dos Servi\u00e7os de Finan\u00e7as, respeitante a todos os anos de rendimentos em Macau;<\/li>\n<li>Declara\u00e7\u00e3o do Imposto Profissional \u2013 1.\u00ba Grupo, respeitante ao requerente (Mod. M\/2 da DSF);<\/li>\n<li>Organograma da empresa emitido pela entidade patronal (se aplic\u00e1vel);<\/li>\n<li>Documento comprovativo do Registo Comercial da entidade patronal de Macau, emitida nos \u00faltimos tr\u00eas meses (se aplic\u00e1vel);<\/li>\n<li>Declara\u00e7\u00e3o de In\u00edcio de Actividade \/ Altera\u00e7\u00f5es (Mod. M\/1 da DSF), e \u201cGuia de Contribui\u00e7\u00e3o Industrial\u201d (Mod. M\/8 da DSF) respeitante \u00e0 entidade patronal (se aplic\u00e1vel);<\/li>\n<li>Comprovativo de desvincula\u00e7\u00e3o do servi\u00e7o (se aplic\u00e1vel).<\/li>\n<\/ul>\n<p>Se o requerente falhar no cumprimento da obriga\u00e7\u00e3o de notifica\u00e7\u00e3o no prazo de 30 dias desde a altera\u00e7\u00e3o do seu estatuto, deve ser submetida uma justifica\u00e7\u00e3o sobre a altera\u00e7\u00e3o. O IPIM ir\u00e1 reanalisar a nova situa\u00e7\u00e3o legal do requerente e ir\u00e1 notific\u00e1-lo por escrito sobre os resultados da aprova\u00e7\u00e3o (consulte: artigo 18.\u00ba do Regulamento Administrativo n.\u00ba 3\/2005).<\/p>\n<p>&nbsp;<\/p>\n<h2>P5. Quais s\u00e3o os procedimentos a tratar, se ap\u00f3s a aprova\u00e7\u00e3o da autoriza\u00e7\u00e3o de resid\u00eancia tempor\u00e1ria na categoria de \u201cInvestimentos Relevantes\/Projectos de Investimento Relevantes\u201d, ocorrer mudan\u00e7a de actividade comercial do investimento inicial \/ de situa\u00e7\u00e3o de investimento \/ encerramento?<\/h2>\n<p>R: No caso de haver uma altera\u00e7\u00e3o no estatuto do requerente envolvendo investimentos relevantes durante o per\u00edodo de pedido ou renova\u00e7\u00e3o da autoriza\u00e7\u00e3o de resid\u00eancia tempor\u00e1ria, o requerente dever\u00e1 notificar o IPIM no prazo de 30 dias desde a data da altera\u00e7\u00e3o e submeter os seguintes documentos, de acordo com a lei:<\/p>\n<p>1) Descri\u00e7\u00e3o por escrito da altera\u00e7\u00e3o nas condi\u00e7\u00f5es;<\/p>\n<p>2) Documentos comprovativos da altera\u00e7\u00e3o;<\/p>\n<p>3) Preparar, de acordo com o caso em quest\u00e3o, os documentos previstos nas al\u00edneas 1 a 15 do ponto 5.2.4 do <a href=\"https:\/\/www.ipim.gov.mo\/pt-pt\/about-ipim\/temporary-residency\/temporary-residence-permit-application\/application-procedures-and-guidelines\/\" target=\"_blank\" rel=\"noopener\">Guia de Orienta\u00e7\u00f5es<\/a> (incluindo, mas n\u00e3o limitado \u00e0 Certid\u00e3o de Registo Comercial mais recente, demonstra\u00e7\u00f5es financeiras contabilizadas por um contabilista registado em Macau, Contribui\u00e7\u00e3o Industrial &#8211; Declara\u00e7\u00e3o de In\u00edcio de Actividade M\/1, M\/8, M\/3 M\/4, documento comprovativo de contribui\u00e7\u00e3o para o Fundo de Seguran\u00e7a Social, entre outros)\/ documento da cessa\u00e7\u00e3o de actividade<\/p>\n<p>Se o requerente falhar no cumprimento da obriga\u00e7\u00e3o de notifica\u00e7\u00e3o no prazo de 30 dias desde a altera\u00e7\u00e3o do seu estatuto, deve ser submetida uma justifica\u00e7\u00e3o sobre a altera\u00e7\u00e3o. O IPIM ir\u00e1 reanalisar a nova situa\u00e7\u00e3o legal do requerente e ir\u00e1 notific\u00e1-lo por escrito sobre os resultados da aprova\u00e7\u00e3o (consulte: artigo 18.\u00ba do Regulamento Administrativo n.\u00ba 3\/2005).<\/p>\n<p>&nbsp;<\/p>\n<h2>P6. Quais s\u00e3o os procedimentos se, depois de aprova\u00e7\u00e3o da autoriza\u00e7\u00e3o de resid\u00eancia tempor\u00e1ria na categoria de \u201cAquisi\u00e7\u00f5es dos im\u00f3veis\u201d, ocorrer mudan\u00e7a das situa\u00e7\u00f5es de direito \u00e0 propriedade im\u00f3vel \/ compra e venda dos im\u00f3veis \/ aumento da cau\u00e7\u00e3o \/ dep\u00f3sito a prazo no valor de quinhentas mil patacas?<\/h2>\n<p>R: No caso de haver uma altera\u00e7\u00e3o no estatuto do requerente durante o per\u00edodo de vig\u00eancia da autoriza\u00e7\u00e3o de resid\u00eancia tempor\u00e1ria, o requerente dever\u00e1 notificar o IPIM no prazo de 30 dias desde a data da altera\u00e7\u00e3o e submeter os seguintes documentos, de acordo com a lei:<\/p>\n<p>1) Descri\u00e7\u00e3o por escrito da altera\u00e7\u00e3o nas condi\u00e7\u00f5es;<\/p>\n<p>2) Documentos comprovativos da altera\u00e7\u00e3o;<\/p>\n<p>3) Ter eventualmente um novo fundamento jur\u00eddico constitu\u00eddo.<\/p>\n<p>Se o requerente falhar no cumprimento da obriga\u00e7\u00e3o de notifica\u00e7\u00e3o no prazo de 30 dias desde a altera\u00e7\u00e3o do seu estatuto, deve ser submetida uma justifica\u00e7\u00e3o sobre a altera\u00e7\u00e3o. O IPIM ir\u00e1 reanalisar a nova situa\u00e7\u00e3o legal do requerente e ir\u00e1 notific\u00e1-lo por escrito sobre os resultados da aprova\u00e7\u00e3o (consulte: artigo 18.\u00ba do Regulamento Administrativo n.\u00ba 3\/2005).<\/p>\n","protected":false},"excerpt":{"rendered":"<p>P1.\u00a0\u00a0 Quais s\u00e3o os documentos necess\u00e1rios a apresentar, se houver mudan\u00e7a de documento de identifica\u00e7\u00e3o no per\u00edodo da dura\u00e7\u00e3o da autoriza\u00e7\u00e3o de resid\u00eancia tempor\u00e1ria? R: [&hellip;]<\/p>\n","protected":false},"author":1,"featured_media":467868,"parent":263644,"menu_order":4,"comment_status":"closed","ping_status":"closed","template":"","meta":{"_acf_changed":false,"inline_featured_image":false,"advgb_blocks_editor_width":"","advgb_blocks_columns_visual_guide":"","footnotes":""},"class_list":["post-264510","page","type-page","status-publish","has-post-thumbnail","hentry"],"acf":[],"yoast_head":"<!-- This site is optimized with the Yoast SEO plugin v26.2 - https:\/\/yoast.com\/wordpress\/plugins\/seo\/ -->\r\n<title>ALTERA\u00c7\u00c3O DE DADOS PESSOAIS E DE CIRCUNST\u00c2NCIAS | Commerce and Investment Promotion Institute<\/title>\r\n<meta name=\"robots\" content=\"index, follow, max-snippet:-1, max-image-preview:large, max-video-preview:-1\" \/>\r\n<link rel=\"canonical\" href=\"https:\/\/www.ipim.gov.mo\/pt-pt\/about-ipim\/temporary-residency\/temporary-residence-permit-application\/faq-ta\/s4\/\" \/>\r\n<meta property=\"og:locale\" content=\"pt_PT\" \/>\r\n<meta property=\"og:type\" content=\"article\" \/>\r\n<meta property=\"og:title\" content=\"ALTERA\u00c7\u00c3O DE DADOS PESSOAIS E DE CIRCUNST\u00c2NCIAS | Commerce and Investment Promotion Institute\" \/>\r\n<meta property=\"og:description\" content=\"P1.\u00a0\u00a0 Quais s\u00e3o os documentos necess\u00e1rios a apresentar, se houver mudan\u00e7a de documento de identifica\u00e7\u00e3o no per\u00edodo da dura\u00e7\u00e3o da autoriza\u00e7\u00e3o de resid\u00eancia tempor\u00e1ria? R: [&hellip;]\" \/>\r\n<meta property=\"og:url\" content=\"https:\/\/www.ipim.gov.mo\/pt-pt\/about-ipim\/temporary-residency\/temporary-residence-permit-application\/faq-ta\/s4\/\" \/>\r\n<meta property=\"og:site_name\" content=\"Commerce and Investment Promotion Institute\" \/>\r\n<meta property=\"article:modified_time\" content=\"2025-08-01T09:30:39+00:00\" \/>\r\n<meta property=\"og:image\" content=\"https:\/\/www.ipim.gov.mo\/wp-content\/uploads\/2024\/07\/ipim-post-default.jpg\" \/>\r\n\t<meta property=\"og:image:width\" content=\"1024\" \/>\r\n\t<meta property=\"og:image:height\" content=\"768\" \/>\r\n\t<meta property=\"og:image:type\" content=\"image\/jpeg\" \/>\r\n<meta name=\"twitter:card\" content=\"summary_large_image\" \/>\r\n<meta name=\"twitter:label1\" content=\"Est. reading time\" \/>\n\t<meta name=\"twitter:data1\" content=\"7 minutes\" \/>\r\n<script type=\"application\/ld+json\" class=\"yoast-schema-graph\">{\"@context\":\"https:\/\/schema.org\",\"@graph\":[{\"@type\":\"WebPage\",\"@id\":\"https:\/\/www.ipim.gov.mo\/pt-pt\/about-ipim\/temporary-residency\/temporary-residence-permit-application\/faq-ta\/s4\/\",\"url\":\"https:\/\/www.ipim.gov.mo\/pt-pt\/about-ipim\/temporary-residency\/temporary-residence-permit-application\/faq-ta\/s4\/\",\"name\":\"ALTERA\u00c7\u00c3O DE DADOS PESSOAIS E DE CIRCUNST\u00c2NCIAS | Commerce and Investment Promotion Institute\",\"isPartOf\":{\"@id\":\"https:\/\/www.ipim.gov.mo\/zh-hans\/#website\"},\"primaryImageOfPage\":{\"@id\":\"https:\/\/www.ipim.gov.mo\/pt-pt\/about-ipim\/temporary-residency\/temporary-residence-permit-application\/faq-ta\/s4\/#primaryimage\"},\"image\":{\"@id\":\"https:\/\/www.ipim.gov.mo\/pt-pt\/about-ipim\/temporary-residency\/temporary-residence-permit-application\/faq-ta\/s4\/#primaryimage\"},\"thumbnailUrl\":\"https:\/\/www.ipim.gov.mo\/wp-content\/uploads\/2024\/07\/ipim-post-default.jpg\",\"datePublished\":\"2019-07-15T08:25:36+00:00\",\"dateModified\":\"2025-08-01T09:30:39+00:00\",\"breadcrumb\":{\"@id\":\"https:\/\/www.ipim.gov.mo\/pt-pt\/about-ipim\/temporary-residency\/temporary-residence-permit-application\/faq-ta\/s4\/#breadcrumb\"},\"inLanguage\":\"pt-PT\",\"potentialAction\":[{\"@type\":\"ReadAction\",\"target\":[\"https:\/\/www.ipim.gov.mo\/pt-pt\/about-ipim\/temporary-residency\/temporary-residence-permit-application\/faq-ta\/s4\/\"]}]},{\"@type\":\"ImageObject\",\"inLanguage\":\"pt-PT\",\"@id\":\"https:\/\/www.ipim.gov.mo\/pt-pt\/about-ipim\/temporary-residency\/temporary-residence-permit-application\/faq-ta\/s4\/#primaryimage\",\"url\":\"https:\/\/www.ipim.gov.mo\/wp-content\/uploads\/2024\/07\/ipim-post-default.jpg\",\"contentUrl\":\"https:\/\/www.ipim.gov.mo\/wp-content\/uploads\/2024\/07\/ipim-post-default.jpg\",\"width\":1024,\"height\":768},{\"@type\":\"BreadcrumbList\",\"@id\":\"https:\/\/www.ipim.gov.mo\/pt-pt\/about-ipim\/temporary-residency\/temporary-residence-permit-application\/faq-ta\/s4\/#breadcrumb\",\"itemListElement\":[{\"@type\":\"ListItem\",\"position\":1,\"name\":\"Home\",\"item\":\"https:\/\/www.ipim.gov.mo\/pt-pt\/\"},{\"@type\":\"ListItem\",\"position\":2,\"name\":\"Acerca do IPIM\",\"item\":\"https:\/\/www.ipim.gov.mo\/pt-pt\/about-ipim\/\"},{\"@type\":\"ListItem\",\"position\":3,\"name\":\"Resid\u00eancia Tempor\u00e1ria\",\"item\":\"https:\/\/www.ipim.gov.mo\/pt-pt\/about-ipim\/temporary-residency\/\"},{\"@type\":\"ListItem\",\"position\":4,\"name\":\"Pedido de autoriza\u00e7\u00e3o de fixa\u00e7\u00e3o de resid\u00eancia tempor\u00e1ria\",\"item\":\"https:\/\/www.ipim.gov.mo\/pt-pt\/about-ipim\/temporary-residency\/temporary-residence-permit-application\/\"},{\"@type\":\"ListItem\",\"position\":5,\"name\":\"FAQ\",\"item\":\"https:\/\/www.ipim.gov.mo\/pt-pt\/about-ipim\/temporary-residency\/temporary-residence-permit-application\/faq-ta\/\"},{\"@type\":\"ListItem\",\"position\":6,\"name\":\"ALTERA\u00c7\u00c3O DE DADOS PESSOAIS E DE CIRCUNST\u00c2NCIAS\"}]},{\"@type\":\"WebSite\",\"@id\":\"https:\/\/www.ipim.gov.mo\/zh-hans\/#website\",\"url\":\"https:\/\/www.ipim.gov.mo\/zh-hans\/\",\"name\":\"Commerce and Investment Promotion Institute\",\"description\":\"Commerce and Investment Promotion Institute\",\"publisher\":{\"@id\":\"https:\/\/www.ipim.gov.mo\/zh-hans\/#organization\"},\"potentialAction\":[{\"@type\":\"SearchAction\",\"target\":{\"@type\":\"EntryPoint\",\"urlTemplate\":\"https:\/\/www.ipim.gov.mo\/zh-hans\/?s={search_term_string}\"},\"query-input\":{\"@type\":\"PropertyValueSpecification\",\"valueRequired\":true,\"valueName\":\"search_term_string\"}}],\"inLanguage\":\"pt-PT\"},{\"@type\":\"Organization\",\"@id\":\"https:\/\/www.ipim.gov.mo\/zh-hans\/#organization\",\"name\":\"IPIM\",\"url\":\"https:\/\/www.ipim.gov.mo\/zh-hans\/\",\"logo\":{\"@type\":\"ImageObject\",\"inLanguage\":\"pt-PT\",\"@id\":\"https:\/\/www.ipim.gov.mo\/zh-hans\/#\/schema\/logo\/image\/\",\"url\":\"https:\/\/www.ipim.gov.mo\/wp-content\/uploads\/2022\/10\/default-post-thumbnail-ipim-logo.png\",\"contentUrl\":\"https:\/\/www.ipim.gov.mo\/wp-content\/uploads\/2022\/10\/default-post-thumbnail-ipim-logo.png\",\"width\":1024,\"height\":768,\"caption\":\"IPIM\"},\"image\":{\"@id\":\"https:\/\/www.ipim.gov.mo\/zh-hans\/#\/schema\/logo\/image\/\"}}]}<\/script>\r\n<!-- \/ Yoast SEO plugin. -->","yoast_head_json":{"title":"ALTERA\u00c7\u00c3O DE DADOS PESSOAIS E DE CIRCUNST\u00c2NCIAS | Commerce and Investment Promotion Institute","robots":{"index":"index","follow":"follow","max-snippet":"max-snippet:-1","max-image-preview":"max-image-preview:large","max-video-preview":"max-video-preview:-1"},"canonical":"https:\/\/www.ipim.gov.mo\/pt-pt\/about-ipim\/temporary-residency\/temporary-residence-permit-application\/faq-ta\/s4\/","og_locale":"pt_PT","og_type":"article","og_title":"ALTERA\u00c7\u00c3O DE DADOS PESSOAIS E DE CIRCUNST\u00c2NCIAS | Commerce and Investment Promotion Institute","og_description":"P1.\u00a0\u00a0 Quais s\u00e3o os documentos necess\u00e1rios a apresentar, se houver mudan\u00e7a de documento de identifica\u00e7\u00e3o no per\u00edodo da dura\u00e7\u00e3o da autoriza\u00e7\u00e3o de resid\u00eancia tempor\u00e1ria? R: [&hellip;]","og_url":"https:\/\/www.ipim.gov.mo\/pt-pt\/about-ipim\/temporary-residency\/temporary-residence-permit-application\/faq-ta\/s4\/","og_site_name":"Commerce and Investment Promotion Institute","article_modified_time":"2025-08-01T09:30:39+00:00","og_image":[{"width":1024,"height":768,"url":"https:\/\/www.ipim.gov.mo\/wp-content\/uploads\/2024\/07\/ipim-post-default.jpg","type":"image\/jpeg"}],"twitter_card":"summary_large_image","twitter_misc":{"Est. reading time":"7 minutes"},"schema":{"@context":"https:\/\/schema.org","@graph":[{"@type":"WebPage","@id":"https:\/\/www.ipim.gov.mo\/pt-pt\/about-ipim\/temporary-residency\/temporary-residence-permit-application\/faq-ta\/s4\/","url":"https:\/\/www.ipim.gov.mo\/pt-pt\/about-ipim\/temporary-residency\/temporary-residence-permit-application\/faq-ta\/s4\/","name":"ALTERA\u00c7\u00c3O DE DADOS PESSOAIS E DE CIRCUNST\u00c2NCIAS | Commerce and Investment Promotion Institute","isPartOf":{"@id":"https:\/\/www.ipim.gov.mo\/zh-hans\/#website"},"primaryImageOfPage":{"@id":"https:\/\/www.ipim.gov.mo\/pt-pt\/about-ipim\/temporary-residency\/temporary-residence-permit-application\/faq-ta\/s4\/#primaryimage"},"image":{"@id":"https:\/\/www.ipim.gov.mo\/pt-pt\/about-ipim\/temporary-residency\/temporary-residence-permit-application\/faq-ta\/s4\/#primaryimage"},"thumbnailUrl":"https:\/\/www.ipim.gov.mo\/wp-content\/uploads\/2024\/07\/ipim-post-default.jpg","datePublished":"2019-07-15T08:25:36+00:00","dateModified":"2025-08-01T09:30:39+00:00","breadcrumb":{"@id":"https:\/\/www.ipim.gov.mo\/pt-pt\/about-ipim\/temporary-residency\/temporary-residence-permit-application\/faq-ta\/s4\/#breadcrumb"},"inLanguage":"pt-PT","potentialAction":[{"@type":"ReadAction","target":["https:\/\/www.ipim.gov.mo\/pt-pt\/about-ipim\/temporary-residency\/temporary-residence-permit-application\/faq-ta\/s4\/"]}]},{"@type":"ImageObject","inLanguage":"pt-PT","@id":"https:\/\/www.ipim.gov.mo\/pt-pt\/about-ipim\/temporary-residency\/temporary-residence-permit-application\/faq-ta\/s4\/#primaryimage","url":"https:\/\/www.ipim.gov.mo\/wp-content\/uploads\/2024\/07\/ipim-post-default.jpg","contentUrl":"https:\/\/www.ipim.gov.mo\/wp-content\/uploads\/2024\/07\/ipim-post-default.jpg","width":1024,"height":768},{"@type":"BreadcrumbList","@id":"https:\/\/www.ipim.gov.mo\/pt-pt\/about-ipim\/temporary-residency\/temporary-residence-permit-application\/faq-ta\/s4\/#breadcrumb","itemListElement":[{"@type":"ListItem","position":1,"name":"Home","item":"https:\/\/www.ipim.gov.mo\/pt-pt\/"},{"@type":"ListItem","position":2,"name":"Acerca do IPIM","item":"https:\/\/www.ipim.gov.mo\/pt-pt\/about-ipim\/"},{"@type":"ListItem","position":3,"name":"Resid\u00eancia Tempor\u00e1ria","item":"https:\/\/www.ipim.gov.mo\/pt-pt\/about-ipim\/temporary-residency\/"},{"@type":"ListItem","position":4,"name":"Pedido de autoriza\u00e7\u00e3o de fixa\u00e7\u00e3o de resid\u00eancia tempor\u00e1ria","item":"https:\/\/www.ipim.gov.mo\/pt-pt\/about-ipim\/temporary-residency\/temporary-residence-permit-application\/"},{"@type":"ListItem","position":5,"name":"FAQ","item":"https:\/\/www.ipim.gov.mo\/pt-pt\/about-ipim\/temporary-residency\/temporary-residence-permit-application\/faq-ta\/"},{"@type":"ListItem","position":6,"name":"ALTERA\u00c7\u00c3O DE DADOS PESSOAIS E DE CIRCUNST\u00c2NCIAS"}]},{"@type":"WebSite","@id":"https:\/\/www.ipim.gov.mo\/zh-hans\/#website","url":"https:\/\/www.ipim.gov.mo\/zh-hans\/","name":"Commerce and Investment Promotion Institute","description":"Commerce and Investment Promotion Institute","publisher":{"@id":"https:\/\/www.ipim.gov.mo\/zh-hans\/#organization"},"potentialAction":[{"@type":"SearchAction","target":{"@type":"EntryPoint","urlTemplate":"https:\/\/www.ipim.gov.mo\/zh-hans\/?s={search_term_string}"},"query-input":{"@type":"PropertyValueSpecification","valueRequired":true,"valueName":"search_term_string"}}],"inLanguage":"pt-PT"},{"@type":"Organization","@id":"https:\/\/www.ipim.gov.mo\/zh-hans\/#organization","name":"IPIM","url":"https:\/\/www.ipim.gov.mo\/zh-hans\/","logo":{"@type":"ImageObject","inLanguage":"pt-PT","@id":"https:\/\/www.ipim.gov.mo\/zh-hans\/#\/schema\/logo\/image\/","url":"https:\/\/www.ipim.gov.mo\/wp-content\/uploads\/2022\/10\/default-post-thumbnail-ipim-logo.png","contentUrl":"https:\/\/www.ipim.gov.mo\/wp-content\/uploads\/2022\/10\/default-post-thumbnail-ipim-logo.png","width":1024,"height":768,"caption":"IPIM"},"image":{"@id":"https:\/\/www.ipim.gov.mo\/zh-hans\/#\/schema\/logo\/image\/"}}]}},"coauthors":[],"author_meta":{"author_link":"https:\/\/www.ipim.gov.mo\/pt-pt\/author\/admin\/","display_name":"admin"},"relative_dates":{"created":"Posted 7 years ago","modified":"Updated 9 months ago"},"absolute_dates":{"created":"Posted on Julho 15, 2019","modified":"Updated on Agosto 1, 2025"},"absolute_dates_time":{"created":"Posted on Julho 15, 2019 4:25 pm","modified":"Updated on Agosto 1, 2025 5:30 pm"},"featured_img_caption":"","featured_img":"https:\/\/www.ipim.gov.mo\/wp-content\/uploads\/2024\/07\/ipim-post-default.jpg","series_order":"","_links":{"self":[{"href":"https:\/\/www.ipim.gov.mo\/pt-pt\/wp-json\/wp\/v2\/pages\/264510","targetHints":{"allow":["GET"]}}],"collection":[{"href":"https:\/\/www.ipim.gov.mo\/pt-pt\/wp-json\/wp\/v2\/pages"}],"about":[{"href":"https:\/\/www.ipim.gov.mo\/pt-pt\/wp-json\/wp\/v2\/types\/page"}],"author":[{"embeddable":true,"href":"https:\/\/www.ipim.gov.mo\/pt-pt\/wp-json\/wp\/v2\/users\/1"}],"replies":[{"embeddable":true,"href":"https:\/\/www.ipim.gov.mo\/pt-pt\/wp-json\/wp\/v2\/comments?post=264510"}],"version-history":[{"count":3,"href":"https:\/\/www.ipim.gov.mo\/pt-pt\/wp-json\/wp\/v2\/pages\/264510\/revisions"}],"predecessor-version":[{"id":498983,"href":"https:\/\/www.ipim.gov.mo\/pt-pt\/wp-json\/wp\/v2\/pages\/264510\/revisions\/498983"}],"up":[{"embeddable":true,"href":"https:\/\/www.ipim.gov.mo\/pt-pt\/wp-json\/wp\/v2\/pages\/263644"}],"wp:featuredmedia":[{"embeddable":true,"href":"https:\/\/www.ipim.gov.mo\/pt-pt\/wp-json\/wp\/v2\/media\/467868"}],"wp:attachment":[{"href":"https:\/\/www.ipim.gov.mo\/pt-pt\/wp-json\/wp\/v2\/media?parent=264510"}],"curies":[{"name":"wp","href":"https:\/\/api.w.org\/{rel}","templated":true}]}}