{"id":264504,"date":"2019-07-18T16:37:16","date_gmt":"2019-07-18T08:37:16","guid":{"rendered":"https:\/\/www.ipim.gov.mo\/pt-pt\/investment-residency-test\/temporary-residence-permit-application\/faq-ta\/s3\/s3-4\/"},"modified":"2025-07-28T16:44:32","modified_gmt":"2025-07-28T08:44:32","slug":"s3-4","status":"publish","type":"page","link":"https:\/\/www.ipim.gov.mo\/pt-pt\/about-ipim\/temporary-residency\/temporary-residence-permit-application\/faq-ta\/s3\/s3-4\/","title":{"rendered":"CATEGORIA \u201cINVESTIMENTOS RELEVANTES \/ PROJECTOS DE INVESTIMENTO RELEVANTES\u201d"},"content":{"rendered":"<h2>P1. Quais s\u00e3o os crit\u00e9rios para a aprova\u00e7\u00e3o de \u201cinvestimentos relevantes \/ projectos de investimento relevantes\u201d?<\/h2>\n<p>R: O IPIM procede \u00e0 aprova\u00e7\u00e3o segundo o tipo de sector da actividade, capacidade para melhorar o n\u00edvel tecnol\u00f3gico e competitividade do sector, contribui\u00e7\u00e3o para o mercado de trabalho de Macau, melhoria da imagem da marca de Macau, desenvolvimento sustent\u00e1vel e montante do investimento, e se o investimento compreende condi\u00e7\u00f5es para opera\u00e7\u00e3o sustent\u00e1vel em Macau. Para mais informa\u00e7\u00f5es, consulte os crit\u00e9rios para a an\u00e1lise de aprova\u00e7\u00e3o de autoriza\u00e7\u00e3o de resid\u00eancia tempor\u00e1ria para os \u201c<a href=\"https:\/\/www.ipim.gov.mo\/pt-pt\/about-ipim\/temporary-residency\/temporary-residence-permit-application\/assessment-criteria\/assessment-criteria-for-temporary-residency-application-major-investment-investment-plan\/\" target=\"_blank\" rel=\"noopener\">investimentos relevantes \/ projectos de investimento relevantes<\/a>\u201d.<\/p>\n<p>&nbsp;<\/p>\n<h2>P2. Em rela\u00e7\u00e3o a \u201cInvestimentos Relevantes \/ Projectos de Investimento Relevantes\u201d, quais s\u00e3o os requisitos relativos ao montante de investimentos e ao n\u00famero de accionistas?<\/h2>\n<p>R: Para mais informa\u00e7\u00f5es sobre o montante do investimento, por favor consulte os crit\u00e9rios para a an\u00e1lise de aprova\u00e7\u00e3o de resid\u00eancia tempor\u00e1ria por <a href=\"https:\/\/www.ipim.gov.mo\/pt-pt\/about-ipim\/temporary-residency\/temporary-residence-permit-application\/assessment-criteria\/assessment-criteria-for-temporary-residency-application-major-investment-investment-plan\/\" target=\"_blank\" rel=\"noopener\">\u201cinvestimentos relevantes \/ projectos de investimento relevantes\u201d<\/a>, publicados na p\u00e1gina electr\u00f3nica do IPIM. Se o requerente for accionista da empresa, o montante \u00e9 calculado de acordo com a percentagem que controla da empresa. O investimento \u00e9 composto por activos fixos para a opera\u00e7\u00e3o, despesas de opera\u00e7\u00e3o e outras despesas. O capital pr\u00f3prio de n\u00e3o requerentes e o invent\u00e1rio pertencente ao objecto de venda ou destinado a fins de venda n\u00e3o est\u00e3o inclu\u00eddos no c\u00e1lculo. O n\u00famero de accionistas da empresa n\u00e3o tem influ\u00eancia directa na aprova\u00e7\u00e3o, sendo considerado para a aprova\u00e7\u00e3o apenas o montante de investimento correspondente \u00e0 percentagem de ac\u00e7\u00f5es detidas pelo requerente.<\/p>\n<p>&nbsp;<\/p>\n<h2>P3. Em rela\u00e7\u00e3o a \u201cInvestimentos Relevantes \/ Projectos de Investimento Relevantes\u201d, h\u00e1 algum requisito para o sector a investir?<\/h2>\n<p>R:\u00a0 Para<a href=\"https:\/\/www.ipim.gov.mo\/pt-pt\/about-ipim\/temporary-residency\/temporary-residence-permit-application\/assessment-criteria\/assessment-criteria-for-temporary-residency-application-major-investment-investment-plan\/\" target=\"_blank\" rel=\"noopener\"> \u201cinvestimentos relevantes \/ projectos de investimento relevantes\u201d<\/a>, ser\u00e1 dada prioridade aos sectores que s\u00e3o consent\u00e2neos com as linhas de ac\u00e7\u00e3o governativa de Macau, conducentes \u00e0 diversifica\u00e7\u00e3o industrial de Macau. Para mais informa\u00e7\u00f5es, por favor consulte os crit\u00e9rios para a an\u00e1lise de aprova\u00e7\u00e3o de resid\u00eancia tempor\u00e1ria por \u201cinvestimentos relevantes \/ projectos de investimento relevantes\u201d, publicados na p\u00e1gina electr\u00f3nica do IPIM.<\/p>\n<p>&nbsp;<\/p>\n<h2>P4. Como preparar os documentos comprovativos de estar em actividade?<\/h2>\n<p>R:\u00a0 O documento comprovativo de estar em actividade refere-se ao documento que comprove, detalhadamente, a situa\u00e7\u00e3o da explora\u00e7\u00e3o e opera\u00e7\u00e3o de neg\u00f3cios em Macau, nomeadamente, facturas, acordos de neg\u00f3cio j\u00e1 celebrados ou a celebrar, fotografias e cat\u00e1logos das mercadorias, fotografia do local da actividade comercial demonstra\u00e7\u00f5es financeiras anteriores e documentos comprovativos do direito de utiliza\u00e7\u00e3o do local da actividade comercial, entre outros. Caso as empresas, que envolvam a licen\u00e7a de opera\u00e7\u00e3o de actividades ou os projectos de investimento, estejam sujeitos \u00e0 fiscaliza\u00e7\u00e3o, s\u00e3o tamb\u00e9m necess\u00e1rios apresentar a licen\u00e7a emitida pelo respectivo servi\u00e7o competente. Caso perten\u00e7a ao pedido da renova\u00e7\u00e3o ou por extens\u00e3o, a data de emiss\u00e3o do documento comprovativo de estar em actividade apresentado pelo requerente deve suceder a data do documento apresentado no \u00faltimo pedido; Se for suscept\u00edvel de prever a caducidade dos documentos durante o per\u00edodo do pedido, deve apresentar, por iniciativa pr\u00f3pria, os novos documentos comprovativos. (Para mais informa\u00e7\u00f5es, consulte a ponto 5.2.4 do <a href=\"https:\/\/www.ipim.gov.mo\/pt-pt\/about-ipim\/temporary-residency\/temporary-residence-permit-application\/application-procedures-and-guidelines\/\" target=\"_blank\" rel=\"noopener\">Guia de Orienta\u00e7\u00f5es<\/a>).<\/p>\n<h2>P5. Quais s\u00e3o os requisitos para as demonstra\u00e7\u00f5es financeiras a serem entregues?<\/h2>\n<p>R: De acordo com a categoria de tributa\u00e7\u00e3o de rendimento complementar a que pertencem os contribuintes a quem a empresa pertence, o IPIM ir\u00e1 pedir ao requerente que submeta demonstra\u00e7\u00f5es financeiras do ano anterior, contabilizadas por contabilista registado e reconhecido em Macau, e declara\u00e7\u00e3o do imposto complementar de rendimentos, com carimbo de recep\u00e7\u00e3o da Direc\u00e7\u00e3o dos Servi\u00e7os de Finan\u00e7as (contribuintes do Grupo A devem entregar entre Abril e Junho de cada ano, e contribuintes do Grupo B devem entregar entre Janeiro e Mar\u00e7o de cada ano).<\/p>\n<p>&nbsp;<\/p>\n<h2>P6. Posso permanecer em Macau depois de apresentar o pedido inicial de autoriza\u00e7\u00e3o de resid\u00eancia tempor\u00e1ria?<\/h2>\n<p>R:\u00a0 Ap\u00f3s apresentar o pedido inicial para autoriza\u00e7\u00e3o de resid\u00eancia tempor\u00e1ria, e durante o per\u00edodo de aprecia\u00e7\u00e3o desse pedido, a perman\u00eancia em Macau do requerente deve obedecer ao per\u00edodo de estadia concedido no momento da sua entrada em Macau com documento v\u00e1lido, assim como aos regulamentos em vigor. Para mais informa\u00e7\u00f5es, pode consultar a p\u00e1gina electr\u00f3nica do Corpo de Pol\u00edcia de Seguran\u00e7a P\u00fablica.<\/p>\n","protected":false},"excerpt":{"rendered":"<p>P1. Quais s\u00e3o os crit\u00e9rios para a aprova\u00e7\u00e3o de \u201cinvestimentos relevantes \/ projectos de investimento relevantes\u201d? R: O IPIM procede \u00e0 aprova\u00e7\u00e3o segundo o tipo [&hellip;]<\/p>\n","protected":false},"author":1,"featured_media":467868,"parent":264485,"menu_order":4,"comment_status":"closed","ping_status":"closed","template":"","meta":{"_acf_changed":false,"inline_featured_image":false,"advgb_blocks_editor_width":"","advgb_blocks_columns_visual_guide":"","footnotes":""},"class_list":["post-264504","page","type-page","status-publish","has-post-thumbnail","hentry"],"acf":[],"yoast_head":"<!-- This site is optimized with the Yoast SEO plugin v26.2 - https:\/\/yoast.com\/wordpress\/plugins\/seo\/ -->\r\n<title>CATEGORIA \u201cINVESTIMENTOS RELEVANTES \/ PROJECTOS DE INVESTIMENTO RELEVANTES\u201d | Commerce and Investment Promotion Institute<\/title>\r\n<meta name=\"robots\" content=\"index, follow, max-snippet:-1, max-image-preview:large, max-video-preview:-1\" \/>\r\n<link rel=\"canonical\" href=\"https:\/\/www.ipim.gov.mo\/pt-pt\/about-ipim\/temporary-residency\/temporary-residence-permit-application\/faq-ta\/s3\/s3-4\/\" \/>\r\n<meta property=\"og:locale\" content=\"pt_PT\" \/>\r\n<meta property=\"og:type\" content=\"article\" \/>\r\n<meta property=\"og:title\" content=\"CATEGORIA \u201cINVESTIMENTOS RELEVANTES \/ PROJECTOS DE INVESTIMENTO RELEVANTES\u201d | Commerce and Investment Promotion Institute\" \/>\r\n<meta property=\"og:description\" content=\"P1. Quais s\u00e3o os crit\u00e9rios para a aprova\u00e7\u00e3o de \u201cinvestimentos relevantes \/ projectos de investimento relevantes\u201d? R: O IPIM procede \u00e0 aprova\u00e7\u00e3o segundo o tipo [&hellip;]\" \/>\r\n<meta property=\"og:url\" content=\"https:\/\/www.ipim.gov.mo\/pt-pt\/about-ipim\/temporary-residency\/temporary-residence-permit-application\/faq-ta\/s3\/s3-4\/\" \/>\r\n<meta property=\"og:site_name\" content=\"Commerce and Investment Promotion Institute\" \/>\r\n<meta property=\"article:modified_time\" content=\"2025-07-28T08:44:32+00:00\" \/>\r\n<meta property=\"og:image\" content=\"https:\/\/www.ipim.gov.mo\/wp-content\/uploads\/2024\/07\/ipim-post-default.jpg\" \/>\r\n\t<meta property=\"og:image:width\" content=\"1024\" \/>\r\n\t<meta property=\"og:image:height\" content=\"768\" \/>\r\n\t<meta property=\"og:image:type\" content=\"image\/jpeg\" \/>\r\n<meta name=\"twitter:card\" content=\"summary_large_image\" \/>\r\n<meta name=\"twitter:label1\" content=\"Est. reading time\" \/>\n\t<meta name=\"twitter:data1\" content=\"4 minutes\" \/>\r\n<script type=\"application\/ld+json\" class=\"yoast-schema-graph\">{\"@context\":\"https:\/\/schema.org\",\"@graph\":[{\"@type\":\"WebPage\",\"@id\":\"https:\/\/www.ipim.gov.mo\/pt-pt\/about-ipim\/temporary-residency\/temporary-residence-permit-application\/faq-ta\/s3\/s3-4\/\",\"url\":\"https:\/\/www.ipim.gov.mo\/pt-pt\/about-ipim\/temporary-residency\/temporary-residence-permit-application\/faq-ta\/s3\/s3-4\/\",\"name\":\"CATEGORIA \u201cINVESTIMENTOS RELEVANTES \/ PROJECTOS DE INVESTIMENTO RELEVANTES\u201d | Commerce and Investment Promotion Institute\",\"isPartOf\":{\"@id\":\"https:\/\/www.ipim.gov.mo\/zh-hans\/#website\"},\"primaryImageOfPage\":{\"@id\":\"https:\/\/www.ipim.gov.mo\/pt-pt\/about-ipim\/temporary-residency\/temporary-residence-permit-application\/faq-ta\/s3\/s3-4\/#primaryimage\"},\"image\":{\"@id\":\"https:\/\/www.ipim.gov.mo\/pt-pt\/about-ipim\/temporary-residency\/temporary-residence-permit-application\/faq-ta\/s3\/s3-4\/#primaryimage\"},\"thumbnailUrl\":\"https:\/\/www.ipim.gov.mo\/wp-content\/uploads\/2024\/07\/ipim-post-default.jpg\",\"datePublished\":\"2019-07-18T08:37:16+00:00\",\"dateModified\":\"2025-07-28T08:44:32+00:00\",\"breadcrumb\":{\"@id\":\"https:\/\/www.ipim.gov.mo\/pt-pt\/about-ipim\/temporary-residency\/temporary-residence-permit-application\/faq-ta\/s3\/s3-4\/#breadcrumb\"},\"inLanguage\":\"pt-PT\",\"potentialAction\":[{\"@type\":\"ReadAction\",\"target\":[\"https:\/\/www.ipim.gov.mo\/pt-pt\/about-ipim\/temporary-residency\/temporary-residence-permit-application\/faq-ta\/s3\/s3-4\/\"]}]},{\"@type\":\"ImageObject\",\"inLanguage\":\"pt-PT\",\"@id\":\"https:\/\/www.ipim.gov.mo\/pt-pt\/about-ipim\/temporary-residency\/temporary-residence-permit-application\/faq-ta\/s3\/s3-4\/#primaryimage\",\"url\":\"https:\/\/www.ipim.gov.mo\/wp-content\/uploads\/2024\/07\/ipim-post-default.jpg\",\"contentUrl\":\"https:\/\/www.ipim.gov.mo\/wp-content\/uploads\/2024\/07\/ipim-post-default.jpg\",\"width\":1024,\"height\":768},{\"@type\":\"BreadcrumbList\",\"@id\":\"https:\/\/www.ipim.gov.mo\/pt-pt\/about-ipim\/temporary-residency\/temporary-residence-permit-application\/faq-ta\/s3\/s3-4\/#breadcrumb\",\"itemListElement\":[{\"@type\":\"ListItem\",\"position\":1,\"name\":\"Home\",\"item\":\"https:\/\/www.ipim.gov.mo\/pt-pt\/\"},{\"@type\":\"ListItem\",\"position\":2,\"name\":\"Acerca do IPIM\",\"item\":\"https:\/\/www.ipim.gov.mo\/pt-pt\/about-ipim\/\"},{\"@type\":\"ListItem\",\"position\":3,\"name\":\"Resid\u00eancia Tempor\u00e1ria\",\"item\":\"https:\/\/www.ipim.gov.mo\/pt-pt\/about-ipim\/temporary-residency\/\"},{\"@type\":\"ListItem\",\"position\":4,\"name\":\"Pedido de autoriza\u00e7\u00e3o de fixa\u00e7\u00e3o de resid\u00eancia tempor\u00e1ria\",\"item\":\"https:\/\/www.ipim.gov.mo\/pt-pt\/about-ipim\/temporary-residency\/temporary-residence-permit-application\/\"},{\"@type\":\"ListItem\",\"position\":5,\"name\":\"FAQ\",\"item\":\"https:\/\/www.ipim.gov.mo\/pt-pt\/about-ipim\/temporary-residency\/temporary-residence-permit-application\/faq-ta\/\"},{\"@type\":\"ListItem\",\"position\":6,\"name\":\"PERGUNTAS MAIS FREQUENTEMENTE COLOCADAS\",\"item\":\"https:\/\/www.ipim.gov.mo\/pt-pt\/about-ipim\/temporary-residency\/temporary-residence-permit-application\/faq-ta\/s3\/\"},{\"@type\":\"ListItem\",\"position\":7,\"name\":\"CATEGORIA \u201cINVESTIMENTOS RELEVANTES \/ PROJECTOS DE INVESTIMENTO RELEVANTES\u201d\"}]},{\"@type\":\"WebSite\",\"@id\":\"https:\/\/www.ipim.gov.mo\/zh-hans\/#website\",\"url\":\"https:\/\/www.ipim.gov.mo\/zh-hans\/\",\"name\":\"Commerce and Investment Promotion Institute\",\"description\":\"Commerce and Investment Promotion Institute\",\"publisher\":{\"@id\":\"https:\/\/www.ipim.gov.mo\/zh-hans\/#organization\"},\"potentialAction\":[{\"@type\":\"SearchAction\",\"target\":{\"@type\":\"EntryPoint\",\"urlTemplate\":\"https:\/\/www.ipim.gov.mo\/zh-hans\/?s={search_term_string}\"},\"query-input\":{\"@type\":\"PropertyValueSpecification\",\"valueRequired\":true,\"valueName\":\"search_term_string\"}}],\"inLanguage\":\"pt-PT\"},{\"@type\":\"Organization\",\"@id\":\"https:\/\/www.ipim.gov.mo\/zh-hans\/#organization\",\"name\":\"IPIM\",\"url\":\"https:\/\/www.ipim.gov.mo\/zh-hans\/\",\"logo\":{\"@type\":\"ImageObject\",\"inLanguage\":\"pt-PT\",\"@id\":\"https:\/\/www.ipim.gov.mo\/zh-hans\/#\/schema\/logo\/image\/\",\"url\":\"https:\/\/www.ipim.gov.mo\/wp-content\/uploads\/2022\/10\/default-post-thumbnail-ipim-logo.png\",\"contentUrl\":\"https:\/\/www.ipim.gov.mo\/wp-content\/uploads\/2022\/10\/default-post-thumbnail-ipim-logo.png\",\"width\":1024,\"height\":768,\"caption\":\"IPIM\"},\"image\":{\"@id\":\"https:\/\/www.ipim.gov.mo\/zh-hans\/#\/schema\/logo\/image\/\"}}]}<\/script>\r\n<!-- \/ Yoast SEO plugin. -->","yoast_head_json":{"title":"CATEGORIA \u201cINVESTIMENTOS RELEVANTES \/ PROJECTOS DE INVESTIMENTO RELEVANTES\u201d | Commerce and Investment Promotion Institute","robots":{"index":"index","follow":"follow","max-snippet":"max-snippet:-1","max-image-preview":"max-image-preview:large","max-video-preview":"max-video-preview:-1"},"canonical":"https:\/\/www.ipim.gov.mo\/pt-pt\/about-ipim\/temporary-residency\/temporary-residence-permit-application\/faq-ta\/s3\/s3-4\/","og_locale":"pt_PT","og_type":"article","og_title":"CATEGORIA \u201cINVESTIMENTOS RELEVANTES \/ PROJECTOS DE INVESTIMENTO RELEVANTES\u201d | Commerce and Investment Promotion Institute","og_description":"P1. Quais s\u00e3o os crit\u00e9rios para a aprova\u00e7\u00e3o de \u201cinvestimentos relevantes \/ projectos de investimento relevantes\u201d? R: O IPIM procede \u00e0 aprova\u00e7\u00e3o segundo o tipo [&hellip;]","og_url":"https:\/\/www.ipim.gov.mo\/pt-pt\/about-ipim\/temporary-residency\/temporary-residence-permit-application\/faq-ta\/s3\/s3-4\/","og_site_name":"Commerce and Investment Promotion Institute","article_modified_time":"2025-07-28T08:44:32+00:00","og_image":[{"width":1024,"height":768,"url":"https:\/\/www.ipim.gov.mo\/wp-content\/uploads\/2024\/07\/ipim-post-default.jpg","type":"image\/jpeg"}],"twitter_card":"summary_large_image","twitter_misc":{"Est. reading time":"4 minutes"},"schema":{"@context":"https:\/\/schema.org","@graph":[{"@type":"WebPage","@id":"https:\/\/www.ipim.gov.mo\/pt-pt\/about-ipim\/temporary-residency\/temporary-residence-permit-application\/faq-ta\/s3\/s3-4\/","url":"https:\/\/www.ipim.gov.mo\/pt-pt\/about-ipim\/temporary-residency\/temporary-residence-permit-application\/faq-ta\/s3\/s3-4\/","name":"CATEGORIA \u201cINVESTIMENTOS RELEVANTES \/ PROJECTOS DE INVESTIMENTO RELEVANTES\u201d | Commerce and Investment Promotion Institute","isPartOf":{"@id":"https:\/\/www.ipim.gov.mo\/zh-hans\/#website"},"primaryImageOfPage":{"@id":"https:\/\/www.ipim.gov.mo\/pt-pt\/about-ipim\/temporary-residency\/temporary-residence-permit-application\/faq-ta\/s3\/s3-4\/#primaryimage"},"image":{"@id":"https:\/\/www.ipim.gov.mo\/pt-pt\/about-ipim\/temporary-residency\/temporary-residence-permit-application\/faq-ta\/s3\/s3-4\/#primaryimage"},"thumbnailUrl":"https:\/\/www.ipim.gov.mo\/wp-content\/uploads\/2024\/07\/ipim-post-default.jpg","datePublished":"2019-07-18T08:37:16+00:00","dateModified":"2025-07-28T08:44:32+00:00","breadcrumb":{"@id":"https:\/\/www.ipim.gov.mo\/pt-pt\/about-ipim\/temporary-residency\/temporary-residence-permit-application\/faq-ta\/s3\/s3-4\/#breadcrumb"},"inLanguage":"pt-PT","potentialAction":[{"@type":"ReadAction","target":["https:\/\/www.ipim.gov.mo\/pt-pt\/about-ipim\/temporary-residency\/temporary-residence-permit-application\/faq-ta\/s3\/s3-4\/"]}]},{"@type":"ImageObject","inLanguage":"pt-PT","@id":"https:\/\/www.ipim.gov.mo\/pt-pt\/about-ipim\/temporary-residency\/temporary-residence-permit-application\/faq-ta\/s3\/s3-4\/#primaryimage","url":"https:\/\/www.ipim.gov.mo\/wp-content\/uploads\/2024\/07\/ipim-post-default.jpg","contentUrl":"https:\/\/www.ipim.gov.mo\/wp-content\/uploads\/2024\/07\/ipim-post-default.jpg","width":1024,"height":768},{"@type":"BreadcrumbList","@id":"https:\/\/www.ipim.gov.mo\/pt-pt\/about-ipim\/temporary-residency\/temporary-residence-permit-application\/faq-ta\/s3\/s3-4\/#breadcrumb","itemListElement":[{"@type":"ListItem","position":1,"name":"Home","item":"https:\/\/www.ipim.gov.mo\/pt-pt\/"},{"@type":"ListItem","position":2,"name":"Acerca do IPIM","item":"https:\/\/www.ipim.gov.mo\/pt-pt\/about-ipim\/"},{"@type":"ListItem","position":3,"name":"Resid\u00eancia Tempor\u00e1ria","item":"https:\/\/www.ipim.gov.mo\/pt-pt\/about-ipim\/temporary-residency\/"},{"@type":"ListItem","position":4,"name":"Pedido de autoriza\u00e7\u00e3o de fixa\u00e7\u00e3o de resid\u00eancia tempor\u00e1ria","item":"https:\/\/www.ipim.gov.mo\/pt-pt\/about-ipim\/temporary-residency\/temporary-residence-permit-application\/"},{"@type":"ListItem","position":5,"name":"FAQ","item":"https:\/\/www.ipim.gov.mo\/pt-pt\/about-ipim\/temporary-residency\/temporary-residence-permit-application\/faq-ta\/"},{"@type":"ListItem","position":6,"name":"PERGUNTAS MAIS FREQUENTEMENTE COLOCADAS","item":"https:\/\/www.ipim.gov.mo\/pt-pt\/about-ipim\/temporary-residency\/temporary-residence-permit-application\/faq-ta\/s3\/"},{"@type":"ListItem","position":7,"name":"CATEGORIA \u201cINVESTIMENTOS RELEVANTES \/ PROJECTOS DE INVESTIMENTO RELEVANTES\u201d"}]},{"@type":"WebSite","@id":"https:\/\/www.ipim.gov.mo\/zh-hans\/#website","url":"https:\/\/www.ipim.gov.mo\/zh-hans\/","name":"Commerce and Investment Promotion Institute","description":"Commerce and Investment Promotion Institute","publisher":{"@id":"https:\/\/www.ipim.gov.mo\/zh-hans\/#organization"},"potentialAction":[{"@type":"SearchAction","target":{"@type":"EntryPoint","urlTemplate":"https:\/\/www.ipim.gov.mo\/zh-hans\/?s={search_term_string}"},"query-input":{"@type":"PropertyValueSpecification","valueRequired":true,"valueName":"search_term_string"}}],"inLanguage":"pt-PT"},{"@type":"Organization","@id":"https:\/\/www.ipim.gov.mo\/zh-hans\/#organization","name":"IPIM","url":"https:\/\/www.ipim.gov.mo\/zh-hans\/","logo":{"@type":"ImageObject","inLanguage":"pt-PT","@id":"https:\/\/www.ipim.gov.mo\/zh-hans\/#\/schema\/logo\/image\/","url":"https:\/\/www.ipim.gov.mo\/wp-content\/uploads\/2022\/10\/default-post-thumbnail-ipim-logo.png","contentUrl":"https:\/\/www.ipim.gov.mo\/wp-content\/uploads\/2022\/10\/default-post-thumbnail-ipim-logo.png","width":1024,"height":768,"caption":"IPIM"},"image":{"@id":"https:\/\/www.ipim.gov.mo\/zh-hans\/#\/schema\/logo\/image\/"}}]}},"coauthors":[],"author_meta":{"author_link":"https:\/\/www.ipim.gov.mo\/pt-pt\/author\/admin\/","display_name":"admin"},"relative_dates":{"created":"Posted 7 years ago","modified":"Updated 10 months ago"},"absolute_dates":{"created":"Posted on Julho 18, 2019","modified":"Updated on Julho 28, 2025"},"absolute_dates_time":{"created":"Posted on Julho 18, 2019 4:37 pm","modified":"Updated on Julho 28, 2025 4:44 pm"},"featured_img_caption":"","featured_img":"https:\/\/www.ipim.gov.mo\/wp-content\/uploads\/2024\/07\/ipim-post-default.jpg","series_order":"","_links":{"self":[{"href":"https:\/\/www.ipim.gov.mo\/pt-pt\/wp-json\/wp\/v2\/pages\/264504","targetHints":{"allow":["GET"]}}],"collection":[{"href":"https:\/\/www.ipim.gov.mo\/pt-pt\/wp-json\/wp\/v2\/pages"}],"about":[{"href":"https:\/\/www.ipim.gov.mo\/pt-pt\/wp-json\/wp\/v2\/types\/page"}],"author":[{"embeddable":true,"href":"https:\/\/www.ipim.gov.mo\/pt-pt\/wp-json\/wp\/v2\/users\/1"}],"replies":[{"embeddable":true,"href":"https:\/\/www.ipim.gov.mo\/pt-pt\/wp-json\/wp\/v2\/comments?post=264504"}],"version-history":[{"count":3,"href":"https:\/\/www.ipim.gov.mo\/pt-pt\/wp-json\/wp\/v2\/pages\/264504\/revisions"}],"predecessor-version":[{"id":496427,"href":"https:\/\/www.ipim.gov.mo\/pt-pt\/wp-json\/wp\/v2\/pages\/264504\/revisions\/496427"}],"up":[{"embeddable":true,"href":"https:\/\/www.ipim.gov.mo\/pt-pt\/wp-json\/wp\/v2\/pages\/264485"}],"wp:featuredmedia":[{"embeddable":true,"href":"https:\/\/www.ipim.gov.mo\/pt-pt\/wp-json\/wp\/v2\/media\/467868"}],"wp:attachment":[{"href":"https:\/\/www.ipim.gov.mo\/pt-pt\/wp-json\/wp\/v2\/media?parent=264504"}],"curies":[{"name":"wp","href":"https:\/\/api.w.org\/{rel}","templated":true}]}}