{"id":264500,"date":"2019-07-18T16:25:18","date_gmt":"2019-07-18T08:25:18","guid":{"rendered":"https:\/\/www.ipim.gov.mo\/pt-pt\/investment-residency-test\/temporary-residence-permit-application\/faq-ta\/s3\/s3-3\/"},"modified":"2025-07-28T16:36:31","modified_gmt":"2025-07-28T08:36:31","slug":"s3-3","status":"publish","type":"page","link":"https:\/\/www.ipim.gov.mo\/pt-pt\/about-ipim\/temporary-residency\/temporary-residence-permit-application\/faq-ta\/s3\/s3-3\/","title":{"rendered":"CATEGORIA \u201cQUADROS DIRIGENTES E T\u00c9CNICOS ESPECIALIZADOS\u201d"},"content":{"rendered":"<h2>P1. Actualmente, os interessados ainda podem apresentar o pedido de autoriza\u00e7\u00e3o de resid\u00eancia tempor\u00e1ria tendo como fundamento \u201cQuadros dirigentes\/t\u00e9cnicos especializados\u201d?<\/h2>\n<p>R: Nos termos do artigo 32.\u00ba e do artigo 38.\u00ba da Lei n.\u00ba 7\/2023, a partir de 1 de Julho de 2023, revoga-se o disposto no n.\u00ba 3 do artigo 1.\u00ba do Regulamento Administrativo n.\u00ba 3\/2005, relativamente aos pedidos iniciais de autoriza\u00e7\u00e3o de resid\u00eancia tempor\u00e1ria tendo como fundamento \u201cQuadros dirigentes e t\u00e9cnicos especializados\u201d.<\/p>\n<p>&nbsp;<\/p>\n<h2>P2. Ap\u00f3s a entrada em vigor do \u201cRegime Jur\u00eddico da Capta\u00e7\u00e3o de Quadros Qualificados\u201d, como ser\u00e3o processados os pedidos de fixa\u00e7\u00e3o de resid\u00eancia tempor\u00e1ria relativos a \u201cQuadros dirigentes e t\u00e9cnicos especializados\u201d que ainda se encontram em aprecia\u00e7\u00e3o no IPIM?<\/h2>\n<p>R: A Lei n.\u00ba 7\/2023 (Regime Jur\u00eddico da Capta\u00e7\u00e3o de Quadros Qualificados) j\u00e1 entrou em vigor em 1 de Julho de 2023, e de acordo com o artigo 32.\u00ba da mesma lei, os pedidos de autoriza\u00e7\u00e3o de resid\u00eancia tempor\u00e1ria apresentados antes da vig\u00eancia do \u201cRegime Jur\u00eddico da Capta\u00e7\u00e3o de Quadros Qualificados\u201d, nos termos das disposi\u00e7\u00f5es do Regulamento Administrativo n.\u00ba 3\/2005, bem como a manuten\u00e7\u00e3o, renova\u00e7\u00e3o e extens\u00e3o das autoriza\u00e7\u00f5es concedidas, o IPIM continua a aplicar o disposto no referido regulamento administrativo para tratar dos respectivos processos.<\/p>\n<p>&nbsp;<\/p>\n<h2>P3. Quais s\u00e3o os crit\u00e9rios de aprova\u00e7\u00e3o para \u201cquadros dirigentes e t\u00e9cnicos especializados\u201d?<\/h2>\n<p>R: Os crit\u00e9rios que ser\u00e3o considerados para os \u201cquadros dirigentes e t\u00e9cnicos especializados\u201d incluem, mas n\u00e3o se limitam, aos seguintes (apenas aplic\u00e1veis aos pedidos iniciais apresentados junto deste Instituto at\u00e9 1 de Julho de 2023):<\/p>\n<ul>\n<li>Habilita\u00e7\u00f5es acad\u00e9micas;<\/li>\n<li>Qualifica\u00e7\u00f5es profissionais \/ publica\u00e7\u00f5es \/ distin\u00e7\u00f5es;<\/li>\n<li>Experi\u00eancia de trabalho;<\/li>\n<li>Cargos ocupados;<\/li>\n<li>Sal\u00e1rio base;<\/li>\n<li>Situa\u00e7\u00e3o geral, seguran\u00e7a e necessidades da RAEM.<\/li>\n<\/ul>\n<p>Para mais informa\u00e7\u00f5es, consulte os crit\u00e9rios para a an\u00e1lise de aprova\u00e7\u00e3o para \u201c<a href=\"https:\/\/www.ipim.gov.mo\/pt-pt\/about-ipim\/temporary-residency\/temporary-residence-permit-application\/assessment-criteria\/assessment-criteria-for-temporary-residency-application-management-and-or-technical-personnel\/\" target=\"_blank\" rel=\"noopener\">quadros dirigentes e t\u00e9cnicos especializados<\/a>\u201d publicados na p\u00e1gina do IPIM.<\/p>\n<p>&nbsp;<\/p>\n<h2>P4. Qual a diferen\u00e7a entre o T\u00edtulo de Resid\u00eancia Tempor\u00e1ria e o T\u00edtulo de Identifica\u00e7\u00e3o de Trabalhador N\u00e3o-residente (conhecido por \u201ccart\u00e3o azul\u201d)?<\/h2>\n<p>R: S\u00e3o diferentes o objectivo, o fundamento jur\u00eddico e o mecanismo de aprova\u00e7\u00e3o entre ambos os documentos. O objectivo de concess\u00e3o de Resid\u00eancia Tempor\u00e1ria \u00e9 o de articular com as Linhas de Ac\u00e7\u00e3o Governativa do Governo da RAEM, no sentido de absorver, com maior precis\u00e3o, os quadros dirigentes e pessoal especializado de alta qualidade que sejam especialmente vantajosas para Macau. O Trabalhador N\u00e3o-residente \u00e9 uma pol\u00edtica para complementar a escassez de m\u00e3o-de-obra local. Trata-se de uma medida tempor\u00e1ria para importar trabalhadores profissionais ou n\u00e3o profissionais. As pessoas singulares que tenham obtido autoriza\u00e7\u00e3o de trabalho s\u00e3o consideradas como pessoas autorizadas legalmente a permanecer em Macau, mas n\u00e3o t\u00eam autoriza\u00e7\u00e3o de resid\u00eancia. Uma vez requerida e obtida autoriza\u00e7\u00e3o de resid\u00eancia tempor\u00e1ria em Macau, o seu tempo de perman\u00eancia legal em Macau n\u00e3o conta no per\u00edodo de resid\u00eancia. Para qualquer informa\u00e7\u00e3o sobre trabalhador n\u00e3o-residente, pode visitar a p\u00e1gina electr\u00f3nica da Direc\u00e7\u00e3o dos Servi\u00e7os para os Assuntos Laborais: http:\/\/www.dsal.gov.mo.<\/p>\n<p>&nbsp;<\/p>\n<h2>P5. Ap\u00f3s a contrata\u00e7\u00e3o, o local de trabalho dos \u201cquadros dirigentes e t\u00e9cnicos especializados\u201d deve ser obrigatoriamente em Macau? H\u00e1 alguma disposi\u00e7\u00e3o sobre a forma de emprego?<\/h2>\n<p>R: Os requerentes devem estar empregados por uma entidade patronal local e devem ter Macau como o seu local de trabalho principal. Se a entidade patronal pedir ao requerente para trabalhar fora de Macau, ter\u00e1 de notificar o IPIM assim que poss\u00edvel e submeter os respectivos documentos comprovativos, e o IPIM ir\u00e1 examinar se a situa\u00e7\u00e3o se enquadra com os requisitos e condi\u00e7\u00f5es para a concess\u00e3o de uma autoriza\u00e7\u00e3o de resid\u00eancia tempor\u00e1ria. O contrato entre o requerente e a entidade patronal dever\u00e1 ser um contrato de trabalho em conformidade com as leis e regulamentos em vigor, e a rela\u00e7\u00e3o entre o requerente e a entidade patronal dever\u00e1 ser a de trabalho.<\/p>\n<p>&nbsp;<\/p>\n<h2>P6. Como s\u00e3o avaliados os n\u00edveis salariais? Donde constam as informa\u00e7\u00f5es sobre o sal\u00e1rio m\u00e9dio \/ sal\u00e1rio mediano dos respectivos sectores?<\/h2>\n<p>R: O sal\u00e1rio \u00e9 calculado com base no sal\u00e1rio b\u00e1sico mensal do requerente, n\u00e3o compreendendo, por\u00e9m, o 13.\u00ba m\u00eas de sal\u00e1rio, pr\u00e9mios no final do ano, b\u00f3nus e outras regalias de natureza semelhante. Para consultar mais informa\u00e7\u00f5es sobre o sal\u00e1rio m\u00e9dio \/ sal\u00e1rio mediano por sector, refira-se aos dados estat\u00edsticos da Direc\u00e7\u00e3o dos Servi\u00e7os de Estat\u00edstica e Censos.<\/p>\n","protected":false},"excerpt":{"rendered":"<p>P1. Actualmente, os interessados ainda podem apresentar o pedido de autoriza\u00e7\u00e3o de resid\u00eancia tempor\u00e1ria tendo como fundamento \u201cQuadros dirigentes\/t\u00e9cnicos especializados\u201d? R: Nos termos do artigo [&hellip;]<\/p>\n","protected":false},"author":1,"featured_media":467868,"parent":264485,"menu_order":3,"comment_status":"closed","ping_status":"closed","template":"","meta":{"_acf_changed":false,"inline_featured_image":false,"advgb_blocks_editor_width":"","advgb_blocks_columns_visual_guide":"","footnotes":""},"class_list":["post-264500","page","type-page","status-publish","has-post-thumbnail","hentry"],"acf":[],"yoast_head":"<!-- This site is optimized with the Yoast SEO plugin v26.2 - https:\/\/yoast.com\/wordpress\/plugins\/seo\/ -->\r\n<title>CATEGORIA \u201cQUADROS DIRIGENTES E T\u00c9CNICOS ESPECIALIZADOS\u201d | Commerce and Investment Promotion Institute<\/title>\r\n<meta name=\"robots\" content=\"index, follow, max-snippet:-1, max-image-preview:large, max-video-preview:-1\" \/>\r\n<link rel=\"canonical\" href=\"https:\/\/www.ipim.gov.mo\/pt-pt\/about-ipim\/temporary-residency\/temporary-residence-permit-application\/faq-ta\/s3\/s3-3\/\" \/>\r\n<meta property=\"og:locale\" content=\"pt_PT\" \/>\r\n<meta property=\"og:type\" content=\"article\" \/>\r\n<meta property=\"og:title\" content=\"CATEGORIA \u201cQUADROS DIRIGENTES E T\u00c9CNICOS ESPECIALIZADOS\u201d | Commerce and Investment Promotion Institute\" \/>\r\n<meta property=\"og:description\" content=\"P1. Actualmente, os interessados ainda podem apresentar o pedido de autoriza\u00e7\u00e3o de resid\u00eancia tempor\u00e1ria tendo como fundamento \u201cQuadros dirigentes\/t\u00e9cnicos especializados\u201d? R: Nos termos do artigo [&hellip;]\" \/>\r\n<meta property=\"og:url\" content=\"https:\/\/www.ipim.gov.mo\/pt-pt\/about-ipim\/temporary-residency\/temporary-residence-permit-application\/faq-ta\/s3\/s3-3\/\" \/>\r\n<meta property=\"og:site_name\" content=\"Commerce and Investment Promotion Institute\" \/>\r\n<meta property=\"article:modified_time\" content=\"2025-07-28T08:36:31+00:00\" \/>\r\n<meta property=\"og:image\" content=\"https:\/\/www.ipim.gov.mo\/wp-content\/uploads\/2024\/07\/ipim-post-default.jpg\" \/>\r\n\t<meta property=\"og:image:width\" content=\"1024\" \/>\r\n\t<meta property=\"og:image:height\" content=\"768\" \/>\r\n\t<meta property=\"og:image:type\" content=\"image\/jpeg\" \/>\r\n<meta name=\"twitter:card\" content=\"summary_large_image\" \/>\r\n<meta name=\"twitter:label1\" content=\"Est. reading time\" \/>\n\t<meta name=\"twitter:data1\" content=\"4 minutes\" \/>\r\n<script type=\"application\/ld+json\" class=\"yoast-schema-graph\">{\"@context\":\"https:\/\/schema.org\",\"@graph\":[{\"@type\":\"WebPage\",\"@id\":\"https:\/\/www.ipim.gov.mo\/pt-pt\/about-ipim\/temporary-residency\/temporary-residence-permit-application\/faq-ta\/s3\/s3-3\/\",\"url\":\"https:\/\/www.ipim.gov.mo\/pt-pt\/about-ipim\/temporary-residency\/temporary-residence-permit-application\/faq-ta\/s3\/s3-3\/\",\"name\":\"CATEGORIA \u201cQUADROS DIRIGENTES E T\u00c9CNICOS ESPECIALIZADOS\u201d | Commerce and Investment Promotion Institute\",\"isPartOf\":{\"@id\":\"https:\/\/www.ipim.gov.mo\/zh-hans\/#website\"},\"primaryImageOfPage\":{\"@id\":\"https:\/\/www.ipim.gov.mo\/pt-pt\/about-ipim\/temporary-residency\/temporary-residence-permit-application\/faq-ta\/s3\/s3-3\/#primaryimage\"},\"image\":{\"@id\":\"https:\/\/www.ipim.gov.mo\/pt-pt\/about-ipim\/temporary-residency\/temporary-residence-permit-application\/faq-ta\/s3\/s3-3\/#primaryimage\"},\"thumbnailUrl\":\"https:\/\/www.ipim.gov.mo\/wp-content\/uploads\/2024\/07\/ipim-post-default.jpg\",\"datePublished\":\"2019-07-18T08:25:18+00:00\",\"dateModified\":\"2025-07-28T08:36:31+00:00\",\"breadcrumb\":{\"@id\":\"https:\/\/www.ipim.gov.mo\/pt-pt\/about-ipim\/temporary-residency\/temporary-residence-permit-application\/faq-ta\/s3\/s3-3\/#breadcrumb\"},\"inLanguage\":\"pt-PT\",\"potentialAction\":[{\"@type\":\"ReadAction\",\"target\":[\"https:\/\/www.ipim.gov.mo\/pt-pt\/about-ipim\/temporary-residency\/temporary-residence-permit-application\/faq-ta\/s3\/s3-3\/\"]}]},{\"@type\":\"ImageObject\",\"inLanguage\":\"pt-PT\",\"@id\":\"https:\/\/www.ipim.gov.mo\/pt-pt\/about-ipim\/temporary-residency\/temporary-residence-permit-application\/faq-ta\/s3\/s3-3\/#primaryimage\",\"url\":\"https:\/\/www.ipim.gov.mo\/wp-content\/uploads\/2024\/07\/ipim-post-default.jpg\",\"contentUrl\":\"https:\/\/www.ipim.gov.mo\/wp-content\/uploads\/2024\/07\/ipim-post-default.jpg\",\"width\":1024,\"height\":768},{\"@type\":\"BreadcrumbList\",\"@id\":\"https:\/\/www.ipim.gov.mo\/pt-pt\/about-ipim\/temporary-residency\/temporary-residence-permit-application\/faq-ta\/s3\/s3-3\/#breadcrumb\",\"itemListElement\":[{\"@type\":\"ListItem\",\"position\":1,\"name\":\"Home\",\"item\":\"https:\/\/www.ipim.gov.mo\/pt-pt\/\"},{\"@type\":\"ListItem\",\"position\":2,\"name\":\"Acerca do IPIM\",\"item\":\"https:\/\/www.ipim.gov.mo\/pt-pt\/about-ipim\/\"},{\"@type\":\"ListItem\",\"position\":3,\"name\":\"Resid\u00eancia Tempor\u00e1ria\",\"item\":\"https:\/\/www.ipim.gov.mo\/pt-pt\/about-ipim\/temporary-residency\/\"},{\"@type\":\"ListItem\",\"position\":4,\"name\":\"Pedido de autoriza\u00e7\u00e3o de fixa\u00e7\u00e3o de resid\u00eancia tempor\u00e1ria\",\"item\":\"https:\/\/www.ipim.gov.mo\/pt-pt\/about-ipim\/temporary-residency\/temporary-residence-permit-application\/\"},{\"@type\":\"ListItem\",\"position\":5,\"name\":\"FAQ\",\"item\":\"https:\/\/www.ipim.gov.mo\/pt-pt\/about-ipim\/temporary-residency\/temporary-residence-permit-application\/faq-ta\/\"},{\"@type\":\"ListItem\",\"position\":6,\"name\":\"PERGUNTAS MAIS FREQUENTEMENTE COLOCADAS\",\"item\":\"https:\/\/www.ipim.gov.mo\/pt-pt\/about-ipim\/temporary-residency\/temporary-residence-permit-application\/faq-ta\/s3\/\"},{\"@type\":\"ListItem\",\"position\":7,\"name\":\"CATEGORIA \u201cQUADROS DIRIGENTES E T\u00c9CNICOS ESPECIALIZADOS\u201d\"}]},{\"@type\":\"WebSite\",\"@id\":\"https:\/\/www.ipim.gov.mo\/zh-hans\/#website\",\"url\":\"https:\/\/www.ipim.gov.mo\/zh-hans\/\",\"name\":\"Commerce and Investment Promotion Institute\",\"description\":\"Commerce and Investment Promotion Institute\",\"publisher\":{\"@id\":\"https:\/\/www.ipim.gov.mo\/zh-hans\/#organization\"},\"potentialAction\":[{\"@type\":\"SearchAction\",\"target\":{\"@type\":\"EntryPoint\",\"urlTemplate\":\"https:\/\/www.ipim.gov.mo\/zh-hans\/?s={search_term_string}\"},\"query-input\":{\"@type\":\"PropertyValueSpecification\",\"valueRequired\":true,\"valueName\":\"search_term_string\"}}],\"inLanguage\":\"pt-PT\"},{\"@type\":\"Organization\",\"@id\":\"https:\/\/www.ipim.gov.mo\/zh-hans\/#organization\",\"name\":\"IPIM\",\"url\":\"https:\/\/www.ipim.gov.mo\/zh-hans\/\",\"logo\":{\"@type\":\"ImageObject\",\"inLanguage\":\"pt-PT\",\"@id\":\"https:\/\/www.ipim.gov.mo\/zh-hans\/#\/schema\/logo\/image\/\",\"url\":\"https:\/\/www.ipim.gov.mo\/wp-content\/uploads\/2022\/10\/default-post-thumbnail-ipim-logo.png\",\"contentUrl\":\"https:\/\/www.ipim.gov.mo\/wp-content\/uploads\/2022\/10\/default-post-thumbnail-ipim-logo.png\",\"width\":1024,\"height\":768,\"caption\":\"IPIM\"},\"image\":{\"@id\":\"https:\/\/www.ipim.gov.mo\/zh-hans\/#\/schema\/logo\/image\/\"}}]}<\/script>\r\n<!-- \/ Yoast SEO plugin. -->","yoast_head_json":{"title":"CATEGORIA \u201cQUADROS DIRIGENTES E T\u00c9CNICOS ESPECIALIZADOS\u201d | Commerce and Investment Promotion Institute","robots":{"index":"index","follow":"follow","max-snippet":"max-snippet:-1","max-image-preview":"max-image-preview:large","max-video-preview":"max-video-preview:-1"},"canonical":"https:\/\/www.ipim.gov.mo\/pt-pt\/about-ipim\/temporary-residency\/temporary-residence-permit-application\/faq-ta\/s3\/s3-3\/","og_locale":"pt_PT","og_type":"article","og_title":"CATEGORIA \u201cQUADROS DIRIGENTES E T\u00c9CNICOS ESPECIALIZADOS\u201d | Commerce and Investment Promotion Institute","og_description":"P1. Actualmente, os interessados ainda podem apresentar o pedido de autoriza\u00e7\u00e3o de resid\u00eancia tempor\u00e1ria tendo como fundamento \u201cQuadros dirigentes\/t\u00e9cnicos especializados\u201d? R: Nos termos do artigo [&hellip;]","og_url":"https:\/\/www.ipim.gov.mo\/pt-pt\/about-ipim\/temporary-residency\/temporary-residence-permit-application\/faq-ta\/s3\/s3-3\/","og_site_name":"Commerce and Investment Promotion Institute","article_modified_time":"2025-07-28T08:36:31+00:00","og_image":[{"width":1024,"height":768,"url":"https:\/\/www.ipim.gov.mo\/wp-content\/uploads\/2024\/07\/ipim-post-default.jpg","type":"image\/jpeg"}],"twitter_card":"summary_large_image","twitter_misc":{"Est. reading time":"4 minutes"},"schema":{"@context":"https:\/\/schema.org","@graph":[{"@type":"WebPage","@id":"https:\/\/www.ipim.gov.mo\/pt-pt\/about-ipim\/temporary-residency\/temporary-residence-permit-application\/faq-ta\/s3\/s3-3\/","url":"https:\/\/www.ipim.gov.mo\/pt-pt\/about-ipim\/temporary-residency\/temporary-residence-permit-application\/faq-ta\/s3\/s3-3\/","name":"CATEGORIA \u201cQUADROS DIRIGENTES E T\u00c9CNICOS ESPECIALIZADOS\u201d | Commerce and Investment Promotion Institute","isPartOf":{"@id":"https:\/\/www.ipim.gov.mo\/zh-hans\/#website"},"primaryImageOfPage":{"@id":"https:\/\/www.ipim.gov.mo\/pt-pt\/about-ipim\/temporary-residency\/temporary-residence-permit-application\/faq-ta\/s3\/s3-3\/#primaryimage"},"image":{"@id":"https:\/\/www.ipim.gov.mo\/pt-pt\/about-ipim\/temporary-residency\/temporary-residence-permit-application\/faq-ta\/s3\/s3-3\/#primaryimage"},"thumbnailUrl":"https:\/\/www.ipim.gov.mo\/wp-content\/uploads\/2024\/07\/ipim-post-default.jpg","datePublished":"2019-07-18T08:25:18+00:00","dateModified":"2025-07-28T08:36:31+00:00","breadcrumb":{"@id":"https:\/\/www.ipim.gov.mo\/pt-pt\/about-ipim\/temporary-residency\/temporary-residence-permit-application\/faq-ta\/s3\/s3-3\/#breadcrumb"},"inLanguage":"pt-PT","potentialAction":[{"@type":"ReadAction","target":["https:\/\/www.ipim.gov.mo\/pt-pt\/about-ipim\/temporary-residency\/temporary-residence-permit-application\/faq-ta\/s3\/s3-3\/"]}]},{"@type":"ImageObject","inLanguage":"pt-PT","@id":"https:\/\/www.ipim.gov.mo\/pt-pt\/about-ipim\/temporary-residency\/temporary-residence-permit-application\/faq-ta\/s3\/s3-3\/#primaryimage","url":"https:\/\/www.ipim.gov.mo\/wp-content\/uploads\/2024\/07\/ipim-post-default.jpg","contentUrl":"https:\/\/www.ipim.gov.mo\/wp-content\/uploads\/2024\/07\/ipim-post-default.jpg","width":1024,"height":768},{"@type":"BreadcrumbList","@id":"https:\/\/www.ipim.gov.mo\/pt-pt\/about-ipim\/temporary-residency\/temporary-residence-permit-application\/faq-ta\/s3\/s3-3\/#breadcrumb","itemListElement":[{"@type":"ListItem","position":1,"name":"Home","item":"https:\/\/www.ipim.gov.mo\/pt-pt\/"},{"@type":"ListItem","position":2,"name":"Acerca do IPIM","item":"https:\/\/www.ipim.gov.mo\/pt-pt\/about-ipim\/"},{"@type":"ListItem","position":3,"name":"Resid\u00eancia Tempor\u00e1ria","item":"https:\/\/www.ipim.gov.mo\/pt-pt\/about-ipim\/temporary-residency\/"},{"@type":"ListItem","position":4,"name":"Pedido de autoriza\u00e7\u00e3o de fixa\u00e7\u00e3o de resid\u00eancia tempor\u00e1ria","item":"https:\/\/www.ipim.gov.mo\/pt-pt\/about-ipim\/temporary-residency\/temporary-residence-permit-application\/"},{"@type":"ListItem","position":5,"name":"FAQ","item":"https:\/\/www.ipim.gov.mo\/pt-pt\/about-ipim\/temporary-residency\/temporary-residence-permit-application\/faq-ta\/"},{"@type":"ListItem","position":6,"name":"PERGUNTAS MAIS FREQUENTEMENTE COLOCADAS","item":"https:\/\/www.ipim.gov.mo\/pt-pt\/about-ipim\/temporary-residency\/temporary-residence-permit-application\/faq-ta\/s3\/"},{"@type":"ListItem","position":7,"name":"CATEGORIA \u201cQUADROS DIRIGENTES E T\u00c9CNICOS ESPECIALIZADOS\u201d"}]},{"@type":"WebSite","@id":"https:\/\/www.ipim.gov.mo\/zh-hans\/#website","url":"https:\/\/www.ipim.gov.mo\/zh-hans\/","name":"Commerce and Investment Promotion Institute","description":"Commerce and Investment Promotion Institute","publisher":{"@id":"https:\/\/www.ipim.gov.mo\/zh-hans\/#organization"},"potentialAction":[{"@type":"SearchAction","target":{"@type":"EntryPoint","urlTemplate":"https:\/\/www.ipim.gov.mo\/zh-hans\/?s={search_term_string}"},"query-input":{"@type":"PropertyValueSpecification","valueRequired":true,"valueName":"search_term_string"}}],"inLanguage":"pt-PT"},{"@type":"Organization","@id":"https:\/\/www.ipim.gov.mo\/zh-hans\/#organization","name":"IPIM","url":"https:\/\/www.ipim.gov.mo\/zh-hans\/","logo":{"@type":"ImageObject","inLanguage":"pt-PT","@id":"https:\/\/www.ipim.gov.mo\/zh-hans\/#\/schema\/logo\/image\/","url":"https:\/\/www.ipim.gov.mo\/wp-content\/uploads\/2022\/10\/default-post-thumbnail-ipim-logo.png","contentUrl":"https:\/\/www.ipim.gov.mo\/wp-content\/uploads\/2022\/10\/default-post-thumbnail-ipim-logo.png","width":1024,"height":768,"caption":"IPIM"},"image":{"@id":"https:\/\/www.ipim.gov.mo\/zh-hans\/#\/schema\/logo\/image\/"}}]}},"coauthors":[],"author_meta":{"author_link":"https:\/\/www.ipim.gov.mo\/pt-pt\/author\/admin\/","display_name":"admin"},"relative_dates":{"created":"Posted 7 years ago","modified":"Updated 10 months ago"},"absolute_dates":{"created":"Posted on Julho 18, 2019","modified":"Updated on Julho 28, 2025"},"absolute_dates_time":{"created":"Posted on Julho 18, 2019 4:25 pm","modified":"Updated on Julho 28, 2025 4:36 pm"},"featured_img_caption":"","featured_img":"https:\/\/www.ipim.gov.mo\/wp-content\/uploads\/2024\/07\/ipim-post-default.jpg","series_order":"","_links":{"self":[{"href":"https:\/\/www.ipim.gov.mo\/pt-pt\/wp-json\/wp\/v2\/pages\/264500","targetHints":{"allow":["GET"]}}],"collection":[{"href":"https:\/\/www.ipim.gov.mo\/pt-pt\/wp-json\/wp\/v2\/pages"}],"about":[{"href":"https:\/\/www.ipim.gov.mo\/pt-pt\/wp-json\/wp\/v2\/types\/page"}],"author":[{"embeddable":true,"href":"https:\/\/www.ipim.gov.mo\/pt-pt\/wp-json\/wp\/v2\/users\/1"}],"replies":[{"embeddable":true,"href":"https:\/\/www.ipim.gov.mo\/pt-pt\/wp-json\/wp\/v2\/comments?post=264500"}],"version-history":[{"count":2,"href":"https:\/\/www.ipim.gov.mo\/pt-pt\/wp-json\/wp\/v2\/pages\/264500\/revisions"}],"predecessor-version":[{"id":496421,"href":"https:\/\/www.ipim.gov.mo\/pt-pt\/wp-json\/wp\/v2\/pages\/264500\/revisions\/496421"}],"up":[{"embeddable":true,"href":"https:\/\/www.ipim.gov.mo\/pt-pt\/wp-json\/wp\/v2\/pages\/264485"}],"wp:featuredmedia":[{"embeddable":true,"href":"https:\/\/www.ipim.gov.mo\/pt-pt\/wp-json\/wp\/v2\/media\/467868"}],"wp:attachment":[{"href":"https:\/\/www.ipim.gov.mo\/pt-pt\/wp-json\/wp\/v2\/media?parent=264500"}],"curies":[{"name":"wp","href":"https:\/\/api.w.org\/{rel}","templated":true}]}}