{"id":264497,"date":"2019-07-18T16:12:15","date_gmt":"2019-07-18T08:12:15","guid":{"rendered":"https:\/\/www.ipim.gov.mo\/pt-pt\/investment-residency-test\/temporary-residence-permit-application\/faq-ta\/s3\/s3-2\/"},"modified":"2025-07-11T15:59:22","modified_gmt":"2025-07-11T07:59:22","slug":"s3-2","status":"publish","type":"page","link":"https:\/\/www.ipim.gov.mo\/pt-pt\/about-ipim\/temporary-residency\/temporary-residence-permit-application\/faq-ta\/s3\/s3-2\/","title":{"rendered":"Pedido de renova\u00e7\u00e3o \/ extens\u00e3o aos membros do agregado familiar"},"content":{"rendered":"<h2>P1. Existe um n\u00famero m\u00ednimo de dias de perman\u00eancia em Macau ap\u00f3s a aprova\u00e7\u00e3o do pedido da autoriza\u00e7\u00e3o de resid\u00eancia tempor\u00e1ria?<\/h2>\n<p>R: Se o titular da autoriza\u00e7\u00e3o de resid\u00eancia deixar de ter resid\u00eancia habitual na RAEM ou se deixar de verificar um dos requisitos, pressupostos ou condi\u00e7\u00f5es subjacentes \u00e0 concess\u00e3o da autoriza\u00e7\u00e3o de resid\u00eancia, a autoriza\u00e7\u00e3o de resid\u00eancia na RAEM poder\u00e1 ser revogada por despacho do Chefe do Executivo. O crit\u00e9rio para a determinar se o requerente reside habitualmente em Macau n\u00e3o depende meramente do n\u00famero de dias de perman\u00eancia em Macau, deve, assim, ser considerado v\u00e1rios aspectos, analisando, de forma abrange, com refer\u00eancia do disposto do n.\u00ba 4 do artigo 4.\u00ba da Lei n.\u00ba 8\/1999 (vide al\u00ednea 3), do n.\u00ba 2 e n.\u00ba 5 do artigo 43.\u00ba da Lei n.\u00ba 16\/2021 aplicados subsidiariamente por for\u00e7a do artigo 23.\u00ba do Regulamento Administrativo n.\u00ba 3\/2005 e n.\u00ba 4 do artigo 4.\u00ba da Lei n.\u00ba 8\/1999).<\/p>\n<p>&nbsp;<\/p>\n<h2>P2. Quando \u00e9 que o titular de uma autoriza\u00e7\u00e3o de resid\u00eancia tempor\u00e1ria v\u00e1lida pode apresentar pedido de renova\u00e7\u00e3o da referida autoriza\u00e7\u00e3o?<\/h2>\n<p>R: O requerente deve submeter o pedido de renova\u00e7\u00e3o de autoriza\u00e7\u00e3o de resid\u00eancia tempor\u00e1ria ao IPIM nos primeiros 60 dias dos 90 que antecedem o termo do respectivo prazo (por exemplo, se a autoriza\u00e7\u00e3o de resid\u00eancia tempor\u00e1ria do requerente expirar no dia 31 de Dezembro de 2020, este deve submeter o pedido de renova\u00e7\u00e3o entre 1 de Outubro e 30 de Novembro de 2020). No entanto, de forma a organizar ordenadamente o pedido de renova\u00e7\u00e3o, o requerente pode consultar o IPIM pessoalmente ou por telefone sobre os procedimentos e mecanismos para a renova\u00e7\u00e3o at\u00e9 seis meses antes do per\u00edodo de caducidade da sua autoriza\u00e7\u00e3o de resid\u00eancia tempor\u00e1ria. \u00c9 importante denotar que a autoriza\u00e7\u00e3o de resid\u00eancia tempor\u00e1ria ir\u00e1 expirar se passar o per\u00edodo de renova\u00e7\u00e3o e n\u00e3o houver um pedido de renova\u00e7\u00e3o submetido. (consulte: artigo 19.\u00ba e n.\u00ba 1 do artigo 20.\u00ba do Regulamento Administrativo n.\u00ba 3\/2005).<\/p>\n<p>&nbsp;<\/p>\n<h2>P3. Como pedir a \u201cDeclara\u00e7\u00e3o de Renova\u00e7\u00e3o\u201d?<\/h2>\n<p>R:\u00a0 Durante o per\u00edodo de renova\u00e7\u00e3o da autoriza\u00e7\u00e3o de resid\u00eancia tempor\u00e1ria, e de acordo com os regulamentos em vigor, a \u201cDeclara\u00e7\u00e3o de Renova\u00e7\u00e3o\u201d pode ser pedida no IPIM pelo requerente, fazendo-se acompanhar do seu Bilhete de Identidade de Residente da RAEM, ou por um mandat\u00e1rio que se fa\u00e7a acompanhar do seu documento de identifica\u00e7\u00e3o original, procura\u00e7\u00e3o original assinada pelo requerente, e o Bilhete de Identidade de Residente da RAEM original do requerente.<\/p>\n<p>&nbsp;<\/p>\n<h2>P4. Ap\u00f3s o requerente ter obtido o bilhete de identidade de residente permanente de Macau, poder\u00e1 ainda apresentar o pedido de extens\u00e3o aos membros do agregado familiar?<\/h2>\n<p>R: Os requerentes devem apresentar o pedido de extens\u00e3o ao seu agregado familiar antes da sua autoriza\u00e7\u00e3o de resid\u00eancia tempor\u00e1ria completar 7 anos. Caso o requerente j\u00e1 tenha obtido o bilhete de identidade de residente permanente de Macau, o pedido pode ser feito atrav\u00e9s da forma de \u201creagrupamento familiar\u201d do Corpo de Pol\u00edcia de Seguran\u00e7a P\u00fablica (CPSP). Para mais informa\u00e7\u00f5es, consulte a p\u00e1gina do CPSP ou telefonar atrav\u00e9s da linha aberta para os assuntos de migra\u00e7\u00e3o (853) 2872 5488 Os requerentes devem candidatar-se \u00e0 inclus\u00e3o um agregado familiar sete anos antes da caducidade da sua autoriza\u00e7\u00e3o de resid\u00eancia tempor\u00e1ria.<\/p>\n<p>&nbsp;<\/p>\n<h2>P5. Ap\u00f3s a entrada em vigor do \u201cRegime Jur\u00eddico de Capta\u00e7\u00e3o de Quadros Qualificados\u201d, os requerentes a quem foi concedida a autoriza\u00e7\u00e3o de resid\u00eancia tempor\u00e1ria na qualidade de \u201cQuadros dirigentes\/t\u00e9cnicos especializados\u201d, ainda podem apresentar o pedido de extens\u00e3o aos membros do agregado familiar?<\/h2>\n<p>R: Pois, sim, mas os interessados devem apresentar os pedidos de extens\u00e3o aos seus membros do agregado familiar antes de completar sete anos da sua autoriza\u00e7\u00e3o de resid\u00eancia tempor\u00e1ria concedida.<\/p>\n","protected":false},"excerpt":{"rendered":"<p>P1. Existe um n\u00famero m\u00ednimo de dias de perman\u00eancia em Macau ap\u00f3s a aprova\u00e7\u00e3o do pedido da autoriza\u00e7\u00e3o de resid\u00eancia tempor\u00e1ria? R: Se o titular [&hellip;]<\/p>\n","protected":false},"author":1,"featured_media":467868,"parent":264485,"menu_order":2,"comment_status":"closed","ping_status":"closed","template":"","meta":{"_acf_changed":false,"inline_featured_image":false,"advgb_blocks_editor_width":"","advgb_blocks_columns_visual_guide":"","footnotes":""},"class_list":["post-264497","page","type-page","status-publish","has-post-thumbnail","hentry"],"acf":[],"yoast_head":"<!-- This site is optimized with the Yoast SEO plugin v26.2 - https:\/\/yoast.com\/wordpress\/plugins\/seo\/ -->\r\n<title>Pedido de renova\u00e7\u00e3o \/ extens\u00e3o aos membros do agregado familiar | Commerce and Investment Promotion Institute<\/title>\r\n<meta name=\"robots\" content=\"index, follow, max-snippet:-1, max-image-preview:large, max-video-preview:-1\" \/>\r\n<link rel=\"canonical\" href=\"https:\/\/www.ipim.gov.mo\/pt-pt\/about-ipim\/temporary-residency\/temporary-residence-permit-application\/faq-ta\/s3\/s3-2\/\" \/>\r\n<meta property=\"og:locale\" content=\"pt_PT\" \/>\r\n<meta property=\"og:type\" content=\"article\" \/>\r\n<meta property=\"og:title\" content=\"Pedido de renova\u00e7\u00e3o \/ extens\u00e3o aos membros do agregado familiar | Commerce and Investment Promotion Institute\" \/>\r\n<meta property=\"og:description\" content=\"P1. Existe um n\u00famero m\u00ednimo de dias de perman\u00eancia em Macau ap\u00f3s a aprova\u00e7\u00e3o do pedido da autoriza\u00e7\u00e3o de resid\u00eancia tempor\u00e1ria? R: Se o titular [&hellip;]\" \/>\r\n<meta property=\"og:url\" content=\"https:\/\/www.ipim.gov.mo\/pt-pt\/about-ipim\/temporary-residency\/temporary-residence-permit-application\/faq-ta\/s3\/s3-2\/\" \/>\r\n<meta property=\"og:site_name\" content=\"Commerce and Investment Promotion Institute\" \/>\r\n<meta property=\"article:modified_time\" content=\"2025-07-11T07:59:22+00:00\" \/>\r\n<meta property=\"og:image\" content=\"https:\/\/www.ipim.gov.mo\/wp-content\/uploads\/2024\/07\/ipim-post-default.jpg\" \/>\r\n\t<meta property=\"og:image:width\" content=\"1024\" \/>\r\n\t<meta property=\"og:image:height\" content=\"768\" \/>\r\n\t<meta property=\"og:image:type\" content=\"image\/jpeg\" \/>\r\n<meta name=\"twitter:card\" content=\"summary_large_image\" \/>\r\n<meta name=\"twitter:label1\" content=\"Est. reading time\" \/>\n\t<meta name=\"twitter:data1\" content=\"3 minutes\" \/>\r\n<script type=\"application\/ld+json\" class=\"yoast-schema-graph\">{\"@context\":\"https:\/\/schema.org\",\"@graph\":[{\"@type\":\"WebPage\",\"@id\":\"https:\/\/www.ipim.gov.mo\/pt-pt\/about-ipim\/temporary-residency\/temporary-residence-permit-application\/faq-ta\/s3\/s3-2\/\",\"url\":\"https:\/\/www.ipim.gov.mo\/pt-pt\/about-ipim\/temporary-residency\/temporary-residence-permit-application\/faq-ta\/s3\/s3-2\/\",\"name\":\"Pedido de renova\u00e7\u00e3o \/ extens\u00e3o aos membros do agregado familiar | Commerce and Investment Promotion Institute\",\"isPartOf\":{\"@id\":\"https:\/\/www.ipim.gov.mo\/zh-hans\/#website\"},\"primaryImageOfPage\":{\"@id\":\"https:\/\/www.ipim.gov.mo\/pt-pt\/about-ipim\/temporary-residency\/temporary-residence-permit-application\/faq-ta\/s3\/s3-2\/#primaryimage\"},\"image\":{\"@id\":\"https:\/\/www.ipim.gov.mo\/pt-pt\/about-ipim\/temporary-residency\/temporary-residence-permit-application\/faq-ta\/s3\/s3-2\/#primaryimage\"},\"thumbnailUrl\":\"https:\/\/www.ipim.gov.mo\/wp-content\/uploads\/2024\/07\/ipim-post-default.jpg\",\"datePublished\":\"2019-07-18T08:12:15+00:00\",\"dateModified\":\"2025-07-11T07:59:22+00:00\",\"breadcrumb\":{\"@id\":\"https:\/\/www.ipim.gov.mo\/pt-pt\/about-ipim\/temporary-residency\/temporary-residence-permit-application\/faq-ta\/s3\/s3-2\/#breadcrumb\"},\"inLanguage\":\"pt-PT\",\"potentialAction\":[{\"@type\":\"ReadAction\",\"target\":[\"https:\/\/www.ipim.gov.mo\/pt-pt\/about-ipim\/temporary-residency\/temporary-residence-permit-application\/faq-ta\/s3\/s3-2\/\"]}]},{\"@type\":\"ImageObject\",\"inLanguage\":\"pt-PT\",\"@id\":\"https:\/\/www.ipim.gov.mo\/pt-pt\/about-ipim\/temporary-residency\/temporary-residence-permit-application\/faq-ta\/s3\/s3-2\/#primaryimage\",\"url\":\"https:\/\/www.ipim.gov.mo\/wp-content\/uploads\/2024\/07\/ipim-post-default.jpg\",\"contentUrl\":\"https:\/\/www.ipim.gov.mo\/wp-content\/uploads\/2024\/07\/ipim-post-default.jpg\",\"width\":1024,\"height\":768},{\"@type\":\"BreadcrumbList\",\"@id\":\"https:\/\/www.ipim.gov.mo\/pt-pt\/about-ipim\/temporary-residency\/temporary-residence-permit-application\/faq-ta\/s3\/s3-2\/#breadcrumb\",\"itemListElement\":[{\"@type\":\"ListItem\",\"position\":1,\"name\":\"Home\",\"item\":\"https:\/\/www.ipim.gov.mo\/pt-pt\/\"},{\"@type\":\"ListItem\",\"position\":2,\"name\":\"Acerca do IPIM\",\"item\":\"https:\/\/www.ipim.gov.mo\/pt-pt\/about-ipim\/\"},{\"@type\":\"ListItem\",\"position\":3,\"name\":\"Resid\u00eancia Tempor\u00e1ria\",\"item\":\"https:\/\/www.ipim.gov.mo\/pt-pt\/about-ipim\/temporary-residency\/\"},{\"@type\":\"ListItem\",\"position\":4,\"name\":\"Pedido de autoriza\u00e7\u00e3o de fixa\u00e7\u00e3o de resid\u00eancia tempor\u00e1ria\",\"item\":\"https:\/\/www.ipim.gov.mo\/pt-pt\/about-ipim\/temporary-residency\/temporary-residence-permit-application\/\"},{\"@type\":\"ListItem\",\"position\":5,\"name\":\"FAQ\",\"item\":\"https:\/\/www.ipim.gov.mo\/pt-pt\/about-ipim\/temporary-residency\/temporary-residence-permit-application\/faq-ta\/\"},{\"@type\":\"ListItem\",\"position\":6,\"name\":\"PERGUNTAS MAIS FREQUENTEMENTE COLOCADAS\",\"item\":\"https:\/\/www.ipim.gov.mo\/pt-pt\/about-ipim\/temporary-residency\/temporary-residence-permit-application\/faq-ta\/s3\/\"},{\"@type\":\"ListItem\",\"position\":7,\"name\":\"Pedido de renova\u00e7\u00e3o \/ extens\u00e3o aos membros do agregado familiar\"}]},{\"@type\":\"WebSite\",\"@id\":\"https:\/\/www.ipim.gov.mo\/zh-hans\/#website\",\"url\":\"https:\/\/www.ipim.gov.mo\/zh-hans\/\",\"name\":\"Commerce and Investment Promotion Institute\",\"description\":\"Commerce and Investment Promotion Institute\",\"publisher\":{\"@id\":\"https:\/\/www.ipim.gov.mo\/zh-hans\/#organization\"},\"potentialAction\":[{\"@type\":\"SearchAction\",\"target\":{\"@type\":\"EntryPoint\",\"urlTemplate\":\"https:\/\/www.ipim.gov.mo\/zh-hans\/?s={search_term_string}\"},\"query-input\":{\"@type\":\"PropertyValueSpecification\",\"valueRequired\":true,\"valueName\":\"search_term_string\"}}],\"inLanguage\":\"pt-PT\"},{\"@type\":\"Organization\",\"@id\":\"https:\/\/www.ipim.gov.mo\/zh-hans\/#organization\",\"name\":\"IPIM\",\"url\":\"https:\/\/www.ipim.gov.mo\/zh-hans\/\",\"logo\":{\"@type\":\"ImageObject\",\"inLanguage\":\"pt-PT\",\"@id\":\"https:\/\/www.ipim.gov.mo\/zh-hans\/#\/schema\/logo\/image\/\",\"url\":\"https:\/\/www.ipim.gov.mo\/wp-content\/uploads\/2022\/10\/default-post-thumbnail-ipim-logo.png\",\"contentUrl\":\"https:\/\/www.ipim.gov.mo\/wp-content\/uploads\/2022\/10\/default-post-thumbnail-ipim-logo.png\",\"width\":1024,\"height\":768,\"caption\":\"IPIM\"},\"image\":{\"@id\":\"https:\/\/www.ipim.gov.mo\/zh-hans\/#\/schema\/logo\/image\/\"}}]}<\/script>\r\n<!-- \/ Yoast SEO plugin. -->","yoast_head_json":{"title":"Pedido de renova\u00e7\u00e3o \/ extens\u00e3o aos membros do agregado familiar | Commerce and Investment Promotion Institute","robots":{"index":"index","follow":"follow","max-snippet":"max-snippet:-1","max-image-preview":"max-image-preview:large","max-video-preview":"max-video-preview:-1"},"canonical":"https:\/\/www.ipim.gov.mo\/pt-pt\/about-ipim\/temporary-residency\/temporary-residence-permit-application\/faq-ta\/s3\/s3-2\/","og_locale":"pt_PT","og_type":"article","og_title":"Pedido de renova\u00e7\u00e3o \/ extens\u00e3o aos membros do agregado familiar | Commerce and Investment Promotion Institute","og_description":"P1. Existe um n\u00famero m\u00ednimo de dias de perman\u00eancia em Macau ap\u00f3s a aprova\u00e7\u00e3o do pedido da autoriza\u00e7\u00e3o de resid\u00eancia tempor\u00e1ria? R: Se o titular [&hellip;]","og_url":"https:\/\/www.ipim.gov.mo\/pt-pt\/about-ipim\/temporary-residency\/temporary-residence-permit-application\/faq-ta\/s3\/s3-2\/","og_site_name":"Commerce and Investment Promotion Institute","article_modified_time":"2025-07-11T07:59:22+00:00","og_image":[{"width":1024,"height":768,"url":"https:\/\/www.ipim.gov.mo\/wp-content\/uploads\/2024\/07\/ipim-post-default.jpg","type":"image\/jpeg"}],"twitter_card":"summary_large_image","twitter_misc":{"Est. reading time":"3 minutes"},"schema":{"@context":"https:\/\/schema.org","@graph":[{"@type":"WebPage","@id":"https:\/\/www.ipim.gov.mo\/pt-pt\/about-ipim\/temporary-residency\/temporary-residence-permit-application\/faq-ta\/s3\/s3-2\/","url":"https:\/\/www.ipim.gov.mo\/pt-pt\/about-ipim\/temporary-residency\/temporary-residence-permit-application\/faq-ta\/s3\/s3-2\/","name":"Pedido de renova\u00e7\u00e3o \/ extens\u00e3o aos membros do agregado familiar | Commerce and Investment Promotion Institute","isPartOf":{"@id":"https:\/\/www.ipim.gov.mo\/zh-hans\/#website"},"primaryImageOfPage":{"@id":"https:\/\/www.ipim.gov.mo\/pt-pt\/about-ipim\/temporary-residency\/temporary-residence-permit-application\/faq-ta\/s3\/s3-2\/#primaryimage"},"image":{"@id":"https:\/\/www.ipim.gov.mo\/pt-pt\/about-ipim\/temporary-residency\/temporary-residence-permit-application\/faq-ta\/s3\/s3-2\/#primaryimage"},"thumbnailUrl":"https:\/\/www.ipim.gov.mo\/wp-content\/uploads\/2024\/07\/ipim-post-default.jpg","datePublished":"2019-07-18T08:12:15+00:00","dateModified":"2025-07-11T07:59:22+00:00","breadcrumb":{"@id":"https:\/\/www.ipim.gov.mo\/pt-pt\/about-ipim\/temporary-residency\/temporary-residence-permit-application\/faq-ta\/s3\/s3-2\/#breadcrumb"},"inLanguage":"pt-PT","potentialAction":[{"@type":"ReadAction","target":["https:\/\/www.ipim.gov.mo\/pt-pt\/about-ipim\/temporary-residency\/temporary-residence-permit-application\/faq-ta\/s3\/s3-2\/"]}]},{"@type":"ImageObject","inLanguage":"pt-PT","@id":"https:\/\/www.ipim.gov.mo\/pt-pt\/about-ipim\/temporary-residency\/temporary-residence-permit-application\/faq-ta\/s3\/s3-2\/#primaryimage","url":"https:\/\/www.ipim.gov.mo\/wp-content\/uploads\/2024\/07\/ipim-post-default.jpg","contentUrl":"https:\/\/www.ipim.gov.mo\/wp-content\/uploads\/2024\/07\/ipim-post-default.jpg","width":1024,"height":768},{"@type":"BreadcrumbList","@id":"https:\/\/www.ipim.gov.mo\/pt-pt\/about-ipim\/temporary-residency\/temporary-residence-permit-application\/faq-ta\/s3\/s3-2\/#breadcrumb","itemListElement":[{"@type":"ListItem","position":1,"name":"Home","item":"https:\/\/www.ipim.gov.mo\/pt-pt\/"},{"@type":"ListItem","position":2,"name":"Acerca do IPIM","item":"https:\/\/www.ipim.gov.mo\/pt-pt\/about-ipim\/"},{"@type":"ListItem","position":3,"name":"Resid\u00eancia Tempor\u00e1ria","item":"https:\/\/www.ipim.gov.mo\/pt-pt\/about-ipim\/temporary-residency\/"},{"@type":"ListItem","position":4,"name":"Pedido de autoriza\u00e7\u00e3o de fixa\u00e7\u00e3o de resid\u00eancia tempor\u00e1ria","item":"https:\/\/www.ipim.gov.mo\/pt-pt\/about-ipim\/temporary-residency\/temporary-residence-permit-application\/"},{"@type":"ListItem","position":5,"name":"FAQ","item":"https:\/\/www.ipim.gov.mo\/pt-pt\/about-ipim\/temporary-residency\/temporary-residence-permit-application\/faq-ta\/"},{"@type":"ListItem","position":6,"name":"PERGUNTAS MAIS FREQUENTEMENTE COLOCADAS","item":"https:\/\/www.ipim.gov.mo\/pt-pt\/about-ipim\/temporary-residency\/temporary-residence-permit-application\/faq-ta\/s3\/"},{"@type":"ListItem","position":7,"name":"Pedido de renova\u00e7\u00e3o \/ extens\u00e3o aos membros do agregado familiar"}]},{"@type":"WebSite","@id":"https:\/\/www.ipim.gov.mo\/zh-hans\/#website","url":"https:\/\/www.ipim.gov.mo\/zh-hans\/","name":"Commerce and Investment Promotion Institute","description":"Commerce and Investment Promotion Institute","publisher":{"@id":"https:\/\/www.ipim.gov.mo\/zh-hans\/#organization"},"potentialAction":[{"@type":"SearchAction","target":{"@type":"EntryPoint","urlTemplate":"https:\/\/www.ipim.gov.mo\/zh-hans\/?s={search_term_string}"},"query-input":{"@type":"PropertyValueSpecification","valueRequired":true,"valueName":"search_term_string"}}],"inLanguage":"pt-PT"},{"@type":"Organization","@id":"https:\/\/www.ipim.gov.mo\/zh-hans\/#organization","name":"IPIM","url":"https:\/\/www.ipim.gov.mo\/zh-hans\/","logo":{"@type":"ImageObject","inLanguage":"pt-PT","@id":"https:\/\/www.ipim.gov.mo\/zh-hans\/#\/schema\/logo\/image\/","url":"https:\/\/www.ipim.gov.mo\/wp-content\/uploads\/2022\/10\/default-post-thumbnail-ipim-logo.png","contentUrl":"https:\/\/www.ipim.gov.mo\/wp-content\/uploads\/2022\/10\/default-post-thumbnail-ipim-logo.png","width":1024,"height":768,"caption":"IPIM"},"image":{"@id":"https:\/\/www.ipim.gov.mo\/zh-hans\/#\/schema\/logo\/image\/"}}]}},"coauthors":[],"author_meta":{"author_link":"https:\/\/www.ipim.gov.mo\/pt-pt\/author\/admin\/","display_name":"admin"},"relative_dates":{"created":"Posted 7 years ago","modified":"Updated 10 months ago"},"absolute_dates":{"created":"Posted on Julho 18, 2019","modified":"Updated on Julho 11, 2025"},"absolute_dates_time":{"created":"Posted on Julho 18, 2019 4:12 pm","modified":"Updated on Julho 11, 2025 3:59 pm"},"featured_img_caption":"","featured_img":"https:\/\/www.ipim.gov.mo\/wp-content\/uploads\/2024\/07\/ipim-post-default.jpg","series_order":"","_links":{"self":[{"href":"https:\/\/www.ipim.gov.mo\/pt-pt\/wp-json\/wp\/v2\/pages\/264497","targetHints":{"allow":["GET"]}}],"collection":[{"href":"https:\/\/www.ipim.gov.mo\/pt-pt\/wp-json\/wp\/v2\/pages"}],"about":[{"href":"https:\/\/www.ipim.gov.mo\/pt-pt\/wp-json\/wp\/v2\/types\/page"}],"author":[{"embeddable":true,"href":"https:\/\/www.ipim.gov.mo\/pt-pt\/wp-json\/wp\/v2\/users\/1"}],"replies":[{"embeddable":true,"href":"https:\/\/www.ipim.gov.mo\/pt-pt\/wp-json\/wp\/v2\/comments?post=264497"}],"version-history":[{"count":1,"href":"https:\/\/www.ipim.gov.mo\/pt-pt\/wp-json\/wp\/v2\/pages\/264497\/revisions"}],"predecessor-version":[{"id":495940,"href":"https:\/\/www.ipim.gov.mo\/pt-pt\/wp-json\/wp\/v2\/pages\/264497\/revisions\/495940"}],"up":[{"embeddable":true,"href":"https:\/\/www.ipim.gov.mo\/pt-pt\/wp-json\/wp\/v2\/pages\/264485"}],"wp:featuredmedia":[{"embeddable":true,"href":"https:\/\/www.ipim.gov.mo\/pt-pt\/wp-json\/wp\/v2\/media\/467868"}],"wp:attachment":[{"href":"https:\/\/www.ipim.gov.mo\/pt-pt\/wp-json\/wp\/v2\/media?parent=264497"}],"curies":[{"name":"wp","href":"https:\/\/api.w.org\/{rel}","templated":true}]}}