{"id":264487,"date":"2019-07-18T16:08:44","date_gmt":"2019-07-18T08:08:44","guid":{"rendered":"https:\/\/www.ipim.gov.mo\/pt-pt\/investment-residency-test\/temporary-residence-permit-application\/faq-ta\/s3\/s3-1\/"},"modified":"2025-07-11T15:56:20","modified_gmt":"2025-07-11T07:56:20","slug":"s3-1","status":"publish","type":"page","link":"https:\/\/www.ipim.gov.mo\/pt-pt\/about-ipim\/temporary-residency\/temporary-residence-permit-application\/faq-ta\/s3\/s3-1\/","title":{"rendered":"Pedido Inicial"},"content":{"rendered":"<h2>P1. Um indiv\u00edduo do Interior da China titular de passaporte chin\u00eas que solicite autoriza\u00e7\u00e3o de resid\u00eancia tempor\u00e1ria tem de apresentar documentos comprovativos da sua resid\u00eancia em outros pa\u00edses ou regi\u00f5es?<\/h2>\n<p>R: Para indiv\u00edduos do Interior da China titulares de passaporte chin\u00eas, al\u00e9m do passaporte chin\u00eas, o requerente deve ainda, consoante o caso, apresentar documentos emitidos pelas autoridades competentes do Interior da China para requerer fixa\u00e7\u00e3o de resid\u00eancia na RAEM, ou os documentos comprovativos de resid\u00eancia em outros pa\u00edses ou regi\u00f5es, por um prazo, pelo menos, de dois anos e os do direito de resid\u00eancia emitidos pelas autoridades locais competentes, antes da apresenta\u00e7\u00e3o do pedido de fixa\u00e7\u00e3o de resid\u00eancia. Para a apresenta\u00e7\u00e3o de documentos comprovativos referentes ao direito de resid\u00eancia, emitidos pelas Rep\u00fablica da Guin\u00e9-Bissau, Rep\u00fablica da G\u00e2mbia e Rep\u00fablica de Vanuatu, devem ser entregues os documentos comprovativos do direito de resid\u00eancia acreditados simultaneamente pelo Minist\u00e9rio dos Neg\u00f3cios Estrangeiros do pa\u00eds de resid\u00eancia e pelo consulado da China sediado no mesmo pa\u00eds. (Aplic\u00e1vel apenas ao pedido inicial) (vide n.\u00ba 5 do artigo 31.\u00ba do Regulamento Administrativo n.\u00ba 38\/2021)<\/p>\n<p>&nbsp;<\/p>\n<h2>P2. Qual o tempo necess\u00e1rio para aprova\u00e7\u00e3o do pedido? Qual o motivo de ser diferente o tempo de aprova\u00e7\u00e3o individual em rela\u00e7\u00e3o aos pedidos apresentados na mesma altura?<\/h2>\n<p>R: O tempo necess\u00e1rio para aprova\u00e7\u00e3o do pedido varia de acordo com as circunst\u00e2ncias espec\u00edficas de cada caso individual. Ap\u00f3s a recep\u00e7\u00e3o do pedido de autoriza\u00e7\u00e3o de resid\u00eancia tempor\u00e1ria, o IPIM ir\u00e1 consultar pareceres de outros servi\u00e7os governamentais de acordo com a lei, ou no caso de ser considerada insuficiente a informa\u00e7\u00e3o necess\u00e1ria ao procedimento de aprova\u00e7\u00e3o, o IPIM ir\u00e1 pedir ao requerente que entregue os documentos correspondentes. O prazo de aprova\u00e7\u00e3o depende, principalmente, da entrega de todos os documentos necess\u00e1rios e dos pareceres consultivos, pelo que a ordem de apresenta\u00e7\u00e3o dos pedidos n\u00e3o implica necessariamente a ordem de obten\u00e7\u00e3o da aprova\u00e7\u00e3o.<\/p>\n<p>&nbsp;<\/p>\n<h2>P3. Como ser\u00e3o tratados os casos em que n\u00e3o sejam poss\u00edvel apresentar os documentos comprovativos preenchidos nos requerimentos?<\/h2>\n<p>R: O requerente deve apresentar documentos comprovativos preenchidos no pedido da autoriza\u00e7\u00e3o de resid\u00eancia tempor\u00e1ria (v.g. documentos comprovativos das habilita\u00e7\u00f5es acad\u00e9micas, da experi\u00eancia de trabalho, de qualidade profissional \/ de licen\u00e7a de trabalho e outros certificados de capacidades ou realiza\u00e7\u00f5es pessoais, entre outros). Em caso de impossibilidade de serem fornecidos por motivos de longa dura\u00e7\u00e3o, podem ser apresentados documentos com igual validade, emitidos pelos servi\u00e7os competentes. Em caso de impossibilidade de fornecer tais documentos, o requerente necessita de submeter uma justifica\u00e7\u00e3o por escrito, e o IPIM decidir\u00e1 a aceita\u00e7\u00e3o ou recusa ap\u00f3s an\u00e1lise.<\/p>\n<p>&nbsp;<\/p>\n<h2>P4. Como se deve proceder, se ap\u00f3s a apresenta\u00e7\u00e3o do pedido, n\u00e3o conseguir apresentar os documentos necess\u00e1rios para instruir o pedido?<\/h2>\n<p>R: Se por causa imput\u00e1vel interessado, o procedimento estiver parado por mais de 6 meses, pode o \u00f3rg\u00e3o competente para a decis\u00e3o declarar o procedimento extinto (consulte: artigo 12.\u00ba do Regulamento Administrativo n.\u00ba 3\/2005 e artigo 103.\u00ba do C\u00f3digo do Procedimento Administrativo).<\/p>\n<p>&nbsp;<\/p>\n<h2>P5. Qual \u00e9 o prazo de validade da autoriza\u00e7\u00e3o de resid\u00eancia tempor\u00e1ria?<\/h2>\n<p>R: Em geral, \u00e9 concedida ao interessado e membros eleg\u00edveis do seu agregado familiar, autoriza\u00e7\u00e3o de resid\u00eancia tempor\u00e1ria com a validade de 3 anos, e renov\u00e1vel. Aos interessados na categoria de \u201cInvestimentos Relevantes\u201d e membros eleg\u00edveis do seu agregado familiar, a autoriza\u00e7\u00e3o \u00e9 v\u00e1lida por dezoito meses, renov\u00e1vel por uma vez. O per\u00edodo de validade das autoriza\u00e7\u00f5es de resid\u00eancia tempor\u00e1ria acima mencionadas n\u00e3o pode, em caso algum, exceder os 30 dias que precedem a caducidade do documento de viagem do interessado ou da autoriza\u00e7\u00e3o de regresso ou de entrada em outro pa\u00eds ou territ\u00f3rio. \u00c9 importante salientar que a renova\u00e7\u00e3o da autoriza\u00e7\u00e3o de resid\u00eancia tempor\u00e1ria depende da conformidade da parte interessada com os pr\u00e9-requisitos e condi\u00e7\u00f5es previstas para a atribui\u00e7\u00e3o da mesma, assim como a situa\u00e7\u00e3o legal \u00e0 data do pedido (consulte: artigo 17.\u00ba do Regulamento Administrativo n.\u00ba 3\/2005).<\/p>\n<p>&nbsp;<\/p>\n<h2>P6. Os indiv\u00edduos cujos pedidos ainda se encontrem em aprecia\u00e7\u00e3o no IPIM, \u00e0 espera da autoriza\u00e7\u00e3o de resid\u00eancia tempor\u00e1ria, designadamente atrav\u00e9s do \u201cRegime de fixa\u00e7\u00e3o de resid\u00eancia tempor\u00e1ria de investidores, quadros dirigentes e t\u00e9cnicos especializados\u201d, podem apresentar, em paralelo, o pedido de fixa\u00e7\u00e3o de resid\u00eancia atrav\u00e9s do \u201cRegime jur\u00eddico de capta\u00e7\u00e3o de quadros qualificados\u201d?<\/h2>\n<p>R: Podem fazer assim, mas uma vez inclu\u00eddo na \u201cLista de quadros qualificados propostos para capta\u00e7\u00e3o\u201d e concedida a autoriza\u00e7\u00e3o de resid\u00eancia, o indiv\u00edduo em causa deve dirigir-se a este Instituto para formalizar a desist\u00eancia do seu pedido anterior de resid\u00eancia tempor\u00e1ria.<\/p>\n<p>&nbsp;<\/p>\n<h2>P7. Os indiv\u00edduos que tenham obtido a autoriza\u00e7\u00e3o de resid\u00eancia tempor\u00e1ria atrav\u00e9s do \u201cRegime de fixa\u00e7\u00e3o de resid\u00eancia tempor\u00e1ria de investidores, quadros dirigentes e t\u00e9cnicos especializados\u201d, podem apresentar o seu novo pedido de resid\u00eancia, atrav\u00e9s do \u201cRegime jur\u00eddico de capta\u00e7\u00e3o de quadros qualificados\u201d?<\/h2>\n<p>R: De acordo com o n.\u00ba 3 do artigo 15.\u00ba da Lei n.\u00ba 7\/2023, os indiv\u00edduos a quem foi concedida a autoriza\u00e7\u00e3o de resid\u00eancia tempor\u00e1ria, atrav\u00e9s do \u201cRegime de fixa\u00e7\u00e3o de resid\u00eancia tempor\u00e1ria de investidores, quadros dirigentes e t\u00e9cnicos especializados\u201d, podem candidatar-se ao programa de capta\u00e7\u00e3o de quadros qualificados nos termos da Lei n.\u00ba 7\/2023. Uma vez inclu\u00eddo na \u201cLista de quadros qualificados propostos para capta\u00e7\u00e3o\u201d, \u00e9 necess\u00e1rio para o interessado considerar a desist\u00eancia ou n\u00e3o da autoriza\u00e7\u00e3o de resid\u00eancia concedida nos termos do Regulamento Administrativo n.\u00ba 3\/2005, sendo obrigat\u00f3rio prestar a respectiva declara\u00e7\u00e3o. \u00c9 de salientar que, quando o requerente obtiver a autoriza\u00e7\u00e3o de resid\u00eancia em Macau atrav\u00e9s do \u201cRegime jur\u00eddico de capta\u00e7\u00e3o de quadros qualificados\u201d, o seu per\u00edodo de resid\u00eancia habitual em Macau durante sete anos, para efeitos de adquirir o estatuto de residente permanente de Macau, ser\u00e1 calculado de novo.<\/p>\n","protected":false},"excerpt":{"rendered":"<p>P1. Um indiv\u00edduo do Interior da China titular de passaporte chin\u00eas que solicite autoriza\u00e7\u00e3o de resid\u00eancia tempor\u00e1ria tem de apresentar documentos comprovativos da sua resid\u00eancia [&hellip;]<\/p>\n","protected":false},"author":1,"featured_media":467868,"parent":264485,"menu_order":0,"comment_status":"closed","ping_status":"closed","template":"","meta":{"_acf_changed":false,"inline_featured_image":false,"advgb_blocks_editor_width":"","advgb_blocks_columns_visual_guide":"","footnotes":""},"class_list":["post-264487","page","type-page","status-publish","has-post-thumbnail","hentry"],"acf":[],"yoast_head":"<!-- This site is optimized with the Yoast SEO plugin v26.2 - https:\/\/yoast.com\/wordpress\/plugins\/seo\/ -->\r\n<title>Pedido Inicial | Commerce and Investment Promotion Institute<\/title>\r\n<meta name=\"robots\" content=\"index, follow, max-snippet:-1, max-image-preview:large, max-video-preview:-1\" \/>\r\n<link rel=\"canonical\" href=\"https:\/\/www.ipim.gov.mo\/pt-pt\/about-ipim\/temporary-residency\/temporary-residence-permit-application\/faq-ta\/s3\/s3-1\/\" \/>\r\n<meta property=\"og:locale\" content=\"pt_PT\" \/>\r\n<meta property=\"og:type\" content=\"article\" \/>\r\n<meta property=\"og:title\" content=\"Pedido Inicial | Commerce and Investment Promotion Institute\" \/>\r\n<meta property=\"og:description\" content=\"P1. Um indiv\u00edduo do Interior da China titular de passaporte chin\u00eas que solicite autoriza\u00e7\u00e3o de resid\u00eancia tempor\u00e1ria tem de apresentar documentos comprovativos da sua resid\u00eancia [&hellip;]\" \/>\r\n<meta property=\"og:url\" content=\"https:\/\/www.ipim.gov.mo\/pt-pt\/about-ipim\/temporary-residency\/temporary-residence-permit-application\/faq-ta\/s3\/s3-1\/\" \/>\r\n<meta property=\"og:site_name\" content=\"Commerce and Investment Promotion Institute\" \/>\r\n<meta property=\"article:modified_time\" content=\"2025-07-11T07:56:20+00:00\" \/>\r\n<meta property=\"og:image\" content=\"https:\/\/www.ipim.gov.mo\/wp-content\/uploads\/2024\/07\/ipim-post-default.jpg\" \/>\r\n\t<meta property=\"og:image:width\" content=\"1024\" \/>\r\n\t<meta property=\"og:image:height\" content=\"768\" \/>\r\n\t<meta property=\"og:image:type\" content=\"image\/jpeg\" \/>\r\n<meta name=\"twitter:card\" content=\"summary_large_image\" \/>\r\n<meta name=\"twitter:label1\" content=\"Est. reading time\" \/>\n\t<meta name=\"twitter:data1\" content=\"5 minutes\" \/>\r\n<script type=\"application\/ld+json\" class=\"yoast-schema-graph\">{\"@context\":\"https:\/\/schema.org\",\"@graph\":[{\"@type\":\"WebPage\",\"@id\":\"https:\/\/www.ipim.gov.mo\/pt-pt\/about-ipim\/temporary-residency\/temporary-residence-permit-application\/faq-ta\/s3\/s3-1\/\",\"url\":\"https:\/\/www.ipim.gov.mo\/pt-pt\/about-ipim\/temporary-residency\/temporary-residence-permit-application\/faq-ta\/s3\/s3-1\/\",\"name\":\"Pedido Inicial | Commerce and Investment Promotion Institute\",\"isPartOf\":{\"@id\":\"https:\/\/www.ipim.gov.mo\/zh-hans\/#website\"},\"primaryImageOfPage\":{\"@id\":\"https:\/\/www.ipim.gov.mo\/pt-pt\/about-ipim\/temporary-residency\/temporary-residence-permit-application\/faq-ta\/s3\/s3-1\/#primaryimage\"},\"image\":{\"@id\":\"https:\/\/www.ipim.gov.mo\/pt-pt\/about-ipim\/temporary-residency\/temporary-residence-permit-application\/faq-ta\/s3\/s3-1\/#primaryimage\"},\"thumbnailUrl\":\"https:\/\/www.ipim.gov.mo\/wp-content\/uploads\/2024\/07\/ipim-post-default.jpg\",\"datePublished\":\"2019-07-18T08:08:44+00:00\",\"dateModified\":\"2025-07-11T07:56:20+00:00\",\"breadcrumb\":{\"@id\":\"https:\/\/www.ipim.gov.mo\/pt-pt\/about-ipim\/temporary-residency\/temporary-residence-permit-application\/faq-ta\/s3\/s3-1\/#breadcrumb\"},\"inLanguage\":\"pt-PT\",\"potentialAction\":[{\"@type\":\"ReadAction\",\"target\":[\"https:\/\/www.ipim.gov.mo\/pt-pt\/about-ipim\/temporary-residency\/temporary-residence-permit-application\/faq-ta\/s3\/s3-1\/\"]}]},{\"@type\":\"ImageObject\",\"inLanguage\":\"pt-PT\",\"@id\":\"https:\/\/www.ipim.gov.mo\/pt-pt\/about-ipim\/temporary-residency\/temporary-residence-permit-application\/faq-ta\/s3\/s3-1\/#primaryimage\",\"url\":\"https:\/\/www.ipim.gov.mo\/wp-content\/uploads\/2024\/07\/ipim-post-default.jpg\",\"contentUrl\":\"https:\/\/www.ipim.gov.mo\/wp-content\/uploads\/2024\/07\/ipim-post-default.jpg\",\"width\":1024,\"height\":768},{\"@type\":\"BreadcrumbList\",\"@id\":\"https:\/\/www.ipim.gov.mo\/pt-pt\/about-ipim\/temporary-residency\/temporary-residence-permit-application\/faq-ta\/s3\/s3-1\/#breadcrumb\",\"itemListElement\":[{\"@type\":\"ListItem\",\"position\":1,\"name\":\"Home\",\"item\":\"https:\/\/www.ipim.gov.mo\/pt-pt\/\"},{\"@type\":\"ListItem\",\"position\":2,\"name\":\"Acerca do IPIM\",\"item\":\"https:\/\/www.ipim.gov.mo\/pt-pt\/about-ipim\/\"},{\"@type\":\"ListItem\",\"position\":3,\"name\":\"Resid\u00eancia Tempor\u00e1ria\",\"item\":\"https:\/\/www.ipim.gov.mo\/pt-pt\/about-ipim\/temporary-residency\/\"},{\"@type\":\"ListItem\",\"position\":4,\"name\":\"Pedido de autoriza\u00e7\u00e3o de fixa\u00e7\u00e3o de resid\u00eancia tempor\u00e1ria\",\"item\":\"https:\/\/www.ipim.gov.mo\/pt-pt\/about-ipim\/temporary-residency\/temporary-residence-permit-application\/\"},{\"@type\":\"ListItem\",\"position\":5,\"name\":\"FAQ\",\"item\":\"https:\/\/www.ipim.gov.mo\/pt-pt\/about-ipim\/temporary-residency\/temporary-residence-permit-application\/faq-ta\/\"},{\"@type\":\"ListItem\",\"position\":6,\"name\":\"PERGUNTAS MAIS FREQUENTEMENTE COLOCADAS\",\"item\":\"https:\/\/www.ipim.gov.mo\/pt-pt\/about-ipim\/temporary-residency\/temporary-residence-permit-application\/faq-ta\/s3\/\"},{\"@type\":\"ListItem\",\"position\":7,\"name\":\"Pedido Inicial\"}]},{\"@type\":\"WebSite\",\"@id\":\"https:\/\/www.ipim.gov.mo\/zh-hans\/#website\",\"url\":\"https:\/\/www.ipim.gov.mo\/zh-hans\/\",\"name\":\"Commerce and Investment Promotion Institute\",\"description\":\"Commerce and Investment Promotion Institute\",\"publisher\":{\"@id\":\"https:\/\/www.ipim.gov.mo\/zh-hans\/#organization\"},\"potentialAction\":[{\"@type\":\"SearchAction\",\"target\":{\"@type\":\"EntryPoint\",\"urlTemplate\":\"https:\/\/www.ipim.gov.mo\/zh-hans\/?s={search_term_string}\"},\"query-input\":{\"@type\":\"PropertyValueSpecification\",\"valueRequired\":true,\"valueName\":\"search_term_string\"}}],\"inLanguage\":\"pt-PT\"},{\"@type\":\"Organization\",\"@id\":\"https:\/\/www.ipim.gov.mo\/zh-hans\/#organization\",\"name\":\"IPIM\",\"url\":\"https:\/\/www.ipim.gov.mo\/zh-hans\/\",\"logo\":{\"@type\":\"ImageObject\",\"inLanguage\":\"pt-PT\",\"@id\":\"https:\/\/www.ipim.gov.mo\/zh-hans\/#\/schema\/logo\/image\/\",\"url\":\"https:\/\/www.ipim.gov.mo\/wp-content\/uploads\/2022\/10\/default-post-thumbnail-ipim-logo.png\",\"contentUrl\":\"https:\/\/www.ipim.gov.mo\/wp-content\/uploads\/2022\/10\/default-post-thumbnail-ipim-logo.png\",\"width\":1024,\"height\":768,\"caption\":\"IPIM\"},\"image\":{\"@id\":\"https:\/\/www.ipim.gov.mo\/zh-hans\/#\/schema\/logo\/image\/\"}}]}<\/script>\r\n<!-- \/ Yoast SEO plugin. -->","yoast_head_json":{"title":"Pedido Inicial | Commerce and Investment Promotion Institute","robots":{"index":"index","follow":"follow","max-snippet":"max-snippet:-1","max-image-preview":"max-image-preview:large","max-video-preview":"max-video-preview:-1"},"canonical":"https:\/\/www.ipim.gov.mo\/pt-pt\/about-ipim\/temporary-residency\/temporary-residence-permit-application\/faq-ta\/s3\/s3-1\/","og_locale":"pt_PT","og_type":"article","og_title":"Pedido Inicial | Commerce and Investment Promotion Institute","og_description":"P1. Um indiv\u00edduo do Interior da China titular de passaporte chin\u00eas que solicite autoriza\u00e7\u00e3o de resid\u00eancia tempor\u00e1ria tem de apresentar documentos comprovativos da sua resid\u00eancia [&hellip;]","og_url":"https:\/\/www.ipim.gov.mo\/pt-pt\/about-ipim\/temporary-residency\/temporary-residence-permit-application\/faq-ta\/s3\/s3-1\/","og_site_name":"Commerce and Investment Promotion Institute","article_modified_time":"2025-07-11T07:56:20+00:00","og_image":[{"width":1024,"height":768,"url":"https:\/\/www.ipim.gov.mo\/wp-content\/uploads\/2024\/07\/ipim-post-default.jpg","type":"image\/jpeg"}],"twitter_card":"summary_large_image","twitter_misc":{"Est. reading time":"5 minutes"},"schema":{"@context":"https:\/\/schema.org","@graph":[{"@type":"WebPage","@id":"https:\/\/www.ipim.gov.mo\/pt-pt\/about-ipim\/temporary-residency\/temporary-residence-permit-application\/faq-ta\/s3\/s3-1\/","url":"https:\/\/www.ipim.gov.mo\/pt-pt\/about-ipim\/temporary-residency\/temporary-residence-permit-application\/faq-ta\/s3\/s3-1\/","name":"Pedido Inicial | Commerce and Investment Promotion Institute","isPartOf":{"@id":"https:\/\/www.ipim.gov.mo\/zh-hans\/#website"},"primaryImageOfPage":{"@id":"https:\/\/www.ipim.gov.mo\/pt-pt\/about-ipim\/temporary-residency\/temporary-residence-permit-application\/faq-ta\/s3\/s3-1\/#primaryimage"},"image":{"@id":"https:\/\/www.ipim.gov.mo\/pt-pt\/about-ipim\/temporary-residency\/temporary-residence-permit-application\/faq-ta\/s3\/s3-1\/#primaryimage"},"thumbnailUrl":"https:\/\/www.ipim.gov.mo\/wp-content\/uploads\/2024\/07\/ipim-post-default.jpg","datePublished":"2019-07-18T08:08:44+00:00","dateModified":"2025-07-11T07:56:20+00:00","breadcrumb":{"@id":"https:\/\/www.ipim.gov.mo\/pt-pt\/about-ipim\/temporary-residency\/temporary-residence-permit-application\/faq-ta\/s3\/s3-1\/#breadcrumb"},"inLanguage":"pt-PT","potentialAction":[{"@type":"ReadAction","target":["https:\/\/www.ipim.gov.mo\/pt-pt\/about-ipim\/temporary-residency\/temporary-residence-permit-application\/faq-ta\/s3\/s3-1\/"]}]},{"@type":"ImageObject","inLanguage":"pt-PT","@id":"https:\/\/www.ipim.gov.mo\/pt-pt\/about-ipim\/temporary-residency\/temporary-residence-permit-application\/faq-ta\/s3\/s3-1\/#primaryimage","url":"https:\/\/www.ipim.gov.mo\/wp-content\/uploads\/2024\/07\/ipim-post-default.jpg","contentUrl":"https:\/\/www.ipim.gov.mo\/wp-content\/uploads\/2024\/07\/ipim-post-default.jpg","width":1024,"height":768},{"@type":"BreadcrumbList","@id":"https:\/\/www.ipim.gov.mo\/pt-pt\/about-ipim\/temporary-residency\/temporary-residence-permit-application\/faq-ta\/s3\/s3-1\/#breadcrumb","itemListElement":[{"@type":"ListItem","position":1,"name":"Home","item":"https:\/\/www.ipim.gov.mo\/pt-pt\/"},{"@type":"ListItem","position":2,"name":"Acerca do IPIM","item":"https:\/\/www.ipim.gov.mo\/pt-pt\/about-ipim\/"},{"@type":"ListItem","position":3,"name":"Resid\u00eancia Tempor\u00e1ria","item":"https:\/\/www.ipim.gov.mo\/pt-pt\/about-ipim\/temporary-residency\/"},{"@type":"ListItem","position":4,"name":"Pedido de autoriza\u00e7\u00e3o de fixa\u00e7\u00e3o de resid\u00eancia tempor\u00e1ria","item":"https:\/\/www.ipim.gov.mo\/pt-pt\/about-ipim\/temporary-residency\/temporary-residence-permit-application\/"},{"@type":"ListItem","position":5,"name":"FAQ","item":"https:\/\/www.ipim.gov.mo\/pt-pt\/about-ipim\/temporary-residency\/temporary-residence-permit-application\/faq-ta\/"},{"@type":"ListItem","position":6,"name":"PERGUNTAS MAIS FREQUENTEMENTE COLOCADAS","item":"https:\/\/www.ipim.gov.mo\/pt-pt\/about-ipim\/temporary-residency\/temporary-residence-permit-application\/faq-ta\/s3\/"},{"@type":"ListItem","position":7,"name":"Pedido Inicial"}]},{"@type":"WebSite","@id":"https:\/\/www.ipim.gov.mo\/zh-hans\/#website","url":"https:\/\/www.ipim.gov.mo\/zh-hans\/","name":"Commerce and Investment Promotion Institute","description":"Commerce and Investment Promotion Institute","publisher":{"@id":"https:\/\/www.ipim.gov.mo\/zh-hans\/#organization"},"potentialAction":[{"@type":"SearchAction","target":{"@type":"EntryPoint","urlTemplate":"https:\/\/www.ipim.gov.mo\/zh-hans\/?s={search_term_string}"},"query-input":{"@type":"PropertyValueSpecification","valueRequired":true,"valueName":"search_term_string"}}],"inLanguage":"pt-PT"},{"@type":"Organization","@id":"https:\/\/www.ipim.gov.mo\/zh-hans\/#organization","name":"IPIM","url":"https:\/\/www.ipim.gov.mo\/zh-hans\/","logo":{"@type":"ImageObject","inLanguage":"pt-PT","@id":"https:\/\/www.ipim.gov.mo\/zh-hans\/#\/schema\/logo\/image\/","url":"https:\/\/www.ipim.gov.mo\/wp-content\/uploads\/2022\/10\/default-post-thumbnail-ipim-logo.png","contentUrl":"https:\/\/www.ipim.gov.mo\/wp-content\/uploads\/2022\/10\/default-post-thumbnail-ipim-logo.png","width":1024,"height":768,"caption":"IPIM"},"image":{"@id":"https:\/\/www.ipim.gov.mo\/zh-hans\/#\/schema\/logo\/image\/"}}]}},"coauthors":[],"author_meta":{"author_link":"https:\/\/www.ipim.gov.mo\/pt-pt\/author\/admin\/","display_name":"admin"},"relative_dates":{"created":"Posted 7 years ago","modified":"Updated 10 months ago"},"absolute_dates":{"created":"Posted on Julho 18, 2019","modified":"Updated on Julho 11, 2025"},"absolute_dates_time":{"created":"Posted on Julho 18, 2019 4:08 pm","modified":"Updated on Julho 11, 2025 3:56 pm"},"featured_img_caption":"","featured_img":"https:\/\/www.ipim.gov.mo\/wp-content\/uploads\/2024\/07\/ipim-post-default.jpg","series_order":"","_links":{"self":[{"href":"https:\/\/www.ipim.gov.mo\/pt-pt\/wp-json\/wp\/v2\/pages\/264487","targetHints":{"allow":["GET"]}}],"collection":[{"href":"https:\/\/www.ipim.gov.mo\/pt-pt\/wp-json\/wp\/v2\/pages"}],"about":[{"href":"https:\/\/www.ipim.gov.mo\/pt-pt\/wp-json\/wp\/v2\/types\/page"}],"author":[{"embeddable":true,"href":"https:\/\/www.ipim.gov.mo\/pt-pt\/wp-json\/wp\/v2\/users\/1"}],"replies":[{"embeddable":true,"href":"https:\/\/www.ipim.gov.mo\/pt-pt\/wp-json\/wp\/v2\/comments?post=264487"}],"version-history":[{"count":1,"href":"https:\/\/www.ipim.gov.mo\/pt-pt\/wp-json\/wp\/v2\/pages\/264487\/revisions"}],"predecessor-version":[{"id":495934,"href":"https:\/\/www.ipim.gov.mo\/pt-pt\/wp-json\/wp\/v2\/pages\/264487\/revisions\/495934"}],"up":[{"embeddable":true,"href":"https:\/\/www.ipim.gov.mo\/pt-pt\/wp-json\/wp\/v2\/pages\/264485"}],"wp:featuredmedia":[{"embeddable":true,"href":"https:\/\/www.ipim.gov.mo\/pt-pt\/wp-json\/wp\/v2\/media\/467868"}],"wp:attachment":[{"href":"https:\/\/www.ipim.gov.mo\/pt-pt\/wp-json\/wp\/v2\/media?parent=264487"}],"curies":[{"name":"wp","href":"https:\/\/api.w.org\/{rel}","templated":true}]}}