{"id":260951,"date":"2019-04-09T16:51:13","date_gmt":"2019-04-09T08:51:13","guid":{"rendered":"https:\/\/www.ipim.gov.mo\/pt-pt\/investment-residency-test\/legislation\/investment-residency\/"},"modified":"2024-02-21T17:05:48","modified_gmt":"2024-02-21T09:05:48","slug":"investment-residency","status":"publish","type":"page","link":"https:\/\/www.ipim.gov.mo\/pt-pt\/about-ipim\/temporary-residency\/legislation\/investment-residency\/","title":{"rendered":"Legisla\u00e7\u00e3o sobre pedidos de resid\u00eancia tempor\u00e1ria"},"content":{"rendered":"\r\n<ul class=\"wp-block-list\"><li><a href=\"http:\/\/pt.io.gov.mo\/BO\/A\/Link\/25816.aspx\" target=\"_blank\" rel=\"noreferrer noopener nofollow\">Regulamento Administrativo n.\u00ba 7\/2007<\/a>, Determina a suspens\u00e3o da efic\u00e1cia dos artigos 1.\u00ba, al\u00ednea 4), e 3.\u00ba do Regulamento Administrativo n.\u00ba 3\/2005.<\/li><li><a href=\"http:\/\/pt.io.gov.mo\/BO\/A\/Link\/23373.aspx\" target=\"_blank\" rel=\"noreferrer noopener nofollow\">Regulamento Administrativo n.\u00ba 3\/2005<\/a>, Aprova o regime de fixa\u00e7\u00e3o de resid\u00eancia tempor\u00e1ria de investidores, quadros dirigentes e t\u00e9cnicos especializados.<\/li><li><a href=\"http:\/\/pt.io.gov.mo\/BO\/A\/Link\/15151.aspx\" target=\"_blank\" rel=\"noreferrer noopener nofollow\">Decreto-Lei n.\u00ba 22\/97\/M<\/a>, Introduz altera\u00e7\u00f5es ao regime de fixa\u00e7\u00e3o de resid\u00eancia de investidores, quadros dirigentes e t\u00e9cnicos especializados, aprovado pelo Decreto-Lei n.\u00ba 14\/95\/M, de 27 de Mar\u00e7o.<\/li><li><a href=\"http:\/\/pt.io.gov.mo\/BO\/A\/Link\/14095.aspx\" target=\"_blank\" rel=\"noreferrer noopener nofollow\">Decreto-Lei n.\u00ba 22\/96\/M<\/a>, Altera o regime de fixa\u00e7\u00e3o de resid\u00eancia de investidores e quadros qualificados (Altera\u00e7\u00e3o dos artigos 2.\u00ba e 5.\u00ba do Decreto-Lei n.\u00ba 14\/95\/M, de 27 de Mar\u00e7o).<\/li><li><a href=\"http:\/\/pt.io.gov.mo\/BO\/A\/Link\/13183.aspx\" target=\"_blank\" rel=\"noreferrer noopener nofollow\">Decreto-Lei n.\u00ba 14\/95\/M<\/a>, Cria incentivos \u00e0 capta\u00e7\u00e3o de investimentos e \u00e0 fixa\u00e7\u00e3o de quadros dirigentes e t\u00e9cnicos especializados. \u2014 Revoga o Decreto-Lei n.\u00ba 3\/84\/M, de 28 de Janeiro e a Portaraia n.\u00ba 43\/84\/M, de 29 de Fevereiro.<\/li><\/ul>\r\n","protected":false},"excerpt":{"rendered":"<p>Regulamento Administrativo n.\u00ba 7\/2007, Determina a suspens\u00e3o da efic\u00e1cia dos artigos 1.\u00ba, al\u00ednea 4), e 3.\u00ba do Regulamento Administrativo n.\u00ba 3\/2005. Regulamento Administrativo n.\u00ba 3\/2005, [&hellip;]<\/p>\n","protected":false},"author":56439,"featured_media":467868,"parent":260939,"menu_order":0,"comment_status":"closed","ping_status":"closed","template":"","meta":{"_acf_changed":false,"inline_featured_image":false,"advgb_blocks_editor_width":"","advgb_blocks_columns_visual_guide":"","footnotes":""},"class_list":["post-260951","page","type-page","status-publish","has-post-thumbnail","hentry"],"acf":[],"yoast_head":"<!-- This site is optimized with the Yoast SEO plugin v26.2 - https:\/\/yoast.com\/wordpress\/plugins\/seo\/ -->\r\n<title>Legisla\u00e7\u00e3o sobre pedidos de resid\u00eancia tempor\u00e1ria | Commerce and Investment Promotion Institute<\/title>\r\n<meta name=\"robots\" content=\"index, follow, max-snippet:-1, max-image-preview:large, max-video-preview:-1\" \/>\r\n<link rel=\"canonical\" href=\"https:\/\/www.ipim.gov.mo\/pt-pt\/about-ipim\/temporary-residency\/legislation\/investment-residency\/\" \/>\r\n<meta property=\"og:locale\" content=\"pt_PT\" \/>\r\n<meta property=\"og:type\" content=\"article\" \/>\r\n<meta property=\"og:title\" content=\"Legisla\u00e7\u00e3o sobre pedidos de resid\u00eancia tempor\u00e1ria | Commerce and Investment Promotion Institute\" \/>\r\n<meta property=\"og:description\" content=\"Regulamento Administrativo n.\u00ba 7\/2007, Determina a suspens\u00e3o da efic\u00e1cia dos artigos 1.\u00ba, al\u00ednea 4), e 3.\u00ba do Regulamento Administrativo n.\u00ba 3\/2005. Regulamento Administrativo n.\u00ba 3\/2005, [&hellip;]\" \/>\r\n<meta property=\"og:url\" content=\"https:\/\/www.ipim.gov.mo\/pt-pt\/about-ipim\/temporary-residency\/legislation\/investment-residency\/\" \/>\r\n<meta property=\"og:site_name\" content=\"Commerce and Investment Promotion Institute\" \/>\r\n<meta property=\"article:modified_time\" content=\"2024-02-21T09:05:48+00:00\" \/>\r\n<meta property=\"og:image\" content=\"https:\/\/www.ipim.gov.mo\/wp-content\/uploads\/2024\/07\/ipim-post-default.jpg\" \/>\r\n\t<meta property=\"og:image:width\" content=\"1024\" \/>\r\n\t<meta property=\"og:image:height\" content=\"768\" \/>\r\n\t<meta property=\"og:image:type\" content=\"image\/jpeg\" \/>\r\n<meta name=\"twitter:card\" content=\"summary_large_image\" \/>\r\n<meta name=\"twitter:label1\" content=\"Est. reading time\" \/>\n\t<meta name=\"twitter:data1\" content=\"1 minute\" \/>\r\n<script type=\"application\/ld+json\" class=\"yoast-schema-graph\">{\"@context\":\"https:\/\/schema.org\",\"@graph\":[{\"@type\":\"WebPage\",\"@id\":\"https:\/\/www.ipim.gov.mo\/pt-pt\/about-ipim\/temporary-residency\/legislation\/investment-residency\/\",\"url\":\"https:\/\/www.ipim.gov.mo\/pt-pt\/about-ipim\/temporary-residency\/legislation\/investment-residency\/\",\"name\":\"Legisla\u00e7\u00e3o sobre pedidos de resid\u00eancia tempor\u00e1ria | Commerce and Investment Promotion Institute\",\"isPartOf\":{\"@id\":\"https:\/\/www.ipim.gov.mo\/zh-hans\/#website\"},\"primaryImageOfPage\":{\"@id\":\"https:\/\/www.ipim.gov.mo\/pt-pt\/about-ipim\/temporary-residency\/legislation\/investment-residency\/#primaryimage\"},\"image\":{\"@id\":\"https:\/\/www.ipim.gov.mo\/pt-pt\/about-ipim\/temporary-residency\/legislation\/investment-residency\/#primaryimage\"},\"thumbnailUrl\":\"https:\/\/www.ipim.gov.mo\/wp-content\/uploads\/2024\/07\/ipim-post-default.jpg\",\"datePublished\":\"2019-04-09T08:51:13+00:00\",\"dateModified\":\"2024-02-21T09:05:48+00:00\",\"breadcrumb\":{\"@id\":\"https:\/\/www.ipim.gov.mo\/pt-pt\/about-ipim\/temporary-residency\/legislation\/investment-residency\/#breadcrumb\"},\"inLanguage\":\"pt-PT\",\"potentialAction\":[{\"@type\":\"ReadAction\",\"target\":[\"https:\/\/www.ipim.gov.mo\/pt-pt\/about-ipim\/temporary-residency\/legislation\/investment-residency\/\"]}]},{\"@type\":\"ImageObject\",\"inLanguage\":\"pt-PT\",\"@id\":\"https:\/\/www.ipim.gov.mo\/pt-pt\/about-ipim\/temporary-residency\/legislation\/investment-residency\/#primaryimage\",\"url\":\"https:\/\/www.ipim.gov.mo\/wp-content\/uploads\/2024\/07\/ipim-post-default.jpg\",\"contentUrl\":\"https:\/\/www.ipim.gov.mo\/wp-content\/uploads\/2024\/07\/ipim-post-default.jpg\",\"width\":1024,\"height\":768},{\"@type\":\"BreadcrumbList\",\"@id\":\"https:\/\/www.ipim.gov.mo\/pt-pt\/about-ipim\/temporary-residency\/legislation\/investment-residency\/#breadcrumb\",\"itemListElement\":[{\"@type\":\"ListItem\",\"position\":1,\"name\":\"Home\",\"item\":\"https:\/\/www.ipim.gov.mo\/pt-pt\/\"},{\"@type\":\"ListItem\",\"position\":2,\"name\":\"Acerca do IPIM\",\"item\":\"https:\/\/www.ipim.gov.mo\/pt-pt\/about-ipim\/\"},{\"@type\":\"ListItem\",\"position\":3,\"name\":\"Resid\u00eancia Tempor\u00e1ria\",\"item\":\"https:\/\/www.ipim.gov.mo\/pt-pt\/about-ipim\/temporary-residency\/\"},{\"@type\":\"ListItem\",\"position\":4,\"name\":\"Legisla\u00e7\u00e3o\",\"item\":\"https:\/\/www.ipim.gov.mo\/pt-pt\/about-ipim\/temporary-residency\/legislation\/\"},{\"@type\":\"ListItem\",\"position\":5,\"name\":\"Legisla\u00e7\u00e3o sobre pedidos de resid\u00eancia tempor\u00e1ria\"}]},{\"@type\":\"WebSite\",\"@id\":\"https:\/\/www.ipim.gov.mo\/zh-hans\/#website\",\"url\":\"https:\/\/www.ipim.gov.mo\/zh-hans\/\",\"name\":\"Commerce and Investment Promotion Institute\",\"description\":\"Commerce and Investment Promotion Institute\",\"publisher\":{\"@id\":\"https:\/\/www.ipim.gov.mo\/zh-hans\/#organization\"},\"potentialAction\":[{\"@type\":\"SearchAction\",\"target\":{\"@type\":\"EntryPoint\",\"urlTemplate\":\"https:\/\/www.ipim.gov.mo\/zh-hans\/?s={search_term_string}\"},\"query-input\":{\"@type\":\"PropertyValueSpecification\",\"valueRequired\":true,\"valueName\":\"search_term_string\"}}],\"inLanguage\":\"pt-PT\"},{\"@type\":\"Organization\",\"@id\":\"https:\/\/www.ipim.gov.mo\/zh-hans\/#organization\",\"name\":\"IPIM\",\"url\":\"https:\/\/www.ipim.gov.mo\/zh-hans\/\",\"logo\":{\"@type\":\"ImageObject\",\"inLanguage\":\"pt-PT\",\"@id\":\"https:\/\/www.ipim.gov.mo\/zh-hans\/#\/schema\/logo\/image\/\",\"url\":\"https:\/\/www.ipim.gov.mo\/wp-content\/uploads\/2022\/10\/default-post-thumbnail-ipim-logo.png\",\"contentUrl\":\"https:\/\/www.ipim.gov.mo\/wp-content\/uploads\/2022\/10\/default-post-thumbnail-ipim-logo.png\",\"width\":1024,\"height\":768,\"caption\":\"IPIM\"},\"image\":{\"@id\":\"https:\/\/www.ipim.gov.mo\/zh-hans\/#\/schema\/logo\/image\/\"}}]}<\/script>\r\n<!-- \/ Yoast SEO plugin. -->","yoast_head_json":{"title":"Legisla\u00e7\u00e3o sobre pedidos de resid\u00eancia tempor\u00e1ria | Commerce and Investment Promotion Institute","robots":{"index":"index","follow":"follow","max-snippet":"max-snippet:-1","max-image-preview":"max-image-preview:large","max-video-preview":"max-video-preview:-1"},"canonical":"https:\/\/www.ipim.gov.mo\/pt-pt\/about-ipim\/temporary-residency\/legislation\/investment-residency\/","og_locale":"pt_PT","og_type":"article","og_title":"Legisla\u00e7\u00e3o sobre pedidos de resid\u00eancia tempor\u00e1ria | Commerce and Investment Promotion Institute","og_description":"Regulamento Administrativo n.\u00ba 7\/2007, Determina a suspens\u00e3o da efic\u00e1cia dos artigos 1.\u00ba, al\u00ednea 4), e 3.\u00ba do Regulamento Administrativo n.\u00ba 3\/2005. Regulamento Administrativo n.\u00ba 3\/2005, [&hellip;]","og_url":"https:\/\/www.ipim.gov.mo\/pt-pt\/about-ipim\/temporary-residency\/legislation\/investment-residency\/","og_site_name":"Commerce and Investment Promotion Institute","article_modified_time":"2024-02-21T09:05:48+00:00","og_image":[{"width":1024,"height":768,"url":"https:\/\/www.ipim.gov.mo\/wp-content\/uploads\/2024\/07\/ipim-post-default.jpg","type":"image\/jpeg"}],"twitter_card":"summary_large_image","twitter_misc":{"Est. reading time":"1 minute"},"schema":{"@context":"https:\/\/schema.org","@graph":[{"@type":"WebPage","@id":"https:\/\/www.ipim.gov.mo\/pt-pt\/about-ipim\/temporary-residency\/legislation\/investment-residency\/","url":"https:\/\/www.ipim.gov.mo\/pt-pt\/about-ipim\/temporary-residency\/legislation\/investment-residency\/","name":"Legisla\u00e7\u00e3o sobre pedidos de resid\u00eancia tempor\u00e1ria | Commerce and Investment Promotion Institute","isPartOf":{"@id":"https:\/\/www.ipim.gov.mo\/zh-hans\/#website"},"primaryImageOfPage":{"@id":"https:\/\/www.ipim.gov.mo\/pt-pt\/about-ipim\/temporary-residency\/legislation\/investment-residency\/#primaryimage"},"image":{"@id":"https:\/\/www.ipim.gov.mo\/pt-pt\/about-ipim\/temporary-residency\/legislation\/investment-residency\/#primaryimage"},"thumbnailUrl":"https:\/\/www.ipim.gov.mo\/wp-content\/uploads\/2024\/07\/ipim-post-default.jpg","datePublished":"2019-04-09T08:51:13+00:00","dateModified":"2024-02-21T09:05:48+00:00","breadcrumb":{"@id":"https:\/\/www.ipim.gov.mo\/pt-pt\/about-ipim\/temporary-residency\/legislation\/investment-residency\/#breadcrumb"},"inLanguage":"pt-PT","potentialAction":[{"@type":"ReadAction","target":["https:\/\/www.ipim.gov.mo\/pt-pt\/about-ipim\/temporary-residency\/legislation\/investment-residency\/"]}]},{"@type":"ImageObject","inLanguage":"pt-PT","@id":"https:\/\/www.ipim.gov.mo\/pt-pt\/about-ipim\/temporary-residency\/legislation\/investment-residency\/#primaryimage","url":"https:\/\/www.ipim.gov.mo\/wp-content\/uploads\/2024\/07\/ipim-post-default.jpg","contentUrl":"https:\/\/www.ipim.gov.mo\/wp-content\/uploads\/2024\/07\/ipim-post-default.jpg","width":1024,"height":768},{"@type":"BreadcrumbList","@id":"https:\/\/www.ipim.gov.mo\/pt-pt\/about-ipim\/temporary-residency\/legislation\/investment-residency\/#breadcrumb","itemListElement":[{"@type":"ListItem","position":1,"name":"Home","item":"https:\/\/www.ipim.gov.mo\/pt-pt\/"},{"@type":"ListItem","position":2,"name":"Acerca do IPIM","item":"https:\/\/www.ipim.gov.mo\/pt-pt\/about-ipim\/"},{"@type":"ListItem","position":3,"name":"Resid\u00eancia Tempor\u00e1ria","item":"https:\/\/www.ipim.gov.mo\/pt-pt\/about-ipim\/temporary-residency\/"},{"@type":"ListItem","position":4,"name":"Legisla\u00e7\u00e3o","item":"https:\/\/www.ipim.gov.mo\/pt-pt\/about-ipim\/temporary-residency\/legislation\/"},{"@type":"ListItem","position":5,"name":"Legisla\u00e7\u00e3o sobre pedidos de resid\u00eancia tempor\u00e1ria"}]},{"@type":"WebSite","@id":"https:\/\/www.ipim.gov.mo\/zh-hans\/#website","url":"https:\/\/www.ipim.gov.mo\/zh-hans\/","name":"Commerce and Investment Promotion Institute","description":"Commerce and Investment Promotion Institute","publisher":{"@id":"https:\/\/www.ipim.gov.mo\/zh-hans\/#organization"},"potentialAction":[{"@type":"SearchAction","target":{"@type":"EntryPoint","urlTemplate":"https:\/\/www.ipim.gov.mo\/zh-hans\/?s={search_term_string}"},"query-input":{"@type":"PropertyValueSpecification","valueRequired":true,"valueName":"search_term_string"}}],"inLanguage":"pt-PT"},{"@type":"Organization","@id":"https:\/\/www.ipim.gov.mo\/zh-hans\/#organization","name":"IPIM","url":"https:\/\/www.ipim.gov.mo\/zh-hans\/","logo":{"@type":"ImageObject","inLanguage":"pt-PT","@id":"https:\/\/www.ipim.gov.mo\/zh-hans\/#\/schema\/logo\/image\/","url":"https:\/\/www.ipim.gov.mo\/wp-content\/uploads\/2022\/10\/default-post-thumbnail-ipim-logo.png","contentUrl":"https:\/\/www.ipim.gov.mo\/wp-content\/uploads\/2022\/10\/default-post-thumbnail-ipim-logo.png","width":1024,"height":768,"caption":"IPIM"},"image":{"@id":"https:\/\/www.ipim.gov.mo\/zh-hans\/#\/schema\/logo\/image\/"}}]}},"coauthors":[],"author_meta":{"author_link":"https:\/\/www.ipim.gov.mo\/pt-pt\/author\/ipimcontent\/","display_name":"ipimcontent"},"relative_dates":{"created":"Posted 7 years ago","modified":"Updated 2 years ago"},"absolute_dates":{"created":"Posted on Abril 9, 2019","modified":"Updated on Fevereiro 21, 2024"},"absolute_dates_time":{"created":"Posted on Abril 9, 2019 4:51 pm","modified":"Updated on Fevereiro 21, 2024 5:05 pm"},"featured_img_caption":"","featured_img":"https:\/\/www.ipim.gov.mo\/wp-content\/uploads\/2024\/07\/ipim-post-default.jpg","series_order":"","_links":{"self":[{"href":"https:\/\/www.ipim.gov.mo\/pt-pt\/wp-json\/wp\/v2\/pages\/260951","targetHints":{"allow":["GET"]}}],"collection":[{"href":"https:\/\/www.ipim.gov.mo\/pt-pt\/wp-json\/wp\/v2\/pages"}],"about":[{"href":"https:\/\/www.ipim.gov.mo\/pt-pt\/wp-json\/wp\/v2\/types\/page"}],"author":[{"embeddable":true,"href":"https:\/\/www.ipim.gov.mo\/pt-pt\/wp-json\/wp\/v2\/users\/56439"}],"replies":[{"embeddable":true,"href":"https:\/\/www.ipim.gov.mo\/pt-pt\/wp-json\/wp\/v2\/comments?post=260951"}],"version-history":[{"count":0,"href":"https:\/\/www.ipim.gov.mo\/pt-pt\/wp-json\/wp\/v2\/pages\/260951\/revisions"}],"up":[{"embeddable":true,"href":"https:\/\/www.ipim.gov.mo\/pt-pt\/wp-json\/wp\/v2\/pages\/260939"}],"wp:featuredmedia":[{"embeddable":true,"href":"https:\/\/www.ipim.gov.mo\/pt-pt\/wp-json\/wp\/v2\/media\/467868"}],"wp:attachment":[{"href":"https:\/\/www.ipim.gov.mo\/pt-pt\/wp-json\/wp\/v2\/media?parent=260951"}],"curies":[{"name":"wp","href":"https:\/\/api.w.org\/{rel}","templated":true}]}}