{"id":260863,"date":"2019-04-04T17:06:48","date_gmt":"2019-04-04T09:06:48","guid":{"rendered":"https:\/\/www.ipim.gov.mo\/pt-pt\/investment-residency-test\/temporary-residence-permit-application\/application-procedures-and-guidelines\/target-user\/eligibility\/"},"modified":"2023-06-29T11:39:57","modified_gmt":"2023-06-29T03:39:57","slug":"eligibility","status":"publish","type":"page","link":"https:\/\/www.ipim.gov.mo\/pt-pt\/about-ipim\/temporary-residency\/temporary-residence-permit-application\/application-procedures-and-guidelines\/target-user\/eligibility\/","title":{"rendered":"Indiv\u00edduos que re\u00fanam requisitos para submeter o pedido"},"content":{"rendered":"<h2>1. Autoriza\u00e7\u00e3o de fixa\u00e7\u00e3o de resid\u00eancia tempor\u00e1ria por \u201cInvestimentos Relevantes\/Projectos de Investimento Relevantes\u201d<\/h2>\n<ul>(1) Consulte o conte\u00fado do n\u00famero 2.1 do presente guia;<\/ul>\n<ul>(2) Titular de documento de viagem v\u00e1lido, podendo entrar, sair ou permanecer legalmente na RAEM;<\/ul>\n<ul>(3) Autoriza\u00e7\u00e3o de realiza\u00e7\u00e3o de investimentos na RAEM;<\/ul>\n<ul>(4) Maior de 18 anos de idade com capacidade de exerc\u00edcio.<\/ul>\n<p>&nbsp;<\/p>\n<h2>2. Autoriza\u00e7\u00e3o de fixa\u00e7\u00e3o de resid\u00eancia tempor\u00e1ria por \u201cQuadros dirigentes\/t\u00e9cnicos especializados\u201d (limita-se apenas aos pedidos de renova\u00e7\u00e3o e de extens\u00e3o aos membros do agregado familiar)<\/h2>\n<p>Nos termos do artigo 32.\u00ba e do artigo 38.\u00ba da Lei n.\u00ba 7\/2023, a partir de 1 de Julho de 2023, revoga-se o disposto no n.\u00ba 3 do artigo 1.\u00ba do Regulamento Administrativo n.\u00ba 3\/2005, relativamente aos pedidos iniciais de autoriza\u00e7\u00e3o de resid\u00eancia tempor\u00e1ria tendo como fundamento \u201cQuadros dirigentes\/t\u00e9cnicos especializados\u201d.<\/p>\n<p>Neste momento, aceitam-se apenas os pedidos de renova\u00e7\u00e3o da autoriza\u00e7\u00e3o de resid\u00eancia tempor\u00e1ria para \u201cQuadros dirigentes\/t\u00e9cnicos especializados\u201d que tenha sido concedida \u00e0 data de entrada em vigor da Lei n.\u00b0 7\/2023, assim como os pedidos de extens\u00e3o de autoriza\u00e7\u00e3o de resid\u00eancia tempor\u00e1ria para os membros do agregado familiar, apresentados pelos requerentes aprovados.<\/p>\n<p>&nbsp;<\/p>\n<h2>3. Autoriza\u00e7\u00e3o de fixa\u00e7\u00e3o de resid\u00eancia tempor\u00e1ria por aquisi\u00e7\u00e3o de im\u00f3veis (limita-se apenas aos pedidos de renova\u00e7\u00e3o e extens\u00e3o)<\/h2>\n<p>De acordo com os artigos 1\u00ba e 2\u00ba do Regulamento Administrativo n.\u00ba 7\/2007, a partir de 4 de Abril de 2007, foi suspensa a efic\u00e1cia do artigo 1.\u00ba, n\u00famero 4), do Regulamento Administrativo, relativamente aos novos requerimentos com aquisi\u00e7\u00e3o de im\u00f3veis para efeitos de fixa\u00e7\u00e3o de resid\u00eancia tempor\u00e1ria.<\/p>\n<p>Neste momento, aceitam-se apenas os pedidos de renova\u00e7\u00e3o da autoriza\u00e7\u00e3o de resid\u00eancia tempor\u00e1ria por aquisi\u00e7\u00e3o de im\u00f3veis que tenha sido concedida \u00e0 data de entrada em vigor do Regulamento Administrativo n.\u00b0 7\/2007, assim como os pedidos de extens\u00e3o de autoriza\u00e7\u00e3o de resid\u00eancia tempor\u00e1ria para os membros do agregado familiar, apresentados pelos requerentes aprovados.<\/p>\n","protected":false},"excerpt":{"rendered":"<p>1. Autoriza\u00e7\u00e3o de fixa\u00e7\u00e3o de resid\u00eancia tempor\u00e1ria por \u201cInvestimentos Relevantes\/Projectos de Investimento Relevantes\u201d (1) Consulte o conte\u00fado do n\u00famero 2.1 do presente guia; (2) Titular [&hellip;]<\/p>\n","protected":false},"author":56439,"featured_media":467868,"parent":260845,"menu_order":3,"comment_status":"closed","ping_status":"closed","template":"","meta":{"_acf_changed":false,"inline_featured_image":false,"advgb_blocks_editor_width":"","advgb_blocks_columns_visual_guide":"","footnotes":""},"class_list":["post-260863","page","type-page","status-publish","has-post-thumbnail","hentry"],"acf":[],"yoast_head":"<!-- This site is optimized with the Yoast SEO plugin v26.2 - https:\/\/yoast.com\/wordpress\/plugins\/seo\/ -->\r\n<title>Indiv\u00edduos que re\u00fanam requisitos para submeter o pedido | Commerce and Investment Promotion Institute<\/title>\r\n<meta name=\"robots\" content=\"index, follow, max-snippet:-1, max-image-preview:large, max-video-preview:-1\" \/>\r\n<link rel=\"canonical\" href=\"https:\/\/www.ipim.gov.mo\/pt-pt\/about-ipim\/temporary-residency\/temporary-residence-permit-application\/application-procedures-and-guidelines\/target-user\/eligibility\/\" \/>\r\n<meta property=\"og:locale\" content=\"pt_PT\" \/>\r\n<meta property=\"og:type\" content=\"article\" \/>\r\n<meta property=\"og:title\" content=\"Indiv\u00edduos que re\u00fanam requisitos para submeter o pedido | Commerce and Investment Promotion Institute\" \/>\r\n<meta property=\"og:description\" content=\"1. Autoriza\u00e7\u00e3o de fixa\u00e7\u00e3o de resid\u00eancia tempor\u00e1ria por \u201cInvestimentos Relevantes\/Projectos de Investimento Relevantes\u201d (1) Consulte o conte\u00fado do n\u00famero 2.1 do presente guia; (2) Titular [&hellip;]\" \/>\r\n<meta property=\"og:url\" content=\"https:\/\/www.ipim.gov.mo\/pt-pt\/about-ipim\/temporary-residency\/temporary-residence-permit-application\/application-procedures-and-guidelines\/target-user\/eligibility\/\" \/>\r\n<meta property=\"og:site_name\" content=\"Commerce and Investment Promotion Institute\" \/>\r\n<meta property=\"article:modified_time\" content=\"2023-06-29T03:39:57+00:00\" \/>\r\n<meta property=\"og:image\" content=\"https:\/\/www.ipim.gov.mo\/wp-content\/uploads\/2024\/07\/ipim-post-default.jpg\" \/>\r\n\t<meta property=\"og:image:width\" content=\"1024\" \/>\r\n\t<meta property=\"og:image:height\" content=\"768\" \/>\r\n\t<meta property=\"og:image:type\" content=\"image\/jpeg\" \/>\r\n<meta name=\"twitter:card\" content=\"summary_large_image\" \/>\r\n<meta name=\"twitter:label1\" content=\"Est. reading time\" \/>\n\t<meta name=\"twitter:data1\" content=\"2 minutes\" \/>\r\n<script type=\"application\/ld+json\" class=\"yoast-schema-graph\">{\"@context\":\"https:\/\/schema.org\",\"@graph\":[{\"@type\":\"WebPage\",\"@id\":\"https:\/\/www.ipim.gov.mo\/pt-pt\/about-ipim\/temporary-residency\/temporary-residence-permit-application\/application-procedures-and-guidelines\/target-user\/eligibility\/\",\"url\":\"https:\/\/www.ipim.gov.mo\/pt-pt\/about-ipim\/temporary-residency\/temporary-residence-permit-application\/application-procedures-and-guidelines\/target-user\/eligibility\/\",\"name\":\"Indiv\u00edduos que re\u00fanam requisitos para submeter o pedido | Commerce and Investment Promotion Institute\",\"isPartOf\":{\"@id\":\"https:\/\/www.ipim.gov.mo\/zh-hans\/#website\"},\"primaryImageOfPage\":{\"@id\":\"https:\/\/www.ipim.gov.mo\/pt-pt\/about-ipim\/temporary-residency\/temporary-residence-permit-application\/application-procedures-and-guidelines\/target-user\/eligibility\/#primaryimage\"},\"image\":{\"@id\":\"https:\/\/www.ipim.gov.mo\/pt-pt\/about-ipim\/temporary-residency\/temporary-residence-permit-application\/application-procedures-and-guidelines\/target-user\/eligibility\/#primaryimage\"},\"thumbnailUrl\":\"https:\/\/www.ipim.gov.mo\/wp-content\/uploads\/2024\/07\/ipim-post-default.jpg\",\"datePublished\":\"2019-04-04T09:06:48+00:00\",\"dateModified\":\"2023-06-29T03:39:57+00:00\",\"breadcrumb\":{\"@id\":\"https:\/\/www.ipim.gov.mo\/pt-pt\/about-ipim\/temporary-residency\/temporary-residence-permit-application\/application-procedures-and-guidelines\/target-user\/eligibility\/#breadcrumb\"},\"inLanguage\":\"pt-PT\",\"potentialAction\":[{\"@type\":\"ReadAction\",\"target\":[\"https:\/\/www.ipim.gov.mo\/pt-pt\/about-ipim\/temporary-residency\/temporary-residence-permit-application\/application-procedures-and-guidelines\/target-user\/eligibility\/\"]}]},{\"@type\":\"ImageObject\",\"inLanguage\":\"pt-PT\",\"@id\":\"https:\/\/www.ipim.gov.mo\/pt-pt\/about-ipim\/temporary-residency\/temporary-residence-permit-application\/application-procedures-and-guidelines\/target-user\/eligibility\/#primaryimage\",\"url\":\"https:\/\/www.ipim.gov.mo\/wp-content\/uploads\/2024\/07\/ipim-post-default.jpg\",\"contentUrl\":\"https:\/\/www.ipim.gov.mo\/wp-content\/uploads\/2024\/07\/ipim-post-default.jpg\",\"width\":1024,\"height\":768},{\"@type\":\"BreadcrumbList\",\"@id\":\"https:\/\/www.ipim.gov.mo\/pt-pt\/about-ipim\/temporary-residency\/temporary-residence-permit-application\/application-procedures-and-guidelines\/target-user\/eligibility\/#breadcrumb\",\"itemListElement\":[{\"@type\":\"ListItem\",\"position\":1,\"name\":\"Home\",\"item\":\"https:\/\/www.ipim.gov.mo\/pt-pt\/\"},{\"@type\":\"ListItem\",\"position\":2,\"name\":\"Acerca do IPIM\",\"item\":\"https:\/\/www.ipim.gov.mo\/pt-pt\/about-ipim\/\"},{\"@type\":\"ListItem\",\"position\":3,\"name\":\"Resid\u00eancia Tempor\u00e1ria\",\"item\":\"https:\/\/www.ipim.gov.mo\/pt-pt\/about-ipim\/temporary-residency\/\"},{\"@type\":\"ListItem\",\"position\":4,\"name\":\"Pedido de autoriza\u00e7\u00e3o de fixa\u00e7\u00e3o de resid\u00eancia tempor\u00e1ria\",\"item\":\"https:\/\/www.ipim.gov.mo\/pt-pt\/about-ipim\/temporary-residency\/temporary-residence-permit-application\/\"},{\"@type\":\"ListItem\",\"position\":5,\"name\":\"Procedimentos e orienta\u00e7\u00f5es sobre os pedidos\",\"item\":\"https:\/\/www.ipim.gov.mo\/pt-pt\/about-ipim\/temporary-residency\/temporary-residence-permit-application\/application-procedures-and-guidelines\/\"},{\"@type\":\"ListItem\",\"position\":6,\"name\":\"Destinat\u00e1rios\",\"item\":\"https:\/\/www.ipim.gov.mo\/pt-pt\/about-ipim\/temporary-residency\/temporary-residence-permit-application\/application-procedures-and-guidelines\/target-user\/\"},{\"@type\":\"ListItem\",\"position\":7,\"name\":\"Indiv\u00edduos que re\u00fanam requisitos para submeter o pedido\"}]},{\"@type\":\"WebSite\",\"@id\":\"https:\/\/www.ipim.gov.mo\/zh-hans\/#website\",\"url\":\"https:\/\/www.ipim.gov.mo\/zh-hans\/\",\"name\":\"Commerce and Investment Promotion Institute\",\"description\":\"Commerce and Investment Promotion Institute\",\"publisher\":{\"@id\":\"https:\/\/www.ipim.gov.mo\/zh-hans\/#organization\"},\"potentialAction\":[{\"@type\":\"SearchAction\",\"target\":{\"@type\":\"EntryPoint\",\"urlTemplate\":\"https:\/\/www.ipim.gov.mo\/zh-hans\/?s={search_term_string}\"},\"query-input\":{\"@type\":\"PropertyValueSpecification\",\"valueRequired\":true,\"valueName\":\"search_term_string\"}}],\"inLanguage\":\"pt-PT\"},{\"@type\":\"Organization\",\"@id\":\"https:\/\/www.ipim.gov.mo\/zh-hans\/#organization\",\"name\":\"IPIM\",\"url\":\"https:\/\/www.ipim.gov.mo\/zh-hans\/\",\"logo\":{\"@type\":\"ImageObject\",\"inLanguage\":\"pt-PT\",\"@id\":\"https:\/\/www.ipim.gov.mo\/zh-hans\/#\/schema\/logo\/image\/\",\"url\":\"https:\/\/www.ipim.gov.mo\/wp-content\/uploads\/2022\/10\/default-post-thumbnail-ipim-logo.png\",\"contentUrl\":\"https:\/\/www.ipim.gov.mo\/wp-content\/uploads\/2022\/10\/default-post-thumbnail-ipim-logo.png\",\"width\":1024,\"height\":768,\"caption\":\"IPIM\"},\"image\":{\"@id\":\"https:\/\/www.ipim.gov.mo\/zh-hans\/#\/schema\/logo\/image\/\"}}]}<\/script>\r\n<!-- \/ Yoast SEO plugin. -->","yoast_head_json":{"title":"Indiv\u00edduos que re\u00fanam requisitos para submeter o pedido | Commerce and Investment Promotion Institute","robots":{"index":"index","follow":"follow","max-snippet":"max-snippet:-1","max-image-preview":"max-image-preview:large","max-video-preview":"max-video-preview:-1"},"canonical":"https:\/\/www.ipim.gov.mo\/pt-pt\/about-ipim\/temporary-residency\/temporary-residence-permit-application\/application-procedures-and-guidelines\/target-user\/eligibility\/","og_locale":"pt_PT","og_type":"article","og_title":"Indiv\u00edduos que re\u00fanam requisitos para submeter o pedido | Commerce and Investment Promotion Institute","og_description":"1. Autoriza\u00e7\u00e3o de fixa\u00e7\u00e3o de resid\u00eancia tempor\u00e1ria por \u201cInvestimentos Relevantes\/Projectos de Investimento Relevantes\u201d (1) Consulte o conte\u00fado do n\u00famero 2.1 do presente guia; (2) Titular [&hellip;]","og_url":"https:\/\/www.ipim.gov.mo\/pt-pt\/about-ipim\/temporary-residency\/temporary-residence-permit-application\/application-procedures-and-guidelines\/target-user\/eligibility\/","og_site_name":"Commerce and Investment Promotion Institute","article_modified_time":"2023-06-29T03:39:57+00:00","og_image":[{"width":1024,"height":768,"url":"https:\/\/www.ipim.gov.mo\/wp-content\/uploads\/2024\/07\/ipim-post-default.jpg","type":"image\/jpeg"}],"twitter_card":"summary_large_image","twitter_misc":{"Est. reading time":"2 minutes"},"schema":{"@context":"https:\/\/schema.org","@graph":[{"@type":"WebPage","@id":"https:\/\/www.ipim.gov.mo\/pt-pt\/about-ipim\/temporary-residency\/temporary-residence-permit-application\/application-procedures-and-guidelines\/target-user\/eligibility\/","url":"https:\/\/www.ipim.gov.mo\/pt-pt\/about-ipim\/temporary-residency\/temporary-residence-permit-application\/application-procedures-and-guidelines\/target-user\/eligibility\/","name":"Indiv\u00edduos que re\u00fanam requisitos para submeter o pedido | Commerce and Investment Promotion Institute","isPartOf":{"@id":"https:\/\/www.ipim.gov.mo\/zh-hans\/#website"},"primaryImageOfPage":{"@id":"https:\/\/www.ipim.gov.mo\/pt-pt\/about-ipim\/temporary-residency\/temporary-residence-permit-application\/application-procedures-and-guidelines\/target-user\/eligibility\/#primaryimage"},"image":{"@id":"https:\/\/www.ipim.gov.mo\/pt-pt\/about-ipim\/temporary-residency\/temporary-residence-permit-application\/application-procedures-and-guidelines\/target-user\/eligibility\/#primaryimage"},"thumbnailUrl":"https:\/\/www.ipim.gov.mo\/wp-content\/uploads\/2024\/07\/ipim-post-default.jpg","datePublished":"2019-04-04T09:06:48+00:00","dateModified":"2023-06-29T03:39:57+00:00","breadcrumb":{"@id":"https:\/\/www.ipim.gov.mo\/pt-pt\/about-ipim\/temporary-residency\/temporary-residence-permit-application\/application-procedures-and-guidelines\/target-user\/eligibility\/#breadcrumb"},"inLanguage":"pt-PT","potentialAction":[{"@type":"ReadAction","target":["https:\/\/www.ipim.gov.mo\/pt-pt\/about-ipim\/temporary-residency\/temporary-residence-permit-application\/application-procedures-and-guidelines\/target-user\/eligibility\/"]}]},{"@type":"ImageObject","inLanguage":"pt-PT","@id":"https:\/\/www.ipim.gov.mo\/pt-pt\/about-ipim\/temporary-residency\/temporary-residence-permit-application\/application-procedures-and-guidelines\/target-user\/eligibility\/#primaryimage","url":"https:\/\/www.ipim.gov.mo\/wp-content\/uploads\/2024\/07\/ipim-post-default.jpg","contentUrl":"https:\/\/www.ipim.gov.mo\/wp-content\/uploads\/2024\/07\/ipim-post-default.jpg","width":1024,"height":768},{"@type":"BreadcrumbList","@id":"https:\/\/www.ipim.gov.mo\/pt-pt\/about-ipim\/temporary-residency\/temporary-residence-permit-application\/application-procedures-and-guidelines\/target-user\/eligibility\/#breadcrumb","itemListElement":[{"@type":"ListItem","position":1,"name":"Home","item":"https:\/\/www.ipim.gov.mo\/pt-pt\/"},{"@type":"ListItem","position":2,"name":"Acerca do IPIM","item":"https:\/\/www.ipim.gov.mo\/pt-pt\/about-ipim\/"},{"@type":"ListItem","position":3,"name":"Resid\u00eancia Tempor\u00e1ria","item":"https:\/\/www.ipim.gov.mo\/pt-pt\/about-ipim\/temporary-residency\/"},{"@type":"ListItem","position":4,"name":"Pedido de autoriza\u00e7\u00e3o de fixa\u00e7\u00e3o de resid\u00eancia tempor\u00e1ria","item":"https:\/\/www.ipim.gov.mo\/pt-pt\/about-ipim\/temporary-residency\/temporary-residence-permit-application\/"},{"@type":"ListItem","position":5,"name":"Procedimentos e orienta\u00e7\u00f5es sobre os pedidos","item":"https:\/\/www.ipim.gov.mo\/pt-pt\/about-ipim\/temporary-residency\/temporary-residence-permit-application\/application-procedures-and-guidelines\/"},{"@type":"ListItem","position":6,"name":"Destinat\u00e1rios","item":"https:\/\/www.ipim.gov.mo\/pt-pt\/about-ipim\/temporary-residency\/temporary-residence-permit-application\/application-procedures-and-guidelines\/target-user\/"},{"@type":"ListItem","position":7,"name":"Indiv\u00edduos que re\u00fanam requisitos para submeter o pedido"}]},{"@type":"WebSite","@id":"https:\/\/www.ipim.gov.mo\/zh-hans\/#website","url":"https:\/\/www.ipim.gov.mo\/zh-hans\/","name":"Commerce and Investment Promotion Institute","description":"Commerce and Investment Promotion Institute","publisher":{"@id":"https:\/\/www.ipim.gov.mo\/zh-hans\/#organization"},"potentialAction":[{"@type":"SearchAction","target":{"@type":"EntryPoint","urlTemplate":"https:\/\/www.ipim.gov.mo\/zh-hans\/?s={search_term_string}"},"query-input":{"@type":"PropertyValueSpecification","valueRequired":true,"valueName":"search_term_string"}}],"inLanguage":"pt-PT"},{"@type":"Organization","@id":"https:\/\/www.ipim.gov.mo\/zh-hans\/#organization","name":"IPIM","url":"https:\/\/www.ipim.gov.mo\/zh-hans\/","logo":{"@type":"ImageObject","inLanguage":"pt-PT","@id":"https:\/\/www.ipim.gov.mo\/zh-hans\/#\/schema\/logo\/image\/","url":"https:\/\/www.ipim.gov.mo\/wp-content\/uploads\/2022\/10\/default-post-thumbnail-ipim-logo.png","contentUrl":"https:\/\/www.ipim.gov.mo\/wp-content\/uploads\/2022\/10\/default-post-thumbnail-ipim-logo.png","width":1024,"height":768,"caption":"IPIM"},"image":{"@id":"https:\/\/www.ipim.gov.mo\/zh-hans\/#\/schema\/logo\/image\/"}}]}},"coauthors":[],"author_meta":{"author_link":"https:\/\/www.ipim.gov.mo\/pt-pt\/author\/ipimcontent\/","display_name":"ipimcontent"},"relative_dates":{"created":"Posted 7 years ago","modified":"Updated 3 years ago"},"absolute_dates":{"created":"Posted on Abril 4, 2019","modified":"Updated on Junho 29, 2023"},"absolute_dates_time":{"created":"Posted on Abril 4, 2019 5:06 pm","modified":"Updated on Junho 29, 2023 11:39 am"},"featured_img_caption":"","featured_img":"https:\/\/www.ipim.gov.mo\/wp-content\/uploads\/2024\/07\/ipim-post-default.jpg","series_order":"","_links":{"self":[{"href":"https:\/\/www.ipim.gov.mo\/pt-pt\/wp-json\/wp\/v2\/pages\/260863","targetHints":{"allow":["GET"]}}],"collection":[{"href":"https:\/\/www.ipim.gov.mo\/pt-pt\/wp-json\/wp\/v2\/pages"}],"about":[{"href":"https:\/\/www.ipim.gov.mo\/pt-pt\/wp-json\/wp\/v2\/types\/page"}],"author":[{"embeddable":true,"href":"https:\/\/www.ipim.gov.mo\/pt-pt\/wp-json\/wp\/v2\/users\/56439"}],"replies":[{"embeddable":true,"href":"https:\/\/www.ipim.gov.mo\/pt-pt\/wp-json\/wp\/v2\/comments?post=260863"}],"version-history":[{"count":0,"href":"https:\/\/www.ipim.gov.mo\/pt-pt\/wp-json\/wp\/v2\/pages\/260863\/revisions"}],"up":[{"embeddable":true,"href":"https:\/\/www.ipim.gov.mo\/pt-pt\/wp-json\/wp\/v2\/pages\/260845"}],"wp:featuredmedia":[{"embeddable":true,"href":"https:\/\/www.ipim.gov.mo\/pt-pt\/wp-json\/wp\/v2\/media\/467868"}],"wp:attachment":[{"href":"https:\/\/www.ipim.gov.mo\/pt-pt\/wp-json\/wp\/v2\/media?parent=260863"}],"curies":[{"name":"wp","href":"https:\/\/api.w.org\/{rel}","templated":true}]}}