{"id":260839,"date":"2019-04-04T16:56:24","date_gmt":"2019-04-04T08:56:24","guid":{"rendered":"https:\/\/www.ipim.gov.mo\/pt-pt\/investment-residency-test\/temporary-residence-permit-application\/application-procedures-and-guidelines\/introduction\/"},"modified":"2025-07-11T10:35:06","modified_gmt":"2025-07-11T02:35:06","slug":"introduction","status":"publish","type":"page","link":"https:\/\/www.ipim.gov.mo\/pt-pt\/about-ipim\/temporary-residency\/temporary-residence-permit-application\/application-procedures-and-guidelines\/introduction\/","title":{"rendered":"Apresenta\u00e7\u00e3o relativas \u00e0s orienta\u00e7\u00f5es dos pedidos"},"content":{"rendered":"<p>O presente \u201cGuia de orienta\u00e7\u00f5es\u201d visa fornecer materiais de refer\u00eancia para os indiv\u00edduos interessados em submeter pedido de fixa\u00e7\u00e3o de resid\u00eancia tempor\u00e1ria na Regi\u00e3o Administrativa Especial de Macau (doravante designado por RAEM) ao abrigo do Regulamento Administrativo n.\u00ba 3\/2005 &#8211; Regime de fixa\u00e7\u00e3o de resid\u00eancia tempor\u00e1ria de investidores, quadros dirigentes e t\u00e9cnicos especializados<a href=\"#_ftn1\" name=\"_ftnref1\">[1]<\/a> (doravante designado por Regulamento Administrativo). As seguintes informa\u00e7\u00f5es servem apenas como refer\u00eancia, reservando-se ao Instituto de Promo\u00e7\u00e3o do Com\u00e9rcio e do Investimento (doravante designado por \u201ceste Instituto\u201d) o direito de, a qualquer momento, alterar o \u201cGuia de orienta\u00e7\u00f5es\u201d sem aviso pr\u00e9vio. A vers\u00e3o mais actualizada deste \u201cGuia de orienta\u00e7\u00f5es\u201d pode ser encontrada na nossa p\u00e1gina electr\u00f3nica www.ipim.gov.mo.<\/p>\n<p>O presente guia abrange as disposi\u00e7\u00f5es legais e regulamentos, os crit\u00e9rios de aprecia\u00e7\u00e3o relativamente aos pedidos iniciais, de renova\u00e7\u00e3o e de extens\u00e3o para a fixa\u00e7\u00e3o de resid\u00eancia tempor\u00e1ria por \u201cInvestimentos Relevantes\/Projectos de Investimento Relevantes\u201d, incluindo ainda os pedidos de renova\u00e7\u00e3o e de extens\u00e3o relativos \u00e0 fixa\u00e7\u00e3o de resid\u00eancia tempor\u00e1ria na qualidade de \u201cQuadros dirigentes\/t\u00e9cnicos especializados\u201d e por aquisi\u00e7\u00e3o de im\u00f3veis; mais, visa indicar com pormenor os modos de apresenta\u00e7\u00e3o dos pedidos, os documentos necess\u00e1rios e os aspectos relevantes para os diversos tipos de pedido de fixa\u00e7\u00e3o de resid\u00eancia tempor\u00e1ria, explicando aos requerentes, de forma clara, os procedimentos aquando da apresenta\u00e7\u00e3o do pedido na RAEM ao abrigo do Regulamento Administrativo.<\/p>\n<p><a href=\"#_ftnref1\" name=\"_ftn1\"><\/a><\/p>\n<hr \/>\n<p><small><sup>1<\/sup>De acordo com os artigos 1.\u00ba e 2.\u00ba do Regulamento Administrativo n.\u00ba 7\/2007, a partir de 4 de Abril de 2007, foi suspensa a efic\u00e1cia do artigo 1.\u00ba, n\u00famero 4) do Regulamento Administrativo n.\u00b0 3\/2005, relativamente aos novos requerimentos com aquisi\u00e7\u00e3o de im\u00f3veis para efeitos de fixa\u00e7\u00e3o de resid\u00eancia tempor\u00e1ria, no entanto, esta suspens\u00e3o n\u00e3o se aplica \u00e0s renova\u00e7\u00f5es de autoriza\u00e7\u00e3o de resid\u00eancia tempor\u00e1ria, aos pedidos de extens\u00e3o da autoriza\u00e7\u00e3o de resid\u00eancia tempor\u00e1ria para os membros do agregado familiar, apresentados pelos requerentes aos quais tenha sido concedida a autoriza\u00e7\u00e3o de resid\u00eancia tempor\u00e1ria, e aos pedidos j\u00e1 apresentados a \u201ceste Instituto\u201d (IPIM) \u00e0 data de entrada em vigor do Regulamento Administrativo. Nos termos do artigo 32.\u00ba e do artigo 38.\u00ba da Lei n.\u00ba 7\/2023, a partir de 1 de Julho de 2023, revoga-se o disposto no n.\u00ba 3 do artigo 1.\u00ba do Regulamento Administrativo n.\u00b0 3\/2005, relativamente aos pedidos iniciais de autoriza\u00e7\u00e3o de resid\u00eancia tempor\u00e1ria tendo como fundamento \u201cQuadros dirigentes\/t\u00e9cnicos especializados\u201d, sem preju\u00edzo da manuten\u00e7\u00e3o e renova\u00e7\u00e3o dessas autoriza\u00e7\u00f5es de resid\u00eancia tempor\u00e1ria concedidas dos pedidos de extens\u00e3o para os membros do agregado familiar, apresentados pelos requerentes aos quais tenha sido concedida a autoriza\u00e7\u00e3o de resid\u00eancia tempor\u00e1ria, bem como dos pedidos j\u00e1 apresentados a \u201ceste Instituto\u201d \u00e0 data de entrada em vigor do novo Regulamento Administrativo.<\/small><\/p>\n","protected":false},"excerpt":{"rendered":"<p>O presente \u201cGuia de orienta\u00e7\u00f5es\u201d visa fornecer materiais de refer\u00eancia para os indiv\u00edduos interessados em submeter pedido de fixa\u00e7\u00e3o de resid\u00eancia tempor\u00e1ria na Regi\u00e3o Administrativa [&hellip;]<\/p>\n","protected":false},"author":56439,"featured_media":467868,"parent":260818,"menu_order":3,"comment_status":"closed","ping_status":"closed","template":"","meta":{"_acf_changed":false,"inline_featured_image":false,"advgb_blocks_editor_width":"","advgb_blocks_columns_visual_guide":"","footnotes":""},"class_list":["post-260839","page","type-page","status-publish","has-post-thumbnail","hentry"],"acf":[],"yoast_head":"<!-- This site is optimized with the Yoast SEO plugin v26.2 - https:\/\/yoast.com\/wordpress\/plugins\/seo\/ -->\r\n<title>Apresenta\u00e7\u00e3o relativas \u00e0s orienta\u00e7\u00f5es dos pedidos | Commerce and Investment Promotion Institute<\/title>\r\n<meta name=\"robots\" content=\"index, follow, max-snippet:-1, max-image-preview:large, max-video-preview:-1\" \/>\r\n<link rel=\"canonical\" href=\"https:\/\/www.ipim.gov.mo\/pt-pt\/about-ipim\/temporary-residency\/temporary-residence-permit-application\/application-procedures-and-guidelines\/introduction\/\" \/>\r\n<meta property=\"og:locale\" content=\"pt_PT\" \/>\r\n<meta property=\"og:type\" content=\"article\" \/>\r\n<meta property=\"og:title\" content=\"Apresenta\u00e7\u00e3o relativas \u00e0s orienta\u00e7\u00f5es dos pedidos | Commerce and Investment Promotion Institute\" \/>\r\n<meta property=\"og:description\" content=\"O presente \u201cGuia de orienta\u00e7\u00f5es\u201d visa fornecer materiais de refer\u00eancia para os indiv\u00edduos interessados em submeter pedido de fixa\u00e7\u00e3o de resid\u00eancia tempor\u00e1ria na Regi\u00e3o Administrativa [&hellip;]\" \/>\r\n<meta property=\"og:url\" content=\"https:\/\/www.ipim.gov.mo\/pt-pt\/about-ipim\/temporary-residency\/temporary-residence-permit-application\/application-procedures-and-guidelines\/introduction\/\" \/>\r\n<meta property=\"og:site_name\" content=\"Commerce and Investment Promotion Institute\" \/>\r\n<meta property=\"article:modified_time\" content=\"2025-07-11T02:35:06+00:00\" \/>\r\n<meta property=\"og:image\" content=\"https:\/\/www.ipim.gov.mo\/wp-content\/uploads\/2024\/07\/ipim-post-default.jpg\" \/>\r\n\t<meta property=\"og:image:width\" content=\"1024\" \/>\r\n\t<meta property=\"og:image:height\" content=\"768\" \/>\r\n\t<meta property=\"og:image:type\" content=\"image\/jpeg\" \/>\r\n<meta name=\"twitter:card\" content=\"summary_large_image\" \/>\r\n<meta name=\"twitter:label1\" content=\"Est. reading time\" \/>\n\t<meta name=\"twitter:data1\" content=\"3 minutes\" \/>\r\n<script type=\"application\/ld+json\" class=\"yoast-schema-graph\">{\"@context\":\"https:\/\/schema.org\",\"@graph\":[{\"@type\":\"WebPage\",\"@id\":\"https:\/\/www.ipim.gov.mo\/pt-pt\/about-ipim\/temporary-residency\/temporary-residence-permit-application\/application-procedures-and-guidelines\/introduction\/\",\"url\":\"https:\/\/www.ipim.gov.mo\/pt-pt\/about-ipim\/temporary-residency\/temporary-residence-permit-application\/application-procedures-and-guidelines\/introduction\/\",\"name\":\"Apresenta\u00e7\u00e3o relativas \u00e0s orienta\u00e7\u00f5es dos pedidos | Commerce and Investment Promotion Institute\",\"isPartOf\":{\"@id\":\"https:\/\/www.ipim.gov.mo\/zh-hans\/#website\"},\"primaryImageOfPage\":{\"@id\":\"https:\/\/www.ipim.gov.mo\/pt-pt\/about-ipim\/temporary-residency\/temporary-residence-permit-application\/application-procedures-and-guidelines\/introduction\/#primaryimage\"},\"image\":{\"@id\":\"https:\/\/www.ipim.gov.mo\/pt-pt\/about-ipim\/temporary-residency\/temporary-residence-permit-application\/application-procedures-and-guidelines\/introduction\/#primaryimage\"},\"thumbnailUrl\":\"https:\/\/www.ipim.gov.mo\/wp-content\/uploads\/2024\/07\/ipim-post-default.jpg\",\"datePublished\":\"2019-04-04T08:56:24+00:00\",\"dateModified\":\"2025-07-11T02:35:06+00:00\",\"breadcrumb\":{\"@id\":\"https:\/\/www.ipim.gov.mo\/pt-pt\/about-ipim\/temporary-residency\/temporary-residence-permit-application\/application-procedures-and-guidelines\/introduction\/#breadcrumb\"},\"inLanguage\":\"pt-PT\",\"potentialAction\":[{\"@type\":\"ReadAction\",\"target\":[\"https:\/\/www.ipim.gov.mo\/pt-pt\/about-ipim\/temporary-residency\/temporary-residence-permit-application\/application-procedures-and-guidelines\/introduction\/\"]}]},{\"@type\":\"ImageObject\",\"inLanguage\":\"pt-PT\",\"@id\":\"https:\/\/www.ipim.gov.mo\/pt-pt\/about-ipim\/temporary-residency\/temporary-residence-permit-application\/application-procedures-and-guidelines\/introduction\/#primaryimage\",\"url\":\"https:\/\/www.ipim.gov.mo\/wp-content\/uploads\/2024\/07\/ipim-post-default.jpg\",\"contentUrl\":\"https:\/\/www.ipim.gov.mo\/wp-content\/uploads\/2024\/07\/ipim-post-default.jpg\",\"width\":1024,\"height\":768},{\"@type\":\"BreadcrumbList\",\"@id\":\"https:\/\/www.ipim.gov.mo\/pt-pt\/about-ipim\/temporary-residency\/temporary-residence-permit-application\/application-procedures-and-guidelines\/introduction\/#breadcrumb\",\"itemListElement\":[{\"@type\":\"ListItem\",\"position\":1,\"name\":\"Home\",\"item\":\"https:\/\/www.ipim.gov.mo\/pt-pt\/\"},{\"@type\":\"ListItem\",\"position\":2,\"name\":\"Acerca do IPIM\",\"item\":\"https:\/\/www.ipim.gov.mo\/pt-pt\/about-ipim\/\"},{\"@type\":\"ListItem\",\"position\":3,\"name\":\"Resid\u00eancia Tempor\u00e1ria\",\"item\":\"https:\/\/www.ipim.gov.mo\/pt-pt\/about-ipim\/temporary-residency\/\"},{\"@type\":\"ListItem\",\"position\":4,\"name\":\"Pedido de autoriza\u00e7\u00e3o de fixa\u00e7\u00e3o de resid\u00eancia tempor\u00e1ria\",\"item\":\"https:\/\/www.ipim.gov.mo\/pt-pt\/about-ipim\/temporary-residency\/temporary-residence-permit-application\/\"},{\"@type\":\"ListItem\",\"position\":5,\"name\":\"Procedimentos e orienta\u00e7\u00f5es sobre os pedidos\",\"item\":\"https:\/\/www.ipim.gov.mo\/pt-pt\/about-ipim\/temporary-residency\/temporary-residence-permit-application\/application-procedures-and-guidelines\/\"},{\"@type\":\"ListItem\",\"position\":6,\"name\":\"Apresenta\u00e7\u00e3o relativas \u00e0s orienta\u00e7\u00f5es dos pedidos\"}]},{\"@type\":\"WebSite\",\"@id\":\"https:\/\/www.ipim.gov.mo\/zh-hans\/#website\",\"url\":\"https:\/\/www.ipim.gov.mo\/zh-hans\/\",\"name\":\"Commerce and Investment Promotion Institute\",\"description\":\"Commerce and Investment Promotion Institute\",\"publisher\":{\"@id\":\"https:\/\/www.ipim.gov.mo\/zh-hans\/#organization\"},\"potentialAction\":[{\"@type\":\"SearchAction\",\"target\":{\"@type\":\"EntryPoint\",\"urlTemplate\":\"https:\/\/www.ipim.gov.mo\/zh-hans\/?s={search_term_string}\"},\"query-input\":{\"@type\":\"PropertyValueSpecification\",\"valueRequired\":true,\"valueName\":\"search_term_string\"}}],\"inLanguage\":\"pt-PT\"},{\"@type\":\"Organization\",\"@id\":\"https:\/\/www.ipim.gov.mo\/zh-hans\/#organization\",\"name\":\"IPIM\",\"url\":\"https:\/\/www.ipim.gov.mo\/zh-hans\/\",\"logo\":{\"@type\":\"ImageObject\",\"inLanguage\":\"pt-PT\",\"@id\":\"https:\/\/www.ipim.gov.mo\/zh-hans\/#\/schema\/logo\/image\/\",\"url\":\"https:\/\/www.ipim.gov.mo\/wp-content\/uploads\/2022\/10\/default-post-thumbnail-ipim-logo.png\",\"contentUrl\":\"https:\/\/www.ipim.gov.mo\/wp-content\/uploads\/2022\/10\/default-post-thumbnail-ipim-logo.png\",\"width\":1024,\"height\":768,\"caption\":\"IPIM\"},\"image\":{\"@id\":\"https:\/\/www.ipim.gov.mo\/zh-hans\/#\/schema\/logo\/image\/\"}}]}<\/script>\r\n<!-- \/ Yoast SEO plugin. -->","yoast_head_json":{"title":"Apresenta\u00e7\u00e3o relativas \u00e0s orienta\u00e7\u00f5es dos pedidos | Commerce and Investment Promotion Institute","robots":{"index":"index","follow":"follow","max-snippet":"max-snippet:-1","max-image-preview":"max-image-preview:large","max-video-preview":"max-video-preview:-1"},"canonical":"https:\/\/www.ipim.gov.mo\/pt-pt\/about-ipim\/temporary-residency\/temporary-residence-permit-application\/application-procedures-and-guidelines\/introduction\/","og_locale":"pt_PT","og_type":"article","og_title":"Apresenta\u00e7\u00e3o relativas \u00e0s orienta\u00e7\u00f5es dos pedidos | Commerce and Investment Promotion Institute","og_description":"O presente \u201cGuia de orienta\u00e7\u00f5es\u201d visa fornecer materiais de refer\u00eancia para os indiv\u00edduos interessados em submeter pedido de fixa\u00e7\u00e3o de resid\u00eancia tempor\u00e1ria na Regi\u00e3o Administrativa [&hellip;]","og_url":"https:\/\/www.ipim.gov.mo\/pt-pt\/about-ipim\/temporary-residency\/temporary-residence-permit-application\/application-procedures-and-guidelines\/introduction\/","og_site_name":"Commerce and Investment Promotion Institute","article_modified_time":"2025-07-11T02:35:06+00:00","og_image":[{"width":1024,"height":768,"url":"https:\/\/www.ipim.gov.mo\/wp-content\/uploads\/2024\/07\/ipim-post-default.jpg","type":"image\/jpeg"}],"twitter_card":"summary_large_image","twitter_misc":{"Est. reading time":"3 minutes"},"schema":{"@context":"https:\/\/schema.org","@graph":[{"@type":"WebPage","@id":"https:\/\/www.ipim.gov.mo\/pt-pt\/about-ipim\/temporary-residency\/temporary-residence-permit-application\/application-procedures-and-guidelines\/introduction\/","url":"https:\/\/www.ipim.gov.mo\/pt-pt\/about-ipim\/temporary-residency\/temporary-residence-permit-application\/application-procedures-and-guidelines\/introduction\/","name":"Apresenta\u00e7\u00e3o relativas \u00e0s orienta\u00e7\u00f5es dos pedidos | Commerce and Investment Promotion Institute","isPartOf":{"@id":"https:\/\/www.ipim.gov.mo\/zh-hans\/#website"},"primaryImageOfPage":{"@id":"https:\/\/www.ipim.gov.mo\/pt-pt\/about-ipim\/temporary-residency\/temporary-residence-permit-application\/application-procedures-and-guidelines\/introduction\/#primaryimage"},"image":{"@id":"https:\/\/www.ipim.gov.mo\/pt-pt\/about-ipim\/temporary-residency\/temporary-residence-permit-application\/application-procedures-and-guidelines\/introduction\/#primaryimage"},"thumbnailUrl":"https:\/\/www.ipim.gov.mo\/wp-content\/uploads\/2024\/07\/ipim-post-default.jpg","datePublished":"2019-04-04T08:56:24+00:00","dateModified":"2025-07-11T02:35:06+00:00","breadcrumb":{"@id":"https:\/\/www.ipim.gov.mo\/pt-pt\/about-ipim\/temporary-residency\/temporary-residence-permit-application\/application-procedures-and-guidelines\/introduction\/#breadcrumb"},"inLanguage":"pt-PT","potentialAction":[{"@type":"ReadAction","target":["https:\/\/www.ipim.gov.mo\/pt-pt\/about-ipim\/temporary-residency\/temporary-residence-permit-application\/application-procedures-and-guidelines\/introduction\/"]}]},{"@type":"ImageObject","inLanguage":"pt-PT","@id":"https:\/\/www.ipim.gov.mo\/pt-pt\/about-ipim\/temporary-residency\/temporary-residence-permit-application\/application-procedures-and-guidelines\/introduction\/#primaryimage","url":"https:\/\/www.ipim.gov.mo\/wp-content\/uploads\/2024\/07\/ipim-post-default.jpg","contentUrl":"https:\/\/www.ipim.gov.mo\/wp-content\/uploads\/2024\/07\/ipim-post-default.jpg","width":1024,"height":768},{"@type":"BreadcrumbList","@id":"https:\/\/www.ipim.gov.mo\/pt-pt\/about-ipim\/temporary-residency\/temporary-residence-permit-application\/application-procedures-and-guidelines\/introduction\/#breadcrumb","itemListElement":[{"@type":"ListItem","position":1,"name":"Home","item":"https:\/\/www.ipim.gov.mo\/pt-pt\/"},{"@type":"ListItem","position":2,"name":"Acerca do IPIM","item":"https:\/\/www.ipim.gov.mo\/pt-pt\/about-ipim\/"},{"@type":"ListItem","position":3,"name":"Resid\u00eancia Tempor\u00e1ria","item":"https:\/\/www.ipim.gov.mo\/pt-pt\/about-ipim\/temporary-residency\/"},{"@type":"ListItem","position":4,"name":"Pedido de autoriza\u00e7\u00e3o de fixa\u00e7\u00e3o de resid\u00eancia tempor\u00e1ria","item":"https:\/\/www.ipim.gov.mo\/pt-pt\/about-ipim\/temporary-residency\/temporary-residence-permit-application\/"},{"@type":"ListItem","position":5,"name":"Procedimentos e orienta\u00e7\u00f5es sobre os pedidos","item":"https:\/\/www.ipim.gov.mo\/pt-pt\/about-ipim\/temporary-residency\/temporary-residence-permit-application\/application-procedures-and-guidelines\/"},{"@type":"ListItem","position":6,"name":"Apresenta\u00e7\u00e3o relativas \u00e0s orienta\u00e7\u00f5es dos pedidos"}]},{"@type":"WebSite","@id":"https:\/\/www.ipim.gov.mo\/zh-hans\/#website","url":"https:\/\/www.ipim.gov.mo\/zh-hans\/","name":"Commerce and Investment Promotion Institute","description":"Commerce and Investment Promotion Institute","publisher":{"@id":"https:\/\/www.ipim.gov.mo\/zh-hans\/#organization"},"potentialAction":[{"@type":"SearchAction","target":{"@type":"EntryPoint","urlTemplate":"https:\/\/www.ipim.gov.mo\/zh-hans\/?s={search_term_string}"},"query-input":{"@type":"PropertyValueSpecification","valueRequired":true,"valueName":"search_term_string"}}],"inLanguage":"pt-PT"},{"@type":"Organization","@id":"https:\/\/www.ipim.gov.mo\/zh-hans\/#organization","name":"IPIM","url":"https:\/\/www.ipim.gov.mo\/zh-hans\/","logo":{"@type":"ImageObject","inLanguage":"pt-PT","@id":"https:\/\/www.ipim.gov.mo\/zh-hans\/#\/schema\/logo\/image\/","url":"https:\/\/www.ipim.gov.mo\/wp-content\/uploads\/2022\/10\/default-post-thumbnail-ipim-logo.png","contentUrl":"https:\/\/www.ipim.gov.mo\/wp-content\/uploads\/2022\/10\/default-post-thumbnail-ipim-logo.png","width":1024,"height":768,"caption":"IPIM"},"image":{"@id":"https:\/\/www.ipim.gov.mo\/zh-hans\/#\/schema\/logo\/image\/"}}]}},"coauthors":[],"author_meta":{"author_link":"https:\/\/www.ipim.gov.mo\/pt-pt\/author\/ipimcontent\/","display_name":"ipimcontent"},"relative_dates":{"created":"Posted 7 years ago","modified":"Updated 10 months ago"},"absolute_dates":{"created":"Posted on Abril 4, 2019","modified":"Updated on Julho 11, 2025"},"absolute_dates_time":{"created":"Posted on Abril 4, 2019 4:56 pm","modified":"Updated on Julho 11, 2025 10:35 am"},"featured_img_caption":"","featured_img":"https:\/\/www.ipim.gov.mo\/wp-content\/uploads\/2024\/07\/ipim-post-default.jpg","series_order":"","_links":{"self":[{"href":"https:\/\/www.ipim.gov.mo\/pt-pt\/wp-json\/wp\/v2\/pages\/260839","targetHints":{"allow":["GET"]}}],"collection":[{"href":"https:\/\/www.ipim.gov.mo\/pt-pt\/wp-json\/wp\/v2\/pages"}],"about":[{"href":"https:\/\/www.ipim.gov.mo\/pt-pt\/wp-json\/wp\/v2\/types\/page"}],"author":[{"embeddable":true,"href":"https:\/\/www.ipim.gov.mo\/pt-pt\/wp-json\/wp\/v2\/users\/56439"}],"replies":[{"embeddable":true,"href":"https:\/\/www.ipim.gov.mo\/pt-pt\/wp-json\/wp\/v2\/comments?post=260839"}],"version-history":[{"count":2,"href":"https:\/\/www.ipim.gov.mo\/pt-pt\/wp-json\/wp\/v2\/pages\/260839\/revisions"}],"predecessor-version":[{"id":495855,"href":"https:\/\/www.ipim.gov.mo\/pt-pt\/wp-json\/wp\/v2\/pages\/260839\/revisions\/495855"}],"up":[{"embeddable":true,"href":"https:\/\/www.ipim.gov.mo\/pt-pt\/wp-json\/wp\/v2\/pages\/260818"}],"wp:featuredmedia":[{"embeddable":true,"href":"https:\/\/www.ipim.gov.mo\/pt-pt\/wp-json\/wp\/v2\/media\/467868"}],"wp:attachment":[{"href":"https:\/\/www.ipim.gov.mo\/pt-pt\/wp-json\/wp\/v2\/media?parent=260839"}],"curies":[{"name":"wp","href":"https:\/\/api.w.org\/{rel}","templated":true}]}}