{"id":260811,"date":"2019-04-15T11:17:31","date_gmt":"2019-04-15T03:17:31","guid":{"rendered":"https:\/\/www.ipim.gov.mo\/pt-pt\/investment-residency-test\/temporary-residence-permit-application\/assessment-criteria\/assessment-criteria-for-renewal-and-extension-to-family-dependent\/"},"modified":"2025-07-08T21:48:04","modified_gmt":"2025-07-08T13:48:04","slug":"assessment-criteria-for-renewal-and-extension-to-family-dependent","status":"publish","type":"page","link":"https:\/\/www.ipim.gov.mo\/pt-pt\/about-ipim\/temporary-residency\/temporary-residence-permit-application\/assessment-criteria\/assessment-criteria-for-renewal-and-extension-to-family-dependent\/","title":{"rendered":"Factores de an\u00e1lise do pedido de renova\u00e7\u00e3o ou extens\u00e3o"},"content":{"rendered":"\r\n<h2 class=\"wp-block-heading\">1\u3001Se, durante o per\u00edodo de resid\u00eancia tempor\u00e1ria autorizada, ainda se encontra mantida a situa\u00e7\u00e3o juridicamente relevante que fundamentou a concess\u00e3o dessa autoriza\u00e7\u00e3o. <\/h2>\r\n\r\n\r\n\r\n<ul class=\"wp-block-list\"><li>O interessado deve manter, durante o per\u00edodo de resid\u00eancia tempor\u00e1ria autorizada, a situa\u00e7\u00e3o juridicamente relevante que fundamentou a concess\u00e3o dessa autoriza\u00e7\u00e3o. Aos pedidos relativos a \u201cQuadros Dirigentes\/T\u00e9cnicos Especializados\u201d, \u00e9 necess\u00e1rio que o interessado tenha trabalhado permanentemente em Macau; aos pedidos tendo como fundamento \u201cInvestimentos Relevantes\/Projectos de Investimento Relevantes\u201d, devem os investimentos ser implementados de acordo com o plano, tendo em conta tamb\u00e9m o n\u00famero razo\u00e1vel de funcion\u00e1rios contratados e a opera\u00e7\u00e3o cont\u00ednua de acordo com a lei (ser\u00e1 ponderado de acordo com a situa\u00e7\u00e3o real dos pedidos); aos pedidos tendo como fundamento \u201cAquisi\u00e7\u00e3o de bens im\u00f3veis\u201d, \u00e9 necess\u00e1rio que o interessado mantenha a qualidade de propriet\u00e1rio do im\u00f3vel durante o per\u00edodo de autoriza\u00e7\u00e3o, a continuidade da posse n\u00e3o inferior a 51% do capital social da empresa comercial em Macau (caso aplic\u00e1vel) ou do dep\u00f3sito a prazo (caso aplic\u00e1vel).<\/li><li>Nos termos do disposto nos n\u00fameros 3 e 4 do artigo 18.\u00ba do Regulamento Administrativo n.\u00ba 3\/2005, o interessado deve comunicar a este Instituto, por escrito, no prazo de 30 dias, caso se verifique altera\u00e7\u00e3o do estado civil ou dos fundamentos aquando da apresenta\u00e7\u00e3o do pedido ou durante o per\u00edodo de autoriza\u00e7\u00e3o, e o n\u00e3o cumprimento sem justa causa da obriga\u00e7\u00e3o de comunica\u00e7\u00e3o, dentro do respectivo prazo, poder\u00e1 implicar o cancelamento da autoriza\u00e7\u00e3o de resid\u00eancia tempor\u00e1ria.<\/li><li>As altera\u00e7\u00f5es acima referidas incluem: a altera\u00e7\u00e3o do estado civil, por exemplo, div\u00f3rcio, altera\u00e7\u00e3o da situa\u00e7\u00e3o de uni\u00e3o de facto, ou situa\u00e7\u00f5es de adopta\u00e7\u00e3o; a altera\u00e7\u00e3o dos fundamentos do pedido, por exemplo, a) mudan\u00e7a em rela\u00e7\u00e3o aos contratos de trabalho, cargo \/ entidade empregadora, redu\u00e7\u00e3o da remunera\u00e7\u00e3o \/ licen\u00e7a sem vencimento, entre outros, na categoria de quadros dirigentes e t\u00e9cnicos especializados; b) altera\u00e7\u00e3o da situa\u00e7\u00e3o de investimento relativa a \u201cInvestimentos Relevantes\/Projectos de Investimento Relevantes\u201d; c) mudan\u00e7a de propriedade, aumento do valor da hipoteca, redu\u00e7\u00e3o do valor de fundo, de quinhentas mil patacas, depositado a prazo, ou altera\u00e7\u00e3o da posse n\u00e3o inferior a 51% do capital social da empresa comercial em Macau, entre outros.<\/li><li>Importa salientar que, caso o requerente tenha adquirido o Bilhete de Identidade de Residente Permanente da RAEM mas que os seus membros de agregado familar n\u00e3o tenham ainda completado os sete anos consecutivos de resid\u00eancia tempor\u00e1ria, aquele ainda fica sujeito de manter, durante o per\u00edodo de resid\u00eancia tempor\u00e1ria autorizada, a situa\u00e7\u00e3o juridicamente relevante que fundamentou a concess\u00e3o dessa autoriza\u00e7\u00e3o, sob pena de os membros do agregado familiar n\u00e3o poderem beneficiar da autoriza\u00e7\u00e3o de fixa\u00e7\u00e3o de resid\u00eancia tempor\u00e1ria.<\/li><\/ul>\r\n\r\n\r\n\r\n<h2 class=\"wp-block-heading\">2\u3001Situa\u00e7\u00e3o geral, seguran\u00e7a e necessidades da RAEM<\/h2>\r\n\r\n\r\n\r\n<p>Para informa\u00e7\u00f5es detalhadas, favor consultar os factores de an\u00e1lise dos pedidos relativos a \u201cQuadros dirigentes\/t\u00e9cnicos especializados\u201d e \u201cInvestimentos Relevantes\/Projectos de Investimento Relevantes\u201d, que se encontra publicada na p\u00e1gina electr\u00f3nica deste Instituto.: <a href=\"https:\/\/www.ipim.gov.mo\/pt-pt\/about-ipim\/temporary-residency\/temporary-residence-permit-application\/assessment-criteria\/\">https:\/\/www.ipim.gov.mo\/pt-pt\/about-ipim\/temporary-residency\/temporary-residence-permit-application\/assessment-criteria\/<\/a><\/p>\r\n","protected":false},"excerpt":{"rendered":"<p>1\u3001Se, durante o per\u00edodo de resid\u00eancia tempor\u00e1ria autorizada, ainda se encontra mantida a situa\u00e7\u00e3o juridicamente relevante que fundamentou a concess\u00e3o dessa autoriza\u00e7\u00e3o. O interessado deve [&hellip;]<\/p>\n","protected":false},"author":56439,"featured_media":467868,"parent":260779,"menu_order":4,"comment_status":"closed","ping_status":"closed","template":"","meta":{"_acf_changed":false,"inline_featured_image":false,"advgb_blocks_editor_width":"","advgb_blocks_columns_visual_guide":"","footnotes":""},"class_list":["post-260811","page","type-page","status-publish","has-post-thumbnail","hentry"],"acf":[],"yoast_head":"<!-- This site is optimized with the Yoast SEO plugin v26.2 - https:\/\/yoast.com\/wordpress\/plugins\/seo\/ -->\r\n<title>Factores de an\u00e1lise do pedido de renova\u00e7\u00e3o ou extens\u00e3o | Commerce and Investment Promotion Institute<\/title>\r\n<meta name=\"robots\" content=\"index, follow, max-snippet:-1, max-image-preview:large, max-video-preview:-1\" \/>\r\n<link rel=\"canonical\" href=\"https:\/\/www.ipim.gov.mo\/pt-pt\/about-ipim\/temporary-residency\/temporary-residence-permit-application\/assessment-criteria\/assessment-criteria-for-renewal-and-extension-to-family-dependent\/\" \/>\r\n<meta property=\"og:locale\" content=\"pt_PT\" \/>\r\n<meta property=\"og:type\" content=\"article\" \/>\r\n<meta property=\"og:title\" content=\"Factores de an\u00e1lise do pedido de renova\u00e7\u00e3o ou extens\u00e3o | Commerce and Investment Promotion Institute\" \/>\r\n<meta property=\"og:description\" content=\"1\u3001Se, durante o per\u00edodo de resid\u00eancia tempor\u00e1ria autorizada, ainda se encontra mantida a situa\u00e7\u00e3o juridicamente relevante que fundamentou a concess\u00e3o dessa autoriza\u00e7\u00e3o. O interessado deve [&hellip;]\" \/>\r\n<meta property=\"og:url\" content=\"https:\/\/www.ipim.gov.mo\/pt-pt\/about-ipim\/temporary-residency\/temporary-residence-permit-application\/assessment-criteria\/assessment-criteria-for-renewal-and-extension-to-family-dependent\/\" \/>\r\n<meta property=\"og:site_name\" content=\"Commerce and Investment Promotion Institute\" \/>\r\n<meta property=\"article:modified_time\" content=\"2025-07-08T13:48:04+00:00\" \/>\r\n<meta property=\"og:image\" content=\"https:\/\/www.ipim.gov.mo\/wp-content\/uploads\/2024\/07\/ipim-post-default.jpg\" \/>\r\n\t<meta property=\"og:image:width\" content=\"1024\" \/>\r\n\t<meta property=\"og:image:height\" content=\"768\" \/>\r\n\t<meta property=\"og:image:type\" content=\"image\/jpeg\" \/>\r\n<meta name=\"twitter:card\" content=\"summary_large_image\" \/>\r\n<meta name=\"twitter:label1\" content=\"Est. reading time\" \/>\n\t<meta name=\"twitter:data1\" content=\"3 minutes\" \/>\r\n<script type=\"application\/ld+json\" class=\"yoast-schema-graph\">{\"@context\":\"https:\/\/schema.org\",\"@graph\":[{\"@type\":\"WebPage\",\"@id\":\"https:\/\/www.ipim.gov.mo\/pt-pt\/about-ipim\/temporary-residency\/temporary-residence-permit-application\/assessment-criteria\/assessment-criteria-for-renewal-and-extension-to-family-dependent\/\",\"url\":\"https:\/\/www.ipim.gov.mo\/pt-pt\/about-ipim\/temporary-residency\/temporary-residence-permit-application\/assessment-criteria\/assessment-criteria-for-renewal-and-extension-to-family-dependent\/\",\"name\":\"Factores de an\u00e1lise do pedido de renova\u00e7\u00e3o ou extens\u00e3o | Commerce and Investment Promotion Institute\",\"isPartOf\":{\"@id\":\"https:\/\/www.ipim.gov.mo\/zh-hans\/#website\"},\"primaryImageOfPage\":{\"@id\":\"https:\/\/www.ipim.gov.mo\/pt-pt\/about-ipim\/temporary-residency\/temporary-residence-permit-application\/assessment-criteria\/assessment-criteria-for-renewal-and-extension-to-family-dependent\/#primaryimage\"},\"image\":{\"@id\":\"https:\/\/www.ipim.gov.mo\/pt-pt\/about-ipim\/temporary-residency\/temporary-residence-permit-application\/assessment-criteria\/assessment-criteria-for-renewal-and-extension-to-family-dependent\/#primaryimage\"},\"thumbnailUrl\":\"https:\/\/www.ipim.gov.mo\/wp-content\/uploads\/2024\/07\/ipim-post-default.jpg\",\"datePublished\":\"2019-04-15T03:17:31+00:00\",\"dateModified\":\"2025-07-08T13:48:04+00:00\",\"breadcrumb\":{\"@id\":\"https:\/\/www.ipim.gov.mo\/pt-pt\/about-ipim\/temporary-residency\/temporary-residence-permit-application\/assessment-criteria\/assessment-criteria-for-renewal-and-extension-to-family-dependent\/#breadcrumb\"},\"inLanguage\":\"pt-PT\",\"potentialAction\":[{\"@type\":\"ReadAction\",\"target\":[\"https:\/\/www.ipim.gov.mo\/pt-pt\/about-ipim\/temporary-residency\/temporary-residence-permit-application\/assessment-criteria\/assessment-criteria-for-renewal-and-extension-to-family-dependent\/\"]}]},{\"@type\":\"ImageObject\",\"inLanguage\":\"pt-PT\",\"@id\":\"https:\/\/www.ipim.gov.mo\/pt-pt\/about-ipim\/temporary-residency\/temporary-residence-permit-application\/assessment-criteria\/assessment-criteria-for-renewal-and-extension-to-family-dependent\/#primaryimage\",\"url\":\"https:\/\/www.ipim.gov.mo\/wp-content\/uploads\/2024\/07\/ipim-post-default.jpg\",\"contentUrl\":\"https:\/\/www.ipim.gov.mo\/wp-content\/uploads\/2024\/07\/ipim-post-default.jpg\",\"width\":1024,\"height\":768},{\"@type\":\"BreadcrumbList\",\"@id\":\"https:\/\/www.ipim.gov.mo\/pt-pt\/about-ipim\/temporary-residency\/temporary-residence-permit-application\/assessment-criteria\/assessment-criteria-for-renewal-and-extension-to-family-dependent\/#breadcrumb\",\"itemListElement\":[{\"@type\":\"ListItem\",\"position\":1,\"name\":\"Home\",\"item\":\"https:\/\/www.ipim.gov.mo\/pt-pt\/\"},{\"@type\":\"ListItem\",\"position\":2,\"name\":\"Acerca do IPIM\",\"item\":\"https:\/\/www.ipim.gov.mo\/pt-pt\/about-ipim\/\"},{\"@type\":\"ListItem\",\"position\":3,\"name\":\"Resid\u00eancia Tempor\u00e1ria\",\"item\":\"https:\/\/www.ipim.gov.mo\/pt-pt\/about-ipim\/temporary-residency\/\"},{\"@type\":\"ListItem\",\"position\":4,\"name\":\"Pedido de autoriza\u00e7\u00e3o de fixa\u00e7\u00e3o de resid\u00eancia tempor\u00e1ria\",\"item\":\"https:\/\/www.ipim.gov.mo\/pt-pt\/about-ipim\/temporary-residency\/temporary-residence-permit-application\/\"},{\"@type\":\"ListItem\",\"position\":5,\"name\":\"Os factores de an\u00e1lise\",\"item\":\"https:\/\/www.ipim.gov.mo\/pt-pt\/about-ipim\/temporary-residency\/temporary-residence-permit-application\/assessment-criteria\/\"},{\"@type\":\"ListItem\",\"position\":6,\"name\":\"Factores de an\u00e1lise do pedido de renova\u00e7\u00e3o ou extens\u00e3o\"}]},{\"@type\":\"WebSite\",\"@id\":\"https:\/\/www.ipim.gov.mo\/zh-hans\/#website\",\"url\":\"https:\/\/www.ipim.gov.mo\/zh-hans\/\",\"name\":\"Commerce and Investment Promotion Institute\",\"description\":\"Commerce and Investment Promotion Institute\",\"publisher\":{\"@id\":\"https:\/\/www.ipim.gov.mo\/zh-hans\/#organization\"},\"potentialAction\":[{\"@type\":\"SearchAction\",\"target\":{\"@type\":\"EntryPoint\",\"urlTemplate\":\"https:\/\/www.ipim.gov.mo\/zh-hans\/?s={search_term_string}\"},\"query-input\":{\"@type\":\"PropertyValueSpecification\",\"valueRequired\":true,\"valueName\":\"search_term_string\"}}],\"inLanguage\":\"pt-PT\"},{\"@type\":\"Organization\",\"@id\":\"https:\/\/www.ipim.gov.mo\/zh-hans\/#organization\",\"name\":\"IPIM\",\"url\":\"https:\/\/www.ipim.gov.mo\/zh-hans\/\",\"logo\":{\"@type\":\"ImageObject\",\"inLanguage\":\"pt-PT\",\"@id\":\"https:\/\/www.ipim.gov.mo\/zh-hans\/#\/schema\/logo\/image\/\",\"url\":\"https:\/\/www.ipim.gov.mo\/wp-content\/uploads\/2022\/10\/default-post-thumbnail-ipim-logo.png\",\"contentUrl\":\"https:\/\/www.ipim.gov.mo\/wp-content\/uploads\/2022\/10\/default-post-thumbnail-ipim-logo.png\",\"width\":1024,\"height\":768,\"caption\":\"IPIM\"},\"image\":{\"@id\":\"https:\/\/www.ipim.gov.mo\/zh-hans\/#\/schema\/logo\/image\/\"}}]}<\/script>\r\n<!-- \/ Yoast SEO plugin. -->","yoast_head_json":{"title":"Factores de an\u00e1lise do pedido de renova\u00e7\u00e3o ou extens\u00e3o | Commerce and Investment Promotion Institute","robots":{"index":"index","follow":"follow","max-snippet":"max-snippet:-1","max-image-preview":"max-image-preview:large","max-video-preview":"max-video-preview:-1"},"canonical":"https:\/\/www.ipim.gov.mo\/pt-pt\/about-ipim\/temporary-residency\/temporary-residence-permit-application\/assessment-criteria\/assessment-criteria-for-renewal-and-extension-to-family-dependent\/","og_locale":"pt_PT","og_type":"article","og_title":"Factores de an\u00e1lise do pedido de renova\u00e7\u00e3o ou extens\u00e3o | Commerce and Investment Promotion Institute","og_description":"1\u3001Se, durante o per\u00edodo de resid\u00eancia tempor\u00e1ria autorizada, ainda se encontra mantida a situa\u00e7\u00e3o juridicamente relevante que fundamentou a concess\u00e3o dessa autoriza\u00e7\u00e3o. O interessado deve [&hellip;]","og_url":"https:\/\/www.ipim.gov.mo\/pt-pt\/about-ipim\/temporary-residency\/temporary-residence-permit-application\/assessment-criteria\/assessment-criteria-for-renewal-and-extension-to-family-dependent\/","og_site_name":"Commerce and Investment Promotion Institute","article_modified_time":"2025-07-08T13:48:04+00:00","og_image":[{"width":1024,"height":768,"url":"https:\/\/www.ipim.gov.mo\/wp-content\/uploads\/2024\/07\/ipim-post-default.jpg","type":"image\/jpeg"}],"twitter_card":"summary_large_image","twitter_misc":{"Est. reading time":"3 minutes"},"schema":{"@context":"https:\/\/schema.org","@graph":[{"@type":"WebPage","@id":"https:\/\/www.ipim.gov.mo\/pt-pt\/about-ipim\/temporary-residency\/temporary-residence-permit-application\/assessment-criteria\/assessment-criteria-for-renewal-and-extension-to-family-dependent\/","url":"https:\/\/www.ipim.gov.mo\/pt-pt\/about-ipim\/temporary-residency\/temporary-residence-permit-application\/assessment-criteria\/assessment-criteria-for-renewal-and-extension-to-family-dependent\/","name":"Factores de an\u00e1lise do pedido de renova\u00e7\u00e3o ou extens\u00e3o | Commerce and Investment Promotion Institute","isPartOf":{"@id":"https:\/\/www.ipim.gov.mo\/zh-hans\/#website"},"primaryImageOfPage":{"@id":"https:\/\/www.ipim.gov.mo\/pt-pt\/about-ipim\/temporary-residency\/temporary-residence-permit-application\/assessment-criteria\/assessment-criteria-for-renewal-and-extension-to-family-dependent\/#primaryimage"},"image":{"@id":"https:\/\/www.ipim.gov.mo\/pt-pt\/about-ipim\/temporary-residency\/temporary-residence-permit-application\/assessment-criteria\/assessment-criteria-for-renewal-and-extension-to-family-dependent\/#primaryimage"},"thumbnailUrl":"https:\/\/www.ipim.gov.mo\/wp-content\/uploads\/2024\/07\/ipim-post-default.jpg","datePublished":"2019-04-15T03:17:31+00:00","dateModified":"2025-07-08T13:48:04+00:00","breadcrumb":{"@id":"https:\/\/www.ipim.gov.mo\/pt-pt\/about-ipim\/temporary-residency\/temporary-residence-permit-application\/assessment-criteria\/assessment-criteria-for-renewal-and-extension-to-family-dependent\/#breadcrumb"},"inLanguage":"pt-PT","potentialAction":[{"@type":"ReadAction","target":["https:\/\/www.ipim.gov.mo\/pt-pt\/about-ipim\/temporary-residency\/temporary-residence-permit-application\/assessment-criteria\/assessment-criteria-for-renewal-and-extension-to-family-dependent\/"]}]},{"@type":"ImageObject","inLanguage":"pt-PT","@id":"https:\/\/www.ipim.gov.mo\/pt-pt\/about-ipim\/temporary-residency\/temporary-residence-permit-application\/assessment-criteria\/assessment-criteria-for-renewal-and-extension-to-family-dependent\/#primaryimage","url":"https:\/\/www.ipim.gov.mo\/wp-content\/uploads\/2024\/07\/ipim-post-default.jpg","contentUrl":"https:\/\/www.ipim.gov.mo\/wp-content\/uploads\/2024\/07\/ipim-post-default.jpg","width":1024,"height":768},{"@type":"BreadcrumbList","@id":"https:\/\/www.ipim.gov.mo\/pt-pt\/about-ipim\/temporary-residency\/temporary-residence-permit-application\/assessment-criteria\/assessment-criteria-for-renewal-and-extension-to-family-dependent\/#breadcrumb","itemListElement":[{"@type":"ListItem","position":1,"name":"Home","item":"https:\/\/www.ipim.gov.mo\/pt-pt\/"},{"@type":"ListItem","position":2,"name":"Acerca do IPIM","item":"https:\/\/www.ipim.gov.mo\/pt-pt\/about-ipim\/"},{"@type":"ListItem","position":3,"name":"Resid\u00eancia Tempor\u00e1ria","item":"https:\/\/www.ipim.gov.mo\/pt-pt\/about-ipim\/temporary-residency\/"},{"@type":"ListItem","position":4,"name":"Pedido de autoriza\u00e7\u00e3o de fixa\u00e7\u00e3o de resid\u00eancia tempor\u00e1ria","item":"https:\/\/www.ipim.gov.mo\/pt-pt\/about-ipim\/temporary-residency\/temporary-residence-permit-application\/"},{"@type":"ListItem","position":5,"name":"Os factores de an\u00e1lise","item":"https:\/\/www.ipim.gov.mo\/pt-pt\/about-ipim\/temporary-residency\/temporary-residence-permit-application\/assessment-criteria\/"},{"@type":"ListItem","position":6,"name":"Factores de an\u00e1lise do pedido de renova\u00e7\u00e3o ou extens\u00e3o"}]},{"@type":"WebSite","@id":"https:\/\/www.ipim.gov.mo\/zh-hans\/#website","url":"https:\/\/www.ipim.gov.mo\/zh-hans\/","name":"Commerce and Investment Promotion Institute","description":"Commerce and Investment Promotion Institute","publisher":{"@id":"https:\/\/www.ipim.gov.mo\/zh-hans\/#organization"},"potentialAction":[{"@type":"SearchAction","target":{"@type":"EntryPoint","urlTemplate":"https:\/\/www.ipim.gov.mo\/zh-hans\/?s={search_term_string}"},"query-input":{"@type":"PropertyValueSpecification","valueRequired":true,"valueName":"search_term_string"}}],"inLanguage":"pt-PT"},{"@type":"Organization","@id":"https:\/\/www.ipim.gov.mo\/zh-hans\/#organization","name":"IPIM","url":"https:\/\/www.ipim.gov.mo\/zh-hans\/","logo":{"@type":"ImageObject","inLanguage":"pt-PT","@id":"https:\/\/www.ipim.gov.mo\/zh-hans\/#\/schema\/logo\/image\/","url":"https:\/\/www.ipim.gov.mo\/wp-content\/uploads\/2022\/10\/default-post-thumbnail-ipim-logo.png","contentUrl":"https:\/\/www.ipim.gov.mo\/wp-content\/uploads\/2022\/10\/default-post-thumbnail-ipim-logo.png","width":1024,"height":768,"caption":"IPIM"},"image":{"@id":"https:\/\/www.ipim.gov.mo\/zh-hans\/#\/schema\/logo\/image\/"}}]}},"coauthors":[],"author_meta":{"author_link":"https:\/\/www.ipim.gov.mo\/pt-pt\/author\/ipimcontent\/","display_name":"ipimcontent"},"relative_dates":{"created":"Posted 7 years ago","modified":"Updated 10 months ago"},"absolute_dates":{"created":"Posted on Abril 15, 2019","modified":"Updated on Julho 8, 2025"},"absolute_dates_time":{"created":"Posted on Abril 15, 2019 11:17 am","modified":"Updated on Julho 8, 2025 9:48 pm"},"featured_img_caption":"","featured_img":"https:\/\/www.ipim.gov.mo\/wp-content\/uploads\/2024\/07\/ipim-post-default.jpg","series_order":"","_links":{"self":[{"href":"https:\/\/www.ipim.gov.mo\/pt-pt\/wp-json\/wp\/v2\/pages\/260811","targetHints":{"allow":["GET"]}}],"collection":[{"href":"https:\/\/www.ipim.gov.mo\/pt-pt\/wp-json\/wp\/v2\/pages"}],"about":[{"href":"https:\/\/www.ipim.gov.mo\/pt-pt\/wp-json\/wp\/v2\/types\/page"}],"author":[{"embeddable":true,"href":"https:\/\/www.ipim.gov.mo\/pt-pt\/wp-json\/wp\/v2\/users\/56439"}],"replies":[{"embeddable":true,"href":"https:\/\/www.ipim.gov.mo\/pt-pt\/wp-json\/wp\/v2\/comments?post=260811"}],"version-history":[{"count":2,"href":"https:\/\/www.ipim.gov.mo\/pt-pt\/wp-json\/wp\/v2\/pages\/260811\/revisions"}],"predecessor-version":[{"id":495732,"href":"https:\/\/www.ipim.gov.mo\/pt-pt\/wp-json\/wp\/v2\/pages\/260811\/revisions\/495732"}],"up":[{"embeddable":true,"href":"https:\/\/www.ipim.gov.mo\/pt-pt\/wp-json\/wp\/v2\/pages\/260779"}],"wp:featuredmedia":[{"embeddable":true,"href":"https:\/\/www.ipim.gov.mo\/pt-pt\/wp-json\/wp\/v2\/media\/467868"}],"wp:attachment":[{"href":"https:\/\/www.ipim.gov.mo\/pt-pt\/wp-json\/wp\/v2\/media?parent=260811"}],"curies":[{"name":"wp","href":"https:\/\/api.w.org\/{rel}","templated":true}]}}