{"id":260801,"date":"2019-04-04T16:29:33","date_gmt":"2019-04-04T08:29:33","guid":{"rendered":"https:\/\/www.ipim.gov.mo\/pt-pt\/investment-residency-test\/temporary-residence-permit-application\/assessment-criteria\/3-1-3\/"},"modified":"2025-07-08T02:26:59","modified_gmt":"2025-07-07T18:26:59","slug":"assessment-criteria-for-temporary-residency-application-major-investment-investment-plan","status":"publish","type":"page","link":"https:\/\/www.ipim.gov.mo\/pt-pt\/about-ipim\/temporary-residency\/temporary-residence-permit-application\/assessment-criteria\/assessment-criteria-for-temporary-residency-application-major-investment-investment-plan\/","title":{"rendered":"Os factores de an\u00e1lise a terem em conta para apreciar o pedido de fixa\u00e7\u00e3o de resid\u00eancia tempor\u00e1ria \u2013 investimentos relevantes \uff0fprojectos de investimento relevantes"},"content":{"rendered":"<figure class=\"wp-block-table\">\r\n<table>\r\n<thead>\r\n<tr>\r\n<th colspan=\"2\">Itens de an\u00e1lise<\/th>\r\n<th>Conte\u00fado<\/th>\r\n<\/tr>\r\n<\/thead>\r\n<tbody>\r\n<tr>\r\n<td>1<\/td>\r\n<td>Tipo de sectores<\/td>\r\n<td>\r\n<ul>\r\n<li>Ind\u00fastria que est\u00e1 articulada com os objectivos das linhas de ac\u00e7\u00e3o governativa e pode contribuir para ind\u00fastrias diversificadas em Macau;<\/li>\r\n<li>Sector financeiro com caracter\u00edsticas pr\u00f3prias;<\/li>\r\n<li>Medicina Tradicional chinesa;<\/li>\r\n<li>Conven\u00e7\u00f5es e Exposi\u00e7\u00f5es;<\/li>\r\n<li>Cultura criativa;<\/li>\r\n<li>Com\u00e9rcio eletr\u00f3nico;<\/li>\r\n<li>Ind\u00fastria de Tecnologia da Informa\u00e7\u00e3o;<\/li>\r\n<li>ind\u00fastrias que contribuem para a diversifica\u00e7\u00e3o econ\u00f3mica.<\/li>\r\n<\/ul>\r\n<\/td>\r\n<\/tr>\r\n<tr>\r\n<td>2<\/td>\r\n<td>Melhorar a tecnologia e competitividade da ind\u00fastria<\/td>\r\n<td>\r\n<ul>\r\n<li>Originalidade ou singularidade;<\/li>\r\n<li>Introduzir tecnologias inovadoras ou novos modelos de neg\u00f3cios na ind\u00fastria;<\/li>\r\n<li>O respectivo projecto ou produto foi premiado ou recebido subs\u00eddio de apoio;<\/li>\r\n<li>Melhorar a tecnologia e competitividade da ind\u00fastria e promover o desenvolvimento dos operadores de Macau.<\/li>\r\n<\/ul>\r\n<\/td>\r\n<\/tr>\r\n<tr>\r\n<td>3<\/td>\r\n<td>Contribui\u00e7\u00e3o para o mercado laboral local<\/td>\r\n<td>\r\n<ul>\r\n<li>N\u00famero de trabalhadores contratados;<\/li>\r\n<li>Criar oportunidades de ascens\u00e3o professional para os trabalhadores locais.<\/li>\r\n<\/ul>\r\n<\/td>\r\n<\/tr>\r\n<tr>\r\n<td>4<\/td>\r\n<td>Melhorar a imagem de marca de Macau<\/td>\r\n<td>\r\n<ul>\r\n<li>Produtos ou servi\u00e7os titulares de certifica\u00e7\u00e3o internacional;<\/li>\r\n<li>Marca de renome internacional.<\/li>\r\n<\/ul>\r\n<\/td>\r\n<\/tr>\r\n<tr>\r\n<td>5<\/td>\r\n<td>Desenvolvimento sustent\u00e1vel<\/td>\r\n<td>\r\n<ul>\r\n<li>Possuir fundos suficientes para implementar projectos de investimento no Territ\u00f3rio, sendo o estabelecimento de opera\u00e7\u00e3o propriedade pr\u00f3pria da respectiva pessoa colectiva;<\/li>\r\n<li>Atender aos requisitos ecol\u00f3gicos, de seguran\u00e7a e de sa\u00fade p\u00fablica.<\/li>\r\n<\/ul>\r\n<\/td>\r\n<\/tr>\r\n<tr>\r\n<td>6<\/td>\r\n<td>O valor e a escala do investimento s\u00e3o relativamente grandes e t\u00eam condi\u00e7\u00f5es para funcionamento cont\u00ednuo em Macau<\/td>\r\n<td>\r\n<ul>\r\n<li>Propor\u00e7\u00e3o de ac\u00e7\u00f5es;<\/li>\r\n<li>Valor de investimento n\u00e3o inferior a 15 milh\u00f5es de patacas;<\/li>\r\n<li>Investimento consiste em activos fixos destinados \u00e0s opera\u00e7\u00f5es, despesas operacionais e despesas gerais;<\/li>\r\n<li>Se n\u00e3o for capital pr\u00f3prio do requerente, n\u00e3o ser\u00e1 inclu\u00eddo no c\u00e1lculo;<\/li>\r\n<li>Os estoques objecto de venda ou destinados \u00e0 venda n\u00e3o ser\u00e3o calculados.<\/li>\r\n<\/ul>\r\n<\/td>\r\n<\/tr>\r\n<\/tbody>\r\n<\/table>\r\n<\/figure>\r\n\r\n\r\n<h2 class=\"wp-block-heading\">Nota:<\/h2>\r\n\r\n\r\n\r\n<ol class=\"wp-block-list\"><li>Ser\u00e3o considerados principalmente, mas n\u00e3o limitandos aos factores acima em rela\u00e7\u00e3o aos pedidos de autoriza\u00e7\u00e3o de resid\u00eancia tempor\u00e1ria por \u201cInvestimentos Relevantes\/ Projecos de investimento Relevantes\u201d.<\/li><li>Os pedidos s\u00f3 reunir\u00e3o as condi\u00e7\u00f5es para ser considerados se estiverem em conformidade com o disposto nos n.\u00ba<sup>s<\/sup> 1 e 2 do artigo 1.\u00ba e do artigo 2.\u00ba do Regulamento Administrativo n.\u00ba 3\/2005 (Regime de fixa\u00e7\u00e3o de resid\u00eancia tempor\u00e1ria de investidores, quadros dirigentes e t\u00e9cnicos especializados).<\/li><\/ol>\r\n","protected":false},"excerpt":{"rendered":"<p>Itens de an\u00e1lise Conte\u00fado 1 Tipo de sectores Ind\u00fastria que est\u00e1 articulada com os objectivos das linhas de ac\u00e7\u00e3o governativa e pode contribuir para ind\u00fastrias [&hellip;]<\/p>\n","protected":false},"author":56439,"featured_media":467868,"parent":260779,"menu_order":3,"comment_status":"closed","ping_status":"closed","template":"","meta":{"_acf_changed":false,"inline_featured_image":false,"advgb_blocks_editor_width":"","advgb_blocks_columns_visual_guide":"","footnotes":""},"class_list":["post-260801","page","type-page","status-publish","has-post-thumbnail","hentry"],"acf":[],"yoast_head":"<!-- This site is optimized with the Yoast SEO plugin v26.2 - https:\/\/yoast.com\/wordpress\/plugins\/seo\/ -->\r\n<title>Os factores de an\u00e1lise a terem em conta para apreciar o pedido de fixa\u00e7\u00e3o de resid\u00eancia tempor\u00e1ria \u2013 investimentos relevantes \uff0fprojectos de investimento relevantes | Commerce and Investment Promotion Institute<\/title>\r\n<meta name=\"robots\" content=\"index, follow, max-snippet:-1, max-image-preview:large, max-video-preview:-1\" \/>\r\n<link rel=\"canonical\" href=\"https:\/\/www.ipim.gov.mo\/pt-pt\/about-ipim\/temporary-residency\/temporary-residence-permit-application\/assessment-criteria\/assessment-criteria-for-temporary-residency-application-major-investment-investment-plan\/\" \/>\r\n<meta property=\"og:locale\" content=\"pt_PT\" \/>\r\n<meta property=\"og:type\" content=\"article\" \/>\r\n<meta property=\"og:title\" content=\"Os factores de an\u00e1lise a terem em conta para apreciar o pedido de fixa\u00e7\u00e3o de resid\u00eancia tempor\u00e1ria \u2013 investimentos relevantes \uff0fprojectos de investimento relevantes | Commerce and Investment Promotion Institute\" \/>\r\n<meta property=\"og:description\" content=\"Itens de an\u00e1lise Conte\u00fado 1 Tipo de sectores Ind\u00fastria que est\u00e1 articulada com os objectivos das linhas de ac\u00e7\u00e3o governativa e pode contribuir para ind\u00fastrias [&hellip;]\" \/>\r\n<meta property=\"og:url\" content=\"https:\/\/www.ipim.gov.mo\/pt-pt\/about-ipim\/temporary-residency\/temporary-residence-permit-application\/assessment-criteria\/assessment-criteria-for-temporary-residency-application-major-investment-investment-plan\/\" \/>\r\n<meta property=\"og:site_name\" content=\"Commerce and Investment Promotion Institute\" \/>\r\n<meta property=\"article:modified_time\" content=\"2025-07-07T18:26:59+00:00\" \/>\r\n<meta property=\"og:image\" content=\"https:\/\/www.ipim.gov.mo\/wp-content\/uploads\/2024\/07\/ipim-post-default.jpg\" \/>\r\n\t<meta property=\"og:image:width\" content=\"1024\" \/>\r\n\t<meta property=\"og:image:height\" content=\"768\" \/>\r\n\t<meta property=\"og:image:type\" content=\"image\/jpeg\" \/>\r\n<meta name=\"twitter:card\" content=\"summary_large_image\" \/>\r\n<meta name=\"twitter:label1\" content=\"Est. reading time\" \/>\n\t<meta name=\"twitter:data1\" content=\"1 minute\" \/>\r\n<script type=\"application\/ld+json\" class=\"yoast-schema-graph\">{\"@context\":\"https:\/\/schema.org\",\"@graph\":[{\"@type\":\"WebPage\",\"@id\":\"https:\/\/www.ipim.gov.mo\/pt-pt\/about-ipim\/temporary-residency\/temporary-residence-permit-application\/assessment-criteria\/assessment-criteria-for-temporary-residency-application-major-investment-investment-plan\/\",\"url\":\"https:\/\/www.ipim.gov.mo\/pt-pt\/about-ipim\/temporary-residency\/temporary-residence-permit-application\/assessment-criteria\/assessment-criteria-for-temporary-residency-application-major-investment-investment-plan\/\",\"name\":\"Os factores de an\u00e1lise a terem em conta para apreciar o pedido de fixa\u00e7\u00e3o de resid\u00eancia tempor\u00e1ria \u2013 investimentos relevantes \uff0fprojectos de investimento relevantes | Commerce and Investment Promotion Institute\",\"isPartOf\":{\"@id\":\"https:\/\/www.ipim.gov.mo\/zh-hans\/#website\"},\"primaryImageOfPage\":{\"@id\":\"https:\/\/www.ipim.gov.mo\/pt-pt\/about-ipim\/temporary-residency\/temporary-residence-permit-application\/assessment-criteria\/assessment-criteria-for-temporary-residency-application-major-investment-investment-plan\/#primaryimage\"},\"image\":{\"@id\":\"https:\/\/www.ipim.gov.mo\/pt-pt\/about-ipim\/temporary-residency\/temporary-residence-permit-application\/assessment-criteria\/assessment-criteria-for-temporary-residency-application-major-investment-investment-plan\/#primaryimage\"},\"thumbnailUrl\":\"https:\/\/www.ipim.gov.mo\/wp-content\/uploads\/2024\/07\/ipim-post-default.jpg\",\"datePublished\":\"2019-04-04T08:29:33+00:00\",\"dateModified\":\"2025-07-07T18:26:59+00:00\",\"breadcrumb\":{\"@id\":\"https:\/\/www.ipim.gov.mo\/pt-pt\/about-ipim\/temporary-residency\/temporary-residence-permit-application\/assessment-criteria\/assessment-criteria-for-temporary-residency-application-major-investment-investment-plan\/#breadcrumb\"},\"inLanguage\":\"pt-PT\",\"potentialAction\":[{\"@type\":\"ReadAction\",\"target\":[\"https:\/\/www.ipim.gov.mo\/pt-pt\/about-ipim\/temporary-residency\/temporary-residence-permit-application\/assessment-criteria\/assessment-criteria-for-temporary-residency-application-major-investment-investment-plan\/\"]}]},{\"@type\":\"ImageObject\",\"inLanguage\":\"pt-PT\",\"@id\":\"https:\/\/www.ipim.gov.mo\/pt-pt\/about-ipim\/temporary-residency\/temporary-residence-permit-application\/assessment-criteria\/assessment-criteria-for-temporary-residency-application-major-investment-investment-plan\/#primaryimage\",\"url\":\"https:\/\/www.ipim.gov.mo\/wp-content\/uploads\/2024\/07\/ipim-post-default.jpg\",\"contentUrl\":\"https:\/\/www.ipim.gov.mo\/wp-content\/uploads\/2024\/07\/ipim-post-default.jpg\",\"width\":1024,\"height\":768},{\"@type\":\"BreadcrumbList\",\"@id\":\"https:\/\/www.ipim.gov.mo\/pt-pt\/about-ipim\/temporary-residency\/temporary-residence-permit-application\/assessment-criteria\/assessment-criteria-for-temporary-residency-application-major-investment-investment-plan\/#breadcrumb\",\"itemListElement\":[{\"@type\":\"ListItem\",\"position\":1,\"name\":\"Home\",\"item\":\"https:\/\/www.ipim.gov.mo\/pt-pt\/\"},{\"@type\":\"ListItem\",\"position\":2,\"name\":\"Acerca do IPIM\",\"item\":\"https:\/\/www.ipim.gov.mo\/pt-pt\/about-ipim\/\"},{\"@type\":\"ListItem\",\"position\":3,\"name\":\"Resid\u00eancia Tempor\u00e1ria\",\"item\":\"https:\/\/www.ipim.gov.mo\/pt-pt\/about-ipim\/temporary-residency\/\"},{\"@type\":\"ListItem\",\"position\":4,\"name\":\"Pedido de autoriza\u00e7\u00e3o de fixa\u00e7\u00e3o de resid\u00eancia tempor\u00e1ria\",\"item\":\"https:\/\/www.ipim.gov.mo\/pt-pt\/about-ipim\/temporary-residency\/temporary-residence-permit-application\/\"},{\"@type\":\"ListItem\",\"position\":5,\"name\":\"Os factores de an\u00e1lise\",\"item\":\"https:\/\/www.ipim.gov.mo\/pt-pt\/about-ipim\/temporary-residency\/temporary-residence-permit-application\/assessment-criteria\/\"},{\"@type\":\"ListItem\",\"position\":6,\"name\":\"Os factores de an\u00e1lise a terem em conta para apreciar o pedido de fixa\u00e7\u00e3o de resid\u00eancia tempor\u00e1ria \u2013 investimentos relevantes \uff0fprojectos de investimento relevantes\"}]},{\"@type\":\"WebSite\",\"@id\":\"https:\/\/www.ipim.gov.mo\/zh-hans\/#website\",\"url\":\"https:\/\/www.ipim.gov.mo\/zh-hans\/\",\"name\":\"Commerce and Investment Promotion Institute\",\"description\":\"Commerce and Investment Promotion Institute\",\"publisher\":{\"@id\":\"https:\/\/www.ipim.gov.mo\/zh-hans\/#organization\"},\"potentialAction\":[{\"@type\":\"SearchAction\",\"target\":{\"@type\":\"EntryPoint\",\"urlTemplate\":\"https:\/\/www.ipim.gov.mo\/zh-hans\/?s={search_term_string}\"},\"query-input\":{\"@type\":\"PropertyValueSpecification\",\"valueRequired\":true,\"valueName\":\"search_term_string\"}}],\"inLanguage\":\"pt-PT\"},{\"@type\":\"Organization\",\"@id\":\"https:\/\/www.ipim.gov.mo\/zh-hans\/#organization\",\"name\":\"IPIM\",\"url\":\"https:\/\/www.ipim.gov.mo\/zh-hans\/\",\"logo\":{\"@type\":\"ImageObject\",\"inLanguage\":\"pt-PT\",\"@id\":\"https:\/\/www.ipim.gov.mo\/zh-hans\/#\/schema\/logo\/image\/\",\"url\":\"https:\/\/www.ipim.gov.mo\/wp-content\/uploads\/2022\/10\/default-post-thumbnail-ipim-logo.png\",\"contentUrl\":\"https:\/\/www.ipim.gov.mo\/wp-content\/uploads\/2022\/10\/default-post-thumbnail-ipim-logo.png\",\"width\":1024,\"height\":768,\"caption\":\"IPIM\"},\"image\":{\"@id\":\"https:\/\/www.ipim.gov.mo\/zh-hans\/#\/schema\/logo\/image\/\"}}]}<\/script>\r\n<!-- \/ Yoast SEO plugin. -->","yoast_head_json":{"title":"Os factores de an\u00e1lise a terem em conta para apreciar o pedido de fixa\u00e7\u00e3o de resid\u00eancia tempor\u00e1ria \u2013 investimentos relevantes \uff0fprojectos de investimento relevantes | Commerce and Investment Promotion Institute","robots":{"index":"index","follow":"follow","max-snippet":"max-snippet:-1","max-image-preview":"max-image-preview:large","max-video-preview":"max-video-preview:-1"},"canonical":"https:\/\/www.ipim.gov.mo\/pt-pt\/about-ipim\/temporary-residency\/temporary-residence-permit-application\/assessment-criteria\/assessment-criteria-for-temporary-residency-application-major-investment-investment-plan\/","og_locale":"pt_PT","og_type":"article","og_title":"Os factores de an\u00e1lise a terem em conta para apreciar o pedido de fixa\u00e7\u00e3o de resid\u00eancia tempor\u00e1ria \u2013 investimentos relevantes \uff0fprojectos de investimento relevantes | Commerce and Investment Promotion Institute","og_description":"Itens de an\u00e1lise Conte\u00fado 1 Tipo de sectores Ind\u00fastria que est\u00e1 articulada com os objectivos das linhas de ac\u00e7\u00e3o governativa e pode contribuir para ind\u00fastrias [&hellip;]","og_url":"https:\/\/www.ipim.gov.mo\/pt-pt\/about-ipim\/temporary-residency\/temporary-residence-permit-application\/assessment-criteria\/assessment-criteria-for-temporary-residency-application-major-investment-investment-plan\/","og_site_name":"Commerce and Investment Promotion Institute","article_modified_time":"2025-07-07T18:26:59+00:00","og_image":[{"width":1024,"height":768,"url":"https:\/\/www.ipim.gov.mo\/wp-content\/uploads\/2024\/07\/ipim-post-default.jpg","type":"image\/jpeg"}],"twitter_card":"summary_large_image","twitter_misc":{"Est. reading time":"1 minute"},"schema":{"@context":"https:\/\/schema.org","@graph":[{"@type":"WebPage","@id":"https:\/\/www.ipim.gov.mo\/pt-pt\/about-ipim\/temporary-residency\/temporary-residence-permit-application\/assessment-criteria\/assessment-criteria-for-temporary-residency-application-major-investment-investment-plan\/","url":"https:\/\/www.ipim.gov.mo\/pt-pt\/about-ipim\/temporary-residency\/temporary-residence-permit-application\/assessment-criteria\/assessment-criteria-for-temporary-residency-application-major-investment-investment-plan\/","name":"Os factores de an\u00e1lise a terem em conta para apreciar o pedido de fixa\u00e7\u00e3o de resid\u00eancia tempor\u00e1ria \u2013 investimentos relevantes \uff0fprojectos de investimento relevantes | Commerce and Investment Promotion Institute","isPartOf":{"@id":"https:\/\/www.ipim.gov.mo\/zh-hans\/#website"},"primaryImageOfPage":{"@id":"https:\/\/www.ipim.gov.mo\/pt-pt\/about-ipim\/temporary-residency\/temporary-residence-permit-application\/assessment-criteria\/assessment-criteria-for-temporary-residency-application-major-investment-investment-plan\/#primaryimage"},"image":{"@id":"https:\/\/www.ipim.gov.mo\/pt-pt\/about-ipim\/temporary-residency\/temporary-residence-permit-application\/assessment-criteria\/assessment-criteria-for-temporary-residency-application-major-investment-investment-plan\/#primaryimage"},"thumbnailUrl":"https:\/\/www.ipim.gov.mo\/wp-content\/uploads\/2024\/07\/ipim-post-default.jpg","datePublished":"2019-04-04T08:29:33+00:00","dateModified":"2025-07-07T18:26:59+00:00","breadcrumb":{"@id":"https:\/\/www.ipim.gov.mo\/pt-pt\/about-ipim\/temporary-residency\/temporary-residence-permit-application\/assessment-criteria\/assessment-criteria-for-temporary-residency-application-major-investment-investment-plan\/#breadcrumb"},"inLanguage":"pt-PT","potentialAction":[{"@type":"ReadAction","target":["https:\/\/www.ipim.gov.mo\/pt-pt\/about-ipim\/temporary-residency\/temporary-residence-permit-application\/assessment-criteria\/assessment-criteria-for-temporary-residency-application-major-investment-investment-plan\/"]}]},{"@type":"ImageObject","inLanguage":"pt-PT","@id":"https:\/\/www.ipim.gov.mo\/pt-pt\/about-ipim\/temporary-residency\/temporary-residence-permit-application\/assessment-criteria\/assessment-criteria-for-temporary-residency-application-major-investment-investment-plan\/#primaryimage","url":"https:\/\/www.ipim.gov.mo\/wp-content\/uploads\/2024\/07\/ipim-post-default.jpg","contentUrl":"https:\/\/www.ipim.gov.mo\/wp-content\/uploads\/2024\/07\/ipim-post-default.jpg","width":1024,"height":768},{"@type":"BreadcrumbList","@id":"https:\/\/www.ipim.gov.mo\/pt-pt\/about-ipim\/temporary-residency\/temporary-residence-permit-application\/assessment-criteria\/assessment-criteria-for-temporary-residency-application-major-investment-investment-plan\/#breadcrumb","itemListElement":[{"@type":"ListItem","position":1,"name":"Home","item":"https:\/\/www.ipim.gov.mo\/pt-pt\/"},{"@type":"ListItem","position":2,"name":"Acerca do IPIM","item":"https:\/\/www.ipim.gov.mo\/pt-pt\/about-ipim\/"},{"@type":"ListItem","position":3,"name":"Resid\u00eancia Tempor\u00e1ria","item":"https:\/\/www.ipim.gov.mo\/pt-pt\/about-ipim\/temporary-residency\/"},{"@type":"ListItem","position":4,"name":"Pedido de autoriza\u00e7\u00e3o de fixa\u00e7\u00e3o de resid\u00eancia tempor\u00e1ria","item":"https:\/\/www.ipim.gov.mo\/pt-pt\/about-ipim\/temporary-residency\/temporary-residence-permit-application\/"},{"@type":"ListItem","position":5,"name":"Os factores de an\u00e1lise","item":"https:\/\/www.ipim.gov.mo\/pt-pt\/about-ipim\/temporary-residency\/temporary-residence-permit-application\/assessment-criteria\/"},{"@type":"ListItem","position":6,"name":"Os factores de an\u00e1lise a terem em conta para apreciar o pedido de fixa\u00e7\u00e3o de resid\u00eancia tempor\u00e1ria \u2013 investimentos relevantes \uff0fprojectos de investimento relevantes"}]},{"@type":"WebSite","@id":"https:\/\/www.ipim.gov.mo\/zh-hans\/#website","url":"https:\/\/www.ipim.gov.mo\/zh-hans\/","name":"Commerce and Investment Promotion Institute","description":"Commerce and Investment Promotion Institute","publisher":{"@id":"https:\/\/www.ipim.gov.mo\/zh-hans\/#organization"},"potentialAction":[{"@type":"SearchAction","target":{"@type":"EntryPoint","urlTemplate":"https:\/\/www.ipim.gov.mo\/zh-hans\/?s={search_term_string}"},"query-input":{"@type":"PropertyValueSpecification","valueRequired":true,"valueName":"search_term_string"}}],"inLanguage":"pt-PT"},{"@type":"Organization","@id":"https:\/\/www.ipim.gov.mo\/zh-hans\/#organization","name":"IPIM","url":"https:\/\/www.ipim.gov.mo\/zh-hans\/","logo":{"@type":"ImageObject","inLanguage":"pt-PT","@id":"https:\/\/www.ipim.gov.mo\/zh-hans\/#\/schema\/logo\/image\/","url":"https:\/\/www.ipim.gov.mo\/wp-content\/uploads\/2022\/10\/default-post-thumbnail-ipim-logo.png","contentUrl":"https:\/\/www.ipim.gov.mo\/wp-content\/uploads\/2022\/10\/default-post-thumbnail-ipim-logo.png","width":1024,"height":768,"caption":"IPIM"},"image":{"@id":"https:\/\/www.ipim.gov.mo\/zh-hans\/#\/schema\/logo\/image\/"}}]}},"coauthors":[],"author_meta":{"author_link":"https:\/\/www.ipim.gov.mo\/pt-pt\/author\/ipimcontent\/","display_name":"ipimcontent"},"relative_dates":{"created":"Posted 7 years ago","modified":"Updated 10 months ago"},"absolute_dates":{"created":"Posted on Abril 4, 2019","modified":"Updated on Julho 8, 2025"},"absolute_dates_time":{"created":"Posted on Abril 4, 2019 4:29 pm","modified":"Updated on Julho 8, 2025 2:26 am"},"featured_img_caption":"","featured_img":"https:\/\/www.ipim.gov.mo\/wp-content\/uploads\/2024\/07\/ipim-post-default.jpg","series_order":"","_links":{"self":[{"href":"https:\/\/www.ipim.gov.mo\/pt-pt\/wp-json\/wp\/v2\/pages\/260801","targetHints":{"allow":["GET"]}}],"collection":[{"href":"https:\/\/www.ipim.gov.mo\/pt-pt\/wp-json\/wp\/v2\/pages"}],"about":[{"href":"https:\/\/www.ipim.gov.mo\/pt-pt\/wp-json\/wp\/v2\/types\/page"}],"author":[{"embeddable":true,"href":"https:\/\/www.ipim.gov.mo\/pt-pt\/wp-json\/wp\/v2\/users\/56439"}],"replies":[{"embeddable":true,"href":"https:\/\/www.ipim.gov.mo\/pt-pt\/wp-json\/wp\/v2\/comments?post=260801"}],"version-history":[{"count":2,"href":"https:\/\/www.ipim.gov.mo\/pt-pt\/wp-json\/wp\/v2\/pages\/260801\/revisions"}],"predecessor-version":[{"id":495672,"href":"https:\/\/www.ipim.gov.mo\/pt-pt\/wp-json\/wp\/v2\/pages\/260801\/revisions\/495672"}],"up":[{"embeddable":true,"href":"https:\/\/www.ipim.gov.mo\/pt-pt\/wp-json\/wp\/v2\/pages\/260779"}],"wp:featuredmedia":[{"embeddable":true,"href":"https:\/\/www.ipim.gov.mo\/pt-pt\/wp-json\/wp\/v2\/media\/467868"}],"wp:attachment":[{"href":"https:\/\/www.ipim.gov.mo\/pt-pt\/wp-json\/wp\/v2\/media?parent=260801"}],"curies":[{"name":"wp","href":"https:\/\/api.w.org\/{rel}","templated":true}]}}