{"id":260795,"date":"2019-04-04T16:18:43","date_gmt":"2019-04-04T08:18:43","guid":{"rendered":"https:\/\/www.ipim.gov.mo\/pt-pt\/investment-residency-test\/temporary-residence-permit-application\/assessment-criteria\/assessment-criteria-for-temporary-residency-application-management-and-or-technical-personnel\/"},"modified":"2025-07-08T02:23:08","modified_gmt":"2025-07-07T18:23:08","slug":"assessment-criteria-for-temporary-residency-application-management-and-or-technical-personnel","status":"publish","type":"page","link":"https:\/\/www.ipim.gov.mo\/pt-pt\/about-ipim\/temporary-residency\/temporary-residence-permit-application\/assessment-criteria\/assessment-criteria-for-temporary-residency-application-management-and-or-technical-personnel\/","title":{"rendered":"Os factores de an\u00e1lise a terem em conta para apreciar o pedido de fixa\u00e7\u00e3o de resid\u00eancia tempor\u00e1ria \u2013 quadros dirigentes e t\u00e9cnicos especializados considerados de particular interesse"},"content":{"rendered":"\r\n<p>De acordo com o estipulado na al\u00ednea 3) do art.1\u00ba do Regulamento Administrativo no 3\/2005 (Regime de fixa\u00e7\u00e3o deresid\u00eancia tempor\u00e1ria de Investidores, quadros dirigentes e t\u00e9cnicosespecializados), os quadros dirigentes e t\u00e9cnicos especializados contratados por empregadores locais que, por virtude da sua forma\u00e7\u00e3o acad\u00e9mica,qualifica\u00e7\u00e3o ou experi\u00eancia profissional, sejam considerados de particular interesse para a Regi\u00e3o Administrativa Especial de Macau, podem, nos termos desse diploma, requerer autoriza\u00e7\u00e3o de resid\u00eancia tempor\u00e1ria na Regi\u00e3o Administrative Especial de Macau.<\/p>\r\n\r\n\r\n\r\n<h2 class=\"wp-block-heading\">Os factores de an\u00e1lise sobre os quadros dirigentes et\u00e9cnicos especializados que apresentaram para o pedido de autoriza\u00e7\u00e3o deresid\u00eancia tempor\u00e1ria nessa qualidade s\u00e3o<\/h2>\r\n\r\n\r\n\r\n<p>De acordo com o arto 1\u00ba, arto 6\u00ba e arto 7 do Regulamento Administrativo acima mencionado, sobre os &#8220;<br>\r\nQuadros dirigentes e t\u00e9cnicos especializados\u201d, ser\u00e3o tomados em considera\u00e7\u00e3o nas n\u00e3o se limitando aos seguintes crit\u00e9rios:<\/p>\r\n\r\n\r\n\r\n<h3 class=\"wp-block-heading\">1. Qualifica\u00e7\u00e3o Acad\u00e9mica<\/h3>\r\n\r\n\r\n\r\n<p>Em princ\u00edpio, devem possuir o grau de licenciatura ou superior, e as qualifica\u00e7\u00f5es acad\u00e9micas do requerente devem ser reconhecidas pelas entidadesde ensino do pa\u00eds\/regi\u00e3o a que pertence, basicamente, ser\u00e1 ponderado se os interessados, por virtude da sua forma\u00e7\u00e3o acad\u00e9mica, qualifica\u00e7\u00e3o ou experi\u00eancia profissional, sejam considerados de particular interesse para Macau, designadamente, se sejam profissionais,extremamente necess\u00e1rios em Macau.<\/p>\r\n\r\n\r\n\r\n<h3 class=\"wp-block-heading\">2. Qualifica\u00e7\u00e3o Profissional\/Trabalhos acad\u00e9micos\/Pr\u00e9mios<\/h3>\r\n\r\n\r\n\r\n<p>Ser\u00e1 ponderada o grau de qualifica\u00e7\u00e3o profissional, trabalhos acad\u00e9micos e pr\u00e9miosdo requerente se \u00e9 reconhecido internacionalmente\/regionalmente, se o grau de qualifica\u00e7\u00e3o profissional est\u00e1 relacionado com o trabalho que exerce. Em princip\u00edo, \u00e9 vantajoso ao requerente que possui qualifica\u00e7\u00e3o profissional, trabalhos acad\u00e9micos ou pr\u00e9mios de maior relev\u00e2ncia.<\/p>\r\n\r\n\r\n\r\n<h3 class=\"wp-block-heading\">3. Experi\u00eancia Profissional<\/h3>\r\n\r\n\r\n\r\n<p>Seria mais vantajoso quanto mais rica for a experi\u00eancia de gest\u00e3o e trabalhos que correspondem ao grau acad\u00e9mico ou n\u00edvel profissional que o requerente possui.<\/p>\r\n\r\n\r\n\r\n<h3 class=\"wp-block-heading\">4. Cargo que ocupa<\/h3>\r\n\r\n\r\n\r\n<p>Se o requerente exer\u00e7a um cargo profissional ou gerente, de particular interesse para Macau, bem como as informa\u00e7\u00f5es historiais da empresa empregadora,seja de particular interesse para Macau a natureza e dimens\u00e3o das actividades da empresa em apre\u00e7o ser\u00e3o analisadas e ponderadas. Durante a an\u00e1lise,ser\u00e3o tidas em considera\u00e7\u00e3o as qualifica\u00e7\u00f5es do requrente superiores aos candidatos a emprego no mercado de Macau, e se a respectiva ind\u00fastria carece de tais quadros profissionais.<\/p>\r\n\r\n\r\n\r\n<h3 class=\"wp-block-heading\">5. Remunera\u00e7\u00e3o de Base<\/h3>\r\n\r\n\r\n\r\n<p>Em princ\u00edpio, o sal\u00e1rio base do requerente n\u00e3o dever\u00e1 ser inferior ao do sal\u00e1rio mediano da ind\u00fastria em causa \/ valor m\u00e9dio (favor consultar os dados estat\u00edsticos trimestrais dos Servi\u00e7os de Estat\u00edstica e Censos de Macau)<\/p>\r\n\r\n\r\n\r\n<h3 class=\"wp-block-heading\">6. Situa\u00e7\u00e3o geral, seguran\u00e7a e necessidades da RAEM<\/h3>\r\n\r\n\r\n\r\n<p>A eventual situa\u00e7\u00e3o seguinte do requerente, n\u00e3o ser\u00e1 favor\u00e1vel ao seu pedido de fixa\u00e7\u00e3o de resid\u00eancia tempor\u00e1ria:<\/p>\r\n\r\n\r\n\r\n<ol class=\"wp-block-list\"><li>Antecedentes criminais<\/li><li>Comprovado incumprimento das leis da RAEM<\/li><li>Tenha sido expulso nos termos legais<\/li><li>Proibido de entrada, perman\u00eancia ou tr\u00e2nsito, na Regi\u00e3o Administrativa Especial de Macau de acordo com os requisitos dos instrumentos de direito internacional aplic\u00e1veis na RAEM.<\/li><li>Proibido de entrada na RAEM de acordo com as disposi\u00e7\u00f5es legais;<\/li><li>A tentativa de permanecer em curta dura\u00e7\u00f5es para iludir as disposi\u00e7\u00f5es de resid\u00eancia e perman\u00eancia da RAEM, sem justifica\u00e7\u00e3o adequada das entradas frequentes a curto prazo;<\/li><li>Tenha sido condenado \u00e0 pena de pris\u00e3o preventiva em Macau e no exterior;<\/li><li>H\u00e1 fortes ind\u00edcios de ter praticado ou se preparar para a pr\u00e1tica de qualquer crime;<\/li><li>N\u00e3o pode garantir o seu regresso ao local de origem ou existem d\u00favidas evidentes sobre a veracidade do seu documento de viagem, ou n\u00e3o tem meios de subsist\u00eancia adequados durante o per\u00edodo previsto para a sua estadia; ou n\u00e3o possuium t\u00edtulo de transporte para regresso ao seu local de origem.<\/li><\/ol>\r\n","protected":false},"excerpt":{"rendered":"<p>De acordo com o estipulado na al\u00ednea 3) do art.1\u00ba do Regulamento Administrativo no 3\/2005 (Regime de fixa\u00e7\u00e3o deresid\u00eancia tempor\u00e1ria de Investidores, quadros dirigentes e [&hellip;]<\/p>\n","protected":false},"author":56439,"featured_media":467868,"parent":260779,"menu_order":2,"comment_status":"closed","ping_status":"closed","template":"","meta":{"_acf_changed":false,"inline_featured_image":false,"advgb_blocks_editor_width":"","advgb_blocks_columns_visual_guide":"","footnotes":""},"class_list":["post-260795","page","type-page","status-publish","has-post-thumbnail","hentry"],"acf":[],"yoast_head":"<!-- This site is optimized with the Yoast SEO plugin v26.2 - https:\/\/yoast.com\/wordpress\/plugins\/seo\/ -->\r\n<title>Os factores de an\u00e1lise a terem em conta para apreciar o pedido de fixa\u00e7\u00e3o de resid\u00eancia tempor\u00e1ria \u2013 quadros dirigentes e t\u00e9cnicos especializados considerados de particular interesse | Commerce and Investment Promotion Institute<\/title>\r\n<meta name=\"robots\" content=\"index, follow, max-snippet:-1, max-image-preview:large, max-video-preview:-1\" \/>\r\n<link rel=\"canonical\" href=\"https:\/\/www.ipim.gov.mo\/pt-pt\/about-ipim\/temporary-residency\/temporary-residence-permit-application\/assessment-criteria\/assessment-criteria-for-temporary-residency-application-management-and-or-technical-personnel\/\" \/>\r\n<meta property=\"og:locale\" content=\"pt_PT\" \/>\r\n<meta property=\"og:type\" content=\"article\" \/>\r\n<meta property=\"og:title\" content=\"Os factores de an\u00e1lise a terem em conta para apreciar o pedido de fixa\u00e7\u00e3o de resid\u00eancia tempor\u00e1ria \u2013 quadros dirigentes e t\u00e9cnicos especializados considerados de particular interesse | Commerce and Investment Promotion Institute\" \/>\r\n<meta property=\"og:description\" content=\"De acordo com o estipulado na al\u00ednea 3) do art.1\u00ba do Regulamento Administrativo no 3\/2005 (Regime de fixa\u00e7\u00e3o deresid\u00eancia tempor\u00e1ria de Investidores, quadros dirigentes e [&hellip;]\" \/>\r\n<meta property=\"og:url\" content=\"https:\/\/www.ipim.gov.mo\/pt-pt\/about-ipim\/temporary-residency\/temporary-residence-permit-application\/assessment-criteria\/assessment-criteria-for-temporary-residency-application-management-and-or-technical-personnel\/\" \/>\r\n<meta property=\"og:site_name\" content=\"Commerce and Investment Promotion Institute\" \/>\r\n<meta property=\"article:modified_time\" content=\"2025-07-07T18:23:08+00:00\" \/>\r\n<meta property=\"og:image\" content=\"https:\/\/www.ipim.gov.mo\/wp-content\/uploads\/2024\/07\/ipim-post-default.jpg\" \/>\r\n\t<meta property=\"og:image:width\" content=\"1024\" \/>\r\n\t<meta property=\"og:image:height\" content=\"768\" \/>\r\n\t<meta property=\"og:image:type\" content=\"image\/jpeg\" \/>\r\n<meta name=\"twitter:card\" content=\"summary_large_image\" \/>\r\n<meta name=\"twitter:label1\" content=\"Est. reading time\" \/>\n\t<meta name=\"twitter:data1\" content=\"3 minutes\" \/>\r\n<script type=\"application\/ld+json\" class=\"yoast-schema-graph\">{\"@context\":\"https:\/\/schema.org\",\"@graph\":[{\"@type\":\"WebPage\",\"@id\":\"https:\/\/www.ipim.gov.mo\/pt-pt\/about-ipim\/temporary-residency\/temporary-residence-permit-application\/assessment-criteria\/assessment-criteria-for-temporary-residency-application-management-and-or-technical-personnel\/\",\"url\":\"https:\/\/www.ipim.gov.mo\/pt-pt\/about-ipim\/temporary-residency\/temporary-residence-permit-application\/assessment-criteria\/assessment-criteria-for-temporary-residency-application-management-and-or-technical-personnel\/\",\"name\":\"Os factores de an\u00e1lise a terem em conta para apreciar o pedido de fixa\u00e7\u00e3o de resid\u00eancia tempor\u00e1ria \u2013 quadros dirigentes e t\u00e9cnicos especializados considerados de particular interesse | Commerce and Investment Promotion Institute\",\"isPartOf\":{\"@id\":\"https:\/\/www.ipim.gov.mo\/zh-hans\/#website\"},\"primaryImageOfPage\":{\"@id\":\"https:\/\/www.ipim.gov.mo\/pt-pt\/about-ipim\/temporary-residency\/temporary-residence-permit-application\/assessment-criteria\/assessment-criteria-for-temporary-residency-application-management-and-or-technical-personnel\/#primaryimage\"},\"image\":{\"@id\":\"https:\/\/www.ipim.gov.mo\/pt-pt\/about-ipim\/temporary-residency\/temporary-residence-permit-application\/assessment-criteria\/assessment-criteria-for-temporary-residency-application-management-and-or-technical-personnel\/#primaryimage\"},\"thumbnailUrl\":\"https:\/\/www.ipim.gov.mo\/wp-content\/uploads\/2024\/07\/ipim-post-default.jpg\",\"datePublished\":\"2019-04-04T08:18:43+00:00\",\"dateModified\":\"2025-07-07T18:23:08+00:00\",\"breadcrumb\":{\"@id\":\"https:\/\/www.ipim.gov.mo\/pt-pt\/about-ipim\/temporary-residency\/temporary-residence-permit-application\/assessment-criteria\/assessment-criteria-for-temporary-residency-application-management-and-or-technical-personnel\/#breadcrumb\"},\"inLanguage\":\"pt-PT\",\"potentialAction\":[{\"@type\":\"ReadAction\",\"target\":[\"https:\/\/www.ipim.gov.mo\/pt-pt\/about-ipim\/temporary-residency\/temporary-residence-permit-application\/assessment-criteria\/assessment-criteria-for-temporary-residency-application-management-and-or-technical-personnel\/\"]}]},{\"@type\":\"ImageObject\",\"inLanguage\":\"pt-PT\",\"@id\":\"https:\/\/www.ipim.gov.mo\/pt-pt\/about-ipim\/temporary-residency\/temporary-residence-permit-application\/assessment-criteria\/assessment-criteria-for-temporary-residency-application-management-and-or-technical-personnel\/#primaryimage\",\"url\":\"https:\/\/www.ipim.gov.mo\/wp-content\/uploads\/2024\/07\/ipim-post-default.jpg\",\"contentUrl\":\"https:\/\/www.ipim.gov.mo\/wp-content\/uploads\/2024\/07\/ipim-post-default.jpg\",\"width\":1024,\"height\":768},{\"@type\":\"BreadcrumbList\",\"@id\":\"https:\/\/www.ipim.gov.mo\/pt-pt\/about-ipim\/temporary-residency\/temporary-residence-permit-application\/assessment-criteria\/assessment-criteria-for-temporary-residency-application-management-and-or-technical-personnel\/#breadcrumb\",\"itemListElement\":[{\"@type\":\"ListItem\",\"position\":1,\"name\":\"Home\",\"item\":\"https:\/\/www.ipim.gov.mo\/pt-pt\/\"},{\"@type\":\"ListItem\",\"position\":2,\"name\":\"Acerca do IPIM\",\"item\":\"https:\/\/www.ipim.gov.mo\/pt-pt\/about-ipim\/\"},{\"@type\":\"ListItem\",\"position\":3,\"name\":\"Resid\u00eancia Tempor\u00e1ria\",\"item\":\"https:\/\/www.ipim.gov.mo\/pt-pt\/about-ipim\/temporary-residency\/\"},{\"@type\":\"ListItem\",\"position\":4,\"name\":\"Pedido de autoriza\u00e7\u00e3o de fixa\u00e7\u00e3o de resid\u00eancia tempor\u00e1ria\",\"item\":\"https:\/\/www.ipim.gov.mo\/pt-pt\/about-ipim\/temporary-residency\/temporary-residence-permit-application\/\"},{\"@type\":\"ListItem\",\"position\":5,\"name\":\"Os factores de an\u00e1lise\",\"item\":\"https:\/\/www.ipim.gov.mo\/pt-pt\/about-ipim\/temporary-residency\/temporary-residence-permit-application\/assessment-criteria\/\"},{\"@type\":\"ListItem\",\"position\":6,\"name\":\"Os factores de an\u00e1lise a terem em conta para apreciar o pedido de fixa\u00e7\u00e3o de resid\u00eancia tempor\u00e1ria \u2013 quadros dirigentes e t\u00e9cnicos especializados considerados de particular interesse\"}]},{\"@type\":\"WebSite\",\"@id\":\"https:\/\/www.ipim.gov.mo\/zh-hans\/#website\",\"url\":\"https:\/\/www.ipim.gov.mo\/zh-hans\/\",\"name\":\"Commerce and Investment Promotion Institute\",\"description\":\"Commerce and Investment Promotion Institute\",\"publisher\":{\"@id\":\"https:\/\/www.ipim.gov.mo\/zh-hans\/#organization\"},\"potentialAction\":[{\"@type\":\"SearchAction\",\"target\":{\"@type\":\"EntryPoint\",\"urlTemplate\":\"https:\/\/www.ipim.gov.mo\/zh-hans\/?s={search_term_string}\"},\"query-input\":{\"@type\":\"PropertyValueSpecification\",\"valueRequired\":true,\"valueName\":\"search_term_string\"}}],\"inLanguage\":\"pt-PT\"},{\"@type\":\"Organization\",\"@id\":\"https:\/\/www.ipim.gov.mo\/zh-hans\/#organization\",\"name\":\"IPIM\",\"url\":\"https:\/\/www.ipim.gov.mo\/zh-hans\/\",\"logo\":{\"@type\":\"ImageObject\",\"inLanguage\":\"pt-PT\",\"@id\":\"https:\/\/www.ipim.gov.mo\/zh-hans\/#\/schema\/logo\/image\/\",\"url\":\"https:\/\/www.ipim.gov.mo\/wp-content\/uploads\/2022\/10\/default-post-thumbnail-ipim-logo.png\",\"contentUrl\":\"https:\/\/www.ipim.gov.mo\/wp-content\/uploads\/2022\/10\/default-post-thumbnail-ipim-logo.png\",\"width\":1024,\"height\":768,\"caption\":\"IPIM\"},\"image\":{\"@id\":\"https:\/\/www.ipim.gov.mo\/zh-hans\/#\/schema\/logo\/image\/\"}}]}<\/script>\r\n<!-- \/ Yoast SEO plugin. -->","yoast_head_json":{"title":"Os factores de an\u00e1lise a terem em conta para apreciar o pedido de fixa\u00e7\u00e3o de resid\u00eancia tempor\u00e1ria \u2013 quadros dirigentes e t\u00e9cnicos especializados considerados de particular interesse | Commerce and Investment Promotion Institute","robots":{"index":"index","follow":"follow","max-snippet":"max-snippet:-1","max-image-preview":"max-image-preview:large","max-video-preview":"max-video-preview:-1"},"canonical":"https:\/\/www.ipim.gov.mo\/pt-pt\/about-ipim\/temporary-residency\/temporary-residence-permit-application\/assessment-criteria\/assessment-criteria-for-temporary-residency-application-management-and-or-technical-personnel\/","og_locale":"pt_PT","og_type":"article","og_title":"Os factores de an\u00e1lise a terem em conta para apreciar o pedido de fixa\u00e7\u00e3o de resid\u00eancia tempor\u00e1ria \u2013 quadros dirigentes e t\u00e9cnicos especializados considerados de particular interesse | Commerce and Investment Promotion Institute","og_description":"De acordo com o estipulado na al\u00ednea 3) do art.1\u00ba do Regulamento Administrativo no 3\/2005 (Regime de fixa\u00e7\u00e3o deresid\u00eancia tempor\u00e1ria de Investidores, quadros dirigentes e [&hellip;]","og_url":"https:\/\/www.ipim.gov.mo\/pt-pt\/about-ipim\/temporary-residency\/temporary-residence-permit-application\/assessment-criteria\/assessment-criteria-for-temporary-residency-application-management-and-or-technical-personnel\/","og_site_name":"Commerce and Investment Promotion Institute","article_modified_time":"2025-07-07T18:23:08+00:00","og_image":[{"width":1024,"height":768,"url":"https:\/\/www.ipim.gov.mo\/wp-content\/uploads\/2024\/07\/ipim-post-default.jpg","type":"image\/jpeg"}],"twitter_card":"summary_large_image","twitter_misc":{"Est. reading time":"3 minutes"},"schema":{"@context":"https:\/\/schema.org","@graph":[{"@type":"WebPage","@id":"https:\/\/www.ipim.gov.mo\/pt-pt\/about-ipim\/temporary-residency\/temporary-residence-permit-application\/assessment-criteria\/assessment-criteria-for-temporary-residency-application-management-and-or-technical-personnel\/","url":"https:\/\/www.ipim.gov.mo\/pt-pt\/about-ipim\/temporary-residency\/temporary-residence-permit-application\/assessment-criteria\/assessment-criteria-for-temporary-residency-application-management-and-or-technical-personnel\/","name":"Os factores de an\u00e1lise a terem em conta para apreciar o pedido de fixa\u00e7\u00e3o de resid\u00eancia tempor\u00e1ria \u2013 quadros dirigentes e t\u00e9cnicos especializados considerados de particular interesse | Commerce and Investment Promotion Institute","isPartOf":{"@id":"https:\/\/www.ipim.gov.mo\/zh-hans\/#website"},"primaryImageOfPage":{"@id":"https:\/\/www.ipim.gov.mo\/pt-pt\/about-ipim\/temporary-residency\/temporary-residence-permit-application\/assessment-criteria\/assessment-criteria-for-temporary-residency-application-management-and-or-technical-personnel\/#primaryimage"},"image":{"@id":"https:\/\/www.ipim.gov.mo\/pt-pt\/about-ipim\/temporary-residency\/temporary-residence-permit-application\/assessment-criteria\/assessment-criteria-for-temporary-residency-application-management-and-or-technical-personnel\/#primaryimage"},"thumbnailUrl":"https:\/\/www.ipim.gov.mo\/wp-content\/uploads\/2024\/07\/ipim-post-default.jpg","datePublished":"2019-04-04T08:18:43+00:00","dateModified":"2025-07-07T18:23:08+00:00","breadcrumb":{"@id":"https:\/\/www.ipim.gov.mo\/pt-pt\/about-ipim\/temporary-residency\/temporary-residence-permit-application\/assessment-criteria\/assessment-criteria-for-temporary-residency-application-management-and-or-technical-personnel\/#breadcrumb"},"inLanguage":"pt-PT","potentialAction":[{"@type":"ReadAction","target":["https:\/\/www.ipim.gov.mo\/pt-pt\/about-ipim\/temporary-residency\/temporary-residence-permit-application\/assessment-criteria\/assessment-criteria-for-temporary-residency-application-management-and-or-technical-personnel\/"]}]},{"@type":"ImageObject","inLanguage":"pt-PT","@id":"https:\/\/www.ipim.gov.mo\/pt-pt\/about-ipim\/temporary-residency\/temporary-residence-permit-application\/assessment-criteria\/assessment-criteria-for-temporary-residency-application-management-and-or-technical-personnel\/#primaryimage","url":"https:\/\/www.ipim.gov.mo\/wp-content\/uploads\/2024\/07\/ipim-post-default.jpg","contentUrl":"https:\/\/www.ipim.gov.mo\/wp-content\/uploads\/2024\/07\/ipim-post-default.jpg","width":1024,"height":768},{"@type":"BreadcrumbList","@id":"https:\/\/www.ipim.gov.mo\/pt-pt\/about-ipim\/temporary-residency\/temporary-residence-permit-application\/assessment-criteria\/assessment-criteria-for-temporary-residency-application-management-and-or-technical-personnel\/#breadcrumb","itemListElement":[{"@type":"ListItem","position":1,"name":"Home","item":"https:\/\/www.ipim.gov.mo\/pt-pt\/"},{"@type":"ListItem","position":2,"name":"Acerca do IPIM","item":"https:\/\/www.ipim.gov.mo\/pt-pt\/about-ipim\/"},{"@type":"ListItem","position":3,"name":"Resid\u00eancia Tempor\u00e1ria","item":"https:\/\/www.ipim.gov.mo\/pt-pt\/about-ipim\/temporary-residency\/"},{"@type":"ListItem","position":4,"name":"Pedido de autoriza\u00e7\u00e3o de fixa\u00e7\u00e3o de resid\u00eancia tempor\u00e1ria","item":"https:\/\/www.ipim.gov.mo\/pt-pt\/about-ipim\/temporary-residency\/temporary-residence-permit-application\/"},{"@type":"ListItem","position":5,"name":"Os factores de an\u00e1lise","item":"https:\/\/www.ipim.gov.mo\/pt-pt\/about-ipim\/temporary-residency\/temporary-residence-permit-application\/assessment-criteria\/"},{"@type":"ListItem","position":6,"name":"Os factores de an\u00e1lise a terem em conta para apreciar o pedido de fixa\u00e7\u00e3o de resid\u00eancia tempor\u00e1ria \u2013 quadros dirigentes e t\u00e9cnicos especializados considerados de particular interesse"}]},{"@type":"WebSite","@id":"https:\/\/www.ipim.gov.mo\/zh-hans\/#website","url":"https:\/\/www.ipim.gov.mo\/zh-hans\/","name":"Commerce and Investment Promotion Institute","description":"Commerce and Investment Promotion Institute","publisher":{"@id":"https:\/\/www.ipim.gov.mo\/zh-hans\/#organization"},"potentialAction":[{"@type":"SearchAction","target":{"@type":"EntryPoint","urlTemplate":"https:\/\/www.ipim.gov.mo\/zh-hans\/?s={search_term_string}"},"query-input":{"@type":"PropertyValueSpecification","valueRequired":true,"valueName":"search_term_string"}}],"inLanguage":"pt-PT"},{"@type":"Organization","@id":"https:\/\/www.ipim.gov.mo\/zh-hans\/#organization","name":"IPIM","url":"https:\/\/www.ipim.gov.mo\/zh-hans\/","logo":{"@type":"ImageObject","inLanguage":"pt-PT","@id":"https:\/\/www.ipim.gov.mo\/zh-hans\/#\/schema\/logo\/image\/","url":"https:\/\/www.ipim.gov.mo\/wp-content\/uploads\/2022\/10\/default-post-thumbnail-ipim-logo.png","contentUrl":"https:\/\/www.ipim.gov.mo\/wp-content\/uploads\/2022\/10\/default-post-thumbnail-ipim-logo.png","width":1024,"height":768,"caption":"IPIM"},"image":{"@id":"https:\/\/www.ipim.gov.mo\/zh-hans\/#\/schema\/logo\/image\/"}}]}},"coauthors":[],"author_meta":{"author_link":"https:\/\/www.ipim.gov.mo\/pt-pt\/author\/ipimcontent\/","display_name":"ipimcontent"},"relative_dates":{"created":"Posted 7 years ago","modified":"Updated 10 months ago"},"absolute_dates":{"created":"Posted on Abril 4, 2019","modified":"Updated on Julho 8, 2025"},"absolute_dates_time":{"created":"Posted on Abril 4, 2019 4:18 pm","modified":"Updated on Julho 8, 2025 2:23 am"},"featured_img_caption":"","featured_img":"https:\/\/www.ipim.gov.mo\/wp-content\/uploads\/2024\/07\/ipim-post-default.jpg","series_order":"","_links":{"self":[{"href":"https:\/\/www.ipim.gov.mo\/pt-pt\/wp-json\/wp\/v2\/pages\/260795","targetHints":{"allow":["GET"]}}],"collection":[{"href":"https:\/\/www.ipim.gov.mo\/pt-pt\/wp-json\/wp\/v2\/pages"}],"about":[{"href":"https:\/\/www.ipim.gov.mo\/pt-pt\/wp-json\/wp\/v2\/types\/page"}],"author":[{"embeddable":true,"href":"https:\/\/www.ipim.gov.mo\/pt-pt\/wp-json\/wp\/v2\/users\/56439"}],"replies":[{"embeddable":true,"href":"https:\/\/www.ipim.gov.mo\/pt-pt\/wp-json\/wp\/v2\/comments?post=260795"}],"version-history":[{"count":1,"href":"https:\/\/www.ipim.gov.mo\/pt-pt\/wp-json\/wp\/v2\/pages\/260795\/revisions"}],"predecessor-version":[{"id":495657,"href":"https:\/\/www.ipim.gov.mo\/pt-pt\/wp-json\/wp\/v2\/pages\/260795\/revisions\/495657"}],"up":[{"embeddable":true,"href":"https:\/\/www.ipim.gov.mo\/pt-pt\/wp-json\/wp\/v2\/pages\/260779"}],"wp:featuredmedia":[{"embeddable":true,"href":"https:\/\/www.ipim.gov.mo\/pt-pt\/wp-json\/wp\/v2\/media\/467868"}],"wp:attachment":[{"href":"https:\/\/www.ipim.gov.mo\/pt-pt\/wp-json\/wp\/v2\/media?parent=260795"}],"curies":[{"name":"wp","href":"https:\/\/api.w.org\/{rel}","templated":true}]}}