{"id":254106,"date":"2019-01-25T18:06:59","date_gmt":"2019-01-25T10:06:59","guid":{"rendered":"https:\/\/www.ipim.gov.mo\/pt-pt\/gba\/contact-us\/"},"modified":"2025-07-09T18:39:08","modified_gmt":"2025-07-09T10:39:08","slug":"contact-us","status":"publish","type":"page","link":"https:\/\/www.ipim.gov.mo\/pt-pt\/ghmetcip\/contact-us\/","title":{"rendered":"Contacte-nos"},"content":{"rendered":"<h2 class=\"wp-block-heading\">Contactem-nos<\/h2>\r\n<!-- \/wp:post-content -->\r\n\r\n<!-- wp:table {\"className\":\"mobile-block\"} -->\r\n<figure class=\"wp-block-table mobile-block\">\r\n<table>\r\n<tbody>\r\n<tr>\r\n<th>Instituto de Promo\u00e7\u00e3o do Com\u00e9rcio e do Investimento<\/th>\r\n<td>Tel: (853) 2871 0300<br \/>Fax: (853) 2859 0309<br \/>E-mail: <a href=\"mailto:ipim@ipim.gov.mo\" target=\"_blank\" rel=\"noopener\">ipim@ipim.gov.mo<\/a><br \/>Endere\u00e7o: Rua Sul de Entre Lagos, Complexo da Plataforma de Servi\u00e7os para a Coopera\u00e7\u00e3o Comercial entre a China e os Pa\u00edses de L\u00edngua Portuguesa, Edif\u00edcio de escrit\u00f3rio, 1.\u00ba &#8211; 3.\u00ba andar, Macau<\/td>\r\n<\/tr>\r\n<\/tbody>\r\n<\/table>\r\n<\/figure>\r\n<!-- \/wp:table -->\r\n\r\n<!-- wp:heading {\"advgbBlockControls\":[]} -->\r\n\r\n<!-- wp:table {\"className\":\"mobile-block\"} \/-->\r\n\r\n<!-- wp:heading {\"advgbBlockControls\":[]} -->\r\n<h2 class=\"wp-block-heading\">Servi\u00e7os Externos<\/h2>\r\n<!-- \/wp:heading -->\r\n\r\n<!-- wp:table {\"className\":\"mobile-block\"} -->\r\n<figure class=\"wp-block-table mobile-block\">\r\n<table>\r\n<tbody>\r\n<tr>\r\n<th><strong>*Departamento dos Assuntos de Capta\u00e7\u00e3o de Investimento e de Desenvolvimento Econ\u00f3mico e Comercial<\/strong><\/th>\r\n<td>Tel: (853) 2872 8328<br \/>Fax: (853) 2872 7506<br \/>E-mail: <a href=\"mailto:onestopservice@ipim.gov.mo\" target=\"_blank\" rel=\"noopener\">onestopservice@ipim.gov.mo<\/a><br \/>Endere\u00e7o: Rua Sul de Entre Lagos, Complexo da Plataforma de Servi\u00e7os para a Coopera\u00e7\u00e3o Comercial entre a China e os Pa\u00edses de L\u00edngua Portuguesa, Edif\u00edcio de escrit\u00f3rio, 1.\u00ba \u2013 3.\u00ba andar, Macau<\/td>\r\n<\/tr>\r\n<tr>\r\n<th>Divis\u00e3o de Promo\u00e7\u00e3o de Investimento<\/th>\r\n<td>Tel: (853) 2872 8328<br \/>Fax: (853) 2872 7506<br \/>E-mail: <a href=\"mailto:onestopservice@ipim.gov.mo\" target=\"_blank\" rel=\"noopener\">onestopservice@ipim.gov.mo<\/a><br \/>Endere\u00e7o: Rua Sul de Entre Lagos, Complexo da Plataforma de Servi\u00e7os para a Coopera\u00e7\u00e3o Comercial entre a China e os Pa\u00edses de L\u00edngua Portuguesa, Edif\u00edcio de escrit\u00f3rio, 1.\u00ba \u2013 3.\u00ba andar, Macau<\/td>\r\n<\/tr>\r\n<tr>\r\n<th>Divis\u00e3o de Desenvolvimento Econ\u00f3mico, Comercial e Empresarial<\/th>\r\n<td>Tel: (853) 2872 8212<br \/>Fax: (853) 2872 8213<br \/>E-mail: <a href=\"mailto:ece@ipim.gov.mo\" target=\"_blank\" rel=\"noopener\">ece@ipim.gov.mo<\/a><br \/>Endere\u00e7o: Rua Sul de Entre Lagos, Complexo da Plataforma de Servi\u00e7os para a Coopera\u00e7\u00e3o Comercial entre a China e os Pa\u00edses de L\u00edngua Portuguesa, Edif\u00edcio de escrit\u00f3rio, 1.\u00ba \u2013 3.\u00ba andar, Macau<\/td>\r\n<\/tr>\r\n<tr>\r\n<th><strong>*Departamento de Desenvolvimento de Conven\u00e7\u00f5es e Exposi\u00e7\u00f5es e de Actividades Promocionais<\/strong><\/th>\r\n<td>Tel: (853) 8798 9710<br \/>Fax: (853) 2872 6777<br \/>E-mail: <a href=\"mailto:ipim@ipim.gov.mo\" target=\"_blank\" rel=\"noopener\">ipim@ipim.gov.mo<\/a> <br \/>Endere\u00e7o: Rua Sul de Entre Lagos, Complexo da Plataforma de Servi\u00e7os para a Coopera\u00e7\u00e3o Comercial entre a China e os Pa\u00edses de L\u00edngua Portuguesa, Edif\u00edcio de escrit\u00f3rio, 1.\u00ba \u2013 3.\u00ba andar, Macau<\/td>\r\n<\/tr>\r\n<tr>\r\n<th>Divis\u00e3o de Desenvolvimento da Ind\u00fastria de Conven\u00e7\u00f5es e Exposi\u00e7\u00f5es<\/th>\r\n<td>Tel: (853) 6210 6655<br \/>Fax: (853) 2872 6777<br \/>E-mail: <a href=\"mailto:mice-onestop@ipim.gov.mo\" target=\"_blank\" rel=\"noopener\">mice-onestop@ipim.gov.mo<\/a><br \/>Endere\u00e7o: Rua Sul de Entre Lagos, Complexo da Plataforma de Servi\u00e7os para a Coopera\u00e7\u00e3o Comercial entre a China e os Pa\u00edses de L\u00edngua Portuguesa, Edif\u00edcio de escrit\u00f3rio, 1.\u00ba \u2013 3.\u00ba andar, Macau<\/td>\r\n<\/tr>\r\n<tr>\r\n<th>Divis\u00e3o de Promo\u00e7\u00e3o de Actividades<\/th>\r\n<td>Tel: (853) 8798 9732<br \/>Fax: (853) 2872 6777<br \/>E-mail: <a href=\"mailto:pa@ipim.gov.mo\">pa@ipim.gov.mo<\/a><br \/>Endere\u00e7o: Rua Sul de Entre Lagos, Complexo da Plataforma de Servi\u00e7os para a Coopera\u00e7\u00e3o Comercial entre a China e os Pa\u00edses de L\u00edngua Portuguesa, Edif\u00edcio de escrit\u00f3rio, 1.\u00ba \u2013 3.\u00ba andar, Macau<\/td>\r\n<\/tr>\r\n<tr>\r\n<th><strong>*Departamento de Apoio ao Secretariado Permanente do F\u00f3rum de Macau e Promo\u00e7\u00e3o dos Mercados Lus\u00f3fonos<\/strong><\/th>\r\n<td>Tel: (853) 8798 9724<br \/>Fax: (853) 2872 7123<br \/>E-mail: <a href=\"mailto:daspf@ipim.gov.mo\">daspf@ipim.gov.mo<\/a><br \/>Endere\u00e7o: Rua Sul de Entre Lagos, Complexo da Plataforma de Servi\u00e7os para a Coopera\u00e7\u00e3o Comercial entre a China e os Pa\u00edses de L\u00edngua Portuguesa, Edif\u00edcio de escrit\u00f3rio, 1.\u00ba \u2013 3.\u00ba andar, Macau<\/td>\r\n<\/tr>\r\n<tr>\r\n<th>Divis\u00e3o de Apoio Geral do F\u00f3rum de Macau<\/th>\r\n<td>Tel: (853) 8791 3333<br \/>Fax: (853) 2872 8283<br \/>E-mail: <a href=\"mailto:edoc@gfce.gov.mo\" target=\"_blank\" rel=\"noopener\">edoc@gfce.gov.mo<\/a><br \/>Endere\u00e7o: Rua Sul de Entre Lagos, Complexo da Plataforma de Servi\u00e7os para a Coopera\u00e7\u00e3o Comercial entre a China e os Pa\u00edses de L\u00edngua Portuguesa, Edif\u00edcio de escrit\u00f3rio, 1.\u00ba \u2013 3.\u00ba andar, Macau<\/td>\r\n<\/tr>\r\n<tr>\r\n<th>Divis\u00e3o dos Assuntos Jur\u00eddicos<\/th>\r\n<td>\r\n<p>Tel: (853) 2871 2055<br \/>Fax: (853) 2871 3950<br \/>E-mail: <a href=\"mailto:aj@ipim.gov.mo\">aj@ipim.gov.mo<\/a><br \/>Endere\u00e7o: Rua Sul de Entre Lagos, Complexo da Plataforma de Servi\u00e7os para a Coopera\u00e7\u00e3o Comercial entre a China e os Pa\u00edses de L\u00edngua Portuguesa, Edif\u00edcio de escrit\u00f3rio, 1.\u00ba &#8211; 3.\u00ba andar, Macau<\/p>\r\n<p class=\"has-vivid-red-color has-text-color\">Caso seja requerente da autoriza\u00e7\u00e3o de resid\u00eancia tempor\u00e1ria, junto deste Instituto (IPIM), \u00e9 favor preencher, no seu email\/carta \u00e0 Divis\u00e3o dos Assuntos Jur\u00eddicos do IPIM, o seu n\u00famero de refer\u00eancia e meios de contacto, para efeitos do nosso acompanhamento e resposta<\/p>\r\n<\/td>\r\n<\/tr>\r\n<tr>\r\n<th>Macao Ideas<\/th>\r\n<td>Tel: (853) 2872 8212<br \/>Fax: (853) 2872 8213<br \/>E-mail: <a href=\"mailto:macaoideas@ipim.gov.mo\" target=\"_blank\" rel=\"noopener\">macaoideas@ipim.gov.mo<\/a><br \/>Endere\u00e7o: Rua Sul de Entre Lagos,Complexo da Plataforma de Servi\u00e7os para a Coopera\u00e7\u00e3o Comercial entre a China e os Pa\u00edses de L\u00ednguaPortuguesa, Edif\u00edcio de escrit\u00f3rio, 1.\u00ba &#8211; 3.\u00ba andar, Macau<\/td>\r\n<\/tr>\r\n<tr>\r\n<th>Pavilh\u00e3o de Exposi\u00e7\u00e3o da Plataforma de Servi\u00e7os para a Coopera\u00e7\u00e3o Comercial entre a China e os Pa\u00edses de L\u00edngua Portuguesa<\/th>\r\n<td>Tel: (853) 2836 6814<br \/>E-mail: <a href=\"mailto:daspf@ipim.gov.mo\">daspf@ipim.gov.mo<\/a><br \/>Endere\u00e7o: Rua Sul de Entre Lagos, Complexo da Plataformade Servi\u00e7os para a Coopera\u00e7\u00e3o Comercial entre a China e os Pa\u00edses de L\u00edngua Portuguesa, cave 1,Macau<\/td>\r\n<\/tr>\r\n<\/tbody>\r\n<\/table>\r\n<\/figure>\r\n<!-- \/wp:table -->\r\n\r\n<!-- wp:paragraph -->\r\n<h2><strong>Hor\u00e1rio de Servi\u00e7o:<\/strong><\/h2>\r\n<p>De Segunda-feira a Quinta-feira : 9:00-13:00 , 14:30-17:45<br \/>Sexta-feira : 9:00-13:00 , 14:30-17:30<\/p>\r\n<!-- \/wp:paragraph -->\r\n\r\n<!-- wp:paragraph \/-->\r\n\r\n<!-- wp:table \/-->\r\n\r\n<!-- wp:paragraph -->\r\n<p>Para eventuais sugest\u00f5es acerca da nossa p\u00e1gina, favor de <a href=\"mailto:ipim@ipim.gov.mo\">contactar &#8211; nos<\/a><\/p>\r\n<!-- \/wp:paragraph -->\r\n\r\n<!-- wp:heading {\"advgbBlockControls\":[]} -->\r\n<h2 class=\"wp-block-heading\">Gabinetes de Representa\u00e7\u00e3o no Interior da China<\/h2>\r\n<!-- \/wp:heading -->\r\n\r\n<!-- wp:table {\"className\":\"mobile-block\"} -->\r\n<figure class=\"wp-block-table mobile-block\">\r\n<table>\r\n<tbody>\r\n<tr>\r\n<th>Gabinete de Representa\u00e7\u00e3o em Hangzhou<\/th>\r\n<td>Endere\u00e7o: Room 707, Block B, Complex Building of\u00a0Zhejiang Foreign Trade and Economics, No. 468Yan\u2019an Rd, Hangzhou, Zhejiang Province, P.R. China, Area Code: 310006<br \/>Tel: 86-571-28257336<br \/>Fax: 86-571-2825 7350<br \/>E-mail: <a href=\"mailto:info_hz@ipim.gov.mo\">info_hz@ipim.gov.mo<\/a><\/td>\r\n<\/tr>\r\n<tr>\r\n<th>Gabinete de Representa\u00e7\u00e3o em Chengdu<\/th>\r\n<td>Endere\u00e7o: #506, Sheraton Chengdu Lido Hotel, #15, Section 1, Ren Min Zhong Road, Chengdu, SichuanProvince, Postal Code :610015<br \/>Tel: 86-28-8626 2305<br \/>Fax: 86-28-8626 2735<br \/>E-mail: <a href=\"mailto:info_cd@ipim.gov.mo\">info_cd@ipim.gov.mo<\/a><\/td>\r\n<\/tr>\r\n<tr>\r\n<th>Gabinete de Representa\u00e7\u00e3o em Shenyang<\/th>\r\n<td>Endere\u00e7o: Room1905, Enterprise Square Tower B, 125Qingnian Street, Shenhe District, Shenyang,Liaoning, China, Postal Code :110016<br \/>Tel: 86-24-2251 8733<br \/>Fax: 86-24-2251 8722<br \/>E-mail: <a href=\"mailto:info_sy@ipim.gov.mo\">info_sy@ipim.gov.mo<\/a><\/td>\r\n<\/tr>\r\n<tr>\r\n<th>Gabinete de Representa\u00e7\u00e3o em Fuzhou<\/th>\r\n<td>Endere\u00e7o: Room 3402-2, SUC, No.55, Zhenwu Rd, Fuzhou, China, Postal Code: 350004<br \/>Tel: 86-591-87808660<br \/>Fax: 86-591-2220 6788<br \/>E-mail: <a href=\"mailto:info_fz@ipim.gov.mo\">info_fz@ipim.gov.mo<\/a><\/td>\r\n<\/tr>\r\n<tr>\r\n<th>Gabinete de Representa\u00e7\u00e3o em Guangzhou<\/th>\r\n<td>Endere\u00e7o: Room 3306A, Pearl River Tower, No.15 Zhujiang West Road, Tianhe District, Guangzhou, P.R.China, P.C: 510623<br \/>Tel: 86-20-2811 0804<br \/>Fax: 86-20-2811 0805<br \/>E-mail: <a href=\"mailto:info_fz@ipim.gov.mo\">info_gz@ipim.gov.mo<\/a><\/td>\r\n<\/tr>\r\n<tr>\r\n<th>Gabinete de Representa\u00e7\u00e3o em Wuhan<\/th>\r\n<td>Endere\u00e7o: Room 601, Wuhan Tiandi-corporate Center 5, No. 1628 Wuhan, Hubei, PR.China, Postal Code:430010<br \/>Tel: 86-27-8228 8577<br \/>Fax: 86-27-8226 7927<br \/>E-mail: <a href=\"mailto:info_fz@ipim.gov.mo\">info_wh@ipim.gov.mo<\/a><\/td>\r\n<\/tr>\r\n<\/tbody>\r\n<\/table>\r\n<\/figure>\r\n<!-- \/wp:table -->\n","protected":false},"excerpt":{"rendered":"","protected":false},"author":56439,"featured_media":467868,"parent":253936,"menu_order":6,"comment_status":"closed","ping_status":"closed","template":"template-gba.php","meta":{"_acf_changed":false,"inline_featured_image":false,"advgb_blocks_editor_width":"","advgb_blocks_columns_visual_guide":"","footnotes":""},"class_list":["post-254106","page","type-page","status-publish","has-post-thumbnail","hentry"],"acf":[],"yoast_head":"<!-- This site is optimized with the Yoast SEO plugin v26.2 - https:\/\/yoast.com\/wordpress\/plugins\/seo\/ -->\r\n<title>Contacte-nos | Commerce and Investment Promotion Institute<\/title>\r\n<meta name=\"robots\" content=\"index, follow, max-snippet:-1, max-image-preview:large, max-video-preview:-1\" \/>\r\n<link rel=\"canonical\" href=\"https:\/\/www.ipim.gov.mo\/pt-pt\/ghmetcip\/contact-us\/\" \/>\r\n<meta property=\"og:locale\" content=\"pt_PT\" \/>\r\n<meta property=\"og:type\" content=\"article\" \/>\r\n<meta property=\"og:title\" content=\"Contacte-nos | Commerce and Investment Promotion Institute\" \/>\r\n<meta property=\"og:url\" content=\"https:\/\/www.ipim.gov.mo\/pt-pt\/ghmetcip\/contact-us\/\" \/>\r\n<meta property=\"og:site_name\" content=\"Commerce and Investment Promotion Institute\" \/>\r\n<meta property=\"article:modified_time\" content=\"2025-07-09T10:39:08+00:00\" \/>\r\n<meta property=\"og:image\" content=\"https:\/\/www.ipim.gov.mo\/wp-content\/uploads\/2024\/07\/ipim-post-default.jpg\" \/>\r\n\t<meta property=\"og:image:width\" content=\"1024\" \/>\r\n\t<meta property=\"og:image:height\" content=\"768\" \/>\r\n\t<meta property=\"og:image:type\" content=\"image\/jpeg\" \/>\r\n<meta name=\"twitter:card\" content=\"summary_large_image\" \/>\r\n<meta name=\"twitter:label1\" content=\"Est. reading time\" \/>\n\t<meta name=\"twitter:data1\" content=\"1 minute\" \/>\r\n<script type=\"application\/ld+json\" class=\"yoast-schema-graph\">{\"@context\":\"https:\/\/schema.org\",\"@graph\":[{\"@type\":\"WebPage\",\"@id\":\"https:\/\/www.ipim.gov.mo\/pt-pt\/ghmetcip\/contact-us\/\",\"url\":\"https:\/\/www.ipim.gov.mo\/pt-pt\/ghmetcip\/contact-us\/\",\"name\":\"Contacte-nos | Commerce and Investment Promotion Institute\",\"isPartOf\":{\"@id\":\"https:\/\/www.ipim.gov.mo\/zh-hans\/#website\"},\"primaryImageOfPage\":{\"@id\":\"https:\/\/www.ipim.gov.mo\/pt-pt\/ghmetcip\/contact-us\/#primaryimage\"},\"image\":{\"@id\":\"https:\/\/www.ipim.gov.mo\/pt-pt\/ghmetcip\/contact-us\/#primaryimage\"},\"thumbnailUrl\":\"https:\/\/www.ipim.gov.mo\/wp-content\/uploads\/2024\/07\/ipim-post-default.jpg\",\"datePublished\":\"2019-01-25T10:06:59+00:00\",\"dateModified\":\"2025-07-09T10:39:08+00:00\",\"breadcrumb\":{\"@id\":\"https:\/\/www.ipim.gov.mo\/pt-pt\/ghmetcip\/contact-us\/#breadcrumb\"},\"inLanguage\":\"pt-PT\",\"potentialAction\":[{\"@type\":\"ReadAction\",\"target\":[\"https:\/\/www.ipim.gov.mo\/pt-pt\/ghmetcip\/contact-us\/\"]}]},{\"@type\":\"ImageObject\",\"inLanguage\":\"pt-PT\",\"@id\":\"https:\/\/www.ipim.gov.mo\/pt-pt\/ghmetcip\/contact-us\/#primaryimage\",\"url\":\"https:\/\/www.ipim.gov.mo\/wp-content\/uploads\/2024\/07\/ipim-post-default.jpg\",\"contentUrl\":\"https:\/\/www.ipim.gov.mo\/wp-content\/uploads\/2024\/07\/ipim-post-default.jpg\",\"width\":1024,\"height\":768},{\"@type\":\"BreadcrumbList\",\"@id\":\"https:\/\/www.ipim.gov.mo\/pt-pt\/ghmetcip\/contact-us\/#breadcrumb\",\"itemListElement\":[{\"@type\":\"ListItem\",\"position\":1,\"name\":\"Home\",\"item\":\"https:\/\/www.ipim.gov.mo\/pt-pt\/\"},{\"@type\":\"ListItem\",\"position\":2,\"name\":\"Plataforma Econ\u00f3mica e Comercial Guangdong-Hong Kong-Macau\",\"item\":\"https:\/\/www.ipim.gov.mo\/pt-pt\/ghmetcip\/\"},{\"@type\":\"ListItem\",\"position\":3,\"name\":\"Contacte-nos\"}]},{\"@type\":\"WebSite\",\"@id\":\"https:\/\/www.ipim.gov.mo\/zh-hans\/#website\",\"url\":\"https:\/\/www.ipim.gov.mo\/zh-hans\/\",\"name\":\"Commerce and Investment Promotion Institute\",\"description\":\"Commerce and Investment Promotion Institute\",\"publisher\":{\"@id\":\"https:\/\/www.ipim.gov.mo\/zh-hans\/#organization\"},\"potentialAction\":[{\"@type\":\"SearchAction\",\"target\":{\"@type\":\"EntryPoint\",\"urlTemplate\":\"https:\/\/www.ipim.gov.mo\/zh-hans\/?s={search_term_string}\"},\"query-input\":{\"@type\":\"PropertyValueSpecification\",\"valueRequired\":true,\"valueName\":\"search_term_string\"}}],\"inLanguage\":\"pt-PT\"},{\"@type\":\"Organization\",\"@id\":\"https:\/\/www.ipim.gov.mo\/zh-hans\/#organization\",\"name\":\"IPIM\",\"url\":\"https:\/\/www.ipim.gov.mo\/zh-hans\/\",\"logo\":{\"@type\":\"ImageObject\",\"inLanguage\":\"pt-PT\",\"@id\":\"https:\/\/www.ipim.gov.mo\/zh-hans\/#\/schema\/logo\/image\/\",\"url\":\"https:\/\/www.ipim.gov.mo\/wp-content\/uploads\/2022\/10\/default-post-thumbnail-ipim-logo.png\",\"contentUrl\":\"https:\/\/www.ipim.gov.mo\/wp-content\/uploads\/2022\/10\/default-post-thumbnail-ipim-logo.png\",\"width\":1024,\"height\":768,\"caption\":\"IPIM\"},\"image\":{\"@id\":\"https:\/\/www.ipim.gov.mo\/zh-hans\/#\/schema\/logo\/image\/\"}}]}<\/script>\r\n<!-- \/ Yoast SEO plugin. -->","yoast_head_json":{"title":"Contacte-nos | Commerce and Investment Promotion Institute","robots":{"index":"index","follow":"follow","max-snippet":"max-snippet:-1","max-image-preview":"max-image-preview:large","max-video-preview":"max-video-preview:-1"},"canonical":"https:\/\/www.ipim.gov.mo\/pt-pt\/ghmetcip\/contact-us\/","og_locale":"pt_PT","og_type":"article","og_title":"Contacte-nos | Commerce and Investment Promotion Institute","og_url":"https:\/\/www.ipim.gov.mo\/pt-pt\/ghmetcip\/contact-us\/","og_site_name":"Commerce and Investment Promotion Institute","article_modified_time":"2025-07-09T10:39:08+00:00","og_image":[{"width":1024,"height":768,"url":"https:\/\/www.ipim.gov.mo\/wp-content\/uploads\/2024\/07\/ipim-post-default.jpg","type":"image\/jpeg"}],"twitter_card":"summary_large_image","twitter_misc":{"Est. reading time":"1 minute"},"schema":{"@context":"https:\/\/schema.org","@graph":[{"@type":"WebPage","@id":"https:\/\/www.ipim.gov.mo\/pt-pt\/ghmetcip\/contact-us\/","url":"https:\/\/www.ipim.gov.mo\/pt-pt\/ghmetcip\/contact-us\/","name":"Contacte-nos | Commerce and Investment Promotion Institute","isPartOf":{"@id":"https:\/\/www.ipim.gov.mo\/zh-hans\/#website"},"primaryImageOfPage":{"@id":"https:\/\/www.ipim.gov.mo\/pt-pt\/ghmetcip\/contact-us\/#primaryimage"},"image":{"@id":"https:\/\/www.ipim.gov.mo\/pt-pt\/ghmetcip\/contact-us\/#primaryimage"},"thumbnailUrl":"https:\/\/www.ipim.gov.mo\/wp-content\/uploads\/2024\/07\/ipim-post-default.jpg","datePublished":"2019-01-25T10:06:59+00:00","dateModified":"2025-07-09T10:39:08+00:00","breadcrumb":{"@id":"https:\/\/www.ipim.gov.mo\/pt-pt\/ghmetcip\/contact-us\/#breadcrumb"},"inLanguage":"pt-PT","potentialAction":[{"@type":"ReadAction","target":["https:\/\/www.ipim.gov.mo\/pt-pt\/ghmetcip\/contact-us\/"]}]},{"@type":"ImageObject","inLanguage":"pt-PT","@id":"https:\/\/www.ipim.gov.mo\/pt-pt\/ghmetcip\/contact-us\/#primaryimage","url":"https:\/\/www.ipim.gov.mo\/wp-content\/uploads\/2024\/07\/ipim-post-default.jpg","contentUrl":"https:\/\/www.ipim.gov.mo\/wp-content\/uploads\/2024\/07\/ipim-post-default.jpg","width":1024,"height":768},{"@type":"BreadcrumbList","@id":"https:\/\/www.ipim.gov.mo\/pt-pt\/ghmetcip\/contact-us\/#breadcrumb","itemListElement":[{"@type":"ListItem","position":1,"name":"Home","item":"https:\/\/www.ipim.gov.mo\/pt-pt\/"},{"@type":"ListItem","position":2,"name":"Plataforma Econ\u00f3mica e Comercial Guangdong-Hong Kong-Macau","item":"https:\/\/www.ipim.gov.mo\/pt-pt\/ghmetcip\/"},{"@type":"ListItem","position":3,"name":"Contacte-nos"}]},{"@type":"WebSite","@id":"https:\/\/www.ipim.gov.mo\/zh-hans\/#website","url":"https:\/\/www.ipim.gov.mo\/zh-hans\/","name":"Commerce and Investment Promotion Institute","description":"Commerce and Investment Promotion Institute","publisher":{"@id":"https:\/\/www.ipim.gov.mo\/zh-hans\/#organization"},"potentialAction":[{"@type":"SearchAction","target":{"@type":"EntryPoint","urlTemplate":"https:\/\/www.ipim.gov.mo\/zh-hans\/?s={search_term_string}"},"query-input":{"@type":"PropertyValueSpecification","valueRequired":true,"valueName":"search_term_string"}}],"inLanguage":"pt-PT"},{"@type":"Organization","@id":"https:\/\/www.ipim.gov.mo\/zh-hans\/#organization","name":"IPIM","url":"https:\/\/www.ipim.gov.mo\/zh-hans\/","logo":{"@type":"ImageObject","inLanguage":"pt-PT","@id":"https:\/\/www.ipim.gov.mo\/zh-hans\/#\/schema\/logo\/image\/","url":"https:\/\/www.ipim.gov.mo\/wp-content\/uploads\/2022\/10\/default-post-thumbnail-ipim-logo.png","contentUrl":"https:\/\/www.ipim.gov.mo\/wp-content\/uploads\/2022\/10\/default-post-thumbnail-ipim-logo.png","width":1024,"height":768,"caption":"IPIM"},"image":{"@id":"https:\/\/www.ipim.gov.mo\/zh-hans\/#\/schema\/logo\/image\/"}}]}},"coauthors":[],"author_meta":{"author_link":"https:\/\/www.ipim.gov.mo\/pt-pt\/author\/ipimcontent\/","display_name":"ipimcontent"},"relative_dates":{"created":"Posted 7 years ago","modified":"Updated 9 months ago"},"absolute_dates":{"created":"Posted on Janeiro 25, 2019","modified":"Updated on Julho 9, 2025"},"absolute_dates_time":{"created":"Posted on Janeiro 25, 2019 6:06 pm","modified":"Updated on Julho 9, 2025 6:39 pm"},"featured_img_caption":"","featured_img":"https:\/\/www.ipim.gov.mo\/wp-content\/uploads\/2024\/07\/ipim-post-default.jpg","series_order":"","_links":{"self":[{"href":"https:\/\/www.ipim.gov.mo\/pt-pt\/wp-json\/wp\/v2\/pages\/254106","targetHints":{"allow":["GET"]}}],"collection":[{"href":"https:\/\/www.ipim.gov.mo\/pt-pt\/wp-json\/wp\/v2\/pages"}],"about":[{"href":"https:\/\/www.ipim.gov.mo\/pt-pt\/wp-json\/wp\/v2\/types\/page"}],"author":[{"embeddable":true,"href":"https:\/\/www.ipim.gov.mo\/pt-pt\/wp-json\/wp\/v2\/users\/56439"}],"replies":[{"embeddable":true,"href":"https:\/\/www.ipim.gov.mo\/pt-pt\/wp-json\/wp\/v2\/comments?post=254106"}],"version-history":[{"count":1,"href":"https:\/\/www.ipim.gov.mo\/pt-pt\/wp-json\/wp\/v2\/pages\/254106\/revisions"}],"predecessor-version":[{"id":494481,"href":"https:\/\/www.ipim.gov.mo\/pt-pt\/wp-json\/wp\/v2\/pages\/254106\/revisions\/494481"}],"up":[{"embeddable":true,"href":"https:\/\/www.ipim.gov.mo\/pt-pt\/wp-json\/wp\/v2\/pages\/253936"}],"wp:featuredmedia":[{"embeddable":true,"href":"https:\/\/www.ipim.gov.mo\/pt-pt\/wp-json\/wp\/v2\/media\/467868"}],"wp:attachment":[{"href":"https:\/\/www.ipim.gov.mo\/pt-pt\/wp-json\/wp\/v2\/media?parent=254106"}],"curies":[{"name":"wp","href":"https:\/\/api.w.org\/{rel}","templated":true}]}}