{"id":232655,"date":"2018-07-06T18:11:50","date_gmt":"2018-07-06T10:11:50","guid":{"rendered":"https:\/\/www.ipim.gov.mo\/pt-pt\/about-us\/about-ipim\/performance-pledge\/"},"modified":"2026-03-08T13:52:09","modified_gmt":"2026-03-08T05:52:09","slug":"performance-pledge","status":"publish","type":"page","link":"https:\/\/www.ipim.gov.mo\/pt-pt\/about-ipim\/performance-pledge\/","title":{"rendered":"Carta de Qualidade"},"content":{"rendered":"\r\n<h2 class=\"wp-block-heading\">1. Carta de Qualidade: (<a href=\"https:\/\/www.ipim.gov.mo\/wp-content\/uploads\/2026\/01\/PT_\u670d\u52d9\u627f\u8afe\u5c0f\u518a\u5b502026.pdf\" target=\"_blank\" rel=\"noopener\">Folheto<\/a>)<\/h2>\r\n\r\n\r\n\r\n<figure class=\"wp-block-table\"><br \/>\r\n<table>\r\n<thead>\r\n<tr>\r\n<th>No.<\/th>\r\n<th>Servi\u00e7os prestados<\/th>\r\n<th>Indicadores de qualidade dos servi\u00e7os prestados<\/th>\r\n<th>Subunidades Respons\u00e1veis<\/th>\r\n<th>Taxa de cumprimento previsto (2026)<\/th>\r\n<\/tr>\r\n<\/thead>\r\n<tbody>\r\n<tr>\r\n<td>1.<\/td>\r\n<td>Pedido de informa\u00e7\u00f5es sobre o Servi\u00e7o \u201cOne-Stop\u201d para o investimento em Macau<\/td>\r\n<td>Ap\u00f3s solicita\u00e7\u00e3o, ser\u00e1 agendada uma reuni\u00e3o entre o interessado e um funcion\u00e1rio do IPIM, no prazo de 2 dias \u00fateis. Os pedidos podem ser feitos presencialmente, online, por carta, correio electr\u00f3nico, fax ou telefone.<\/td>\r\n<td>Divis\u00e3o de Promo\u00e7\u00e3o de Investimento<\/td>\r\n<td>100%<\/td>\r\n<\/tr>\r\n<tr>\r\n<td>2.<\/td>\r\n<td>Assist\u00eancia nos procedimentos para constitui\u00e7\u00e3o de empresa<\/td>\r\n<td>Assist\u00eancia no agendamento dos procedimentos de constitui\u00e7\u00e3o de empresa no prazo de 10 dias \u00fateis ap\u00f3s a entrega, pelo interessado, de todos os documentos necess\u00e1rios.<\/td>\r\n<td>Divis\u00e3o de Promo\u00e7\u00e3o de Investimento<\/td>\r\n<td>100%<\/td>\r\n<\/tr>\r\n<tr>\r\n<td>3.<\/td>\r\n<td>Servi\u00e7os personalizados aos investidores, na implementa\u00e7\u00e3o dos seus projectos de investimento local<\/td>\r\n<td>Presta\u00e7\u00e3o do servi\u00e7o personalizado ao investidor no prazo de 2 dias \u00fateis ap\u00f3s a entrega do anteprojecto de investimento em Macau.<\/td>\r\n<td>Divis\u00e3o de Promo\u00e7\u00e3o de Investimento<\/td>\r\n<td>100%<\/td>\r\n<\/tr>\r\n<tr>\r\n<td>4.<\/td>\r\n<td>Processamento dos pedidos dos investidores para a procura de parceiros<\/td>\r\n<td>Os requerentes podem solicitar por escrito o registo na \u201cPlataforma de Servi\u00e7os das Bolsas de Contactos Online\u201d e a respectiva assist\u00eancia t\u00e9cnica, sendo dadas, para isso, respostas e seguimento dentro de 5 dias \u00fateis.<\/td>\r\n<td>Divis\u00e3o de Desenvolvimento Econ\u00f3mico, Comercial e Empresarial<\/td>\r\n<td>100%<\/td>\r\n<\/tr>\r\n<tr>\r\n<td>5.<\/td>\r\n<td>Servi\u00e7o \u201cOne-Stop\u201d para Licita\u00e7\u00e3o de Conven\u00e7\u00f5es e Exposi\u00e7\u00f5es e Respectivo Apoio em Macau\u00a0<\/td>\r\n<td>Ap\u00f3s solicita\u00e7\u00e3o, \u00e9 marcada uma reuni\u00e3o entre os interessados e um funcion\u00e1rio do IPIM, no prazo de 2 dias \u00fateis. Os pedidos podem ser feitos presencialmente, por correio normal\/electr\u00f3nico, fax ou telefone.<\/td>\r\n<td>Divis\u00e3o de Desenvolvimento da Ind\u00fastria de Conven\u00e7\u00f5es e Exposi\u00e7\u00f5es<\/td>\r\n<td>100%<\/td>\r\n<\/tr>\r\n<tr>\r\n<td>6.<\/td>\r\n<td>Programa de Est\u00edmulo \u00e0s Conven\u00e7\u00f5es e Exposi\u00e7\u00f5es<\/td>\r\n<td>Depois que o requerente submeter o pedido de apoio financeiro, o IPIM poder\u00e1 concluir os procedimentos b\u00e1sicos de verifica\u00e7\u00e3o dos documentos relevantes em um dia \u00fatil, emitindo, assim, o recibo do pedido ao requerente e notificando-o para a entrega dos eventuais documentos em falta.<\/td>\r\n<td>Divis\u00e3o de Desenvolvimento da Ind\u00fastria de Conven\u00e7\u00f5es e Exposi\u00e7\u00f5es<\/td>\r\n<td>100%<\/td>\r\n<\/tr>\r\n<tr>\r\n<td>7.<\/td>\r\n<td>Programa de Incentivo Financeiro para Participa\u00e7\u00e3o em Feiras e Exposi\u00e7\u00f5es<\/td>\r\n<td>Depois que o requerente submeter o pedido de apoio financeiro, o IPIM poder\u00e1 concluir os procedimentos b\u00e1sicos de verifica\u00e7\u00e3o dos documentos relevantes em um dia \u00fatil, emitindo, assim, o recibo do pedido ao requerente e notificando-o para a entrega dos eventuais documentos em falta.<\/td>\r\n<td>Divis\u00e3o de Desenvolvimento da Ind\u00fastria de Conven\u00e7\u00f5es e Exposi\u00e7\u00f5es<\/td>\r\n<td>100%<\/td>\r\n<\/tr>\r\n<tr>\r\n<td>8.<\/td>\r\n<td>\r\n<p>Pedidos de inscri\u00e7\u00e3o nas actividades de conven\u00e7\u00f5es e exposi\u00e7\u00f5es econ\u00f3micas e comerciais sob a organiza\u00e7\u00e3o do Instituto de Promo\u00e7\u00e3o do Com\u00e9rcio e do Investimento<\/p>\r\n<\/td>\r\n<td>Pedidos de inscri\u00e7\u00e3o nas delega\u00e7\u00f5es empresariais. Resposta ao interessado no prazo de 3 dias \u00fateis, a partir da data limite de inscri\u00e7\u00e3o e ap\u00f3s a entrega de todos os documentos necess\u00e1rios.<\/td>\r\n<td>Divis\u00e3o de Promo\u00e7\u00e3o de Actividades<\/td>\r\n<td>100%<\/td>\r\n<\/tr>\r\n<tr>\r\n<td>9.<\/td>\r\n<td>Pedido de informa\u00e7\u00f5es sobre feiras e exposi\u00e7\u00f5es locais, regionais e estrangeiras<\/td>\r\n<td>Respostas no prazo de 3 dias \u00fateis (telefone, of\u00edcio, fax e correio electr\u00f3nico do requerente pedindo informa\u00e7\u00f5es sobre a mat\u00e9ria).<\/td>\r\n<td>Divis\u00e3o de Promo\u00e7\u00e3o de Actividades<\/td>\r\n<td>100%<\/td>\r\n<\/tr>\r\n<tr>\r\n<td>10.<\/td>\r\n<td>Conduta do Com\u00e9rcio China-PLP<\/td>\r\n<td>Os interessados podem consultar informa\u00e7\u00f5es pessoalmente, por telefone, por correio electr\u00f3nico, por correspond\u00eancia, por fax ou deixar mensagens no sistema de atendimento <em>online<\/em> do \u201cPortal para a Coopera\u00e7\u00e3o na \u00c1rea Econ\u00f3mica, Comercial e de Recursos Humanos entre a China e os Pa\u00edses de L\u00edngua Portuguesa\u201d. Ap\u00f3s a recep\u00e7\u00e3o da consulta em causa, a resposta pode ser feita dentro de 10 dias \u00fateis.<\/td>\r\n<td>Departamento de Apoio ao Secretariado Permanente do F\u00f3rum de Macau e Promo\u00e7\u00e3o dos Mercados Lus\u00f3fonos<\/td>\r\n<td>100%<\/td>\r\n<\/tr>\r\n<tr>\r\n<td>11.<\/td>\r\n<td>Servi\u00e7o de pedido de fixa\u00e7\u00e3o de resid\u00eancia tempor\u00e1ria<\/td>\r\n<td>\r\n<p><strong>Pedido inicial de fixa\u00e7\u00e3o de resid\u00eancia tempor\u00e1ria \/ Pedido de fixa\u00e7\u00e3o de resid\u00eancia tempor\u00e1ria &#8211; extens\u00e3o para os membros do agregado familiar \/ Pedido de renova\u00e7\u00e3o de fixa\u00e7\u00e3o de resid\u00eancia tempor\u00e1ria<\/strong><\/p>\r\n<p>Depois que o requerente submeter o pedido, o IPIM poder\u00e1 concluir os procedimentos b\u00e1sicos de verifica\u00e7\u00e3o dos documentos relevantes em um dia \u00fatil, emitindo, assim, o recibo do pedido ao requerente e notificando-o para a entrega dos eventuais documentos em falta.<\/p>\r\n<p><strong>Pedido de informa\u00e7\u00f5es de fixa\u00e7\u00e3o de resid\u00eancia tempor\u00e1ria<\/strong><\/p>\r\n<p>Respostas no prazo de 5 dias \u00fateis (of\u00edcios, faxes e e-mails pedindo informa\u00e7\u00f5es sobre servi\u00e7o de pedido de fixa\u00e7\u00e3o de resid\u00eancia tempor\u00e1ria).<br \/><br \/>As consultas de informa\u00e7\u00f5es feitas por via telef\u00f3nica podem ser respondidas de imediato. Caso as informa\u00e7\u00f5es solicitadas n\u00e3o possam ser prestadas de imediato, o pedido ser\u00e1 prosseguido no prazo de 3 dias \u00fateis a partir da presente data.<\/p>\r\n<\/td>\r\n<td>Divis\u00e3o dos Assuntos Jur\u00eddicos<\/td>\r\n<td>100%<\/td>\r\n<\/tr>\r\n<tr>\r\n<td>12.<\/td>\r\n<td>Servi\u00e7o de registo no Direct\u00f3rio Comercial<\/td>\r\n<td>Ap\u00f3s a recep\u00e7\u00e3o dos documentos completos, dentro de 5 dias \u00fateis ser\u00e3o carregadas as informa\u00e7\u00f5es das empresas no \u201cDirect\u00f3rio de Neg\u00f3cios\u201d da p\u00e1gina de internet do IPIM.<\/td>\r\n<td>Divis\u00e3o de Organiza\u00e7\u00e3o e Inform\u00e1tica<\/td>\r\n<td>100%<\/td>\r\n<\/tr>\r\n<\/tbody>\r\n<\/table>\r\n<figcaption class=\"wp-element-caption\">*Situa\u00e7\u00e3o do cumprimento dos indicadores da qualidade de servi\u00e7os 2023-2025 <a href=\"https:\/\/www.ipim.gov.mo\/wp-content\/uploads\/2026\/03\/2_\u670d\u52d9\u8cea\u91cf\u6307\u6a19\u7684\u5c65\u884c\u60c5\u6cc12023-2025-\u4e2d\u8461.pdf\" target=\"_blank\" rel=\"noreferrer noopener\">(Carregue aqui para a leitura)<\/a><\/figcaption>\r\n<\/figure>\r\n\r\n\r\n\r\n<h2 class=\"wp-block-heading\">2. Medidas de Controlo<\/h2>\r\n\r\n\r\n\r\n<p>Controlo Interno<br \/>O IPIM criou uma &#8220;comiss\u00e3o da carta de qualidade&#8221; que tem por objectivo manter a efic\u00e1cia na presta\u00e7\u00e3o de servi\u00e7o de qualidade, procurando assegurar se os prazos estabelecidos s\u00e3o cumpridos; e os respectivos resultados s\u00e3o p\u00fablicos.<\/p>\r\n\r\n\r\n\r\n<p>Controlo Externo<br \/>O IPIM analisar\u00e1 e investigar\u00e1 as opini\u00f5es ou queixas apresentadas pelo p\u00fablico, respondendo-lhes de forma adequada, dentro do prazo de 15 dias \u00fateis, por forma a melhorar a qualidade dos servi\u00e7os prestados. O IPIM agradece a colabora\u00e7\u00e3o do p\u00fablico na apresenta\u00e7\u00e3o de sugest\u00f5es.<\/p>\r\n\r\n\r\n\r\n<p><b>3. Hor\u00e1rio de funcionamento dos Servi\u00e7os<\/b><\/p>\r\n\r\n\r\n\r\n<figure class=\"wp-block-table\">\r\n<table>\r\n<thead>\r\n<tr>\r\n<th>Departamento(s)<\/th>\r\n<th>Hor\u00e1rio de funcionamento<\/th>\r\n<\/tr>\r\n<\/thead>\r\n<tbody>\r\n<tr>\r\n<td>\r\n<ul>\r\n<li>Departamento dos Assuntos de Capta\u00e7\u00e3o de Investimento e de Desenvolvimento Econ\u00f3mico e Comercial<\/li>\r\n<li>Departamento de Actividades Promocionais e de Desenvolvimento de Conven\u00e7\u00f5es e Exposi\u00e7\u00f5es<\/li>\r\n<li style=\"text-align: left;\">Departamento de Apoio ao Secretariado Permanente do F\u00f3rum de Macau e Promo\u00e7\u00e3o dos Mercados Lus\u00f3fonos<\/li>\r\n<\/ul>\r\n<\/td>\r\n<td>De Segunda-feira a Quinta-feira (9:00 \u00e0s 13:00, 14:30 \u00e0s 17:45)<br \/>Sexta-feira (9:00 \u00e0s 13:00, 14:30 \u00e0s 17:30)<\/td>\r\n<\/tr>\r\n<tr>\r\n<td>\r\n<ul>\r\n<li style=\"text-align: left;\">Divis\u00e3o dos Assuntos Jur\u00eddicos<\/li>\r\n<\/ul>\r\n<\/td>\r\n<td>De Segunda-feira a Sexta-feira (9:00 \u00e0s 12:30, 14:30 \u00e0s 17:00)<\/td>\r\n<\/tr>\r\n<\/tbody>\r\n<\/table>\r\n<\/figure>\r\n\r\n\r\n\r\n<h2 class=\"wp-block-heading\">4. Rela\u00e7\u00e3o sobre o Processamento das Queixas e Sugest\u00f5es (Carregue aqui para a leitura: <a href=\"https:\/\/www.ipim.gov.mo\/wp-content\/uploads\/2024\/03\/3_2023\u5e74\u5efa\u8b70\u3001\u6295\u8a34\u548c\u7570\u8b70\u6982\u6cc1_V1_PT.pdf\" target=\"_blank\" rel=\"noopener\">2023<\/a>; <a href=\"https:\/\/www.ipim.gov.mo\/wp-content\/uploads\/2025\/02\/3_2024\u5e74\u5efa\u8b70\u3001\u6295\u8a34\u548c\u7570\u8b70\u6982\u6cc1_pt.pdf\" target=\"_blank\" rel=\"noopener\">2024<\/a>; <a href=\"https:\/\/www.ipim.gov.mo\/wp-content\/uploads\/2026\/03\/3_2025\u5e74\u5efa\u8b70\u3001\u6295\u8a34\u548c\u7570\u8b70\u6982\u6cc1-\u4e2d\u8461.pdf\" target=\"_blank\" rel=\"noopener\">2025<\/a>)<\/h2>\r\n\r\n\r\n\r\n<h2 class=\"wp-block-heading\">5. Resultado do Inqu\u00e9rito para a Avalia\u00e7\u00e3o do Grau de Satisfa\u00e7\u00e3o da Popula\u00e7\u00e3o (Carregue aqui para a leitura: <a href=\"https:\/\/www.ipim.gov.mo\/wp-content\/uploads\/2024\/03\/4_\u5e02\u6c11\u6eff\u610f\u5ea6\u8abf\u67e5\u5831\u544a2023_V1_PT.pdf\" target=\"_blank\" rel=\"noopener\">2023<\/a>; <a href=\"https:\/\/www.ipim.gov.mo\/wp-content\/uploads\/2025\/02\/4_\u5e02\u6c11\u6eff\u610f\u5ea6\u8abf\u67e5\u5831\u544a2024_pt.pdf\" target=\"_blank\" rel=\"noopener\">2024<\/a>; <a href=\"https:\/\/www.ipim.gov.mo\/wp-content\/uploads\/2026\/03\/4_\u5e02\u6c11\u6eff\u610f\u5ea6\u8abf\u67e5\u5831\u544a2025-\u8461.pdf\" target=\"_blank\" rel=\"noopener\">2025<\/a>)<\/h2>\r\n\r\n\r\n\r\n<h2 class=\"wp-block-heading\">6. Question\u00e1rio sobre o Grau de Satisfa\u00e7\u00e3o da Popula\u00e7\u00e3o no \u00c2mbito da Carta de Qualidade(<a href=\"https:\/\/app.caspdo.gov.mo\/#\/submit\/4A51FI\" target=\"_blank\" rel=\"noopener\">\u00e9 favor clicar aqui para descarregar o Question\u00e1rio<\/a>)<\/h2>\r\n<h2>7. As reclama\u00e7\u00f5es ou sugest\u00f5es que n\u00e3o pertencem \u00e0 \u201cCarta de Qualidade do IPIM\u201d ser\u00e3o tratadas de acordo com o disposto no Decreto-Lei n\u00ba. 5\/98\/M de 2 de Fevereiro.<\/h2>\r\n\r\n\r\n\r\n<p>Para demais informa\u00e7\u00f5es, ou queiram colocar sugest\u00f5es e reclama\u00e7\u00f5es dos nossos servi\u00e7os, \u00e9 favor contatar:<br \/>Instituto de Promo\u00e7\u00e3o do Com\u00e9rcio e do Investimento<br \/>Endere\u00e7o: Rua Sul de Entre Lagos, Complexo da Plataforma de Servi\u00e7os para a Coopera\u00e7\u00e3o Comercial entre a China e os Pa\u00edses de L\u00edngua Portuguesa, Edif\u00edcio de escrit\u00f3rio, 1.\u00ba \u2013 3.\u00ba\u00a0 andar, Macau<br \/>Tel: (853) 2871 0300<br \/>Fax: (853) 2872 8208<br \/>Email: <a href=\"mailto:ipim@ipim.gov.mo\" target=\"_blank\" rel=\"noopener\">ipim@ipim.gov.mo<\/a><\/p>\r\n","protected":false},"excerpt":{"rendered":"<p>1. Carta de Qualidade: (Folheto) No. Servi\u00e7os prestados Indicadores de qualidade dos servi\u00e7os prestados Subunidades Respons\u00e1veis Taxa de cumprimento previsto (2026) 1. Pedido de informa\u00e7\u00f5es [&hellip;]<\/p>\n","protected":false},"author":56439,"featured_media":467868,"parent":493401,"menu_order":30,"comment_status":"closed","ping_status":"closed","template":"","meta":{"_acf_changed":false,"inline_featured_image":false,"advgb_blocks_editor_width":"","advgb_blocks_columns_visual_guide":"","footnotes":""},"class_list":["post-232655","page","type-page","status-publish","has-post-thumbnail","hentry"],"acf":[],"yoast_head":"<!-- This site is optimized with the Yoast SEO plugin v26.2 - https:\/\/yoast.com\/wordpress\/plugins\/seo\/ -->\r\n<title>Carta de Qualidade | Commerce and Investment Promotion Institute<\/title>\r\n<meta name=\"robots\" content=\"index, follow, max-snippet:-1, max-image-preview:large, max-video-preview:-1\" \/>\r\n<link rel=\"canonical\" href=\"https:\/\/www.ipim.gov.mo\/pt-pt\/about-ipim\/performance-pledge\/\" \/>\r\n<meta property=\"og:locale\" content=\"pt_PT\" \/>\r\n<meta property=\"og:type\" content=\"article\" \/>\r\n<meta property=\"og:title\" content=\"Carta de Qualidade | Commerce and Investment Promotion Institute\" \/>\r\n<meta property=\"og:description\" content=\"1. Carta de Qualidade: (Folheto) No. Servi\u00e7os prestados Indicadores de qualidade dos servi\u00e7os prestados Subunidades Respons\u00e1veis Taxa de cumprimento previsto (2026) 1. Pedido de informa\u00e7\u00f5es [&hellip;]\" \/>\r\n<meta property=\"og:url\" content=\"https:\/\/www.ipim.gov.mo\/pt-pt\/about-ipim\/performance-pledge\/\" \/>\r\n<meta property=\"og:site_name\" content=\"Commerce and Investment Promotion Institute\" \/>\r\n<meta property=\"article:modified_time\" content=\"2026-03-08T05:52:09+00:00\" \/>\r\n<meta property=\"og:image\" content=\"https:\/\/www.ipim.gov.mo\/wp-content\/uploads\/2024\/07\/ipim-post-default.jpg\" \/>\r\n\t<meta property=\"og:image:width\" content=\"1024\" \/>\r\n\t<meta property=\"og:image:height\" content=\"768\" \/>\r\n\t<meta property=\"og:image:type\" content=\"image\/jpeg\" \/>\r\n<meta name=\"twitter:card\" content=\"summary_large_image\" \/>\r\n<meta name=\"twitter:label1\" content=\"Est. reading time\" \/>\n\t<meta name=\"twitter:data1\" content=\"7 minutes\" \/>\r\n<script type=\"application\/ld+json\" class=\"yoast-schema-graph\">{\"@context\":\"https:\/\/schema.org\",\"@graph\":[{\"@type\":\"WebPage\",\"@id\":\"https:\/\/www.ipim.gov.mo\/pt-pt\/about-ipim\/performance-pledge\/\",\"url\":\"https:\/\/www.ipim.gov.mo\/pt-pt\/about-ipim\/performance-pledge\/\",\"name\":\"Carta de Qualidade | Commerce and Investment Promotion Institute\",\"isPartOf\":{\"@id\":\"https:\/\/www.ipim.gov.mo\/zh-hans\/#website\"},\"primaryImageOfPage\":{\"@id\":\"https:\/\/www.ipim.gov.mo\/pt-pt\/about-ipim\/performance-pledge\/#primaryimage\"},\"image\":{\"@id\":\"https:\/\/www.ipim.gov.mo\/pt-pt\/about-ipim\/performance-pledge\/#primaryimage\"},\"thumbnailUrl\":\"https:\/\/www.ipim.gov.mo\/wp-content\/uploads\/2024\/07\/ipim-post-default.jpg\",\"datePublished\":\"2018-07-06T10:11:50+00:00\",\"dateModified\":\"2026-03-08T05:52:09+00:00\",\"breadcrumb\":{\"@id\":\"https:\/\/www.ipim.gov.mo\/pt-pt\/about-ipim\/performance-pledge\/#breadcrumb\"},\"inLanguage\":\"pt-PT\",\"potentialAction\":[{\"@type\":\"ReadAction\",\"target\":[\"https:\/\/www.ipim.gov.mo\/pt-pt\/about-ipim\/performance-pledge\/\"]}]},{\"@type\":\"ImageObject\",\"inLanguage\":\"pt-PT\",\"@id\":\"https:\/\/www.ipim.gov.mo\/pt-pt\/about-ipim\/performance-pledge\/#primaryimage\",\"url\":\"https:\/\/www.ipim.gov.mo\/wp-content\/uploads\/2024\/07\/ipim-post-default.jpg\",\"contentUrl\":\"https:\/\/www.ipim.gov.mo\/wp-content\/uploads\/2024\/07\/ipim-post-default.jpg\",\"width\":1024,\"height\":768},{\"@type\":\"BreadcrumbList\",\"@id\":\"https:\/\/www.ipim.gov.mo\/pt-pt\/about-ipim\/performance-pledge\/#breadcrumb\",\"itemListElement\":[{\"@type\":\"ListItem\",\"position\":1,\"name\":\"Home\",\"item\":\"https:\/\/www.ipim.gov.mo\/pt-pt\/\"},{\"@type\":\"ListItem\",\"position\":2,\"name\":\"Acerca do IPIM\",\"item\":\"https:\/\/www.ipim.gov.mo\/pt-pt\/about-ipim\/\"},{\"@type\":\"ListItem\",\"position\":3,\"name\":\"Carta de Qualidade\"}]},{\"@type\":\"WebSite\",\"@id\":\"https:\/\/www.ipim.gov.mo\/zh-hans\/#website\",\"url\":\"https:\/\/www.ipim.gov.mo\/zh-hans\/\",\"name\":\"Commerce and Investment Promotion Institute\",\"description\":\"Commerce and Investment Promotion Institute\",\"publisher\":{\"@id\":\"https:\/\/www.ipim.gov.mo\/zh-hans\/#organization\"},\"potentialAction\":[{\"@type\":\"SearchAction\",\"target\":{\"@type\":\"EntryPoint\",\"urlTemplate\":\"https:\/\/www.ipim.gov.mo\/zh-hans\/?s={search_term_string}\"},\"query-input\":{\"@type\":\"PropertyValueSpecification\",\"valueRequired\":true,\"valueName\":\"search_term_string\"}}],\"inLanguage\":\"pt-PT\"},{\"@type\":\"Organization\",\"@id\":\"https:\/\/www.ipim.gov.mo\/zh-hans\/#organization\",\"name\":\"IPIM\",\"url\":\"https:\/\/www.ipim.gov.mo\/zh-hans\/\",\"logo\":{\"@type\":\"ImageObject\",\"inLanguage\":\"pt-PT\",\"@id\":\"https:\/\/www.ipim.gov.mo\/zh-hans\/#\/schema\/logo\/image\/\",\"url\":\"https:\/\/www.ipim.gov.mo\/wp-content\/uploads\/2022\/10\/default-post-thumbnail-ipim-logo.png\",\"contentUrl\":\"https:\/\/www.ipim.gov.mo\/wp-content\/uploads\/2022\/10\/default-post-thumbnail-ipim-logo.png\",\"width\":1024,\"height\":768,\"caption\":\"IPIM\"},\"image\":{\"@id\":\"https:\/\/www.ipim.gov.mo\/zh-hans\/#\/schema\/logo\/image\/\"}}]}<\/script>\r\n<!-- \/ Yoast SEO plugin. -->","yoast_head_json":{"title":"Carta de Qualidade | Commerce and Investment Promotion Institute","robots":{"index":"index","follow":"follow","max-snippet":"max-snippet:-1","max-image-preview":"max-image-preview:large","max-video-preview":"max-video-preview:-1"},"canonical":"https:\/\/www.ipim.gov.mo\/pt-pt\/about-ipim\/performance-pledge\/","og_locale":"pt_PT","og_type":"article","og_title":"Carta de Qualidade | Commerce and Investment Promotion Institute","og_description":"1. Carta de Qualidade: (Folheto) No. Servi\u00e7os prestados Indicadores de qualidade dos servi\u00e7os prestados Subunidades Respons\u00e1veis Taxa de cumprimento previsto (2026) 1. Pedido de informa\u00e7\u00f5es [&hellip;]","og_url":"https:\/\/www.ipim.gov.mo\/pt-pt\/about-ipim\/performance-pledge\/","og_site_name":"Commerce and Investment Promotion Institute","article_modified_time":"2026-03-08T05:52:09+00:00","og_image":[{"width":1024,"height":768,"url":"https:\/\/www.ipim.gov.mo\/wp-content\/uploads\/2024\/07\/ipim-post-default.jpg","type":"image\/jpeg"}],"twitter_card":"summary_large_image","twitter_misc":{"Est. reading time":"7 minutes"},"schema":{"@context":"https:\/\/schema.org","@graph":[{"@type":"WebPage","@id":"https:\/\/www.ipim.gov.mo\/pt-pt\/about-ipim\/performance-pledge\/","url":"https:\/\/www.ipim.gov.mo\/pt-pt\/about-ipim\/performance-pledge\/","name":"Carta de Qualidade | Commerce and Investment Promotion Institute","isPartOf":{"@id":"https:\/\/www.ipim.gov.mo\/zh-hans\/#website"},"primaryImageOfPage":{"@id":"https:\/\/www.ipim.gov.mo\/pt-pt\/about-ipim\/performance-pledge\/#primaryimage"},"image":{"@id":"https:\/\/www.ipim.gov.mo\/pt-pt\/about-ipim\/performance-pledge\/#primaryimage"},"thumbnailUrl":"https:\/\/www.ipim.gov.mo\/wp-content\/uploads\/2024\/07\/ipim-post-default.jpg","datePublished":"2018-07-06T10:11:50+00:00","dateModified":"2026-03-08T05:52:09+00:00","breadcrumb":{"@id":"https:\/\/www.ipim.gov.mo\/pt-pt\/about-ipim\/performance-pledge\/#breadcrumb"},"inLanguage":"pt-PT","potentialAction":[{"@type":"ReadAction","target":["https:\/\/www.ipim.gov.mo\/pt-pt\/about-ipim\/performance-pledge\/"]}]},{"@type":"ImageObject","inLanguage":"pt-PT","@id":"https:\/\/www.ipim.gov.mo\/pt-pt\/about-ipim\/performance-pledge\/#primaryimage","url":"https:\/\/www.ipim.gov.mo\/wp-content\/uploads\/2024\/07\/ipim-post-default.jpg","contentUrl":"https:\/\/www.ipim.gov.mo\/wp-content\/uploads\/2024\/07\/ipim-post-default.jpg","width":1024,"height":768},{"@type":"BreadcrumbList","@id":"https:\/\/www.ipim.gov.mo\/pt-pt\/about-ipim\/performance-pledge\/#breadcrumb","itemListElement":[{"@type":"ListItem","position":1,"name":"Home","item":"https:\/\/www.ipim.gov.mo\/pt-pt\/"},{"@type":"ListItem","position":2,"name":"Acerca do IPIM","item":"https:\/\/www.ipim.gov.mo\/pt-pt\/about-ipim\/"},{"@type":"ListItem","position":3,"name":"Carta de Qualidade"}]},{"@type":"WebSite","@id":"https:\/\/www.ipim.gov.mo\/zh-hans\/#website","url":"https:\/\/www.ipim.gov.mo\/zh-hans\/","name":"Commerce and Investment Promotion Institute","description":"Commerce and Investment Promotion Institute","publisher":{"@id":"https:\/\/www.ipim.gov.mo\/zh-hans\/#organization"},"potentialAction":[{"@type":"SearchAction","target":{"@type":"EntryPoint","urlTemplate":"https:\/\/www.ipim.gov.mo\/zh-hans\/?s={search_term_string}"},"query-input":{"@type":"PropertyValueSpecification","valueRequired":true,"valueName":"search_term_string"}}],"inLanguage":"pt-PT"},{"@type":"Organization","@id":"https:\/\/www.ipim.gov.mo\/zh-hans\/#organization","name":"IPIM","url":"https:\/\/www.ipim.gov.mo\/zh-hans\/","logo":{"@type":"ImageObject","inLanguage":"pt-PT","@id":"https:\/\/www.ipim.gov.mo\/zh-hans\/#\/schema\/logo\/image\/","url":"https:\/\/www.ipim.gov.mo\/wp-content\/uploads\/2022\/10\/default-post-thumbnail-ipim-logo.png","contentUrl":"https:\/\/www.ipim.gov.mo\/wp-content\/uploads\/2022\/10\/default-post-thumbnail-ipim-logo.png","width":1024,"height":768,"caption":"IPIM"},"image":{"@id":"https:\/\/www.ipim.gov.mo\/zh-hans\/#\/schema\/logo\/image\/"}}]}},"coauthors":[],"author_meta":{"author_link":"https:\/\/www.ipim.gov.mo\/pt-pt\/author\/ipimcontent\/","display_name":"ipimcontent"},"relative_dates":{"created":"Posted 8 years ago","modified":"Updated 1 month ago"},"absolute_dates":{"created":"Posted on Julho 6, 2018","modified":"Updated on Mar\u00e7o 8, 2026"},"absolute_dates_time":{"created":"Posted on Julho 6, 2018 6:11 pm","modified":"Updated on Mar\u00e7o 8, 2026 1:52 pm"},"featured_img_caption":"","featured_img":"https:\/\/www.ipim.gov.mo\/wp-content\/uploads\/2024\/07\/ipim-post-default.jpg","series_order":"","_links":{"self":[{"href":"https:\/\/www.ipim.gov.mo\/pt-pt\/wp-json\/wp\/v2\/pages\/232655","targetHints":{"allow":["GET"]}}],"collection":[{"href":"https:\/\/www.ipim.gov.mo\/pt-pt\/wp-json\/wp\/v2\/pages"}],"about":[{"href":"https:\/\/www.ipim.gov.mo\/pt-pt\/wp-json\/wp\/v2\/types\/page"}],"author":[{"embeddable":true,"href":"https:\/\/www.ipim.gov.mo\/pt-pt\/wp-json\/wp\/v2\/users\/56439"}],"replies":[{"embeddable":true,"href":"https:\/\/www.ipim.gov.mo\/pt-pt\/wp-json\/wp\/v2\/comments?post=232655"}],"version-history":[{"count":17,"href":"https:\/\/www.ipim.gov.mo\/pt-pt\/wp-json\/wp\/v2\/pages\/232655\/revisions"}],"predecessor-version":[{"id":504420,"href":"https:\/\/www.ipim.gov.mo\/pt-pt\/wp-json\/wp\/v2\/pages\/232655\/revisions\/504420"}],"up":[{"embeddable":true,"href":"https:\/\/www.ipim.gov.mo\/pt-pt\/wp-json\/wp\/v2\/pages\/493401"}],"wp:featuredmedia":[{"embeddable":true,"href":"https:\/\/www.ipim.gov.mo\/pt-pt\/wp-json\/wp\/v2\/media\/467868"}],"wp:attachment":[{"href":"https:\/\/www.ipim.gov.mo\/pt-pt\/wp-json\/wp\/v2\/media?parent=232655"}],"curies":[{"name":"wp","href":"https:\/\/api.w.org\/{rel}","templated":true}]}}